{"id":37,"date":"2025-04-03T16:28:55","date_gmt":"2025-04-03T14:28:55","guid":{"rendered":"https:\/\/teambananenflanke.de\/wuerzburg\/?page_id=37"},"modified":"2025-12-11T10:13:36","modified_gmt":"2025-12-11T09:13:36","slug":"spenden","status":"publish","type":"page","link":"https:\/\/team-bananenflanke.de\/wuerzburg\/spenden\/","title":{"rendered":"Spenden"},"content":{"rendered":"[et_pb_section fb_built=&#8220;1&#8243; fullwidth=&#8220;on&#8220; _builder_version=&#8220;4.7.6&#8243; _module_preset=&#8220;default&#8220;][et_pb_fullwidth_slider _builder_version=&#8220;4.7.6&#8243; _module_preset=&#8220;default&#8220; min_height=&#8220;550px&#8220; height=&#8220;500px&#8220; max_height=&#8220;500px&#8220;][et_pb_slide _builder_version=&#8220;4.7.6&#8243; _module_preset=&#8220;default&#8220; background_enable_color=&#8220;off&#8220; background_image=&#8220;https:\/\/teambananenflanke.de\/wuerzburg\/wp-content\/uploads\/2025\/04\/wuerzburg-1024&#215;352.jpg&#8220; background_enable_image=&#8220;on&#8220; background_size=&#8220;contain&#8220; sticky_transition=&#8220;on&#8220;][\/et_pb_slide][\/et_pb_fullwidth_slider][\/et_pb_section][et_pb_section fb_built=&#8220;1&#8243; admin_label=&#8220;section&#8220; _builder_version=&#8220;3.22&#8243;][et_pb_row admin_label=&#8220;row&#8220; _builder_version=&#8220;3.25&#8243; background_size=&#8220;initial&#8220; background_position=&#8220;top_left&#8220; background_repeat=&#8220;repeat&#8220;][et_pb_column type=&#8220;4_4&#8243; _builder_version=&#8220;3.25&#8243; custom_padding=&#8220;|||&#8220; custom_padding__hover=&#8220;|||&#8220;][et_pb_text admin_label=&#8220;Text&#8220; _builder_version=&#8220;4.7.6&#8243; background_size=&#8220;initial&#8220; background_position=&#8220;top_left&#8220; background_repeat=&#8220;repeat&#8220;]<p><strong style=\"color: #333333; font-size: 30px;\">\ud83d\udc9b Spenden \u2013 Gemeinsam mehr bewegen! \u26bd\ud83c\udf4c<\/strong><\/p>\n<p data-start=\"48\" data-end=\"190\" class=\"\"><strong data-start=\"48\" data-end=\"185\">Unterst\u00fctze Bananenflanke W\u00fcrzburg und schenke Kindern und Jugendlichen mit geistiger Beeintr\u00e4chtigung unvergessliche Fu\u00dfballmomente!<\/strong> \ud83c\udf1f<\/p>\n<p data-start=\"192\" data-end=\"400\" class=\"\">Unsere Mannschaft lebt von <strong data-start=\"219\" data-end=\"267\">Leidenschaft, Teamgeist und echter Inklusion<\/strong> \u2013 doch ohne Unterst\u00fctzung geht es nicht. Mit deiner Spende hilfst du uns, Trainings, Turniere und besondere Events zu erm\u00f6glichen.<\/p>\n<h3 data-start=\"402\" data-end=\"443\" class=\"\">Wof\u00fcr wird deine Spende genutzt? \ud83e\udd1d<\/h3>\n<p data-start=\"444\" data-end=\"713\" class=\"\">\u2714 <strong data-start=\"446\" data-end=\"470\">Ausr\u00fcstung &amp; Trikots<\/strong> \u2013 Damit jedes Kind stolz im Teamtrikot spielen kann.<br data-start=\"523\" data-end=\"526\" \/> \u2714 <strong data-start=\"528\" data-end=\"557\">Trainings- &amp; Spielbetrieb<\/strong> \u2013 F\u00fcr Pl\u00e4tze, B\u00e4lle und professionelle Betreuung.<br data-start=\"607\" data-end=\"610\" \/> \u2714 <strong data-start=\"612\" data-end=\"636\">Fahrten zu Turnieren<\/strong> \u2013 Damit alle dabei sein k\u00f6nnen, unabh\u00e4ngig von finanziellen M\u00f6glichkeiten.<\/p>\n<p data-start=\"715\" data-end=\"784\" class=\"\">Jede Spende \u2013 egal ob gro\u00df oder klein \u2013 macht einen Unterschied! \ud83d\udc9b<\/p>\n<p data-start=\"786\" data-end=\"977\" class=\"\">\ud83d\udc49 <strong data-start=\"789\" data-end=\"813\">So kannst du helfen:<\/strong><br data-start=\"813\" data-end=\"816\" \/> \ud83d\udcb3 <strong data-start=\"819\" data-end=\"839\">Per \u00dcberweisung:<\/strong><\/p>\n<p class=\"text-center\"><strong>Team Bananenflanke W\u00fcrzburg e.V.<br \/><\/strong><strong>IBAN: DE05 7904 0047 0680 4884 00\u00a0<br \/><\/strong><strong>Commerzbank W\u00fcrzburg<br \/><br \/><\/strong>\ud83e\udd1d <strong data-start=\"918\" data-end=\"951\">Sponsoring &amp; Partnerschaften:<\/strong> Kontaktiere uns direkt!<\/p>\n<p data-start=\"979\" data-end=\"1100\" class=\"\">Danke, dass du Teil unserer Fu\u00dfballfamilie bist! <strong data-start=\"1028\" data-end=\"1094\">Gemeinsam zeigen wir, dass Fu\u00dfball mehr als nur ein Spiel ist.<\/strong> \u26bd\ud83d\udc9b<\/p>\n<p><\/p>[\/et_pb_text][\/et_pb_column][\/et_pb_row][\/et_pb_section]<!-- \/wp:post-content -->","protected":false},"excerpt":{"rendered":"<p>[et_pb_section fb_built=&#8220;1&#8243; fullwidth=&#8220;on&#8220; _builder_version=&#8220;4.7.6&#8243; _module_preset=&#8220;default&#8220;][et_pb_fullwidth_slider _builder_version=&#8220;4.7.6&#8243; _module_preset=&#8220;default&#8220; min_height=&#8220;550px&#8220; height=&#8220;500px&#8220; max_height=&#8220;500px&#8220;][et_pb_slide _builder_version=&#8220;4.7.6&#8243; _module_preset=&#8220;default&#8220; background_enable_color=&#8220;off&#8220; background_image=&#8220;https:\/\/teambananenflanke.de\/wuerzburg\/wp-content\/uploads\/2025\/04\/wuerzburg-1024&#215;352.jpg&#8220; background_enable_image=&#8220;on&#8220; background_size=&#8220;contain&#8220; sticky_transition=&#8220;on&#8220;][\/et_pb_slide][\/et_pb_fullwidth_slider][\/et_pb_section][et_pb_section fb_built=&#8220;1&#8243; admin_label=&#8220;section&#8220; _builder_version=&#8220;3.22&#8243;][et_pb_row admin_label=&#8220;row&#8220; _builder_version=&#8220;3.25&#8243; background_size=&#8220;initial&#8220; background_position=&#8220;top_left&#8220; background_repeat=&#8220;repeat&#8220;][et_pb_column type=&#8220;4_4&#8243; _builder_version=&#8220;3.25&#8243; custom_padding=&#8220;|||&#8220; custom_padding__hover=&#8220;|||&#8220;][et_pb_text admin_label=&#8220;Text&#8220; _builder_version=&#8220;4.7.6&#8243; background_size=&#8220;initial&#8220; background_position=&#8220;top_left&#8220; background_repeat=&#8220;repeat&#8220;] \ud83d\udc9b Spenden \u2013 Gemeinsam mehr bewegen! \u26bd\ud83c\udf4c Unterst\u00fctze Bananenflanke W\u00fcrzburg und schenke Kindern und Jugendlichen mit geistiger Beeintr\u00e4chtigung unvergessliche Fu\u00dfballmomente! \ud83c\udf1f [&hellip;]<\/p>\n","protected":false},"author":1,"featured_media":0,"parent":0,"menu_order":0,"comment_status":"closed","ping_status":"closed","template":"","meta":{"_et_pb_use_builder":"on","_et_pb_old_content":"<!-- wp:paragraph -->\n<p>Dies ist eine Beispiel-Seite. Sie unterscheidet sich von Beitr\u00e4gen, da sie stets an derselben Stelle bleibt und (bei den meisten Themes) in der Website-Navigation angezeigt wird. Die meisten starten mit einem Impressum, der Datenschutzerkl\u00e4rung oder einer \u201e\u00dcber\u00a0uns\u201c-Seite, um sich potenziellen Besuchern der Website vorzustellen. Dort k\u00f6nnte zum Beispiel stehen:<\/p>\n<!-- \/wp:paragraph -->\n\n<!-- wp:quote -->\n<blockquote class=\"wp-block-quote\"><p>Hallo! Tags\u00fcber arbeite ich als Fahrradkurier, nachts bin ich ein aufstrebender Schauspieler und dies hier ist meine Website. Ich lebe in Berlin, habe einen gro\u00dfen Hund namens Jack, mag Pi&#241;a Coladas, jedoch weniger (ohne Schirm) im Regen stehen gelassen zu werden.<\/p><\/blockquote>\n<!-- \/wp:quote -->\n\n<!-- wp:paragraph -->\n<p>...\u00a0oder so etwas wie:<\/p>\n<!-- \/wp:paragraph -->\n\n<!-- wp:quote -->\n<blockquote class=\"wp-block-quote\"><p>Das Unternehmen XYZ wurde 1971 gegr\u00fcndet und versorgt die \u00d6ffentlichkeit seither mit qualitativ hochwertigen Produkten. An seinem Standort in einer kleinen Gro\u00dfstadt besch\u00e4ftigt der Betrieb \u00fcber 2.000 Menschen und unterst\u00fctzt die Stadtbewohner in vielfacher Hinsicht.<\/p><\/blockquote>\n<!-- \/wp:quote -->\n\n<!-- wp:paragraph -->\n<p>Als neuer WordPress-Benutzer solltest du <a href=\"https:\/\/teambananenflanke.de\/wuerzburg\/wp-admin\/\">dein Dashboard<\/a> aufrufen, um diese Seite zu l\u00f6schen und neue Seiten und Beitr\u00e4ge f\u00fcr deine Website erstellen. Viel Spa\u00df!<\/p>\n<!-- \/wp:paragraph -->","_et_gb_content_width":"","footnotes":""},"class_list":["post-37","page","type-page","status-publish","hentry"],"yoast_head":"<!-- This site is optimized with the Yoast SEO plugin v26.5 - https:\/\/yoast.com\/wordpress\/plugins\/seo\/ -->\n<title>Spenden - Team Bananenflanke\u00ae W\u00fcrzburg e.V.<\/title>\n<meta name=\"description\" content=\"Unterst\u00fctze das Team Bananenflanke W\u00fcrzburg mit einer Spende. Jeder Beitrag hilft, inklusive Fu\u00dfballprojekte f\u00fcr Kinder zu erm\u00f6glichen.\" \/>\n<meta name=\"robots\" content=\"index, follow, max-snippet:-1, max-image-preview:large, max-video-preview:-1\" \/>\n<link rel=\"canonical\" href=\"https:\/\/team-bananenflanke.de\/wuerzburg\/spenden\/\" \/>\n<meta property=\"og:locale\" content=\"de_DE\" \/>\n<meta property=\"og:type\" content=\"article\" \/>\n<meta property=\"og:title\" content=\"Spenden - Team Bananenflanke\u00ae W\u00fcrzburg e.V.\" \/>\n<meta property=\"og:description\" content=\"Unterst\u00fctze das Team Bananenflanke W\u00fcrzburg mit einer Spende. Jeder Beitrag hilft, inklusive Fu\u00dfballprojekte f\u00fcr Kinder zu erm\u00f6glichen.\" \/>\n<meta property=\"og:url\" content=\"https:\/\/team-bananenflanke.de\/wuerzburg\/spenden\/\" \/>\n<meta property=\"og:site_name\" content=\"Team Bananenflanke\u00ae W\u00fcrzburg e.V.\" \/>\n<meta property=\"article:modified_time\" content=\"2025-12-11T09:13:36+00:00\" \/>\n<meta name=\"twitter:card\" content=\"summary_large_image\" \/>\n<meta name=\"twitter:label1\" content=\"Gesch\u00e4tzte Lesezeit\" \/>\n\t<meta name=\"twitter:data1\" content=\"1\u00a0Minute\" \/>\n<script type=\"application\/ld+json\" class=\"yoast-schema-graph\">{\"@context\":\"https:\/\/schema.org\",\"@graph\":[{\"@type\":\"WebPage\",\"@id\":\"https:\/\/team-bananenflanke.de\/wuerzburg\/spenden\/\",\"url\":\"https:\/\/team-bananenflanke.de\/wuerzburg\/spenden\/\",\"name\":\"Spenden - Team Bananenflanke\u00ae W\u00fcrzburg e.V.\",\"isPartOf\":{\"@id\":\"https:\/\/team-bananenflanke.de\/wuerzburg\/#website\"},\"datePublished\":\"2025-04-03T14:28:55+00:00\",\"dateModified\":\"2025-12-11T09:13:36+00:00\",\"description\":\"Unterst\u00fctze das Team Bananenflanke W\u00fcrzburg mit einer Spende. Jeder Beitrag hilft, inklusive Fu\u00dfballprojekte f\u00fcr Kinder zu erm\u00f6glichen.\",\"breadcrumb\":{\"@id\":\"https:\/\/team-bananenflanke.de\/wuerzburg\/spenden\/#breadcrumb\"},\"inLanguage\":\"de\",\"potentialAction\":[{\"@type\":\"ReadAction\",\"target\":[\"https:\/\/team-bananenflanke.de\/wuerzburg\/spenden\/\"]}]},{\"@type\":\"BreadcrumbList\",\"@id\":\"https:\/\/team-bananenflanke.de\/wuerzburg\/spenden\/#breadcrumb\",\"itemListElement\":[{\"@type\":\"ListItem\",\"position\":1,\"name\":\"Startseite\",\"item\":\"https:\/\/team-bananenflanke.de\/wuerzburg\/\"},{\"@type\":\"ListItem\",\"position\":2,\"name\":\"Spenden\"}]},{\"@type\":\"WebSite\",\"@id\":\"https:\/\/team-bananenflanke.de\/wuerzburg\/#website\",\"url\":\"https:\/\/team-bananenflanke.de\/wuerzburg\/\",\"name\":\"Team Bananenflanke\u00ae W\u00fcrzburg e.V.\",\"description\":\"Fu\u00dfball kennt keine Grenzen!\",\"potentialAction\":[{\"@type\":\"SearchAction\",\"target\":{\"@type\":\"EntryPoint\",\"urlTemplate\":\"https:\/\/team-bananenflanke.de\/wuerzburg\/?s={search_term_string}\"},\"query-input\":{\"@type\":\"PropertyValueSpecification\",\"valueRequired\":true,\"valueName\":\"search_term_string\"}}],\"inLanguage\":\"de\"}]}<\/script>\n<!-- \/ Yoast SEO plugin. -->","yoast_head_json":{"title":"Spenden - Team Bananenflanke\u00ae W\u00fcrzburg e.V.","description":"Unterst\u00fctze das Team Bananenflanke W\u00fcrzburg mit einer Spende. Jeder Beitrag hilft, inklusive Fu\u00dfballprojekte f\u00fcr Kinder zu erm\u00f6glichen.","robots":{"index":"index","follow":"follow","max-snippet":"max-snippet:-1","max-image-preview":"max-image-preview:large","max-video-preview":"max-video-preview:-1"},"canonical":"https:\/\/team-bananenflanke.de\/wuerzburg\/spenden\/","og_locale":"de_DE","og_type":"article","og_title":"Spenden - Team Bananenflanke\u00ae W\u00fcrzburg e.V.","og_description":"Unterst\u00fctze das Team Bananenflanke W\u00fcrzburg mit einer Spende. Jeder Beitrag hilft, inklusive Fu\u00dfballprojekte f\u00fcr Kinder zu erm\u00f6glichen.","og_url":"https:\/\/team-bananenflanke.de\/wuerzburg\/spenden\/","og_site_name":"Team Bananenflanke\u00ae W\u00fcrzburg e.V.","article_modified_time":"2025-12-11T09:13:36+00:00","twitter_card":"summary_large_image","twitter_misc":{"Gesch\u00e4tzte Lesezeit":"1\u00a0Minute"},"schema":{"@context":"https:\/\/schema.org","@graph":[{"@type":"WebPage","@id":"https:\/\/team-bananenflanke.de\/wuerzburg\/spenden\/","url":"https:\/\/team-bananenflanke.de\/wuerzburg\/spenden\/","name":"Spenden - Team Bananenflanke\u00ae W\u00fcrzburg e.V.","isPartOf":{"@id":"https:\/\/team-bananenflanke.de\/wuerzburg\/#website"},"datePublished":"2025-04-03T14:28:55+00:00","dateModified":"2025-12-11T09:13:36+00:00","description":"Unterst\u00fctze das Team Bananenflanke W\u00fcrzburg mit einer Spende. Jeder Beitrag hilft, inklusive Fu\u00dfballprojekte f\u00fcr Kinder zu erm\u00f6glichen.","breadcrumb":{"@id":"https:\/\/team-bananenflanke.de\/wuerzburg\/spenden\/#breadcrumb"},"inLanguage":"de","potentialAction":[{"@type":"ReadAction","target":["https:\/\/team-bananenflanke.de\/wuerzburg\/spenden\/"]}]},{"@type":"BreadcrumbList","@id":"https:\/\/team-bananenflanke.de\/wuerzburg\/spenden\/#breadcrumb","itemListElement":[{"@type":"ListItem","position":1,"name":"Startseite","item":"https:\/\/team-bananenflanke.de\/wuerzburg\/"},{"@type":"ListItem","position":2,"name":"Spenden"}]},{"@type":"WebSite","@id":"https:\/\/team-bananenflanke.de\/wuerzburg\/#website","url":"https:\/\/team-bananenflanke.de\/wuerzburg\/","name":"Team Bananenflanke\u00ae W\u00fcrzburg e.V.","description":"Fu\u00dfball kennt keine Grenzen!","potentialAction":[{"@type":"SearchAction","target":{"@type":"EntryPoint","urlTemplate":"https:\/\/team-bananenflanke.de\/wuerzburg\/?s={search_term_string}"},"query-input":{"@type":"PropertyValueSpecification","valueRequired":true,"valueName":"search_term_string"}}],"inLanguage":"de"}]}},"_links":{"self":[{"href":"https:\/\/team-bananenflanke.de\/wuerzburg\/wp-json\/wp\/v2\/pages\/37","targetHints":{"allow":["GET"]}}],"collection":[{"href":"https:\/\/team-bananenflanke.de\/wuerzburg\/wp-json\/wp\/v2\/pages"}],"about":[{"href":"https:\/\/team-bananenflanke.de\/wuerzburg\/wp-json\/wp\/v2\/types\/page"}],"author":[{"embeddable":true,"href":"https:\/\/team-bananenflanke.de\/wuerzburg\/wp-json\/wp\/v2\/users\/1"}],"replies":[{"embeddable":true,"href":"https:\/\/team-bananenflanke.de\/wuerzburg\/wp-json\/wp\/v2\/comments?post=37"}],"version-history":[{"count":4,"href":"https:\/\/team-bananenflanke.de\/wuerzburg\/wp-json\/wp\/v2\/pages\/37\/revisions"}],"predecessor-version":[{"id":110,"href":"https:\/\/team-bananenflanke.de\/wuerzburg\/wp-json\/wp\/v2\/pages\/37\/revisions\/110"}],"wp:attachment":[{"href":"https:\/\/team-bananenflanke.de\/wuerzburg\/wp-json\/wp\/v2\/media?parent=37"}],"curies":[{"name":"wp","href":"https:\/\/api.w.org\/{rel}","templated":true}]}}