{"id":66,"date":"2025-04-01T20:53:38","date_gmt":"2025-04-01T18:53:38","guid":{"rendered":"https:\/\/teambananenflanke.de\/trier\/?page_id=66"},"modified":"2026-03-06T11:28:21","modified_gmt":"2026-03-06T10:28:21","slug":"menschenkicker","status":"publish","type":"page","link":"https:\/\/team-bananenflanke.de\/trier\/menschenkicker\/","title":{"rendered":"Menschenkicker"},"content":{"rendered":"<p>[et_pb_section fb_built=&#8220;1&#8243; fullwidth=&#8220;on&#8220; _builder_version=&#8220;4.7.6&#8243; _module_preset=&#8220;default&#8220;][et_pb_fullwidth_image src=&#8220;https:\/\/team-bananenflanke.de\/trier\/wp-content\/uploads\/2026\/03\/slider_trier.jpg&#8220; _builder_version=&#8220;4.7.6&#8243; _module_preset=&#8220;default&#8220; title_text=&#8220;slider_trier&#8220; hover_enabled=&#8220;0&#8243; sticky_enabled=&#8220;0&#8243;][\/et_pb_fullwidth_image][\/et_pb_section][et_pb_section fb_built=&#8220;1&#8243; admin_label=&#8220;section&#8220; _builder_version=&#8220;3.22&#8243;][et_pb_row column_structure=&#8220;2_3,1_3&#8243; admin_label=&#8220;row&#8220; _builder_version=&#8220;3.25&#8243; background_size=&#8220;initial&#8220; background_position=&#8220;top_left&#8220; background_repeat=&#8220;repeat&#8220;][et_pb_column type=&#8220;2_3&#8243; _builder_version=&#8220;3.25&#8243; custom_padding=&#8220;|||&#8220; custom_padding__hover=&#8220;|||&#8220;][et_pb_text admin_label=&#8220;Text&#8220; _builder_version=&#8220;4.7.6&#8243; background_size=&#8220;initial&#8220; background_position=&#8220;top_left&#8220; background_repeat=&#8220;repeat&#8220; custom_padding=&#8220;||3px|||&#8220;]<\/p>\n<h1>Menschenkicker \u2013 Der ultimative Kick f\u00fcr euer Event!<\/h1>\n<p data-start=\"157\" data-end=\"311\" class=\"\">Ihr sucht eine actionreiche Attraktion f\u00fcr euer Fest, Firmenevent oder eine Vereinsfeier? Dann ist unser <strong data-start=\"262\" data-end=\"280\">Menschenkicker<\/strong> genau das Richtige f\u00fcr euch!<\/p>\n<p data-start=\"313\" data-end=\"579\" class=\"\">Beim Menschenkicker werdet ihr selbst zu Spielfiguren eines \u00fcberdimensionalen Tischkickers \u2013 festgehalten an Querstreben und immer im Team spielend. Ob als Spa\u00df-Turnier oder einfach zum Austoben: Hier ist Teamgeist, Geschicklichkeit und eine Portion Humor gefragt!<\/p>\n<p data-start=\"581\" data-end=\"827\" class=\"\">Unser Menschenkicker kann f\u00fcr verschiedene Events gemietet werden und ist ein Highlight f\u00fcr Jung und Alt. Egal, ob Firmenevent, Stadtfest, Vereinsfeier oder Teambuilding \u2013 der Menschenkicker sorgt f\u00fcr jede Menge Spa\u00df und unvergessliche Momente.<\/p>\n<p data-start=\"829\" data-end=\"1076\" class=\"\">\ud83d\udccd <strong data-start=\"832\" data-end=\"860\">Team Bananenflanke Trier<\/strong> steht f\u00fcr Fu\u00dfball mit sozialem Engagement. Mit der Miete unseres Menschenkickers unterst\u00fctzt ihr direkt unsere Arbeit mit Kindern und Jugendlichen mit geistiger Beeintr\u00e4chtigung \u2013 f\u00fcr mehr Inklusion durch Fu\u00dfball!<\/p>\n<p data-start=\"1078\" data-end=\"1183\" class=\"\">\ud83c\udf89 <strong data-start=\"1081\" data-end=\"1095\">Interesse?<\/strong> Dann meldet euch bei uns und sichert euch den Menschenkicker f\u00fcr euer n\u00e4chstes Event!<\/p>\n<p data-start=\"1185\" data-end=\"1244\" class=\"\">\ud83d\udce9 <strong data-start=\"1188\" data-end=\"1200\">Kontakt:<\/strong> trier@team-bananenflanke.de<\/p>\n<p>[\/et_pb_text][\/et_pb_column][et_pb_column type=&#8220;1_3&#8243; _builder_version=&#8220;3.25&#8243; custom_padding=&#8220;|||&#8220; custom_padding__hover=&#8220;|||&#8220;][et_pb_image src=&#8220;https:\/\/teambananenflanke.de\/trier\/wp-content\/uploads\/2025\/04\/qr-code-menschenkicker.png&#8220; title_text=&#8220;qr code menschenkicker&#8220; _builder_version=&#8220;4.7.6&#8243; _module_preset=&#8220;default&#8220;][\/et_pb_image][\/et_pb_column][\/et_pb_row][\/et_pb_section]<\/p>\n","protected":false},"excerpt":{"rendered":"<p>[et_pb_section fb_built=&#8220;1&#8243; fullwidth=&#8220;on&#8220; _builder_version=&#8220;4.7.6&#8243; _module_preset=&#8220;default&#8220;][et_pb_fullwidth_image src=&#8220;https:\/\/team-bananenflanke.de\/trier\/wp-content\/uploads\/2026\/03\/slider_trier.jpg&#8220; _builder_version=&#8220;4.7.6&#8243; _module_preset=&#8220;default&#8220; title_text=&#8220;slider_trier&#8220; hover_enabled=&#8220;0&#8243; sticky_enabled=&#8220;0&#8243;][\/et_pb_fullwidth_image][\/et_pb_section][et_pb_section fb_built=&#8220;1&#8243; admin_label=&#8220;section&#8220; _builder_version=&#8220;3.22&#8243;][et_pb_row column_structure=&#8220;2_3,1_3&#8243; admin_label=&#8220;row&#8220; _builder_version=&#8220;3.25&#8243; background_size=&#8220;initial&#8220; background_position=&#8220;top_left&#8220; background_repeat=&#8220;repeat&#8220;][et_pb_column type=&#8220;2_3&#8243; _builder_version=&#8220;3.25&#8243; custom_padding=&#8220;|||&#8220; custom_padding__hover=&#8220;|||&#8220;][et_pb_text admin_label=&#8220;Text&#8220; _builder_version=&#8220;4.7.6&#8243; background_size=&#8220;initial&#8220; background_position=&#8220;top_left&#8220; background_repeat=&#8220;repeat&#8220; custom_padding=&#8220;||3px|||&#8220;] Menschenkicker \u2013 Der ultimative Kick f\u00fcr euer Event! Ihr sucht eine actionreiche Attraktion f\u00fcr euer Fest, Firmenevent oder eine Vereinsfeier? Dann ist unser Menschenkicker genau [&hellip;]<\/p>\n","protected":false},"author":1,"featured_media":0,"parent":0,"menu_order":0,"comment_status":"closed","ping_status":"closed","template":"","meta":{"_et_pb_use_builder":"on","_et_pb_old_content":"<!-- wp:paragraph -->\n<p>Dies ist eine Beispiel-Seite. Sie unterscheidet sich von Beitr\u00e4gen, da sie stets an derselben Stelle bleibt und (bei den meisten Themes) in der Website-Navigation angezeigt wird. Die meisten starten mit einem Impressum, der Datenschutzerkl\u00e4rung oder einer \u201e\u00dcber\u00a0uns\u201c-Seite, um sich potenziellen Besuchern der Website vorzustellen. Dort k\u00f6nnte zum Beispiel stehen:<\/p>\n<!-- \/wp:paragraph -->\n\n<!-- wp:quote -->\n<blockquote class=\"wp-block-quote\"><p>Hallo! Tags\u00fcber arbeite ich als Fahrradkurier, nachts bin ich ein aufstrebender Schauspieler und dies hier ist meine Website. Ich lebe in Berlin, habe einen gro\u00dfen Hund namens Jack, mag Pi&#241;a Coladas, jedoch weniger (ohne Schirm) im Regen stehen gelassen zu werden.<\/p><\/blockquote>\n<!-- \/wp:quote -->\n\n<!-- wp:paragraph -->\n<p>...\u00a0oder so etwas wie:<\/p>\n<!-- \/wp:paragraph -->\n\n<!-- wp:quote -->\n<blockquote class=\"wp-block-quote\"><p>Das Unternehmen XYZ wurde 1971 gegr\u00fcndet und versorgt die \u00d6ffentlichkeit seither mit qualitativ hochwertigen Produkten. An seinem Standort in einer kleinen Gro\u00dfstadt besch\u00e4ftigt der Betrieb \u00fcber 2.000 Menschen und unterst\u00fctzt die Stadtbewohner in vielfacher Hinsicht.<\/p><\/blockquote>\n<!-- \/wp:quote -->\n\n<!-- wp:paragraph -->\n<p>Als neuer WordPress-Benutzer solltest du <a href=\"https:\/\/teambananenflanke.de\/trier\/wp-admin\/\">dein Dashboard<\/a> aufrufen, um diese Seite zu l\u00f6schen und neue Seiten und Beitr\u00e4ge f\u00fcr deine Website erstellen. Viel Spa\u00df!<\/p>\n<!-- \/wp:paragraph -->","_et_gb_content_width":"","footnotes":""},"class_list":["post-66","page","type-page","status-publish","hentry"],"yoast_head":"<!-- This site is optimized with the Yoast SEO plugin v27.6 - https:\/\/yoast.com\/product\/yoast-seo-wordpress\/ -->\n<title>Menschenkicker - Team Bananenflanke\u00ae Trier e.V.<\/title>\n<meta name=\"description\" content=\"Entdecke den Menschenkicker des Team Bananenflanke Trier \u2013 ein ivoller Spa\u00df, Bewegung und Teamgeist f\u00fcr Gro\u00df und Klein f\u00fcr jedes Event.\" \/>\n<meta name=\"robots\" content=\"index, follow, max-snippet:-1, max-image-preview:large, max-video-preview:-1\" \/>\n<link rel=\"canonical\" href=\"https:\/\/team-bananenflanke.de\/trier\/menschenkicker\/\" \/>\n<meta property=\"og:locale\" content=\"de_DE\" \/>\n<meta property=\"og:type\" content=\"article\" \/>\n<meta property=\"og:title\" content=\"Menschenkicker - Team Bananenflanke\u00ae Trier e.V.\" \/>\n<meta property=\"og:description\" content=\"Entdecke den Menschenkicker des Team Bananenflanke Trier \u2013 ein ivoller Spa\u00df, Bewegung und Teamgeist f\u00fcr Gro\u00df und Klein f\u00fcr jedes Event.\" \/>\n<meta property=\"og:url\" content=\"https:\/\/team-bananenflanke.de\/trier\/menschenkicker\/\" \/>\n<meta property=\"og:site_name\" content=\"Team Bananenflanke\u00ae Trier e.V.\" \/>\n<meta property=\"article:modified_time\" content=\"2026-03-06T10:28:21+00:00\" \/>\n<meta name=\"twitter:card\" content=\"summary_large_image\" \/>\n<meta name=\"twitter:label1\" content=\"Gesch\u00e4tzte Lesezeit\" \/>\n\t<meta name=\"twitter:data1\" content=\"2\u00a0Minuten\" \/>\n<script type=\"application\/ld+json\" class=\"yoast-schema-graph\">{\"@context\":\"https:\\\/\\\/schema.org\",\"@graph\":[{\"@type\":\"WebPage\",\"@id\":\"https:\\\/\\\/team-bananenflanke.de\\\/trier\\\/menschenkicker\\\/\",\"url\":\"https:\\\/\\\/team-bananenflanke.de\\\/trier\\\/menschenkicker\\\/\",\"name\":\"Menschenkicker - Team Bananenflanke\u00ae Trier e.V.\",\"isPartOf\":{\"@id\":\"https:\\\/\\\/team-bananenflanke.de\\\/trier\\\/#website\"},\"datePublished\":\"2025-04-01T18:53:38+00:00\",\"dateModified\":\"2026-03-06T10:28:21+00:00\",\"description\":\"Entdecke den Menschenkicker des Team Bananenflanke Trier \u2013 ein ivoller Spa\u00df, Bewegung und Teamgeist f\u00fcr Gro\u00df und Klein f\u00fcr jedes Event.\",\"breadcrumb\":{\"@id\":\"https:\\\/\\\/team-bananenflanke.de\\\/trier\\\/menschenkicker\\\/#breadcrumb\"},\"inLanguage\":\"de\",\"potentialAction\":[{\"@type\":\"ReadAction\",\"target\":[\"https:\\\/\\\/team-bananenflanke.de\\\/trier\\\/menschenkicker\\\/\"]}]},{\"@type\":\"BreadcrumbList\",\"@id\":\"https:\\\/\\\/team-bananenflanke.de\\\/trier\\\/menschenkicker\\\/#breadcrumb\",\"itemListElement\":[{\"@type\":\"ListItem\",\"position\":1,\"name\":\"Startseite\",\"item\":\"https:\\\/\\\/team-bananenflanke.de\\\/trier\\\/\"},{\"@type\":\"ListItem\",\"position\":2,\"name\":\"Menschenkicker\"}]},{\"@type\":\"WebSite\",\"@id\":\"https:\\\/\\\/team-bananenflanke.de\\\/trier\\\/#website\",\"url\":\"https:\\\/\\\/team-bananenflanke.de\\\/trier\\\/\",\"name\":\"Team Bananenflanke\u00ae Trier e.V.\",\"description\":\"Fu\u00dfball kennt keine Grenzen!\",\"potentialAction\":[{\"@type\":\"SearchAction\",\"target\":{\"@type\":\"EntryPoint\",\"urlTemplate\":\"https:\\\/\\\/team-bananenflanke.de\\\/trier\\\/?s={search_term_string}\"},\"query-input\":{\"@type\":\"PropertyValueSpecification\",\"valueRequired\":true,\"valueName\":\"search_term_string\"}}],\"inLanguage\":\"de\"}]}<\/script>\n<!-- \/ Yoast SEO plugin. -->","yoast_head_json":{"title":"Menschenkicker - Team Bananenflanke\u00ae Trier e.V.","description":"Entdecke den Menschenkicker des Team Bananenflanke Trier \u2013 ein ivoller Spa\u00df, Bewegung und Teamgeist f\u00fcr Gro\u00df und Klein f\u00fcr jedes Event.","robots":{"index":"index","follow":"follow","max-snippet":"max-snippet:-1","max-image-preview":"max-image-preview:large","max-video-preview":"max-video-preview:-1"},"canonical":"https:\/\/team-bananenflanke.de\/trier\/menschenkicker\/","og_locale":"de_DE","og_type":"article","og_title":"Menschenkicker - Team Bananenflanke\u00ae Trier e.V.","og_description":"Entdecke den Menschenkicker des Team Bananenflanke Trier \u2013 ein ivoller Spa\u00df, Bewegung und Teamgeist f\u00fcr Gro\u00df und Klein f\u00fcr jedes Event.","og_url":"https:\/\/team-bananenflanke.de\/trier\/menschenkicker\/","og_site_name":"Team Bananenflanke\u00ae Trier e.V.","article_modified_time":"2026-03-06T10:28:21+00:00","twitter_card":"summary_large_image","twitter_misc":{"Gesch\u00e4tzte Lesezeit":"2\u00a0Minuten"},"schema":{"@context":"https:\/\/schema.org","@graph":[{"@type":"WebPage","@id":"https:\/\/team-bananenflanke.de\/trier\/menschenkicker\/","url":"https:\/\/team-bananenflanke.de\/trier\/menschenkicker\/","name":"Menschenkicker - Team Bananenflanke\u00ae Trier e.V.","isPartOf":{"@id":"https:\/\/team-bananenflanke.de\/trier\/#website"},"datePublished":"2025-04-01T18:53:38+00:00","dateModified":"2026-03-06T10:28:21+00:00","description":"Entdecke den Menschenkicker des Team Bananenflanke Trier \u2013 ein ivoller Spa\u00df, Bewegung und Teamgeist f\u00fcr Gro\u00df und Klein f\u00fcr jedes Event.","breadcrumb":{"@id":"https:\/\/team-bananenflanke.de\/trier\/menschenkicker\/#breadcrumb"},"inLanguage":"de","potentialAction":[{"@type":"ReadAction","target":["https:\/\/team-bananenflanke.de\/trier\/menschenkicker\/"]}]},{"@type":"BreadcrumbList","@id":"https:\/\/team-bananenflanke.de\/trier\/menschenkicker\/#breadcrumb","itemListElement":[{"@type":"ListItem","position":1,"name":"Startseite","item":"https:\/\/team-bananenflanke.de\/trier\/"},{"@type":"ListItem","position":2,"name":"Menschenkicker"}]},{"@type":"WebSite","@id":"https:\/\/team-bananenflanke.de\/trier\/#website","url":"https:\/\/team-bananenflanke.de\/trier\/","name":"Team Bananenflanke\u00ae Trier e.V.","description":"Fu\u00dfball kennt keine Grenzen!","potentialAction":[{"@type":"SearchAction","target":{"@type":"EntryPoint","urlTemplate":"https:\/\/team-bananenflanke.de\/trier\/?s={search_term_string}"},"query-input":{"@type":"PropertyValueSpecification","valueRequired":true,"valueName":"search_term_string"}}],"inLanguage":"de"}]}},"_links":{"self":[{"href":"https:\/\/team-bananenflanke.de\/trier\/wp-json\/wp\/v2\/pages\/66","targetHints":{"allow":["GET"]}}],"collection":[{"href":"https:\/\/team-bananenflanke.de\/trier\/wp-json\/wp\/v2\/pages"}],"about":[{"href":"https:\/\/team-bananenflanke.de\/trier\/wp-json\/wp\/v2\/types\/page"}],"author":[{"embeddable":true,"href":"https:\/\/team-bananenflanke.de\/trier\/wp-json\/wp\/v2\/users\/1"}],"replies":[{"embeddable":true,"href":"https:\/\/team-bananenflanke.de\/trier\/wp-json\/wp\/v2\/comments?post=66"}],"version-history":[{"count":5,"href":"https:\/\/team-bananenflanke.de\/trier\/wp-json\/wp\/v2\/pages\/66\/revisions"}],"predecessor-version":[{"id":959,"href":"https:\/\/team-bananenflanke.de\/trier\/wp-json\/wp\/v2\/pages\/66\/revisions\/959"}],"wp:attachment":[{"href":"https:\/\/team-bananenflanke.de\/trier\/wp-json\/wp\/v2\/media?parent=66"}],"curies":[{"name":"wp","href":"https:\/\/api.w.org\/{rel}","templated":true}]}}