{"id":33,"date":"2025-04-01T16:59:05","date_gmt":"2025-04-01T14:59:05","guid":{"rendered":"https:\/\/teambananenflanke.de\/trier\/?page_id=33"},"modified":"2026-03-06T11:26:30","modified_gmt":"2026-03-06T10:26:30","slug":"spenden","status":"publish","type":"page","link":"https:\/\/team-bananenflanke.de\/trier\/spenden\/","title":{"rendered":"Spenden"},"content":{"rendered":"<p>[et_pb_section fb_built=&#8220;1&#8243; fullwidth=&#8220;on&#8220; _builder_version=&#8220;4.7.6&#8243; _module_preset=&#8220;default&#8220;][et_pb_fullwidth_image src=&#8220;https:\/\/team-bananenflanke.de\/trier\/wp-content\/uploads\/2026\/03\/slider_trier.jpg&#8220; _builder_version=&#8220;4.7.6&#8243; _module_preset=&#8220;default&#8220; title_text=&#8220;slider_trier&#8220; hover_enabled=&#8220;0&#8243; sticky_enabled=&#8220;0&#8243;][\/et_pb_fullwidth_image][\/et_pb_section][et_pb_section fb_built=&#8220;1&#8243; admin_label=&#8220;section&#8220; _builder_version=&#8220;3.22&#8243;][et_pb_row admin_label=&#8220;row&#8220; _builder_version=&#8220;3.25&#8243; background_size=&#8220;initial&#8220; background_position=&#8220;top_left&#8220; background_repeat=&#8220;repeat&#8220;][et_pb_column type=&#8220;4_4&#8243; _builder_version=&#8220;3.25&#8243; custom_padding=&#8220;|||&#8220; custom_padding__hover=&#8220;|||&#8220;][et_pb_text admin_label=&#8220;Text&#8220; _builder_version=&#8220;4.7.6&#8243; background_size=&#8220;initial&#8220; background_position=&#8220;top_left&#8220; background_repeat=&#8220;repeat&#8220;]<\/p>\n<h1>Spenden &amp; Helfen \u2013 Fu\u00dfball verbindet!<\/h1>\n<p data-start=\"140\" data-end=\"483\" class=\"\">Das <strong data-start=\"144\" data-end=\"172\">Team Bananenflanke Trier<\/strong> gibt Kindern und Jugendlichen mit geistiger Beeintr\u00e4chtigung die Chance, Teil einer echten Fu\u00dfballmannschaft zu sein. Unser Motto: <strong data-start=\"304\" data-end=\"341\">\u201eFu\u00dfball verr\u00fcckt \u2013 anders cool!\u201c<\/strong> Wir schaffen Begegnungen, st\u00e4rken Selbstvertrauen und f\u00f6rdern die soziale Integration durch die sch\u00f6nste Nebensache der Welt \u2013 den Fu\u00dfball!<\/p>\n<p data-start=\"485\" data-end=\"741\" class=\"\"><strong data-start=\"485\" data-end=\"573\">Damit wir unser Herzensprojekt weiterf\u00fchren k\u00f6nnen, brauchen wir eure Unterst\u00fctzung!<\/strong> Mit eurer Spende helft ihr uns, Trainingseinheiten, Trikots, Ausfl\u00fcge und Turniere zu erm\u00f6glichen. Jeder Beitrag z\u00e4hlt und kommt direkt unseren Fu\u00dfballhelden zugute.<\/p>\n<p data-start=\"743\" data-end=\"1160\" class=\"\">\ud83d\udc9b <strong data-start=\"746\" data-end=\"770\">So k\u00f6nnt ihr helfen:<\/strong><br data-start=\"770\" data-end=\"773\" \/> \u2705 <strong data-start=\"775\" data-end=\"796\">Einmalige Spende:<\/strong> Jeder Euro hilft uns, Trainingsmaterial, Ausr\u00fcstung und Veranstaltungen zu finanzieren.<br data-start=\"884\" data-end=\"887\" \/> \u2705 <strong data-start=\"889\" data-end=\"918\">Dauerhafte Unterst\u00fctzung:<\/strong> Schon mit einem kleinen monatlichen Betrag sorgt ihr f\u00fcr nachhaltige F\u00f6rderung unserer Spielerinnen und Spieler.<br data-start=\"1031\" data-end=\"1034\" \/> \u2705 <strong data-start=\"1036\" data-end=\"1073\">Unternehmensspenden &amp; Sponsoring:<\/strong> Ihr wollt als Unternehmen Gutes tun? Werdet Partner und unterst\u00fctzt uns langfristig!<\/p>\n<p data-start=\"1162\" data-end=\"1228\" class=\"\">\ud83d\udd17 <strong data-start=\"1165\" data-end=\"1182\">Spendenkonto:<\/strong><br data-start=\"1182\" data-end=\"1185\" \/> \ud83d\udccd\u00a0Team Bananenflanke Trier e.V.<br \/>Sparkasse Trier\u00a0<br \/>IBAN DE 30 5855 0130 0001 0825 51<br \/>BIC TRISDE55XXX<\/p>\n<p data-start=\"1230\" data-end=\"1347\" class=\"\">\ud83d\ude4f <strong data-start=\"1233\" data-end=\"1277\">Danke, dass ihr Teil unseres Teams seid!<\/strong> Gemeinsam schenken wir Freude, Bewegung und unvergessliche Momente.<\/p>\n<p data-start=\"1349\" data-end=\"1388\" class=\"\">\u26bd\ud83d\udc9b <strong data-start=\"1353\" data-end=\"1386\">Euer Team Bananenflanke Trier<\/strong><\/p>\n<p>[\/et_pb_text][\/et_pb_column][\/et_pb_row][\/et_pb_section]<\/p>\n","protected":false},"excerpt":{"rendered":"<p>[et_pb_section fb_built=&#8220;1&#8243; fullwidth=&#8220;on&#8220; _builder_version=&#8220;4.7.6&#8243; _module_preset=&#8220;default&#8220;][et_pb_fullwidth_image src=&#8220;https:\/\/team-bananenflanke.de\/trier\/wp-content\/uploads\/2026\/03\/slider_trier.jpg&#8220; _builder_version=&#8220;4.7.6&#8243; _module_preset=&#8220;default&#8220; title_text=&#8220;slider_trier&#8220; hover_enabled=&#8220;0&#8243; sticky_enabled=&#8220;0&#8243;][\/et_pb_fullwidth_image][\/et_pb_section][et_pb_section fb_built=&#8220;1&#8243; admin_label=&#8220;section&#8220; _builder_version=&#8220;3.22&#8243;][et_pb_row admin_label=&#8220;row&#8220; _builder_version=&#8220;3.25&#8243; background_size=&#8220;initial&#8220; background_position=&#8220;top_left&#8220; background_repeat=&#8220;repeat&#8220;][et_pb_column type=&#8220;4_4&#8243; _builder_version=&#8220;3.25&#8243; custom_padding=&#8220;|||&#8220; custom_padding__hover=&#8220;|||&#8220;][et_pb_text admin_label=&#8220;Text&#8220; _builder_version=&#8220;4.7.6&#8243; background_size=&#8220;initial&#8220; background_position=&#8220;top_left&#8220; background_repeat=&#8220;repeat&#8220;] Spenden &amp; Helfen \u2013 Fu\u00dfball verbindet! Das Team Bananenflanke Trier gibt Kindern und Jugendlichen mit geistiger Beeintr\u00e4chtigung die Chance, Teil einer echten Fu\u00dfballmannschaft zu sein. Unser Motto: [&hellip;]<\/p>\n","protected":false},"author":1,"featured_media":0,"parent":0,"menu_order":0,"comment_status":"closed","ping_status":"closed","template":"","meta":{"_et_pb_use_builder":"on","_et_pb_old_content":"<!-- wp:paragraph -->\n<p>Dies ist eine Beispiel-Seite. Sie unterscheidet sich von Beitr\u00e4gen, da sie stets an derselben Stelle bleibt und (bei den meisten Themes) in der Website-Navigation angezeigt wird. Die meisten starten mit einem Impressum, der Datenschutzerkl\u00e4rung oder einer \u201e\u00dcber\u00a0uns\u201c-Seite, um sich potenziellen Besuchern der Website vorzustellen. Dort k\u00f6nnte zum Beispiel stehen:<\/p>\n<!-- \/wp:paragraph -->\n\n<!-- wp:quote -->\n<blockquote class=\"wp-block-quote\"><p>Hallo! Tags\u00fcber arbeite ich als Fahrradkurier, nachts bin ich ein aufstrebender Schauspieler und dies hier ist meine Website. Ich lebe in Berlin, habe einen gro\u00dfen Hund namens Jack, mag Pi&#241;a Coladas, jedoch weniger (ohne Schirm) im Regen stehen gelassen zu werden.<\/p><\/blockquote>\n<!-- \/wp:quote -->\n\n<!-- wp:paragraph -->\n<p>...\u00a0oder so etwas wie:<\/p>\n<!-- \/wp:paragraph -->\n\n<!-- wp:quote -->\n<blockquote class=\"wp-block-quote\"><p>Das Unternehmen XYZ wurde 1971 gegr\u00fcndet und versorgt die \u00d6ffentlichkeit seither mit qualitativ hochwertigen Produkten. An seinem Standort in einer kleinen Gro\u00dfstadt besch\u00e4ftigt der Betrieb \u00fcber 2.000 Menschen und unterst\u00fctzt die Stadtbewohner in vielfacher Hinsicht.<\/p><\/blockquote>\n<!-- \/wp:quote -->\n\n<!-- wp:paragraph -->\n<p>Als neuer WordPress-Benutzer solltest du <a href=\"https:\/\/teambananenflanke.de\/trier\/wp-admin\/\">dein Dashboard<\/a> aufrufen, um diese Seite zu l\u00f6schen und neue Seiten und Beitr\u00e4ge f\u00fcr deine Website erstellen. Viel Spa\u00df!<\/p>\n<!-- \/wp:paragraph -->","_et_gb_content_width":"","footnotes":""},"class_list":["post-33","page","type-page","status-publish","hentry"],"yoast_head":"<!-- This site is optimized with the Yoast SEO plugin v27.6 - https:\/\/yoast.com\/product\/yoast-seo-wordpress\/ -->\n<title>Spenden - Team Bananenflanke\u00ae Trier e.V.<\/title>\n<meta name=\"description\" content=\"Unterst\u00fctze das Team Bananenflanke Trier mit deiner Spende. Hilf uns dabei, Kinder und Jugendliche sportlich und sozial zu f\u00f6rdern.\" \/>\n<meta name=\"robots\" content=\"index, follow, max-snippet:-1, max-image-preview:large, max-video-preview:-1\" \/>\n<link rel=\"canonical\" href=\"https:\/\/team-bananenflanke.de\/trier\/spenden\/\" \/>\n<meta property=\"og:locale\" content=\"de_DE\" \/>\n<meta property=\"og:type\" content=\"article\" \/>\n<meta property=\"og:title\" content=\"Spenden - Team Bananenflanke\u00ae Trier e.V.\" \/>\n<meta property=\"og:description\" content=\"Unterst\u00fctze das Team Bananenflanke Trier mit deiner Spende. Hilf uns dabei, Kinder und Jugendliche sportlich und sozial zu f\u00f6rdern.\" \/>\n<meta property=\"og:url\" content=\"https:\/\/team-bananenflanke.de\/trier\/spenden\/\" \/>\n<meta property=\"og:site_name\" content=\"Team Bananenflanke\u00ae Trier e.V.\" \/>\n<meta property=\"article:modified_time\" content=\"2026-03-06T10:26:30+00:00\" \/>\n<meta name=\"twitter:card\" content=\"summary_large_image\" \/>\n<meta name=\"twitter:label1\" content=\"Gesch\u00e4tzte Lesezeit\" \/>\n\t<meta name=\"twitter:data1\" content=\"2\u00a0Minuten\" \/>\n<script type=\"application\/ld+json\" class=\"yoast-schema-graph\">{\"@context\":\"https:\\\/\\\/schema.org\",\"@graph\":[{\"@type\":\"WebPage\",\"@id\":\"https:\\\/\\\/team-bananenflanke.de\\\/trier\\\/spenden\\\/\",\"url\":\"https:\\\/\\\/team-bananenflanke.de\\\/trier\\\/spenden\\\/\",\"name\":\"Spenden - Team Bananenflanke\u00ae Trier e.V.\",\"isPartOf\":{\"@id\":\"https:\\\/\\\/team-bananenflanke.de\\\/trier\\\/#website\"},\"datePublished\":\"2025-04-01T14:59:05+00:00\",\"dateModified\":\"2026-03-06T10:26:30+00:00\",\"description\":\"Unterst\u00fctze das Team Bananenflanke Trier mit deiner Spende. Hilf uns dabei, Kinder und Jugendliche sportlich und sozial zu f\u00f6rdern.\",\"breadcrumb\":{\"@id\":\"https:\\\/\\\/team-bananenflanke.de\\\/trier\\\/spenden\\\/#breadcrumb\"},\"inLanguage\":\"de\",\"potentialAction\":[{\"@type\":\"ReadAction\",\"target\":[\"https:\\\/\\\/team-bananenflanke.de\\\/trier\\\/spenden\\\/\"]}]},{\"@type\":\"BreadcrumbList\",\"@id\":\"https:\\\/\\\/team-bananenflanke.de\\\/trier\\\/spenden\\\/#breadcrumb\",\"itemListElement\":[{\"@type\":\"ListItem\",\"position\":1,\"name\":\"Startseite\",\"item\":\"https:\\\/\\\/team-bananenflanke.de\\\/trier\\\/\"},{\"@type\":\"ListItem\",\"position\":2,\"name\":\"Spenden\"}]},{\"@type\":\"WebSite\",\"@id\":\"https:\\\/\\\/team-bananenflanke.de\\\/trier\\\/#website\",\"url\":\"https:\\\/\\\/team-bananenflanke.de\\\/trier\\\/\",\"name\":\"Team Bananenflanke\u00ae Trier e.V.\",\"description\":\"Fu\u00dfball kennt keine Grenzen!\",\"potentialAction\":[{\"@type\":\"SearchAction\",\"target\":{\"@type\":\"EntryPoint\",\"urlTemplate\":\"https:\\\/\\\/team-bananenflanke.de\\\/trier\\\/?s={search_term_string}\"},\"query-input\":{\"@type\":\"PropertyValueSpecification\",\"valueRequired\":true,\"valueName\":\"search_term_string\"}}],\"inLanguage\":\"de\"}]}<\/script>\n<!-- \/ Yoast SEO plugin. -->","yoast_head_json":{"title":"Spenden - Team Bananenflanke\u00ae Trier e.V.","description":"Unterst\u00fctze das Team Bananenflanke Trier mit deiner Spende. Hilf uns dabei, Kinder und Jugendliche sportlich und sozial zu f\u00f6rdern.","robots":{"index":"index","follow":"follow","max-snippet":"max-snippet:-1","max-image-preview":"max-image-preview:large","max-video-preview":"max-video-preview:-1"},"canonical":"https:\/\/team-bananenflanke.de\/trier\/spenden\/","og_locale":"de_DE","og_type":"article","og_title":"Spenden - Team Bananenflanke\u00ae Trier e.V.","og_description":"Unterst\u00fctze das Team Bananenflanke Trier mit deiner Spende. Hilf uns dabei, Kinder und Jugendliche sportlich und sozial zu f\u00f6rdern.","og_url":"https:\/\/team-bananenflanke.de\/trier\/spenden\/","og_site_name":"Team Bananenflanke\u00ae Trier e.V.","article_modified_time":"2026-03-06T10:26:30+00:00","twitter_card":"summary_large_image","twitter_misc":{"Gesch\u00e4tzte Lesezeit":"2\u00a0Minuten"},"schema":{"@context":"https:\/\/schema.org","@graph":[{"@type":"WebPage","@id":"https:\/\/team-bananenflanke.de\/trier\/spenden\/","url":"https:\/\/team-bananenflanke.de\/trier\/spenden\/","name":"Spenden - Team Bananenflanke\u00ae Trier e.V.","isPartOf":{"@id":"https:\/\/team-bananenflanke.de\/trier\/#website"},"datePublished":"2025-04-01T14:59:05+00:00","dateModified":"2026-03-06T10:26:30+00:00","description":"Unterst\u00fctze das Team Bananenflanke Trier mit deiner Spende. Hilf uns dabei, Kinder und Jugendliche sportlich und sozial zu f\u00f6rdern.","breadcrumb":{"@id":"https:\/\/team-bananenflanke.de\/trier\/spenden\/#breadcrumb"},"inLanguage":"de","potentialAction":[{"@type":"ReadAction","target":["https:\/\/team-bananenflanke.de\/trier\/spenden\/"]}]},{"@type":"BreadcrumbList","@id":"https:\/\/team-bananenflanke.de\/trier\/spenden\/#breadcrumb","itemListElement":[{"@type":"ListItem","position":1,"name":"Startseite","item":"https:\/\/team-bananenflanke.de\/trier\/"},{"@type":"ListItem","position":2,"name":"Spenden"}]},{"@type":"WebSite","@id":"https:\/\/team-bananenflanke.de\/trier\/#website","url":"https:\/\/team-bananenflanke.de\/trier\/","name":"Team Bananenflanke\u00ae Trier e.V.","description":"Fu\u00dfball kennt keine Grenzen!","potentialAction":[{"@type":"SearchAction","target":{"@type":"EntryPoint","urlTemplate":"https:\/\/team-bananenflanke.de\/trier\/?s={search_term_string}"},"query-input":{"@type":"PropertyValueSpecification","valueRequired":true,"valueName":"search_term_string"}}],"inLanguage":"de"}]}},"_links":{"self":[{"href":"https:\/\/team-bananenflanke.de\/trier\/wp-json\/wp\/v2\/pages\/33","targetHints":{"allow":["GET"]}}],"collection":[{"href":"https:\/\/team-bananenflanke.de\/trier\/wp-json\/wp\/v2\/pages"}],"about":[{"href":"https:\/\/team-bananenflanke.de\/trier\/wp-json\/wp\/v2\/types\/page"}],"author":[{"embeddable":true,"href":"https:\/\/team-bananenflanke.de\/trier\/wp-json\/wp\/v2\/users\/1"}],"replies":[{"embeddable":true,"href":"https:\/\/team-bananenflanke.de\/trier\/wp-json\/wp\/v2\/comments?post=33"}],"version-history":[{"count":4,"href":"https:\/\/team-bananenflanke.de\/trier\/wp-json\/wp\/v2\/pages\/33\/revisions"}],"predecessor-version":[{"id":956,"href":"https:\/\/team-bananenflanke.de\/trier\/wp-json\/wp\/v2\/pages\/33\/revisions\/956"}],"wp:attachment":[{"href":"https:\/\/team-bananenflanke.de\/trier\/wp-json\/wp\/v2\/media?parent=33"}],"curies":[{"name":"wp","href":"https:\/\/api.w.org\/{rel}","templated":true}]}}