{"id":23,"date":"2025-04-01T16:57:12","date_gmt":"2025-04-01T14:57:12","guid":{"rendered":"https:\/\/teambananenflanke.de\/trier\/?page_id=23"},"modified":"2026-03-06T11:24:14","modified_gmt":"2026-03-06T10:24:14","slug":"ueber-uns","status":"publish","type":"page","link":"https:\/\/team-bananenflanke.de\/trier\/ueber-uns\/","title":{"rendered":"\u00dcber uns"},"content":{"rendered":"<p>[et_pb_section fb_built=&#8220;1&#8243; fullwidth=&#8220;on&#8220; _builder_version=&#8220;4.7.6&#8243; _module_preset=&#8220;default&#8220;][et_pb_fullwidth_image src=&#8220;https:\/\/team-bananenflanke.de\/trier\/wp-content\/uploads\/2026\/03\/slider_trier.jpg&#8220; _builder_version=&#8220;4.7.6&#8243; _module_preset=&#8220;default&#8220; title_text=&#8220;slider_trier&#8220; src_last_edited=&#8220;on|phone&#8220; hover_enabled=&#8220;0&#8243; sticky_enabled=&#8220;0&#8243;][\/et_pb_fullwidth_image][\/et_pb_section][et_pb_section fb_built=&#8220;1&#8243; admin_label=&#8220;section&#8220; _builder_version=&#8220;3.22&#8243;][et_pb_row admin_label=&#8220;row&#8220; _builder_version=&#8220;3.25&#8243; background_size=&#8220;initial&#8220; background_position=&#8220;top_left&#8220; background_repeat=&#8220;repeat&#8220;][et_pb_column type=&#8220;4_4&#8243; _builder_version=&#8220;3.25&#8243; custom_padding=&#8220;|||&#8220; custom_padding__hover=&#8220;|||&#8220;][et_pb_text admin_label=&#8220;Text&#8220; _builder_version=&#8220;4.7.6&#8243; background_size=&#8220;initial&#8220; background_position=&#8220;top_left&#8220; background_repeat=&#8220;repeat&#8220;]<\/p>\n<h1>\u00dcber uns \u2013 Team Bananenflanke Trier<\/h1>\n<p data-start=\"146\" data-end=\"535\" class=\"\">Das <strong data-start=\"150\" data-end=\"178\">Team Bananenflanke Trier<\/strong> ist weit mehr als nur ein Fu\u00dfballverein \u2013 wir sind eine starke Gemeinschaft, die Kindern und Jugendlichen mit geistiger Beeintr\u00e4chtigung eine sportliche Heimat bietet. Mit viel Herzblut, Engagement und Leidenschaft sorgen wir daf\u00fcr, dass alle Spielerinnen und Spieler sich wohlf\u00fchlen, gef\u00f6rdert werden und gemeinsam unvergessliche Fu\u00dfballmomente erleben.<\/p>\n<p data-start=\"537\" data-end=\"759\" class=\"\">Unser Ziel ist es, den Spa\u00df am Fu\u00dfball mit sozialer Verantwortung zu verbinden. Dabei stehen Teamgeist, Freundschaft und pers\u00f6nliche Entwicklung im Mittelpunkt \u2013 denn bei uns z\u00e4hlt nicht die Leistung, sondern der Mensch!<\/p>\n<h3 data-start=\"761\" data-end=\"785\" class=\"\"><strong data-start=\"765\" data-end=\"783\">Unser Vorstand<\/strong><\/h3>\n<p data-start=\"786\" data-end=\"860\" class=\"\">Die Leitung unseres Vereins liegt in den H\u00e4nden eines engagierten Teams:<\/p>\n<ul data-start=\"862\" data-end=\"1000\">\n<li data-start=\"862\" data-end=\"899\" class=\"\">\n<p data-start=\"864\" data-end=\"899\" class=\"\"><strong data-start=\"864\" data-end=\"884\">1. Vorsitzender:<\/strong> Hans Dorobek<\/p>\n<\/li>\n<li data-start=\"900\" data-end=\"944\" class=\"\">\n<p data-start=\"902\" data-end=\"944\" class=\"\"><strong data-start=\"902\" data-end=\"921\">2. Vorsitzende:<\/strong> Michaela Prosotowitz<\/p>\n<\/li>\n<li data-start=\"945\" data-end=\"1000\" class=\"\">\n<p data-start=\"947\" data-end=\"1000\" class=\"\"><strong data-start=\"947\" data-end=\"981\">3. Vorsitzende &amp; Kassenw\u00e4rtin:<\/strong> Maria Kesselheim<\/p>\n<\/li>\n<\/ul>\n<p data-start=\"1002\" data-end=\"1144\" class=\"\">Gemeinsam setzen sie sich mit viel Herz und Energie f\u00fcr die Weiterentwicklung des Vereins und das Wohl unserer Spielerinnen und Spieler ein.<\/p>\n<h3 data-start=\"1146\" data-end=\"1175\" class=\"\"><strong data-start=\"1150\" data-end=\"1173\">Unsere Trainerteams<\/strong><\/h3>\n<p data-start=\"1176\" data-end=\"1313\" class=\"\">Unsere Trainer stehen mit vollem Einsatz auf dem Platz und f\u00f6rdern die Spieler individuell, mit Geduld, Motivation und Freude am Sport.<\/p>\n<h4 data-start=\"1315\" data-end=\"1356\" class=\"\"><strong data-start=\"1320\" data-end=\"1354\">Trainer der 1. &amp; 2. Mannschaft<\/strong><\/h4>\n<ul data-start=\"1357\" data-end=\"1434\">\n<li data-start=\"1357\" data-end=\"1373\" class=\"\">\n<p data-start=\"1359\" data-end=\"1373\" class=\"\">Ralf Hohmann<\/p>\n<\/li>\n<li data-start=\"1374\" data-end=\"1395\" class=\"\">\n<p data-start=\"1376\" data-end=\"1395\" class=\"\">Markus Hermesdorf<\/p>\n<\/li>\n<li data-start=\"1396\" data-end=\"1415\" class=\"\">\n<p data-start=\"1398\" data-end=\"1415\" class=\"\">Sonja Schneider<\/p>\n<\/li>\n<li data-start=\"1416\" data-end=\"1434\" class=\"\">\n<p data-start=\"1418\" data-end=\"1434\" class=\"\">Ralf Lenninger<\/p>\n<\/li>\n<\/ul>\n<h4 data-start=\"1436\" data-end=\"1464\" class=\"\"><strong data-start=\"1441\" data-end=\"1462\">Trainer der Minis<\/strong><\/h4>\n<ul data-start=\"1465\" data-end=\"1536\">\n<li data-start=\"1465\" data-end=\"1481\" class=\"\">\n<p data-start=\"1467\" data-end=\"1481\" class=\"\">David Berens<\/p>\n<\/li>\n<li data-start=\"1482\" data-end=\"1498\" class=\"\">\n<p data-start=\"1484\" data-end=\"1498\" class=\"\">Marc Suhrcke<\/p>\n<\/li>\n<li data-start=\"1499\" data-end=\"1518\" class=\"\">\n<p data-start=\"1501\" data-end=\"1518\" class=\"\">Stefan Stoeckel<\/p>\n<\/li>\n<li data-start=\"1519\" data-end=\"1536\" class=\"\">\n<p data-start=\"1521\" data-end=\"1536\" class=\"\">Stefan Schoch<\/p>\n<\/li>\n<\/ul>\n<p data-start=\"1538\" data-end=\"1672\" class=\"\">Jeder von ihnen bringt seine Erfahrung, Leidenschaft und sein Engagement ein, um unseren Teams die bestm\u00f6gliche Betreuung zu bieten.<\/p>\n<p data-start=\"1674\" data-end=\"1757\" class=\"\"><strong data-start=\"1674\" data-end=\"1755\">Wir sind stolz auf unser Team und freuen uns, dass du uns kennengelernt hast!<\/strong><\/p>\n<p data-start=\"1759\" data-end=\"1877\" class=\"\">M\u00f6chtest du mehr \u00fcber uns erfahren oder Teil unserer Gemeinschaft werden? Dann melde dich \u2013 wir freuen uns auf dich!<\/p>\n<p>[\/et_pb_text][\/et_pb_column][\/et_pb_row][\/et_pb_section]<\/p>\n","protected":false},"excerpt":{"rendered":"<p>[et_pb_section fb_built=&#8220;1&#8243; fullwidth=&#8220;on&#8220; _builder_version=&#8220;4.7.6&#8243; _module_preset=&#8220;default&#8220;][et_pb_fullwidth_image src=&#8220;https:\/\/team-bananenflanke.de\/trier\/wp-content\/uploads\/2026\/03\/slider_trier.jpg&#8220; _builder_version=&#8220;4.7.6&#8243; _module_preset=&#8220;default&#8220; title_text=&#8220;slider_trier&#8220; src_last_edited=&#8220;on|phone&#8220; hover_enabled=&#8220;0&#8243; sticky_enabled=&#8220;0&#8243;][\/et_pb_fullwidth_image][\/et_pb_section][et_pb_section fb_built=&#8220;1&#8243; admin_label=&#8220;section&#8220; _builder_version=&#8220;3.22&#8243;][et_pb_row admin_label=&#8220;row&#8220; _builder_version=&#8220;3.25&#8243; background_size=&#8220;initial&#8220; background_position=&#8220;top_left&#8220; background_repeat=&#8220;repeat&#8220;][et_pb_column type=&#8220;4_4&#8243; _builder_version=&#8220;3.25&#8243; custom_padding=&#8220;|||&#8220; custom_padding__hover=&#8220;|||&#8220;][et_pb_text admin_label=&#8220;Text&#8220; _builder_version=&#8220;4.7.6&#8243; background_size=&#8220;initial&#8220; background_position=&#8220;top_left&#8220; background_repeat=&#8220;repeat&#8220;] \u00dcber uns \u2013 Team Bananenflanke Trier Das Team Bananenflanke Trier ist weit mehr als nur ein Fu\u00dfballverein \u2013 wir sind eine starke Gemeinschaft, die Kindern und [&hellip;]<\/p>\n","protected":false},"author":1,"featured_media":0,"parent":0,"menu_order":0,"comment_status":"closed","ping_status":"closed","template":"","meta":{"_et_pb_use_builder":"on","_et_pb_old_content":"<!-- wp:paragraph -->\n<p>Dies ist eine Beispiel-Seite. Sie unterscheidet sich von Beitr\u00e4gen, da sie stets an derselben Stelle bleibt und (bei den meisten Themes) in der Website-Navigation angezeigt wird. Die meisten starten mit einem Impressum, der Datenschutzerkl\u00e4rung oder einer \u201e\u00dcber\u00a0uns\u201c-Seite, um sich potenziellen Besuchern der Website vorzustellen. Dort k\u00f6nnte zum Beispiel stehen:<\/p>\n<!-- \/wp:paragraph -->\n\n<!-- wp:quote -->\n<blockquote class=\"wp-block-quote\"><p>Hallo! Tags\u00fcber arbeite ich als Fahrradkurier, nachts bin ich ein aufstrebender Schauspieler und dies hier ist meine Website. Ich lebe in Berlin, habe einen gro\u00dfen Hund namens Jack, mag Pi&#241;a Coladas, jedoch weniger (ohne Schirm) im Regen stehen gelassen zu werden.<\/p><\/blockquote>\n<!-- \/wp:quote -->\n\n<!-- wp:paragraph -->\n<p>...\u00a0oder so etwas wie:<\/p>\n<!-- \/wp:paragraph -->\n\n<!-- wp:quote -->\n<blockquote class=\"wp-block-quote\"><p>Das Unternehmen XYZ wurde 1971 gegr\u00fcndet und versorgt die \u00d6ffentlichkeit seither mit qualitativ hochwertigen Produkten. An seinem Standort in einer kleinen Gro\u00dfstadt besch\u00e4ftigt der Betrieb \u00fcber 2.000 Menschen und unterst\u00fctzt die Stadtbewohner in vielfacher Hinsicht.<\/p><\/blockquote>\n<!-- \/wp:quote -->\n\n<!-- wp:paragraph -->\n<p>Als neuer WordPress-Benutzer solltest du <a href=\"https:\/\/teambananenflanke.de\/trier\/wp-admin\/\">dein Dashboard<\/a> aufrufen, um diese Seite zu l\u00f6schen und neue Seiten und Beitr\u00e4ge f\u00fcr deine Website erstellen. Viel Spa\u00df!<\/p>\n<!-- \/wp:paragraph -->","_et_gb_content_width":"","footnotes":""},"class_list":["post-23","page","type-page","status-publish","hentry"],"yoast_head":"<!-- This site is optimized with the Yoast SEO plugin v27.6 - https:\/\/yoast.com\/product\/yoast-seo-wordpress\/ -->\n<title>\u00dcber uns - Team Bananenflanke\u00ae Trier e.V.<\/title>\n<meta name=\"description\" content=\"Lerne das Team Bananenflanke Trier kennen. Erfahre alles \u00fcber unsere Mission, unsere Geschichte und unser Engagement f\u00fcr Inklusion im Sport.\" \/>\n<meta name=\"robots\" content=\"index, follow, max-snippet:-1, max-image-preview:large, max-video-preview:-1\" \/>\n<link rel=\"canonical\" href=\"https:\/\/team-bananenflanke.de\/trier\/ueber-uns\/\" \/>\n<meta property=\"og:locale\" content=\"de_DE\" \/>\n<meta property=\"og:type\" content=\"article\" \/>\n<meta property=\"og:title\" content=\"\u00dcber uns - Team Bananenflanke\u00ae Trier e.V.\" \/>\n<meta property=\"og:description\" content=\"Lerne das Team Bananenflanke Trier kennen. Erfahre alles \u00fcber unsere Mission, unsere Geschichte und unser Engagement f\u00fcr Inklusion im Sport.\" \/>\n<meta property=\"og:url\" content=\"https:\/\/team-bananenflanke.de\/trier\/ueber-uns\/\" \/>\n<meta property=\"og:site_name\" content=\"Team Bananenflanke\u00ae Trier e.V.\" \/>\n<meta property=\"article:modified_time\" content=\"2026-03-06T10:24:14+00:00\" \/>\n<meta name=\"twitter:card\" content=\"summary_large_image\" \/>\n<meta name=\"twitter:label1\" content=\"Gesch\u00e4tzte Lesezeit\" \/>\n\t<meta name=\"twitter:data1\" content=\"2\u00a0Minuten\" \/>\n<script type=\"application\/ld+json\" class=\"yoast-schema-graph\">{\"@context\":\"https:\\\/\\\/schema.org\",\"@graph\":[{\"@type\":\"WebPage\",\"@id\":\"https:\\\/\\\/team-bananenflanke.de\\\/trier\\\/ueber-uns\\\/\",\"url\":\"https:\\\/\\\/team-bananenflanke.de\\\/trier\\\/ueber-uns\\\/\",\"name\":\"\u00dcber uns - Team Bananenflanke\u00ae Trier e.V.\",\"isPartOf\":{\"@id\":\"https:\\\/\\\/team-bananenflanke.de\\\/trier\\\/#website\"},\"datePublished\":\"2025-04-01T14:57:12+00:00\",\"dateModified\":\"2026-03-06T10:24:14+00:00\",\"description\":\"Lerne das Team Bananenflanke Trier kennen. Erfahre alles \u00fcber unsere Mission, unsere Geschichte und unser Engagement f\u00fcr Inklusion im Sport.\",\"breadcrumb\":{\"@id\":\"https:\\\/\\\/team-bananenflanke.de\\\/trier\\\/ueber-uns\\\/#breadcrumb\"},\"inLanguage\":\"de\",\"potentialAction\":[{\"@type\":\"ReadAction\",\"target\":[\"https:\\\/\\\/team-bananenflanke.de\\\/trier\\\/ueber-uns\\\/\"]}]},{\"@type\":\"BreadcrumbList\",\"@id\":\"https:\\\/\\\/team-bananenflanke.de\\\/trier\\\/ueber-uns\\\/#breadcrumb\",\"itemListElement\":[{\"@type\":\"ListItem\",\"position\":1,\"name\":\"Startseite\",\"item\":\"https:\\\/\\\/team-bananenflanke.de\\\/trier\\\/\"},{\"@type\":\"ListItem\",\"position\":2,\"name\":\"\u00dcber uns\"}]},{\"@type\":\"WebSite\",\"@id\":\"https:\\\/\\\/team-bananenflanke.de\\\/trier\\\/#website\",\"url\":\"https:\\\/\\\/team-bananenflanke.de\\\/trier\\\/\",\"name\":\"Team Bananenflanke\u00ae Trier e.V.\",\"description\":\"Fu\u00dfball kennt keine Grenzen!\",\"potentialAction\":[{\"@type\":\"SearchAction\",\"target\":{\"@type\":\"EntryPoint\",\"urlTemplate\":\"https:\\\/\\\/team-bananenflanke.de\\\/trier\\\/?s={search_term_string}\"},\"query-input\":{\"@type\":\"PropertyValueSpecification\",\"valueRequired\":true,\"valueName\":\"search_term_string\"}}],\"inLanguage\":\"de\"}]}<\/script>\n<!-- \/ Yoast SEO plugin. -->","yoast_head_json":{"title":"\u00dcber uns - Team Bananenflanke\u00ae Trier e.V.","description":"Lerne das Team Bananenflanke Trier kennen. Erfahre alles \u00fcber unsere Mission, unsere Geschichte und unser Engagement f\u00fcr Inklusion im Sport.","robots":{"index":"index","follow":"follow","max-snippet":"max-snippet:-1","max-image-preview":"max-image-preview:large","max-video-preview":"max-video-preview:-1"},"canonical":"https:\/\/team-bananenflanke.de\/trier\/ueber-uns\/","og_locale":"de_DE","og_type":"article","og_title":"\u00dcber uns - Team Bananenflanke\u00ae Trier e.V.","og_description":"Lerne das Team Bananenflanke Trier kennen. Erfahre alles \u00fcber unsere Mission, unsere Geschichte und unser Engagement f\u00fcr Inklusion im Sport.","og_url":"https:\/\/team-bananenflanke.de\/trier\/ueber-uns\/","og_site_name":"Team Bananenflanke\u00ae Trier e.V.","article_modified_time":"2026-03-06T10:24:14+00:00","twitter_card":"summary_large_image","twitter_misc":{"Gesch\u00e4tzte Lesezeit":"2\u00a0Minuten"},"schema":{"@context":"https:\/\/schema.org","@graph":[{"@type":"WebPage","@id":"https:\/\/team-bananenflanke.de\/trier\/ueber-uns\/","url":"https:\/\/team-bananenflanke.de\/trier\/ueber-uns\/","name":"\u00dcber uns - Team Bananenflanke\u00ae Trier e.V.","isPartOf":{"@id":"https:\/\/team-bananenflanke.de\/trier\/#website"},"datePublished":"2025-04-01T14:57:12+00:00","dateModified":"2026-03-06T10:24:14+00:00","description":"Lerne das Team Bananenflanke Trier kennen. Erfahre alles \u00fcber unsere Mission, unsere Geschichte und unser Engagement f\u00fcr Inklusion im Sport.","breadcrumb":{"@id":"https:\/\/team-bananenflanke.de\/trier\/ueber-uns\/#breadcrumb"},"inLanguage":"de","potentialAction":[{"@type":"ReadAction","target":["https:\/\/team-bananenflanke.de\/trier\/ueber-uns\/"]}]},{"@type":"BreadcrumbList","@id":"https:\/\/team-bananenflanke.de\/trier\/ueber-uns\/#breadcrumb","itemListElement":[{"@type":"ListItem","position":1,"name":"Startseite","item":"https:\/\/team-bananenflanke.de\/trier\/"},{"@type":"ListItem","position":2,"name":"\u00dcber uns"}]},{"@type":"WebSite","@id":"https:\/\/team-bananenflanke.de\/trier\/#website","url":"https:\/\/team-bananenflanke.de\/trier\/","name":"Team Bananenflanke\u00ae Trier e.V.","description":"Fu\u00dfball kennt keine Grenzen!","potentialAction":[{"@type":"SearchAction","target":{"@type":"EntryPoint","urlTemplate":"https:\/\/team-bananenflanke.de\/trier\/?s={search_term_string}"},"query-input":{"@type":"PropertyValueSpecification","valueRequired":true,"valueName":"search_term_string"}}],"inLanguage":"de"}]}},"_links":{"self":[{"href":"https:\/\/team-bananenflanke.de\/trier\/wp-json\/wp\/v2\/pages\/23","targetHints":{"allow":["GET"]}}],"collection":[{"href":"https:\/\/team-bananenflanke.de\/trier\/wp-json\/wp\/v2\/pages"}],"about":[{"href":"https:\/\/team-bananenflanke.de\/trier\/wp-json\/wp\/v2\/types\/page"}],"author":[{"embeddable":true,"href":"https:\/\/team-bananenflanke.de\/trier\/wp-json\/wp\/v2\/users\/1"}],"replies":[{"embeddable":true,"href":"https:\/\/team-bananenflanke.de\/trier\/wp-json\/wp\/v2\/comments?post=23"}],"version-history":[{"count":3,"href":"https:\/\/team-bananenflanke.de\/trier\/wp-json\/wp\/v2\/pages\/23\/revisions"}],"predecessor-version":[{"id":952,"href":"https:\/\/team-bananenflanke.de\/trier\/wp-json\/wp\/v2\/pages\/23\/revisions\/952"}],"wp:attachment":[{"href":"https:\/\/team-bananenflanke.de\/trier\/wp-json\/wp\/v2\/media?parent=23"}],"curies":[{"name":"wp","href":"https:\/\/api.w.org\/{rel}","templated":true}]}}