{"id":38,"date":"2025-04-01T12:22:50","date_gmt":"2025-04-01T10:22:50","guid":{"rendered":"https:\/\/teambananenflanke.de\/suedpfalz\/?page_id=38"},"modified":"2025-12-11T10:49:17","modified_gmt":"2025-12-11T09:49:17","slug":"spenden","status":"publish","type":"page","link":"https:\/\/team-bananenflanke.de\/suedpfalz\/spenden\/","title":{"rendered":"Spenden"},"content":{"rendered":"[et_pb_section fb_built=&#8220;1&#8243; fullwidth=&#8220;on&#8220; _builder_version=&#8220;4.7.6&#8243; _module_preset=&#8220;default&#8220; module_alignment=&#8220;center&#8220; height=&#8220;700px&#8220; max_height=&#8220;700px&#8220;][et_pb_fullwidth_image src=&#8220;https:\/\/teambananenflanke.de\/suedpfalz\/wp-content\/uploads\/2025\/04\/suedpfalz-header.jpg&#8220; title_text=&#8220;suedpfalz-header&#8220; _builder_version=&#8220;4.7.6&#8243; _module_preset=&#8220;default&#8220;][\/et_pb_fullwidth_image][\/et_pb_section][et_pb_section fb_built=&#8220;1&#8243; admin_label=&#8220;section&#8220; _builder_version=&#8220;3.22&#8243;][et_pb_row admin_label=&#8220;row&#8220; _builder_version=&#8220;3.25&#8243; background_size=&#8220;initial&#8220; background_position=&#8220;top_left&#8220; background_repeat=&#8220;repeat&#8220;][et_pb_column type=&#8220;4_4&#8243; _builder_version=&#8220;3.25&#8243; custom_padding=&#8220;|||&#8220; custom_padding__hover=&#8220;|||&#8220;][et_pb_text admin_label=&#8220;Text&#8220; _builder_version=&#8220;4.7.6&#8243; background_size=&#8220;initial&#8220; background_position=&#8220;top_left&#8220; background_repeat=&#8220;repeat&#8220; hover_enabled=&#8220;0&#8243; sticky_enabled=&#8220;0&#8243;]<p><\/p>\n<h1>Unterst\u00fctze das Team Bananenflanke S\u00fcdpfalz \u2013 Deine Spende macht den Unterschied!<\/h1>\n<p data-start=\"89\" data-end=\"418\" class=\"\">Das <strong data-start=\"93\" data-end=\"124\">Team Bananenflanke S\u00fcdpfalz<\/strong> bietet Kindern und Jugendlichen mit geistiger Beeintr\u00e4chtigung eine einzigartige M\u00f6glichkeit, Fu\u00dfball zu erleben \u2013 ohne Druck, aber mit umso mehr Freude und Teamgeist. Damit wir unser Angebot aufrechterhalten und weiter ausbauen k\u00f6nnen, sind wir auf <strong data-start=\"375\" data-end=\"404\">Spenden und Unterst\u00fctzung<\/strong> angewiesen.<\/p>\n<h3 data-start=\"420\" data-end=\"462\" class=\"\"><strong data-start=\"424\" data-end=\"460\">Wof\u00fcr wird deine Spende genutzt?<\/strong><\/h3>\n<p data-start=\"463\" data-end=\"694\" class=\"\">\u2705 Anschaffung von Trikots, B\u00e4llen und Trainingsmaterial<br data-start=\"518\" data-end=\"521\" \/> \u2705 Organisation von Trainingseinheiten und Turnieren<br data-start=\"572\" data-end=\"575\" \/> \u2705 Durchf\u00fchrung von besonderen Events und Ausfl\u00fcgen<br data-start=\"625\" data-end=\"628\" \/> \u2705 Sicherstellung einer professionellen und liebevollen Betreuung<\/p>\n<p data-start=\"696\" data-end=\"820\" class=\"\">Jede Spende \u2013 egal in welcher H\u00f6he \u2013 hilft uns, den Kindern unvergessliche Momente auf und neben dem Platz zu erm\u00f6glichen.<\/p>\n<h3 data-start=\"822\" data-end=\"852\" class=\"\"><strong data-start=\"826\" data-end=\"850\">So kannst du helfen:<\/strong><\/h3>\n<p data-start=\"853\" data-end=\"1025\" class=\"\">\ud83d\udc9b <strong data-start=\"856\" data-end=\"876\">Einmalige Spende<\/strong> \u2013 Jeder Betrag z\u00e4hlt!<br data-start=\"898\" data-end=\"901\" \/> \ud83d\udc99 <strong data-start=\"904\" data-end=\"932\">Dauerhafte Unterst\u00fctzung<\/strong> \u2013 Werde F\u00f6rdermitglied.<br data-start=\"956\" data-end=\"959\" \/> \u26bd <strong data-start=\"961\" data-end=\"989\">Sachspenden &amp; Sponsoring<\/strong> \u2013 Auch Unternehmen k\u00f6nnen helfen!<\/p>\n<p data-start=\"1180\" data-end=\"1241\" class=\"\">F\u00fcr eine <strong data-start=\"1189\" data-end=\"1213\">Spendenbescheinigung<\/strong> melde dich gerne bei uns!<\/p>\n<p data-start=\"1243\" data-end=\"1320\" class=\"\"><strong data-start=\"1243\" data-end=\"1316\">Gemeinsam k\u00f6nnen wir Gro\u00dfes bewirken \u2013 DANKE f\u00fcr deine Unterst\u00fctzung!<\/strong> \ud83d\udc9b\u26bd<\/p>\n<p><\/p>\n[\/et_pb_text][\/et_pb_column][\/et_pb_row][\/et_pb_section]","protected":false},"excerpt":{"rendered":"<p>[et_pb_section fb_built=&#8220;1&#8243; fullwidth=&#8220;on&#8220; _builder_version=&#8220;4.7.6&#8243; _module_preset=&#8220;default&#8220; module_alignment=&#8220;center&#8220; height=&#8220;700px&#8220; max_height=&#8220;700px&#8220;][et_pb_fullwidth_image src=&#8220;https:\/\/teambananenflanke.de\/suedpfalz\/wp-content\/uploads\/2025\/04\/suedpfalz-header.jpg&#8220; title_text=&#8220;suedpfalz-header&#8220; _builder_version=&#8220;4.7.6&#8243; _module_preset=&#8220;default&#8220;][\/et_pb_fullwidth_image][\/et_pb_section][et_pb_section fb_built=&#8220;1&#8243; admin_label=&#8220;section&#8220; _builder_version=&#8220;3.22&#8243;][et_pb_row admin_label=&#8220;row&#8220; _builder_version=&#8220;3.25&#8243; background_size=&#8220;initial&#8220; background_position=&#8220;top_left&#8220; background_repeat=&#8220;repeat&#8220;][et_pb_column type=&#8220;4_4&#8243; _builder_version=&#8220;3.25&#8243; custom_padding=&#8220;|||&#8220; custom_padding__hover=&#8220;|||&#8220;][et_pb_text admin_label=&#8220;Text&#8220; _builder_version=&#8220;4.7.6&#8243; background_size=&#8220;initial&#8220; background_position=&#8220;top_left&#8220; background_repeat=&#8220;repeat&#8220; hover_enabled=&#8220;0&#8243; sticky_enabled=&#8220;0&#8243;] Unterst\u00fctze das Team Bananenflanke S\u00fcdpfalz \u2013 Deine Spende macht den Unterschied! Das Team Bananenflanke S\u00fcdpfalz bietet Kindern und Jugendlichen mit geistiger Beeintr\u00e4chtigung eine einzigartige [&hellip;]<\/p>\n","protected":false},"author":1,"featured_media":0,"parent":0,"menu_order":0,"comment_status":"closed","ping_status":"closed","template":"","meta":{"_et_pb_use_builder":"on","_et_pb_old_content":"<!-- wp:paragraph -->\n<p>Dies ist eine Beispiel-Seite. Sie unterscheidet sich von Beitr\u00e4gen, da sie stets an derselben Stelle bleibt und (bei den meisten Themes) in der Website-Navigation angezeigt wird. Die meisten starten mit einem Impressum, der Datenschutzerkl\u00e4rung oder einer \u201e\u00dcber\u00a0uns\u201c-Seite, um sich potenziellen Besuchern der Website vorzustellen. Dort k\u00f6nnte zum Beispiel stehen:<\/p>\n<!-- \/wp:paragraph -->\n\n<!-- wp:quote -->\n<blockquote class=\"wp-block-quote\"><p>Hallo! Tags\u00fcber arbeite ich als Fahrradkurier, nachts bin ich ein aufstrebender Schauspieler und dies hier ist meine Website. Ich lebe in Berlin, habe einen gro\u00dfen Hund namens Jack, mag Pi&#241;a Coladas, jedoch weniger (ohne Schirm) im Regen stehen gelassen zu werden.<\/p><\/blockquote>\n<!-- \/wp:quote -->\n\n<!-- wp:paragraph -->\n<p>...\u00a0oder so etwas wie:<\/p>\n<!-- \/wp:paragraph -->\n\n<!-- wp:quote -->\n<blockquote class=\"wp-block-quote\"><p>Das Unternehmen XYZ wurde 1971 gegr\u00fcndet und versorgt die \u00d6ffentlichkeit seither mit qualitativ hochwertigen Produkten. An seinem Standort in einer kleinen Gro\u00dfstadt besch\u00e4ftigt der Betrieb \u00fcber 2.000 Menschen und unterst\u00fctzt die Stadtbewohner in vielfacher Hinsicht.<\/p><\/blockquote>\n<!-- \/wp:quote -->\n\n<!-- wp:paragraph -->\n<p>Als neuer WordPress-Benutzer solltest du <a href=\"https:\/\/teambananenflanke.de\/suedpfalz\/wp-admin\/\">dein Dashboard<\/a> aufrufen, um diese Seite zu l\u00f6schen und neue Seiten und Beitr\u00e4ge f\u00fcr deine Website erstellen. Viel Spa\u00df!<\/p>\n<!-- \/wp:paragraph -->","_et_gb_content_width":"","footnotes":""},"class_list":["post-38","page","type-page","status-publish","hentry"],"yoast_head":"<!-- This site is optimized with the Yoast SEO plugin v27.3 - https:\/\/yoast.com\/product\/yoast-seo-wordpress\/ -->\n<title>Spenden - Team Bananenflanke\u00ae S\u00fcdpfalz e.V.<\/title>\n<meta name=\"description\" content=\"Unterst\u00fctze das soziale Fu\u00dfballprojekt des Team Bananenflanke S\u00fcdpfalz mit deiner Spende und erm\u00f6gliche besondere Sportmomente.\" \/>\n<meta name=\"robots\" content=\"index, follow, max-snippet:-1, max-image-preview:large, max-video-preview:-1\" \/>\n<link rel=\"canonical\" href=\"https:\/\/team-bananenflanke.de\/suedpfalz\/spenden\/\" \/>\n<meta property=\"og:locale\" content=\"de_DE\" \/>\n<meta property=\"og:type\" content=\"article\" \/>\n<meta property=\"og:title\" content=\"Spenden - Team Bananenflanke\u00ae S\u00fcdpfalz e.V.\" \/>\n<meta property=\"og:description\" content=\"Unterst\u00fctze das soziale Fu\u00dfballprojekt des Team Bananenflanke S\u00fcdpfalz mit deiner Spende und erm\u00f6gliche besondere Sportmomente.\" \/>\n<meta property=\"og:url\" content=\"https:\/\/team-bananenflanke.de\/suedpfalz\/spenden\/\" \/>\n<meta property=\"og:site_name\" content=\"Team Bananenflanke\u00ae S\u00fcdpfalz e.V.\" \/>\n<meta property=\"article:modified_time\" content=\"2025-12-11T09:49:17+00:00\" \/>\n<meta name=\"twitter:card\" content=\"summary_large_image\" \/>\n<meta name=\"twitter:label1\" content=\"Gesch\u00e4tzte Lesezeit\" \/>\n\t<meta name=\"twitter:data1\" content=\"1\u00a0Minute\" \/>\n<script type=\"application\/ld+json\" class=\"yoast-schema-graph\">{\"@context\":\"https:\\\/\\\/schema.org\",\"@graph\":[{\"@type\":\"WebPage\",\"@id\":\"https:\\\/\\\/team-bananenflanke.de\\\/suedpfalz\\\/spenden\\\/\",\"url\":\"https:\\\/\\\/team-bananenflanke.de\\\/suedpfalz\\\/spenden\\\/\",\"name\":\"Spenden - Team Bananenflanke\u00ae S\u00fcdpfalz e.V.\",\"isPartOf\":{\"@id\":\"https:\\\/\\\/team-bananenflanke.de\\\/suedpfalz\\\/#website\"},\"datePublished\":\"2025-04-01T10:22:50+00:00\",\"dateModified\":\"2025-12-11T09:49:17+00:00\",\"description\":\"Unterst\u00fctze das soziale Fu\u00dfballprojekt des Team Bananenflanke S\u00fcdpfalz mit deiner Spende und erm\u00f6gliche besondere Sportmomente.\",\"breadcrumb\":{\"@id\":\"https:\\\/\\\/team-bananenflanke.de\\\/suedpfalz\\\/spenden\\\/#breadcrumb\"},\"inLanguage\":\"de\",\"potentialAction\":[{\"@type\":\"ReadAction\",\"target\":[\"https:\\\/\\\/team-bananenflanke.de\\\/suedpfalz\\\/spenden\\\/\"]}]},{\"@type\":\"BreadcrumbList\",\"@id\":\"https:\\\/\\\/team-bananenflanke.de\\\/suedpfalz\\\/spenden\\\/#breadcrumb\",\"itemListElement\":[{\"@type\":\"ListItem\",\"position\":1,\"name\":\"Startseite\",\"item\":\"https:\\\/\\\/team-bananenflanke.de\\\/suedpfalz\\\/\"},{\"@type\":\"ListItem\",\"position\":2,\"name\":\"Spenden\"}]},{\"@type\":\"WebSite\",\"@id\":\"https:\\\/\\\/team-bananenflanke.de\\\/suedpfalz\\\/#website\",\"url\":\"https:\\\/\\\/team-bananenflanke.de\\\/suedpfalz\\\/\",\"name\":\"Team Bananenflanke\u00ae S\u00fcdpfalz e.V.\",\"description\":\"Fu\u00dfball kennt keine Grenzen!\",\"potentialAction\":[{\"@type\":\"SearchAction\",\"target\":{\"@type\":\"EntryPoint\",\"urlTemplate\":\"https:\\\/\\\/team-bananenflanke.de\\\/suedpfalz\\\/?s={search_term_string}\"},\"query-input\":{\"@type\":\"PropertyValueSpecification\",\"valueRequired\":true,\"valueName\":\"search_term_string\"}}],\"inLanguage\":\"de\"}]}<\/script>\n<!-- \/ Yoast SEO plugin. -->","yoast_head_json":{"title":"Spenden - Team Bananenflanke\u00ae S\u00fcdpfalz e.V.","description":"Unterst\u00fctze das soziale Fu\u00dfballprojekt des Team Bananenflanke S\u00fcdpfalz mit deiner Spende und erm\u00f6gliche besondere Sportmomente.","robots":{"index":"index","follow":"follow","max-snippet":"max-snippet:-1","max-image-preview":"max-image-preview:large","max-video-preview":"max-video-preview:-1"},"canonical":"https:\/\/team-bananenflanke.de\/suedpfalz\/spenden\/","og_locale":"de_DE","og_type":"article","og_title":"Spenden - Team Bananenflanke\u00ae S\u00fcdpfalz e.V.","og_description":"Unterst\u00fctze das soziale Fu\u00dfballprojekt des Team Bananenflanke S\u00fcdpfalz mit deiner Spende und erm\u00f6gliche besondere Sportmomente.","og_url":"https:\/\/team-bananenflanke.de\/suedpfalz\/spenden\/","og_site_name":"Team Bananenflanke\u00ae S\u00fcdpfalz e.V.","article_modified_time":"2025-12-11T09:49:17+00:00","twitter_card":"summary_large_image","twitter_misc":{"Gesch\u00e4tzte Lesezeit":"1\u00a0Minute"},"schema":{"@context":"https:\/\/schema.org","@graph":[{"@type":"WebPage","@id":"https:\/\/team-bananenflanke.de\/suedpfalz\/spenden\/","url":"https:\/\/team-bananenflanke.de\/suedpfalz\/spenden\/","name":"Spenden - Team Bananenflanke\u00ae S\u00fcdpfalz e.V.","isPartOf":{"@id":"https:\/\/team-bananenflanke.de\/suedpfalz\/#website"},"datePublished":"2025-04-01T10:22:50+00:00","dateModified":"2025-12-11T09:49:17+00:00","description":"Unterst\u00fctze das soziale Fu\u00dfballprojekt des Team Bananenflanke S\u00fcdpfalz mit deiner Spende und erm\u00f6gliche besondere Sportmomente.","breadcrumb":{"@id":"https:\/\/team-bananenflanke.de\/suedpfalz\/spenden\/#breadcrumb"},"inLanguage":"de","potentialAction":[{"@type":"ReadAction","target":["https:\/\/team-bananenflanke.de\/suedpfalz\/spenden\/"]}]},{"@type":"BreadcrumbList","@id":"https:\/\/team-bananenflanke.de\/suedpfalz\/spenden\/#breadcrumb","itemListElement":[{"@type":"ListItem","position":1,"name":"Startseite","item":"https:\/\/team-bananenflanke.de\/suedpfalz\/"},{"@type":"ListItem","position":2,"name":"Spenden"}]},{"@type":"WebSite","@id":"https:\/\/team-bananenflanke.de\/suedpfalz\/#website","url":"https:\/\/team-bananenflanke.de\/suedpfalz\/","name":"Team Bananenflanke\u00ae S\u00fcdpfalz e.V.","description":"Fu\u00dfball kennt keine Grenzen!","potentialAction":[{"@type":"SearchAction","target":{"@type":"EntryPoint","urlTemplate":"https:\/\/team-bananenflanke.de\/suedpfalz\/?s={search_term_string}"},"query-input":{"@type":"PropertyValueSpecification","valueRequired":true,"valueName":"search_term_string"}}],"inLanguage":"de"}]}},"_links":{"self":[{"href":"https:\/\/team-bananenflanke.de\/suedpfalz\/wp-json\/wp\/v2\/pages\/38","targetHints":{"allow":["GET"]}}],"collection":[{"href":"https:\/\/team-bananenflanke.de\/suedpfalz\/wp-json\/wp\/v2\/pages"}],"about":[{"href":"https:\/\/team-bananenflanke.de\/suedpfalz\/wp-json\/wp\/v2\/types\/page"}],"author":[{"embeddable":true,"href":"https:\/\/team-bananenflanke.de\/suedpfalz\/wp-json\/wp\/v2\/users\/1"}],"replies":[{"embeddable":true,"href":"https:\/\/team-bananenflanke.de\/suedpfalz\/wp-json\/wp\/v2\/comments?post=38"}],"version-history":[{"count":3,"href":"https:\/\/team-bananenflanke.de\/suedpfalz\/wp-json\/wp\/v2\/pages\/38\/revisions"}],"predecessor-version":[{"id":74,"href":"https:\/\/team-bananenflanke.de\/suedpfalz\/wp-json\/wp\/v2\/pages\/38\/revisions\/74"}],"wp:attachment":[{"href":"https:\/\/team-bananenflanke.de\/suedpfalz\/wp-json\/wp\/v2\/media?parent=38"}],"curies":[{"name":"wp","href":"https:\/\/api.w.org\/{rel}","templated":true}]}}