{"id":2,"date":"2025-03-31T13:10:36","date_gmt":"2025-03-31T11:10:36","guid":{"rendered":"https:\/\/teambananenflanke.de\/suedpfalz\/?page_id=2"},"modified":"2025-12-11T10:51:20","modified_gmt":"2025-12-11T09:51:20","slug":"home","status":"publish","type":"page","link":"https:\/\/team-bananenflanke.de\/suedpfalz\/","title":{"rendered":"Home"},"content":{"rendered":"[et_pb_section fb_built=&#8220;1&#8243; fullwidth=&#8220;on&#8220; _builder_version=&#8220;4.7.6&#8243; _module_preset=&#8220;default&#8220; height=&#8220;700px&#8220; max_height=&#8220;700px&#8220; hover_enabled=&#8220;0&#8243; module_alignment=&#8220;center&#8220; sticky_enabled=&#8220;0&#8243;][et_pb_fullwidth_image src=&#8220;https:\/\/teambananenflanke.de\/suedpfalz\/wp-content\/uploads\/2025\/04\/suedpfalz-header.jpg&#8220; title_text=&#8220;suedpfalz-header&#8220; _builder_version=&#8220;4.7.6&#8243; _module_preset=&#8220;default&#8220;][\/et_pb_fullwidth_image][\/et_pb_section][et_pb_section fb_built=&#8220;1&#8243; admin_label=&#8220;section&#8220; _builder_version=&#8220;3.22&#8243;][et_pb_row admin_label=&#8220;row&#8220; _builder_version=&#8220;3.25&#8243; background_size=&#8220;initial&#8220; background_position=&#8220;top_left&#8220; background_repeat=&#8220;repeat&#8220;][et_pb_column type=&#8220;4_4&#8243; _builder_version=&#8220;3.25&#8243; custom_padding=&#8220;|||&#8220; custom_padding__hover=&#8220;|||&#8220;][et_pb_text admin_label=&#8220;Text&#8220; _builder_version=&#8220;3.27.4&#8243; background_size=&#8220;initial&#8220; background_position=&#8220;top_left&#8220; background_repeat=&#8220;repeat&#8220;]<p><\/p>\n<h1>Willkommen bei Team Bananenflanke S\u00fcdpfalz \u2013 Fu\u00dfball mit Herz!<\/h1>\n<p data-start=\"70\" data-end=\"361\" class=\"\">Das <strong data-start=\"74\" data-end=\"105\">Team Bananenflanke S\u00fcdpfalz<\/strong> ist ein besonderes Fu\u00dfballprojekt f\u00fcr Kinder und Jugendliche mit geistiger Beeintr\u00e4chtigung. Unser Ziel ist es, ihnen die Freude am Fu\u00dfball zu erm\u00f6glichen, ihre motorischen und sozialen F\u00e4higkeiten zu st\u00e4rken und ihnen ein echtes Teamgef\u00fchl zu schenken.<\/p>\n<p data-start=\"363\" data-end=\"698\" class=\"\">Bei uns steht nicht der Leistungsdruck im Vordergrund, sondern der Spa\u00df am Spiel, die Gemeinschaft und die pers\u00f6nliche Entwicklung jedes einzelnen Spielers. Mit regelm\u00e4\u00dfigen Trainingseinheiten, Turnieren und besonderen Events bieten wir ein Umfeld, in dem sich unsere Spieler wohlf\u00fchlen und wachsen k\u00f6nnen \u2013 sportlich wie pers\u00f6nlich.<\/p>\n<p data-start=\"700\" data-end=\"949\" class=\"\"><strong data-start=\"700\" data-end=\"739\">Gemeinsam. Stark. Leidenschaftlich.<\/strong><br data-start=\"739\" data-end=\"742\" \/> Wir sind mehr als ein Team \u2013 wir sind eine Familie! Jeder ist herzlich willkommen, egal ob als Spieler, Unterst\u00fctzer oder Sponsor. Werde Teil unseres Projekts und erlebe Fu\u00dfball von seiner sch\u00f6nsten Seite!<\/p>\n<p data-start=\"951\" data-end=\"995\" class=\"\">\u26bd <strong data-start=\"953\" data-end=\"993\">Sei dabei \u2013 wir freuen uns auf dich!<\/strong> \u26bd<\/p>\n<p><\/p>[\/et_pb_text][\/et_pb_column][\/et_pb_row][\/et_pb_section]","protected":false},"excerpt":{"rendered":"<p>[et_pb_section fb_built=&#8220;1&#8243; fullwidth=&#8220;on&#8220; _builder_version=&#8220;4.7.6&#8243; _module_preset=&#8220;default&#8220; height=&#8220;700px&#8220; max_height=&#8220;700px&#8220; hover_enabled=&#8220;0&#8243; module_alignment=&#8220;center&#8220; sticky_enabled=&#8220;0&#8243;][et_pb_fullwidth_image src=&#8220;https:\/\/teambananenflanke.de\/suedpfalz\/wp-content\/uploads\/2025\/04\/suedpfalz-header.jpg&#8220; title_text=&#8220;suedpfalz-header&#8220; _builder_version=&#8220;4.7.6&#8243; _module_preset=&#8220;default&#8220;][\/et_pb_fullwidth_image][\/et_pb_section][et_pb_section fb_built=&#8220;1&#8243; admin_label=&#8220;section&#8220; _builder_version=&#8220;3.22&#8243;][et_pb_row admin_label=&#8220;row&#8220; _builder_version=&#8220;3.25&#8243; background_size=&#8220;initial&#8220; background_position=&#8220;top_left&#8220; background_repeat=&#8220;repeat&#8220;][et_pb_column type=&#8220;4_4&#8243; _builder_version=&#8220;3.25&#8243; custom_padding=&#8220;|||&#8220; custom_padding__hover=&#8220;|||&#8220;][et_pb_text admin_label=&#8220;Text&#8220; _builder_version=&#8220;3.27.4&#8243; background_size=&#8220;initial&#8220; background_position=&#8220;top_left&#8220; background_repeat=&#8220;repeat&#8220;] Willkommen bei Team Bananenflanke S\u00fcdpfalz \u2013 Fu\u00dfball mit Herz! Das Team Bananenflanke S\u00fcdpfalz ist ein besonderes Fu\u00dfballprojekt f\u00fcr Kinder und Jugendliche mit geistiger Beeintr\u00e4chtigung. [&hellip;]<\/p>\n","protected":false},"author":1,"featured_media":0,"parent":0,"menu_order":0,"comment_status":"closed","ping_status":"closed","template":"","meta":{"_et_pb_use_builder":"on","_et_pb_old_content":"<!-- wp:paragraph -->\n<p>Dies ist eine Beispiel-Seite. Sie unterscheidet sich von Beitr\u00e4gen, da sie stets an derselben Stelle bleibt und (bei den meisten Themes) in der Website-Navigation angezeigt wird. Die meisten starten mit einem Impressum, der Datenschutzerkl\u00e4rung oder einer \u201e\u00dcber\u00a0uns\u201c-Seite, um sich potenziellen Besuchern der Website vorzustellen. Dort k\u00f6nnte zum Beispiel stehen:<\/p>\n<!-- \/wp:paragraph -->\n\n<!-- wp:quote -->\n<blockquote class=\"wp-block-quote\"><p>Hallo! Tags\u00fcber arbeite ich als Fahrradkurier, nachts bin ich ein aufstrebender Schauspieler und dies hier ist meine Website. Ich lebe in Berlin, habe einen gro\u00dfen Hund namens Jack, mag Pi&#241;a Coladas, jedoch weniger (ohne Schirm) im Regen stehen gelassen zu werden.<\/p><\/blockquote>\n<!-- \/wp:quote -->\n\n<!-- wp:paragraph -->\n<p>...\u00a0oder so etwas wie:<\/p>\n<!-- \/wp:paragraph -->\n\n<!-- wp:quote -->\n<blockquote class=\"wp-block-quote\"><p>Das Unternehmen XYZ wurde 1971 gegr\u00fcndet und versorgt die \u00d6ffentlichkeit seither mit qualitativ hochwertigen Produkten. An seinem Standort in einer kleinen Gro\u00dfstadt besch\u00e4ftigt der Betrieb \u00fcber 2.000 Menschen und unterst\u00fctzt die Stadtbewohner in vielfacher Hinsicht.<\/p><\/blockquote>\n<!-- \/wp:quote -->\n\n<!-- wp:paragraph -->\n<p>Als neuer WordPress-Benutzer solltest du <a href=\"https:\/\/teambananenflanke.de\/suedpfalz\/wp-admin\/\">dein Dashboard<\/a> aufrufen, um diese Seite zu l\u00f6schen und neue Seiten und Beitr\u00e4ge f\u00fcr deine Website erstellen. Viel Spa\u00df!<\/p>\n<!-- \/wp:paragraph -->","_et_gb_content_width":"","footnotes":""},"class_list":["post-2","page","type-page","status-publish","hentry"],"yoast_head":"<!-- This site is optimized with the Yoast SEO plugin v27.3 - https:\/\/yoast.com\/product\/yoast-seo-wordpress\/ -->\n<title>Home - Team Bananenflanke\u00ae S\u00fcdpfalz e.V.<\/title>\n<meta name=\"description\" content=\"Das Team Bananenflanke S\u00fcdpfalz \u2013 Fu\u00dfball f\u00fcr Kinder und Jugendliche mit Handicap. Erfahre mehr \u00fcber unser besonderes Sportprojekt.\" \/>\n<meta name=\"robots\" content=\"index, follow, max-snippet:-1, max-image-preview:large, max-video-preview:-1\" \/>\n<link rel=\"canonical\" href=\"https:\/\/team-bananenflanke.de\/suedpfalz\/\" \/>\n<meta property=\"og:locale\" content=\"de_DE\" \/>\n<meta property=\"og:type\" content=\"article\" \/>\n<meta property=\"og:title\" content=\"Home - Team Bananenflanke\u00ae S\u00fcdpfalz e.V.\" \/>\n<meta property=\"og:description\" content=\"Das Team Bananenflanke S\u00fcdpfalz \u2013 Fu\u00dfball f\u00fcr Kinder und Jugendliche mit Handicap. Erfahre mehr \u00fcber unser besonderes Sportprojekt.\" \/>\n<meta property=\"og:url\" content=\"https:\/\/team-bananenflanke.de\/suedpfalz\/\" \/>\n<meta property=\"og:site_name\" content=\"Team Bananenflanke\u00ae S\u00fcdpfalz e.V.\" \/>\n<meta property=\"article:modified_time\" content=\"2025-12-11T09:51:20+00:00\" \/>\n<meta name=\"twitter:card\" content=\"summary_large_image\" \/>\n<meta name=\"twitter:label1\" content=\"Gesch\u00e4tzte Lesezeit\" \/>\n\t<meta name=\"twitter:data1\" content=\"1\u00a0Minute\" \/>\n<script type=\"application\/ld+json\" class=\"yoast-schema-graph\">{\"@context\":\"https:\\\/\\\/schema.org\",\"@graph\":[{\"@type\":\"WebPage\",\"@id\":\"https:\\\/\\\/team-bananenflanke.de\\\/suedpfalz\\\/\",\"url\":\"https:\\\/\\\/team-bananenflanke.de\\\/suedpfalz\\\/\",\"name\":\"Home - Team Bananenflanke\u00ae S\u00fcdpfalz e.V.\",\"isPartOf\":{\"@id\":\"https:\\\/\\\/team-bananenflanke.de\\\/suedpfalz\\\/#website\"},\"datePublished\":\"2025-03-31T11:10:36+00:00\",\"dateModified\":\"2025-12-11T09:51:20+00:00\",\"description\":\"Das Team Bananenflanke S\u00fcdpfalz \u2013 Fu\u00dfball f\u00fcr Kinder und Jugendliche mit Handicap. Erfahre mehr \u00fcber unser besonderes Sportprojekt.\",\"breadcrumb\":{\"@id\":\"https:\\\/\\\/team-bananenflanke.de\\\/suedpfalz\\\/#breadcrumb\"},\"inLanguage\":\"de\",\"potentialAction\":[{\"@type\":\"ReadAction\",\"target\":[\"https:\\\/\\\/team-bananenflanke.de\\\/suedpfalz\\\/\"]}]},{\"@type\":\"BreadcrumbList\",\"@id\":\"https:\\\/\\\/team-bananenflanke.de\\\/suedpfalz\\\/#breadcrumb\",\"itemListElement\":[{\"@type\":\"ListItem\",\"position\":1,\"name\":\"Startseite\",\"item\":\"https:\\\/\\\/team-bananenflanke.de\\\/suedpfalz\\\/\"},{\"@type\":\"ListItem\",\"position\":2,\"name\":\"Home\"}]},{\"@type\":\"WebSite\",\"@id\":\"https:\\\/\\\/team-bananenflanke.de\\\/suedpfalz\\\/#website\",\"url\":\"https:\\\/\\\/team-bananenflanke.de\\\/suedpfalz\\\/\",\"name\":\"Team Bananenflanke\u00ae S\u00fcdpfalz e.V.\",\"description\":\"Fu\u00dfball kennt keine Grenzen!\",\"potentialAction\":[{\"@type\":\"SearchAction\",\"target\":{\"@type\":\"EntryPoint\",\"urlTemplate\":\"https:\\\/\\\/team-bananenflanke.de\\\/suedpfalz\\\/?s={search_term_string}\"},\"query-input\":{\"@type\":\"PropertyValueSpecification\",\"valueRequired\":true,\"valueName\":\"search_term_string\"}}],\"inLanguage\":\"de\"}]}<\/script>\n<!-- \/ Yoast SEO plugin. -->","yoast_head_json":{"title":"Home - Team Bananenflanke\u00ae S\u00fcdpfalz e.V.","description":"Das Team Bananenflanke S\u00fcdpfalz \u2013 Fu\u00dfball f\u00fcr Kinder und Jugendliche mit Handicap. Erfahre mehr \u00fcber unser besonderes Sportprojekt.","robots":{"index":"index","follow":"follow","max-snippet":"max-snippet:-1","max-image-preview":"max-image-preview:large","max-video-preview":"max-video-preview:-1"},"canonical":"https:\/\/team-bananenflanke.de\/suedpfalz\/","og_locale":"de_DE","og_type":"article","og_title":"Home - Team Bananenflanke\u00ae S\u00fcdpfalz e.V.","og_description":"Das Team Bananenflanke S\u00fcdpfalz \u2013 Fu\u00dfball f\u00fcr Kinder und Jugendliche mit Handicap. Erfahre mehr \u00fcber unser besonderes Sportprojekt.","og_url":"https:\/\/team-bananenflanke.de\/suedpfalz\/","og_site_name":"Team Bananenflanke\u00ae S\u00fcdpfalz e.V.","article_modified_time":"2025-12-11T09:51:20+00:00","twitter_card":"summary_large_image","twitter_misc":{"Gesch\u00e4tzte Lesezeit":"1\u00a0Minute"},"schema":{"@context":"https:\/\/schema.org","@graph":[{"@type":"WebPage","@id":"https:\/\/team-bananenflanke.de\/suedpfalz\/","url":"https:\/\/team-bananenflanke.de\/suedpfalz\/","name":"Home - Team Bananenflanke\u00ae S\u00fcdpfalz e.V.","isPartOf":{"@id":"https:\/\/team-bananenflanke.de\/suedpfalz\/#website"},"datePublished":"2025-03-31T11:10:36+00:00","dateModified":"2025-12-11T09:51:20+00:00","description":"Das Team Bananenflanke S\u00fcdpfalz \u2013 Fu\u00dfball f\u00fcr Kinder und Jugendliche mit Handicap. Erfahre mehr \u00fcber unser besonderes Sportprojekt.","breadcrumb":{"@id":"https:\/\/team-bananenflanke.de\/suedpfalz\/#breadcrumb"},"inLanguage":"de","potentialAction":[{"@type":"ReadAction","target":["https:\/\/team-bananenflanke.de\/suedpfalz\/"]}]},{"@type":"BreadcrumbList","@id":"https:\/\/team-bananenflanke.de\/suedpfalz\/#breadcrumb","itemListElement":[{"@type":"ListItem","position":1,"name":"Startseite","item":"https:\/\/team-bananenflanke.de\/suedpfalz\/"},{"@type":"ListItem","position":2,"name":"Home"}]},{"@type":"WebSite","@id":"https:\/\/team-bananenflanke.de\/suedpfalz\/#website","url":"https:\/\/team-bananenflanke.de\/suedpfalz\/","name":"Team Bananenflanke\u00ae S\u00fcdpfalz e.V.","description":"Fu\u00dfball kennt keine Grenzen!","potentialAction":[{"@type":"SearchAction","target":{"@type":"EntryPoint","urlTemplate":"https:\/\/team-bananenflanke.de\/suedpfalz\/?s={search_term_string}"},"query-input":{"@type":"PropertyValueSpecification","valueRequired":true,"valueName":"search_term_string"}}],"inLanguage":"de"}]}},"_links":{"self":[{"href":"https:\/\/team-bananenflanke.de\/suedpfalz\/wp-json\/wp\/v2\/pages\/2","targetHints":{"allow":["GET"]}}],"collection":[{"href":"https:\/\/team-bananenflanke.de\/suedpfalz\/wp-json\/wp\/v2\/pages"}],"about":[{"href":"https:\/\/team-bananenflanke.de\/suedpfalz\/wp-json\/wp\/v2\/types\/page"}],"author":[{"embeddable":true,"href":"https:\/\/team-bananenflanke.de\/suedpfalz\/wp-json\/wp\/v2\/users\/1"}],"replies":[{"embeddable":true,"href":"https:\/\/team-bananenflanke.de\/suedpfalz\/wp-json\/wp\/v2\/comments?post=2"}],"version-history":[{"count":5,"href":"https:\/\/team-bananenflanke.de\/suedpfalz\/wp-json\/wp\/v2\/pages\/2\/revisions"}],"predecessor-version":[{"id":21,"href":"https:\/\/team-bananenflanke.de\/suedpfalz\/wp-json\/wp\/v2\/pages\/2\/revisions\/21"}],"wp:attachment":[{"href":"https:\/\/team-bananenflanke.de\/suedpfalz\/wp-json\/wp\/v2\/media?parent=2"}],"curies":[{"name":"wp","href":"https:\/\/api.w.org\/{rel}","templated":true}]}}