{"id":42,"date":"2025-03-31T11:18:06","date_gmt":"2025-03-31T09:18:06","guid":{"rendered":"https:\/\/teambananenflanke.de\/rosenheim\/?page_id=42"},"modified":"2025-11-12T10:28:22","modified_gmt":"2025-11-12T09:28:22","slug":"sponsoren","status":"publish","type":"page","link":"https:\/\/team-bananenflanke.de\/rosenheim\/sponsoren\/","title":{"rendered":"Sponsoren"},"content":{"rendered":"[et_pb_section fb_built=&#8220;1&#8243; fullwidth=&#8220;on&#8220; _builder_version=&#8220;4.7.6&#8243; _module_preset=&#8220;default&#8220;][et_pb_fullwidth_slider _builder_version=&#8220;4.7.6&#8243; _module_preset=&#8220;default&#8220; min_height=&#8220;800px&#8220; height=&#8220;800px&#8220; custom_padding=&#8220;||0px|||&#8220;][et_pb_slide _builder_version=&#8220;4.7.6&#8243; _module_preset=&#8220;default&#8220; background_image=&#8220;https:\/\/teambananenflanke.de\/rosenheim\/wp-content\/uploads\/2025\/03\/IMG_5734.jpeg&#8220; background_enable_image=&#8220;on&#8220; sticky_transition=&#8220;on&#8220;][\/et_pb_slide][\/et_pb_fullwidth_slider][\/et_pb_section][et_pb_section fb_built=&#8220;1&#8243; admin_label=&#8220;section&#8220; _builder_version=&#8220;3.22&#8243;][et_pb_row admin_label=&#8220;row&#8220; _builder_version=&#8220;3.25&#8243; background_size=&#8220;initial&#8220; background_position=&#8220;top_left&#8220; background_repeat=&#8220;repeat&#8220;][et_pb_column type=&#8220;4_4&#8243; _builder_version=&#8220;3.25&#8243; custom_padding=&#8220;|||&#8220; custom_padding__hover=&#8220;|||&#8220;][et_pb_text admin_label=&#8220;Text&#8220; _builder_version=&#8220;4.7.6&#8243; background_size=&#8220;initial&#8220; background_position=&#8220;top_left&#8220; background_repeat=&#8220;repeat&#8220;]<h1 class=\"wp-block wp-block-post-title block-editor-block-list__block editor-post-title editor-post-title__input rich-text is-selected\" role=\"textbox\" contenteditable=\"true\" aria-label=\"Titel hier eingeben\" aria-multiline=\"true\">Gemeinsam stark \u2013 Unsere Sponsoren machen es m\u00f6glich!<\/h1>\n<p data-start=\"118\" data-end=\"426\" class=\"\">Das <strong data-start=\"122\" data-end=\"154\">Team Bananenflanke Rosenheim<\/strong> ist mehr als nur ein Fu\u00dfballverein \u2013 wir sind eine Herzensangelegenheit. Unser Ziel ist es, Kindern und Jugendlichen mit geistiger Beeintr\u00e4chtigung eine sportliche Heimat zu geben, in der sie sich frei entfalten, Gemeinschaft erleben und \u00fcber sich hinauswachsen k\u00f6nnen.<\/p>\n<p data-start=\"428\" data-end=\"815\" class=\"\">Dieses besondere Projekt w\u00e4re ohne die Unterst\u00fctzung unserer Sponsoren nicht realisierbar. Dank deiner Hilfe k\u00f6nnen wir Trainingsausr\u00fcstung bereitstellen, Turniere organisieren und unvergessliche Erlebnisse f\u00fcr unsere Spielerinnen und Spieler schaffen. Jeder Beitrag \u2013 ob gro\u00df oder klein \u2013 tr\u00e4gt dazu bei, dass unsere Fu\u00dfballhelden Woche f\u00fcr Woche mit Begeisterung auf dem Platz stehen.<\/p>\n<p data-start=\"817\" data-end=\"1066\" class=\"\"><strong data-start=\"817\" data-end=\"873\">Werde auch du Teil unserer Bananenflanken-Familie!<\/strong><br data-start=\"873\" data-end=\"876\" \/> Mit deiner Unterst\u00fctzung investierst du nicht nur in den Sport, sondern vor allem in gelebte Inklusion, Freude und strahlende Kinderaugen. Lass uns gemeinsam etwas bewegen!<\/p>\n<p data-start=\"1068\" data-end=\"1240\" class=\"\">Wir freuen uns \u00fcber jede Art der Partnerschaft und stehen f\u00fcr weitere Informationen jederzeit zur Verf\u00fcgung. <strong data-start=\"1177\" data-end=\"1238\">Kontaktiere uns gerne bei Fragen \u2013 denn nur gemeinsam sind wir stark!<\/strong><\/p>\n<p><\/p>[\/et_pb_text][\/et_pb_column][\/et_pb_row][\/et_pb_section][et_pb_section fb_built=&#8220;1&#8243; _builder_version=&#8220;4.7.6&#8243; _module_preset=&#8220;default&#8220; background_color=&#8220;#eaeaea&#8220;][et_pb_row column_structure=&#8220;1_6,1_6,1_6,1_6,1_6,1_6&#8243; _builder_version=&#8220;4.7.6&#8243; _module_preset=&#8220;default&#8220;][et_pb_column type=&#8220;1_6&#8243; _builder_version=&#8220;4.7.6&#8243; _module_preset=&#8220;default&#8220;][\/et_pb_column][et_pb_column type=&#8220;1_6&#8243; _builder_version=&#8220;4.7.6&#8243; _module_preset=&#8220;default&#8220;][et_pb_image src=&#8220;https:\/\/teambananenflanke.de\/rosenheim\/wp-content\/uploads\/2025\/03\/puma.png&#8220; title_text=&#8220;puma&#8220; url=&#8220;https:\/\/eu.puma.com\/de\/de\/home&#8220; _builder_version=&#8220;4.7.6&#8243; _module_preset=&#8220;default&#8220;][\/et_pb_image][\/et_pb_column][et_pb_column type=&#8220;1_6&#8243; _builder_version=&#8220;4.7.6&#8243; _module_preset=&#8220;default&#8220;][et_pb_image src=&#8220;https:\/\/teambananenflanke.de\/rosenheim\/wp-content\/uploads\/2025\/03\/Logo_Wintec__2_.png&#8220; title_text=&#8220;Logo_Wintec__2_&#8220; _builder_version=&#8220;4.7.6&#8243; _module_preset=&#8220;default&#8220;][\/et_pb_image][\/et_pb_column][et_pb_column type=&#8220;1_6&#8243; _builder_version=&#8220;4.7.6&#8243; _module_preset=&#8220;default&#8220;][et_pb_image src=&#8220;https:\/\/teambananenflanke.de\/rosenheim\/wp-content\/uploads\/2025\/03\/29c77d56b5bc26fc4bf37dd0226fe11c.png&#8220; title_text=&#8220;29c77d56b5bc26fc4bf37dd0226fe11c&#8220; _builder_version=&#8220;4.7.6&#8243; _module_preset=&#8220;default&#8220;][\/et_pb_image][\/et_pb_column][et_pb_column type=&#8220;1_6&#8243; _builder_version=&#8220;4.7.6&#8243; _module_preset=&#8220;default&#8220;][et_pb_image src=&#8220;https:\/\/team-bananenflanke.de\/rosenheim\/wp-content\/uploads\/2025\/11\/Logo_B.png&#8220; _builder_version=&#8220;4.7.6&#8243; _module_preset=&#8220;default&#8220; title_text=&#8220;Logo_B&#8220; hover_enabled=&#8220;0&#8243; sticky_enabled=&#8220;0&#8243;][\/et_pb_image][\/et_pb_column][et_pb_column type=&#8220;1_6&#8243; _builder_version=&#8220;4.7.6&#8243; _module_preset=&#8220;default&#8220;][\/et_pb_column][\/et_pb_row][et_pb_row column_structure=&#8220;1_6,1_6,1_6,1_6,1_6,1_6&#8243; _builder_version=&#8220;4.7.6&#8243; _module_preset=&#8220;default&#8220;][et_pb_column type=&#8220;1_6&#8243; _builder_version=&#8220;4.7.6&#8243; _module_preset=&#8220;default&#8220;][\/et_pb_column][et_pb_column type=&#8220;1_6&#8243; _builder_version=&#8220;4.7.6&#8243; _module_preset=&#8220;default&#8220;][et_pb_image src=&#8220;https:\/\/teambananenflanke.de\/rosenheim\/wp-content\/uploads\/2025\/03\/csm_root_nine_RGB_f42f65fcd7.png&#8220; title_text=&#8220;csm_root_nine_RGB_f42f65fcd7&#8243; _builder_version=&#8220;4.7.6&#8243; _module_preset=&#8220;default&#8220;][\/et_pb_image][\/et_pb_column][et_pb_column type=&#8220;1_6&#8243; _builder_version=&#8220;4.7.6&#8243; _module_preset=&#8220;default&#8220;][et_pb_image src=&#8220;https:\/\/teambananenflanke.de\/rosenheim\/wp-content\/uploads\/2025\/03\/mediana.png&#8220; title_text=&#8220;mediana&#8220; _builder_version=&#8220;4.7.6&#8243; _module_preset=&#8220;default&#8220;][\/et_pb_image][\/et_pb_column][et_pb_column type=&#8220;1_6&#8243; _builder_version=&#8220;4.7.6&#8243; _module_preset=&#8220;default&#8220;][et_pb_image src=&#8220;https:\/\/teambananenflanke.de\/rosenheim\/wp-content\/uploads\/2025\/03\/Potema.png&#8220; title_text=&#8220;Potema&#8220; _builder_version=&#8220;4.7.6&#8243; _module_preset=&#8220;default&#8220;][\/et_pb_image][\/et_pb_column][et_pb_column type=&#8220;1_6&#8243; _builder_version=&#8220;4.7.6&#8243; _module_preset=&#8220;default&#8220;][et_pb_image src=&#8220;https:\/\/team-bananenflanke.de\/rosenheim\/wp-content\/uploads\/2025\/11\/Logo-Starbulls-Rosenheim-gross.png&#8220; _builder_version=&#8220;4.7.6&#8243; _module_preset=&#8220;default&#8220; title_text=&#8220;Logo-Starbulls-Rosenheim-gross&#8220; hover_enabled=&#8220;0&#8243; sticky_enabled=&#8220;0&#8243;][\/et_pb_image][\/et_pb_column][et_pb_column _builder_version=&#8220;4.7.6&#8243; _module_preset=&#8220;default&#8220; type=&#8220;1_6&#8243;][\/et_pb_column][\/et_pb_row][\/et_pb_section]<!-- \/wp:post-content -->","protected":false},"excerpt":{"rendered":"<p>[et_pb_section fb_built=&#8220;1&#8243; fullwidth=&#8220;on&#8220; _builder_version=&#8220;4.7.6&#8243; _module_preset=&#8220;default&#8220;][et_pb_fullwidth_slider _builder_version=&#8220;4.7.6&#8243; _module_preset=&#8220;default&#8220; min_height=&#8220;800px&#8220; height=&#8220;800px&#8220; custom_padding=&#8220;||0px|||&#8220;][et_pb_slide _builder_version=&#8220;4.7.6&#8243; _module_preset=&#8220;default&#8220; background_image=&#8220;https:\/\/teambananenflanke.de\/rosenheim\/wp-content\/uploads\/2025\/03\/IMG_5734.jpeg&#8220; background_enable_image=&#8220;on&#8220; sticky_transition=&#8220;on&#8220;][\/et_pb_slide][\/et_pb_fullwidth_slider][\/et_pb_section][et_pb_section fb_built=&#8220;1&#8243; admin_label=&#8220;section&#8220; _builder_version=&#8220;3.22&#8243;][et_pb_row admin_label=&#8220;row&#8220; _builder_version=&#8220;3.25&#8243; background_size=&#8220;initial&#8220; background_position=&#8220;top_left&#8220; background_repeat=&#8220;repeat&#8220;][et_pb_column type=&#8220;4_4&#8243; _builder_version=&#8220;3.25&#8243; custom_padding=&#8220;|||&#8220; custom_padding__hover=&#8220;|||&#8220;][et_pb_text admin_label=&#8220;Text&#8220; _builder_version=&#8220;4.7.6&#8243; background_size=&#8220;initial&#8220; background_position=&#8220;top_left&#8220; background_repeat=&#8220;repeat&#8220;] Gemeinsam stark \u2013 Unsere Sponsoren machen es m\u00f6glich! Das Team Bananenflanke Rosenheim ist mehr als nur ein Fu\u00dfballverein \u2013 wir sind eine Herzensangelegenheit. [&hellip;]<\/p>\n","protected":false},"author":1,"featured_media":0,"parent":0,"menu_order":0,"comment_status":"closed","ping_status":"closed","template":"","meta":{"_et_pb_use_builder":"on","_et_pb_old_content":"<!-- wp:paragraph -->\n<p>Dies ist eine Beispiel-Seite. Sie unterscheidet sich von Beitr\u00e4gen, da sie stets an derselben Stelle bleibt und (bei den meisten Themes) in der Website-Navigation angezeigt wird. Die meisten starten mit einem Impressum, der Datenschutzerkl\u00e4rung oder einer \u201e\u00dcber\u00a0uns\u201c-Seite, um sich potenziellen Besuchern der Website vorzustellen. Dort k\u00f6nnte zum Beispiel stehen:<\/p>\n<!-- \/wp:paragraph -->\n\n<!-- wp:quote -->\n<blockquote class=\"wp-block-quote\"><p>Hallo! Tags\u00fcber arbeite ich als Fahrradkurier, nachts bin ich ein aufstrebender Schauspieler und dies hier ist meine Website. Ich lebe in Berlin, habe einen gro\u00dfen Hund namens Jack, mag Pi&#241;a Coladas, jedoch weniger (ohne Schirm) im Regen stehen gelassen zu werden.<\/p><\/blockquote>\n<!-- \/wp:quote -->\n\n<!-- wp:paragraph -->\n<p>...\u00a0oder so etwas wie:<\/p>\n<!-- \/wp:paragraph -->\n\n<!-- wp:quote -->\n<blockquote class=\"wp-block-quote\"><p>Das Unternehmen XYZ wurde 1971 gegr\u00fcndet und versorgt die \u00d6ffentlichkeit seither mit qualitativ hochwertigen Produkten. An seinem Standort in einer kleinen Gro\u00dfstadt besch\u00e4ftigt der Betrieb \u00fcber 2.000 Menschen und unterst\u00fctzt die Stadtbewohner in vielfacher Hinsicht.<\/p><\/blockquote>\n<!-- \/wp:quote -->\n\n<!-- wp:paragraph -->\n<p>Als neuer WordPress-Benutzer solltest du <a href=\"https:\/\/teambananenflanke.de\/rosenheim\/wp-admin\/\">dein Dashboard<\/a> aufrufen, um diese Seite zu l\u00f6schen und neue Seiten und Beitr\u00e4ge f\u00fcr deine Website erstellen. Viel Spa\u00df!<\/p>\n<!-- \/wp:paragraph -->","_et_gb_content_width":"","footnotes":""},"class_list":["post-42","page","type-page","status-publish","hentry"],"_links":{"self":[{"href":"https:\/\/team-bananenflanke.de\/rosenheim\/wp-json\/wp\/v2\/pages\/42","targetHints":{"allow":["GET"]}}],"collection":[{"href":"https:\/\/team-bananenflanke.de\/rosenheim\/wp-json\/wp\/v2\/pages"}],"about":[{"href":"https:\/\/team-bananenflanke.de\/rosenheim\/wp-json\/wp\/v2\/types\/page"}],"author":[{"embeddable":true,"href":"https:\/\/team-bananenflanke.de\/rosenheim\/wp-json\/wp\/v2\/users\/1"}],"replies":[{"embeddable":true,"href":"https:\/\/team-bananenflanke.de\/rosenheim\/wp-json\/wp\/v2\/comments?post=42"}],"version-history":[{"count":8,"href":"https:\/\/team-bananenflanke.de\/rosenheim\/wp-json\/wp\/v2\/pages\/42\/revisions"}],"predecessor-version":[{"id":195,"href":"https:\/\/team-bananenflanke.de\/rosenheim\/wp-json\/wp\/v2\/pages\/42\/revisions\/195"}],"wp:attachment":[{"href":"https:\/\/team-bananenflanke.de\/rosenheim\/wp-json\/wp\/v2\/media?parent=42"}],"curies":[{"name":"wp","href":"https:\/\/api.w.org\/{rel}","templated":true}]}}