{"id":40,"date":"2025-03-31T11:17:44","date_gmt":"2025-03-31T09:17:44","guid":{"rendered":"https:\/\/teambananenflanke.de\/rosenheim\/?page_id=40"},"modified":"2025-11-10T19:39:25","modified_gmt":"2025-11-10T18:39:25","slug":"downloads","status":"publish","type":"page","link":"https:\/\/team-bananenflanke.de\/rosenheim\/downloads\/","title":{"rendered":"Downloads"},"content":{"rendered":"<p>[et_pb_section fb_built=&#8220;1&#8243; fullwidth=&#8220;on&#8220; _builder_version=&#8220;4.7.6&#8243; _module_preset=&#8220;default&#8220;][et_pb_fullwidth_slider _builder_version=&#8220;4.7.6&#8243; _module_preset=&#8220;default&#8220; min_height=&#8220;800px&#8220; height=&#8220;800px&#8220; custom_padding=&#8220;||0px|||&#8220;][et_pb_slide _builder_version=&#8220;4.7.6&#8243; _module_preset=&#8220;default&#8220; background_image=&#8220;https:\/\/teambananenflanke.de\/rosenheim\/wp-content\/uploads\/2025\/03\/IMG_5734.jpeg&#8220; background_enable_image=&#8220;on&#8220; sticky_transition=&#8220;on&#8220;][\/et_pb_slide][\/et_pb_fullwidth_slider][\/et_pb_section][et_pb_section fb_built=&#8220;1&#8243; admin_label=&#8220;section&#8220; _builder_version=&#8220;3.22&#8243;][et_pb_row admin_label=&#8220;row&#8220; _builder_version=&#8220;3.25&#8243; background_size=&#8220;initial&#8220; background_position=&#8220;top_left&#8220; background_repeat=&#8220;repeat&#8220;][et_pb_column type=&#8220;4_4&#8243; _builder_version=&#8220;3.25&#8243; custom_padding=&#8220;|||&#8220; custom_padding__hover=&#8220;|||&#8220;][et_pb_text admin_label=&#8220;Text&#8220; _builder_version=&#8220;4.7.6&#8243; background_size=&#8220;initial&#8220; background_position=&#8220;top_left&#8220; background_repeat=&#8220;repeat&#8220;]<\/p>\n<h1 class=\"wp-block wp-block-post-title block-editor-block-list__block editor-post-title editor-post-title__input rich-text is-selected\" role=\"textbox\" contenteditable=\"true\" aria-label=\"Titel hier eingeben\" aria-multiline=\"true\">Alle wichtigen Infos zum Download!<\/h1>\n<p class=\"\" data-start=\"125\" data-end=\"337\">Hier findet ihr alle wichtigen Dokumente rund um das <strong data-start=\"178\" data-end=\"210\">Team Bananenflanke Rosenheim<\/strong> zum Herunterladen. Ob Anmeldeformulare, Infobl\u00e4tter oder Sponsorenmaterial \u2013 wir stellen euch alles bereit, was ihr braucht.<\/p>\n<p class=\"\" data-start=\"339\" data-end=\"598\">\ud83d\udcc2 <strong data-start=\"342\" data-end=\"363\">Unsere Downloads:<\/strong><br data-start=\"363\" data-end=\"366\" \/>\u2705 <strong data-start=\"368\" data-end=\"387\">Mitgliedsantrag<\/strong> \u2013 Werde Teil unserer Mannschaft!<br data-start=\"420\" data-end=\"423\" \/>\u2705 <strong data-start=\"425\" data-end=\"442\">Mitgliedsantrag f\u00fcr Nicht-Spieler<\/strong> \u2013 Unterst\u00fctze das Team mit deiner Mitgliedschaft!<br data-start=\"474\" data-end=\"477\" \/>\u2705 <strong data-start=\"479\" data-end=\"501\">Flyer &amp; Brosch\u00fcren<\/strong> \u2013 Erfahre mehr \u00fcber unser Projekt.<\/p>\n<p class=\"\" data-start=\"600\" data-end=\"743\">Falls ihr ein bestimmtes Dokument vermisst oder Fragen habt, meldet euch gerne bei uns!\u00a0<\/p>\n<p class=\"\" data-start=\"745\" data-end=\"786\">\n<p>[\/et_pb_text][\/et_pb_column][\/et_pb_row][et_pb_row column_structure=&#8220;1_2,1_2&#8243; _builder_version=&#8220;4.7.6&#8243; _module_preset=&#8220;default&#8220;][et_pb_column type=&#8220;1_2&#8243; _builder_version=&#8220;4.7.6&#8243; _module_preset=&#8220;default&#8220;][et_pb_image src=&#8220;https:\/\/teambananenflanke.de\/rosenheim\/wp-content\/uploads\/2025\/03\/csm_20240504_Mitgliedsantrag_Spieler_komplett_872a792473.png&#8220; title_text=&#8220;csm_20240504_Mitgliedsantrag_Spieler_komplett_872a792473&#8243; url=&#8220;https:\/\/teambananenflanke.de\/rosenheim\/wp-content\/uploads\/2025\/03\/20240504_Mitgliedsantrag_Spieler_komplett.pdf&#8220; _builder_version=&#8220;4.7.6&#8243; _module_preset=&#8220;default&#8220;][\/et_pb_image][\/et_pb_column][et_pb_column type=&#8220;1_2&#8243; _builder_version=&#8220;4.7.6&#8243; _module_preset=&#8220;default&#8220;][et_pb_image src=&#8220;https:\/\/team-bananenflanke.de\/rosenheim\/wp-content\/uploads\/2025\/11\/screenshot_mitgliedsantrag.png&#8220; title_text=&#8220;screenshot_mitgliedsantrag&#8220; url=&#8220;https:\/\/team-bananenflanke.de\/rosenheim\/wp-content\/uploads\/2025\/11\/20250407_Mitgliedsantrag_NichtSpieler_komplett.pdf&#8220; src_last_edited=&#8220;off|desktop&#8220; _builder_version=&#8220;4.7.6&#8243; _module_preset=&#8220;default&#8220;][\/et_pb_image][\/et_pb_column][\/et_pb_row][\/et_pb_section]<\/p>\n","protected":false},"excerpt":{"rendered":"<p>[et_pb_section fb_built=&#8220;1&#8243; fullwidth=&#8220;on&#8220; _builder_version=&#8220;4.7.6&#8243; _module_preset=&#8220;default&#8220;][et_pb_fullwidth_slider _builder_version=&#8220;4.7.6&#8243; _module_preset=&#8220;default&#8220; min_height=&#8220;800px&#8220; height=&#8220;800px&#8220; custom_padding=&#8220;||0px|||&#8220;][et_pb_slide _builder_version=&#8220;4.7.6&#8243; _module_preset=&#8220;default&#8220; background_image=&#8220;https:\/\/teambananenflanke.de\/rosenheim\/wp-content\/uploads\/2025\/03\/IMG_5734.jpeg&#8220; background_enable_image=&#8220;on&#8220; sticky_transition=&#8220;on&#8220;][\/et_pb_slide][\/et_pb_fullwidth_slider][\/et_pb_section][et_pb_section fb_built=&#8220;1&#8243; admin_label=&#8220;section&#8220; _builder_version=&#8220;3.22&#8243;][et_pb_row admin_label=&#8220;row&#8220; _builder_version=&#8220;3.25&#8243; background_size=&#8220;initial&#8220; background_position=&#8220;top_left&#8220; background_repeat=&#8220;repeat&#8220;][et_pb_column type=&#8220;4_4&#8243; _builder_version=&#8220;3.25&#8243; custom_padding=&#8220;|||&#8220; custom_padding__hover=&#8220;|||&#8220;][et_pb_text admin_label=&#8220;Text&#8220; _builder_version=&#8220;4.7.6&#8243; background_size=&#8220;initial&#8220; background_position=&#8220;top_left&#8220; background_repeat=&#8220;repeat&#8220;] Alle wichtigen Infos zum Download! Hier findet ihr alle wichtigen Dokumente rund um das Team Bananenflanke Rosenheim zum Herunterladen. Ob Anmeldeformulare, Infobl\u00e4tter oder [&hellip;]<\/p>\n","protected":false},"author":1,"featured_media":0,"parent":0,"menu_order":0,"comment_status":"closed","ping_status":"closed","template":"","meta":{"_et_pb_use_builder":"on","_et_pb_old_content":"<!-- wp:paragraph -->\n<p>Dies ist eine Beispiel-Seite. Sie unterscheidet sich von Beitr\u00e4gen, da sie stets an derselben Stelle bleibt und (bei den meisten Themes) in der Website-Navigation angezeigt wird. Die meisten starten mit einem Impressum, der Datenschutzerkl\u00e4rung oder einer \u201e\u00dcber\u00a0uns\u201c-Seite, um sich potenziellen Besuchern der Website vorzustellen. Dort k\u00f6nnte zum Beispiel stehen:<\/p>\n<!-- \/wp:paragraph -->\n\n<!-- wp:quote -->\n<blockquote class=\"wp-block-quote\"><p>Hallo! Tags\u00fcber arbeite ich als Fahrradkurier, nachts bin ich ein aufstrebender Schauspieler und dies hier ist meine Website. Ich lebe in Berlin, habe einen gro\u00dfen Hund namens Jack, mag Pi&#241;a Coladas, jedoch weniger (ohne Schirm) im Regen stehen gelassen zu werden.<\/p><\/blockquote>\n<!-- \/wp:quote -->\n\n<!-- wp:paragraph -->\n<p>...\u00a0oder so etwas wie:<\/p>\n<!-- \/wp:paragraph -->\n\n<!-- wp:quote -->\n<blockquote class=\"wp-block-quote\"><p>Das Unternehmen XYZ wurde 1971 gegr\u00fcndet und versorgt die \u00d6ffentlichkeit seither mit qualitativ hochwertigen Produkten. An seinem Standort in einer kleinen Gro\u00dfstadt besch\u00e4ftigt der Betrieb \u00fcber 2.000 Menschen und unterst\u00fctzt die Stadtbewohner in vielfacher Hinsicht.<\/p><\/blockquote>\n<!-- \/wp:quote -->\n\n<!-- wp:paragraph -->\n<p>Als neuer WordPress-Benutzer solltest du <a href=\"https:\/\/teambananenflanke.de\/rosenheim\/wp-admin\/\">dein Dashboard<\/a> aufrufen, um diese Seite zu l\u00f6schen und neue Seiten und Beitr\u00e4ge f\u00fcr deine Website erstellen. Viel Spa\u00df!<\/p>\n<!-- \/wp:paragraph -->","_et_gb_content_width":"","footnotes":""},"class_list":["post-40","page","type-page","status-publish","hentry"],"_links":{"self":[{"href":"https:\/\/team-bananenflanke.de\/rosenheim\/wp-json\/wp\/v2\/pages\/40","targetHints":{"allow":["GET"]}}],"collection":[{"href":"https:\/\/team-bananenflanke.de\/rosenheim\/wp-json\/wp\/v2\/pages"}],"about":[{"href":"https:\/\/team-bananenflanke.de\/rosenheim\/wp-json\/wp\/v2\/types\/page"}],"author":[{"embeddable":true,"href":"https:\/\/team-bananenflanke.de\/rosenheim\/wp-json\/wp\/v2\/users\/1"}],"replies":[{"embeddable":true,"href":"https:\/\/team-bananenflanke.de\/rosenheim\/wp-json\/wp\/v2\/comments?post=40"}],"version-history":[{"count":5,"href":"https:\/\/team-bananenflanke.de\/rosenheim\/wp-json\/wp\/v2\/pages\/40\/revisions"}],"predecessor-version":[{"id":152,"href":"https:\/\/team-bananenflanke.de\/rosenheim\/wp-json\/wp\/v2\/pages\/40\/revisions\/152"}],"wp:attachment":[{"href":"https:\/\/team-bananenflanke.de\/rosenheim\/wp-json\/wp\/v2\/media?parent=40"}],"curies":[{"name":"wp","href":"https:\/\/api.w.org\/{rel}","templated":true}]}}