{"id":38,"date":"2025-03-31T11:17:14","date_gmt":"2025-03-31T09:17:14","guid":{"rendered":"https:\/\/teambananenflanke.de\/rosenheim\/?page_id=38"},"modified":"2025-11-10T19:38:07","modified_gmt":"2025-11-10T18:38:07","slug":"spenden","status":"publish","type":"page","link":"https:\/\/team-bananenflanke.de\/rosenheim\/spenden\/","title":{"rendered":"Spenden"},"content":{"rendered":"[et_pb_section fb_built=&#8220;1&#8243; fullwidth=&#8220;on&#8220; _builder_version=&#8220;4.7.6&#8243; _module_preset=&#8220;default&#8220;][et_pb_fullwidth_slider _builder_version=&#8220;4.7.6&#8243; _module_preset=&#8220;default&#8220; min_height=&#8220;800px&#8220; height=&#8220;800px&#8220; custom_padding=&#8220;||0px|||&#8220;][et_pb_slide _builder_version=&#8220;4.7.6&#8243; _module_preset=&#8220;default&#8220; background_image=&#8220;https:\/\/teambananenflanke.de\/rosenheim\/wp-content\/uploads\/2025\/03\/IMG_5734.jpeg&#8220; background_enable_image=&#8220;on&#8220; sticky_transition=&#8220;on&#8220;][\/et_pb_slide][\/et_pb_fullwidth_slider][\/et_pb_section][et_pb_section fb_built=&#8220;1&#8243; admin_label=&#8220;section&#8220; _builder_version=&#8220;3.22&#8243;][et_pb_row admin_label=&#8220;row&#8220; _builder_version=&#8220;3.25&#8243; background_size=&#8220;initial&#8220; background_position=&#8220;top_left&#8220; background_repeat=&#8220;repeat&#8220;][et_pb_column type=&#8220;4_4&#8243; _builder_version=&#8220;3.25&#8243; custom_padding=&#8220;|||&#8220; custom_padding__hover=&#8220;|||&#8220;][et_pb_text admin_label=&#8220;Text&#8220; _builder_version=&#8220;4.7.6&#8243; background_size=&#8220;initial&#8220; background_position=&#8220;top_left&#8220; background_repeat=&#8220;repeat&#8220;]<h1 class=\"wp-block wp-block-post-title block-editor-block-list__block editor-post-title editor-post-title__input rich-text is-selected\" role=\"textbox\" contenteditable=\"true\" aria-label=\"Titel hier eingeben\" aria-multiline=\"true\">Unterst\u00fctze das Team Bananenflanke Rosenheim!<\/h1>\n<p><\/p>[\/et_pb_text][\/et_pb_column][\/et_pb_row][et_pb_row column_structure=&#8220;2_3,1_3&#8243; _builder_version=&#8220;4.7.6&#8243; _module_preset=&#8220;default&#8220;][et_pb_column type=&#8220;2_3&#8243; _builder_version=&#8220;4.7.6&#8243; _module_preset=&#8220;default&#8220;][et_pb_text _builder_version=&#8220;4.7.6&#8243; _module_preset=&#8220;default&#8220;]<p data-start=\"67\" data-end=\"100\" class=\"\">\u26bd <strong data-start=\"69\" data-end=\"96\">Gemeinsam mehr bewegen!<\/strong> \u26bd<\/p>\n<p data-start=\"102\" data-end=\"331\" class=\"\">Das Team Bananenflanke Rosenheim schenkt Kindern mit geistiger Beeintr\u00e4chtigung unvergessliche Fu\u00dfballmomente. Damit wir weiterhin mit voller Leidenschaft auf dem Platz stehen k\u00f6nnen, sind wir auf deine Unterst\u00fctzung angewiesen.<\/p>\n<p data-start=\"333\" data-end=\"376\" class=\"\">\ud83d\udd39 <strong data-start=\"336\" data-end=\"374\">Wof\u00fcr wird deine Spende eingesetzt?<\/strong><\/p>\n<ul data-start=\"377\" data-end=\"524\">\n<li data-start=\"377\" data-end=\"428\" class=\"\">\n<p data-start=\"379\" data-end=\"428\" class=\"\">Neue <strong data-start=\"384\" data-end=\"426\">Trikots, B\u00e4lle und Trainingsausr\u00fcstung<\/strong><\/p>\n<\/li>\n<li data-start=\"429\" data-end=\"475\" class=\"\">\n<p data-start=\"431\" data-end=\"475\" class=\"\"><strong data-start=\"431\" data-end=\"459\">Verpflegung und Getr\u00e4nke<\/strong> an Spieltagen<\/p>\n<\/li>\n<li data-start=\"476\" data-end=\"524\" class=\"\">\n<p data-start=\"478\" data-end=\"524\" class=\"\"><strong data-start=\"478\" data-end=\"497\">Transportkosten<\/strong> zu Spielen und Turnieren<\/p>\n<\/li>\n<\/ul>\n<p data-start=\"526\" data-end=\"808\" class=\"\">\ud83d\udd39 <strong data-start=\"529\" data-end=\"554\">So kannst du helfen:<\/strong><br data-start=\"554\" data-end=\"557\" \/> \ud83d\udc9b <strong data-start=\"560\" data-end=\"580\">Einmalige Spende<\/strong> \u2013 Melde dich direkt bei uns, wenn du unser Team mit einem individuellen Beitrag unterst\u00fctzen m\u00f6chtest.<br data-start=\"688\" data-end=\"691\" \/> \ud83d\udc9b <strong data-start=\"694\" data-end=\"723\">Regelm\u00e4\u00dfige Unterst\u00fctzung<\/strong> \u2013 Werde Mitglied und helfe uns langfristig, den Spielbetrieb zu sichern.<\/p>\n<p data-start=\"810\" data-end=\"900\" class=\"\">Jede Spende hilft, unseren Spielerinnen und Spielern ein L\u00e4cheln ins Gesicht zu zaubern!<\/p>\n<p data-start=\"902\" data-end=\"996\" class=\"\">\ud83d\udcb3 <strong data-start=\"905\" data-end=\"931\">Unsere Bankverbindung:<\/strong><br data-start=\"931\" data-end=\"934\" \/> IBAN: <strong data-start=\"940\" data-end=\"971\">DE22 7115 0000 0020 2115 04<\/strong><br data-start=\"971\" data-end=\"974\" \/> BIC: <strong data-start=\"979\" data-end=\"994\">BYLADEM1ROS<\/strong><\/p>\n<p data-start=\"998\" data-end=\"1049\" class=\"\">\ud83d\ude4f <strong data-start=\"1001\" data-end=\"1044\">Herzlichen Dank f\u00fcr deine Unterst\u00fctzung!<\/strong> \ud83d\ude4f<\/p>\n<p data-start=\"1051\" data-end=\"1160\" class=\"\">Hast du Fragen oder m\u00f6chtest mehr \u00fcber unser Projekt erfahren? Dann nimm gerne Kontakt mit uns auf! \ud83d\ude80<\/p>[\/et_pb_text][\/et_pb_column][et_pb_column type=&#8220;1_3&#8243; _builder_version=&#8220;4.7.6&#8243; _module_preset=&#8220;default&#8220;][et_pb_image src=&#8220;https:\/\/team-bananenflanke.de\/rosenheim\/wp-content\/uploads\/2025\/03\/IMG_5738.jpeg&#8220; title_text=&#8220;IMG_5738&#8243; _builder_version=&#8220;4.7.6&#8243; _module_preset=&#8220;default&#8220;][\/et_pb_image][\/et_pb_column][\/et_pb_row][\/et_pb_section]<!-- \/wp:post-content -->","protected":false},"excerpt":{"rendered":"<p>[et_pb_section fb_built=&#8220;1&#8243; fullwidth=&#8220;on&#8220; _builder_version=&#8220;4.7.6&#8243; _module_preset=&#8220;default&#8220;][et_pb_fullwidth_slider _builder_version=&#8220;4.7.6&#8243; _module_preset=&#8220;default&#8220; min_height=&#8220;800px&#8220; height=&#8220;800px&#8220; custom_padding=&#8220;||0px|||&#8220;][et_pb_slide _builder_version=&#8220;4.7.6&#8243; _module_preset=&#8220;default&#8220; background_image=&#8220;https:\/\/teambananenflanke.de\/rosenheim\/wp-content\/uploads\/2025\/03\/IMG_5734.jpeg&#8220; background_enable_image=&#8220;on&#8220; sticky_transition=&#8220;on&#8220;][\/et_pb_slide][\/et_pb_fullwidth_slider][\/et_pb_section][et_pb_section fb_built=&#8220;1&#8243; admin_label=&#8220;section&#8220; _builder_version=&#8220;3.22&#8243;][et_pb_row admin_label=&#8220;row&#8220; _builder_version=&#8220;3.25&#8243; background_size=&#8220;initial&#8220; background_position=&#8220;top_left&#8220; background_repeat=&#8220;repeat&#8220;][et_pb_column type=&#8220;4_4&#8243; _builder_version=&#8220;3.25&#8243; custom_padding=&#8220;|||&#8220; custom_padding__hover=&#8220;|||&#8220;][et_pb_text admin_label=&#8220;Text&#8220; _builder_version=&#8220;4.7.6&#8243; background_size=&#8220;initial&#8220; background_position=&#8220;top_left&#8220; background_repeat=&#8220;repeat&#8220;] Unterst\u00fctze das Team Bananenflanke Rosenheim! [\/et_pb_text][\/et_pb_column][\/et_pb_row][et_pb_row column_structure=&#8220;2_3,1_3&#8243; _builder_version=&#8220;4.7.6&#8243; _module_preset=&#8220;default&#8220;][et_pb_column type=&#8220;2_3&#8243; _builder_version=&#8220;4.7.6&#8243; _module_preset=&#8220;default&#8220;][et_pb_text _builder_version=&#8220;4.7.6&#8243; _module_preset=&#8220;default&#8220;] \u26bd Gemeinsam mehr bewegen! \u26bd Das Team Bananenflanke Rosenheim [&hellip;]<\/p>\n","protected":false},"author":1,"featured_media":0,"parent":0,"menu_order":0,"comment_status":"closed","ping_status":"closed","template":"","meta":{"_et_pb_use_builder":"on","_et_pb_old_content":"<!-- wp:paragraph -->\n<p>Dies ist eine Beispiel-Seite. Sie unterscheidet sich von Beitr\u00e4gen, da sie stets an derselben Stelle bleibt und (bei den meisten Themes) in der Website-Navigation angezeigt wird. Die meisten starten mit einem Impressum, der Datenschutzerkl\u00e4rung oder einer \u201e\u00dcber\u00a0uns\u201c-Seite, um sich potenziellen Besuchern der Website vorzustellen. Dort k\u00f6nnte zum Beispiel stehen:<\/p>\n<!-- \/wp:paragraph -->\n\n<!-- wp:quote -->\n<blockquote class=\"wp-block-quote\"><p>Hallo! Tags\u00fcber arbeite ich als Fahrradkurier, nachts bin ich ein aufstrebender Schauspieler und dies hier ist meine Website. Ich lebe in Berlin, habe einen gro\u00dfen Hund namens Jack, mag Pi&#241;a Coladas, jedoch weniger (ohne Schirm) im Regen stehen gelassen zu werden.<\/p><\/blockquote>\n<!-- \/wp:quote -->\n\n<!-- wp:paragraph -->\n<p>...\u00a0oder so etwas wie:<\/p>\n<!-- \/wp:paragraph -->\n\n<!-- wp:quote -->\n<blockquote class=\"wp-block-quote\"><p>Das Unternehmen XYZ wurde 1971 gegr\u00fcndet und versorgt die \u00d6ffentlichkeit seither mit qualitativ hochwertigen Produkten. An seinem Standort in einer kleinen Gro\u00dfstadt besch\u00e4ftigt der Betrieb \u00fcber 2.000 Menschen und unterst\u00fctzt die Stadtbewohner in vielfacher Hinsicht.<\/p><\/blockquote>\n<!-- \/wp:quote -->\n\n<!-- wp:paragraph -->\n<p>Als neuer WordPress-Benutzer solltest du <a href=\"https:\/\/teambananenflanke.de\/rosenheim\/wp-admin\/\">dein Dashboard<\/a> aufrufen, um diese Seite zu l\u00f6schen und neue Seiten und Beitr\u00e4ge f\u00fcr deine Website erstellen. Viel Spa\u00df!<\/p>\n<!-- \/wp:paragraph -->","_et_gb_content_width":"","footnotes":""},"class_list":["post-38","page","type-page","status-publish","hentry"],"_links":{"self":[{"href":"https:\/\/team-bananenflanke.de\/rosenheim\/wp-json\/wp\/v2\/pages\/38","targetHints":{"allow":["GET"]}}],"collection":[{"href":"https:\/\/team-bananenflanke.de\/rosenheim\/wp-json\/wp\/v2\/pages"}],"about":[{"href":"https:\/\/team-bananenflanke.de\/rosenheim\/wp-json\/wp\/v2\/types\/page"}],"author":[{"embeddable":true,"href":"https:\/\/team-bananenflanke.de\/rosenheim\/wp-json\/wp\/v2\/users\/1"}],"replies":[{"embeddable":true,"href":"https:\/\/team-bananenflanke.de\/rosenheim\/wp-json\/wp\/v2\/comments?post=38"}],"version-history":[{"count":5,"href":"https:\/\/team-bananenflanke.de\/rosenheim\/wp-json\/wp\/v2\/pages\/38\/revisions"}],"predecessor-version":[{"id":151,"href":"https:\/\/team-bananenflanke.de\/rosenheim\/wp-json\/wp\/v2\/pages\/38\/revisions\/151"}],"wp:attachment":[{"href":"https:\/\/team-bananenflanke.de\/rosenheim\/wp-json\/wp\/v2\/media?parent=38"}],"curies":[{"name":"wp","href":"https:\/\/api.w.org\/{rel}","templated":true}]}}