{"id":2,"date":"2025-04-03T20:58:20","date_gmt":"2025-04-03T18:58:20","guid":{"rendered":"https:\/\/teambananenflanke.de\/regensburg\/?page_id=2"},"modified":"2025-12-27T22:32:13","modified_gmt":"2025-12-27T21:32:13","slug":"home","status":"publish","type":"page","link":"https:\/\/team-bananenflanke.de\/regensburg\/","title":{"rendered":"Home"},"content":{"rendered":"[et_pb_section fb_built=&#8220;1&#8243; fullwidth=&#8220;on&#8220; _builder_version=&#8220;4.7.6&#8243; _module_preset=&#8220;default&#8220;][et_pb_fullwidth_slider _builder_version=&#8220;4.7.6&#8243; _module_preset=&#8220;default&#8220; min_height=&#8220;700px&#8220; height=&#8220;700px&#8220; max_height=&#8220;700px&#8220;][et_pb_slide _builder_version=&#8220;4.7.6&#8243; _module_preset=&#8220;default&#8220; background_enable_color=&#8220;off&#8220; background_image=&#8220;https:\/\/teambananenflanke.de\/regensburg\/wp-content\/uploads\/2025\/04\/csm_BEB_3960_3ceb5c10b0.jpg&#8220; background_enable_image=&#8220;on&#8220; sticky_transition=&#8220;on&#8220;][\/et_pb_slide][\/et_pb_fullwidth_slider][\/et_pb_section][et_pb_section fb_built=&#8220;1&#8243; admin_label=&#8220;section&#8220; _builder_version=&#8220;3.22&#8243;][et_pb_row column_structure=&#8220;1_4,3_4&#8243; admin_label=&#8220;row&#8220; _builder_version=&#8220;3.25&#8243; background_size=&#8220;initial&#8220; background_position=&#8220;top_left&#8220; background_repeat=&#8220;repeat&#8220; locked=&#8220;off&#8220;][et_pb_column type=&#8220;1_4&#8243; _builder_version=&#8220;3.25&#8243; custom_padding=&#8220;|||&#8220; custom_padding__hover=&#8220;|||&#8220;][et_pb_image src=&#8220;https:\/\/teambananenflanke.de\/regensburg\/wp-content\/uploads\/2025\/04\/ueberuns.jpg&#8220; title_text=&#8220;ueberuns&#8220; _builder_version=&#8220;4.7.6&#8243; _module_preset=&#8220;default&#8220;][\/et_pb_image][\/et_pb_column][et_pb_column type=&#8220;3_4&#8243; _builder_version=&#8220;3.25&#8243; custom_padding=&#8220;|||&#8220; custom_padding__hover=&#8220;|||&#8220;][et_pb_text admin_label=&#8220;Text&#8220; _builder_version=&#8220;4.7.6&#8243; background_size=&#8220;initial&#8220; background_position=&#8220;top_left&#8220; background_repeat=&#8220;repeat&#8220;]<p><span class=\"s9\">Das TEAM BANANENFLANKE ist ein gemeinn\u00fctziger Verein f\u00fcr Kinder und Jugendliche mit geistiger Beeintr\u00e4chtigung. Menschen mit Beeintr\u00e4chtigungen wird eine Plattform geboten, um unter professionellen Bedingungen Fu\u00dfball zu spielen.<\/span> Bei uns dreht sich alles um das runde Leder, nach dem Motto: \u201eFu\u00dfball kennt keine Grenzen!\u201c<\/p>\n<p>Wir hei\u00dfen Interessenten und Fu\u00dfballbegeisterte herzlich willkommen! Schreib uns eine Nachricht oder ruf uns einfach an. Wir freuen uns auf dich!<\/p>\n<p><\/p>[\/et_pb_text][et_pb_video src_webm=&#8220;https:\/\/team-bananenflanke.de\/regensburg\/wp-content\/uploads\/2025\/12\/250326_Bananenflanke_Imagefilm.mp4&#8243; _builder_version=&#8220;4.7.6&#8243; _module_preset=&#8220;default&#8220;][\/et_pb_video][\/et_pb_column][\/et_pb_row][et_pb_row column_structure=&#8220;1_4,3_4&#8243; admin_label=&#8220;row&#8220; _builder_version=&#8220;3.25&#8243; background_size=&#8220;initial&#8220; background_position=&#8220;top_left&#8220; background_repeat=&#8220;repeat&#8220; locked=&#8220;off&#8220;][et_pb_column type=&#8220;1_4&#8243; _builder_version=&#8220;3.25&#8243; custom_padding=&#8220;|||&#8220; custom_padding__hover=&#8220;|||&#8220;][et_pb_image src=&#8220;https:\/\/teambananenflanke.de\/regensburg\/wp-content\/uploads\/2025\/04\/topnews.jpg&#8220; title_text=&#8220;topnews&#8220; _builder_version=&#8220;4.7.6&#8243; _module_preset=&#8220;default&#8220;][\/et_pb_image][\/et_pb_column][et_pb_column type=&#8220;3_4&#8243; _builder_version=&#8220;3.25&#8243; custom_padding=&#8220;|||&#8220; custom_padding__hover=&#8220;|||&#8220;][et_pb_text admin_label=&#8220;Text&#8220; _builder_version=&#8220;4.7.6&#8243; background_size=&#8220;initial&#8220; background_position=&#8220;top_left&#8220; background_repeat=&#8220;repeat&#8220;]<h2 class=\"fh-headline \">20.000 Euro F\u00f6rderung f\u00fcr das TEAM BANANENFLANKE \u2013 Unterst\u00fctzung aus Mitteln des Freistaats Bayern<\/h2>\n<p>Mit gro\u00dfer Freude geben wir bekannt, dass wir eine F\u00f6rderung in H\u00f6he von 20.000 Euro aus Mitteln des Freistaats Bayern erhalten. Diese Unterst\u00fctzung wurde ma\u00dfgeblich durch den Landtagsabgeordneten Bernd Heinisch erm\u00f6glicht. Auch Wirtschaftsstaatssekret\u00e4r Tobias Gotthardt, MdL, zeigte sich \u00fcberaus erfreut \u00fcber diese F\u00f6rderung.<\/p>\n<p>Die finanzielle Hilfe wurde heute im Rahmen einer Pressekonferenz offiziell verk\u00fcndet. Ein wesentlicher Teil der F\u00f6rdermittel flie\u00dft in die Intensivierung unserer \u00d6ffentlichkeitsarbeit. Dar\u00fcber hinaus sichert die F\u00f6rderung die Finanzierung des Spielbetriebs im kommenden Sommer, sodass unseren Profis weiterhin regelm\u00e4\u00dfige Trainingseinheiten, Turniere sowie gemeinsame Aktivit\u00e4ten auf und abseits des Fu\u00dfballplatzes erm\u00f6glicht werden.<\/p>\n<p><!-- \/wp:post-content --><\/p>[\/et_pb_text][\/et_pb_column][\/et_pb_row][et_pb_row column_structure=&#8220;1_2,1_2&#8243; _builder_version=&#8220;4.7.6&#8243; _module_preset=&#8220;default&#8220; locked=&#8220;off&#8220;][et_pb_column type=&#8220;1_2&#8243; _builder_version=&#8220;4.7.6&#8243; _module_preset=&#8220;default&#8220;][et_pb_image src=&#8220;https:\/\/teambananenflanke.de\/regensburg\/wp-content\/uploads\/2025\/04\/WhatsApp_Image_2025-02-24_at_21.20.14.jpeg&#8220; title_text=&#8220;WhatsApp_Image_2025-02-24_at_21.20.14&#8243; _builder_version=&#8220;4.7.6&#8243; _module_preset=&#8220;default&#8220;][\/et_pb_image][\/et_pb_column][et_pb_column type=&#8220;1_2&#8243; _builder_version=&#8220;4.7.6&#8243; _module_preset=&#8220;default&#8220;][et_pb_image src=&#8220;https:\/\/teambananenflanke.de\/regensburg\/wp-content\/uploads\/2025\/04\/csm_TeamBananenflanke_PM2025-02-25_78ab9da20c.png&#8220; title_text=&#8220;csm_TeamBananenflanke_PM2025-02-25_78ab9da20c&#8220; url=&#8220;@ET-DC@eyJkeW5hbWljIjp0cnVlLCJjb250ZW50IjoicG9zdF9saW5rX3VybF9hdHRhY2htZW50Iiwic2V0dGluZ3MiOnsicG9zdF9pZCI6IjU1In19@&#8220; _builder_version=&#8220;4.7.6&#8243; _dynamic_attributes=&#8220;url&#8220; _module_preset=&#8220;default&#8220;][\/et_pb_image][\/et_pb_column][\/et_pb_row][et_pb_row column_structure=&#8220;1_4,3_4&#8243; admin_label=&#8220;row&#8220; _builder_version=&#8220;3.25&#8243; background_size=&#8220;initial&#8220; background_position=&#8220;top_left&#8220; background_repeat=&#8220;repeat&#8220; locked=&#8220;off&#8220;][et_pb_column type=&#8220;1_4&#8243; _builder_version=&#8220;3.25&#8243; custom_padding=&#8220;|||&#8220; custom_padding__hover=&#8220;|||&#8220;][et_pb_image src=&#8220;https:\/\/teambananenflanke.de\/regensburg\/wp-content\/uploads\/2025\/04\/team.jpg&#8220; title_text=&#8220;team&#8220; _builder_version=&#8220;4.7.6&#8243; _module_preset=&#8220;default&#8220;][\/et_pb_image][\/et_pb_column][et_pb_column type=&#8220;3_4&#8243; _builder_version=&#8220;3.25&#8243; custom_padding=&#8220;|||&#8220; custom_padding__hover=&#8220;|||&#8220;][et_pb_text admin_label=&#8220;Text&#8220; _builder_version=&#8220;4.7.6&#8243; background_size=&#8220;initial&#8220; background_position=&#8220;top_left&#8220; background_repeat=&#8220;repeat&#8220; custom_padding=&#8220;2px|||||&#8220;]<p><a href=\"mailto:moritz.bauer@team-bananenflanke.de\" style=\"font-size: 14px;\">DR. MORITZ BAUER<\/a><span style=\"font-size: 14px;\"> (1. Vorstand)<\/span><\/p>\n<p><a href=\"mailto:rebecca.winter@team-bananenflanke.de\">REBECCA WINTER<\/a> (2. Vorstand)<br \/> <a href=\"mailto:luisa.waltner@team-bananenflanke.de\">LUISA WALTNER<\/a> (3. Vorstand)<br \/> <a href=\"mailto:lisa.gaass@team-bananenflanke.de\">LISA GAA\u00df<\/a> (sportliche Leitung)<br \/> <a href=\"mailto:info@team-bananenflanke.de\">NORBERT S\u00d6TZ<\/a> (k\u00fcnstlerische Leitung)<br \/> <a href=\"mailto:info@team-bananenflanke.de\">DR. STEPHAN GERLING<\/a>,<a href=\"mailto:info@team-bananenflanke.de\">\u00a0DR. WOLFGANG SIEBER <\/a>und <a href=\"mailto:info@team-bananenflanke.de\">CHRISTINE SENFTL<\/a> (Team\u00e4rzte und Physiotherapeutin)<br \/> <a href=\"mailto:socialmedia@team-bananenflanke.de\">MAXIMILIAN WINTER<\/a>, <a href=\"mailto:socialmedia@team-bananenflanke.de\">LUISA WALTNER<\/a>, <a href=\"mailto:socialmedia@team-bananenflanke.de\">LENA REINHART<\/a> und<a href=\"mailto:socialmedia@team-bananenflanke.de\"> CLAUS WOTRUBA<\/a> (Social-Media &amp; \u00d6ffentlichkeitsarbeit)<br \/> <a href=\"mailto:organisation.spielbetrieb@team-bananenflanke.de\">TRAINERTEAM<\/a><\/p>[\/et_pb_text][\/et_pb_column][\/et_pb_row][et_pb_row disabled_on=&#8220;on|on|on&#8220; admin_label=&#8220;row&#8220; _builder_version=&#8220;3.25&#8243; background_size=&#8220;initial&#8220; background_position=&#8220;top_left&#8220; background_repeat=&#8220;repeat&#8220; custom_padding=&#8220;9px|||||&#8220; disabled=&#8220;on&#8220;][et_pb_column type=&#8220;4_4&#8243; _builder_version=&#8220;3.25&#8243; custom_padding=&#8220;|||&#8220; custom_padding__hover=&#8220;|||&#8220;][et_pb_text admin_label=&#8220;Text&#8220; _builder_version=&#8220;4.7.6&#8243; background_size=&#8220;initial&#8220; background_position=&#8220;top_left&#8220; background_repeat=&#8220;repeat&#8220;]<h1><strong>Home<\/strong><\/h1>\n<h3 data-start=\"323\" data-end=\"344\" class=\"\">Wer wir sind \ud83e\udd1d<\/h3>\n<p data-start=\"345\" data-end=\"712\" class=\"\"><span class=\"s9\">Das TEAM BANANENFLANKE ist ein gemeinn\u00fctziger Verein f\u00fcr Kinder und Jugendliche mit geistiger Beeintr\u00e4chtigung. Menschen mit Beeintr\u00e4chtigungen wird eine Plattform geboten, um unter professionellen Bedingungen Fu\u00dfball zu spielen. Krankheiten und Behinderungen r\u00fccken in den Hintergrund \u2013 die gemeinsame Freude am Fu\u00dfball und die damit verbundenen Erlebnisse sind die Grundlagen zur Entwicklung von Pers\u00f6nlichkeit und zum Erwerb sozialer Kompetenzen. Durch erlebnisp\u00e4dagogische Einfl\u00fcsse sollen au\u00dfergew\u00f6hnliche Emotionen geweckt werden<\/span><span class=\"s9\"> \u2013 ganz nach unserem Motto <\/span><span class=\"s10\">\u201eFu\u00dfball kennt keine Grenzen!<\/span><span class=\"s11\">\u201c<\/span><\/p>\n<h3 data-start=\"714\" data-end=\"738\" class=\"\">Der Bananenflanken-Effekt<\/h3>\n<p data-start=\"739\" data-end=\"999\" class=\"\"><span class=\"s9\">Das TEAM BANANENFLANKE soll gesehen und geh\u00f6rt werden, um den Bananenflanken-Profis Aufmerksamkeit und Anerkennung zu geben. Die Kinder und Jugendlichen stehen im Mittelpunkt und sollen sich wie richtige Profis f\u00fchlen, um \u2013 getreu dem Bananenflanken-Effekt \u2013 ihr Selbstwertgef\u00fchl zu st\u00e4rken. Der Teamgedanke steht dabei im Mittelpunkt.<\/span><\/p>\n<h3 data-start=\"1001\" data-end=\"1044\" class=\"\">Das Konzept<\/h3>\n<p data-start=\"1045\" data-end=\"1193\" class=\"\"><span class=\"s9\">Um unser Ziel zu erreichen, geh\u00f6ren eine professionelle Ausr\u00fcstung und ausgebildete Trainer*innen ebenso zum Konzept, wie ein Medientag und unser Maskottchen <\/span><span class=\"s9\">Manni<\/span><span class=\"s9\">Ballnane<\/span><span class=\"s9\">. Die Punktspiele werden in einem mobilen Soccer-Court auf \u00f6ffentlichen Pl\u00e4tzen in Regensburg ausgetragen.<\/span><\/p>\n<p>&nbsp;<\/p>\n<h3 data-start=\"1001\" data-end=\"1044\" class=\"\">Komm ins Team<\/h3>\n<p data-start=\"1045\" data-end=\"1193\" class=\"\"><span class=\"s9\">Egal, ob du selbst mitspielen m\u00f6chtest, einfach neugierig bist oder uns unterst\u00fctzen willst: Wir freuen uns \u00fcber jedes neue Gesicht.<\/span><span class=\"s9\"><br \/><\/span><span class=\"s9\">Melde dich gerne \u00fcber das Kontaktformular. Wir sind gespannt, dich kennenzulernen!<\/span><\/p>\n<p>&nbsp;<\/p>\n<h3 data-start=\"1001\" data-end=\"1044\" class=\"\">Unterst\u00fctze unser Team<\/h3>\n<p data-start=\"1045\" data-end=\"1193\" class=\"\"><span class=\"s9\">Um unser Angebot aufrechterhalten und ausbauen zu k\u00f6nnen, sind wir als gemeinn\u00fctziger Verein auf jede Unterst\u00fctzung angewiesen. Es hilft jeder Beitrag \u2013 egal ob gro\u00df oder klein.<\/span><span class=\"s9\"><br \/><\/span><span class=\"s9\">Danke, dass du uns unterst\u00fctzt und ein Teil des Teams bist!<\/span><\/p>\n<p><!-- \/wp:paragraph --><\/p>[\/et_pb_text][\/et_pb_column][\/et_pb_row][\/et_pb_section]<!-- \/wp:freeform -->","protected":false},"excerpt":{"rendered":"<p>[et_pb_section fb_built=&#8220;1&#8243; fullwidth=&#8220;on&#8220; _builder_version=&#8220;4.7.6&#8243; _module_preset=&#8220;default&#8220;][et_pb_fullwidth_slider _builder_version=&#8220;4.7.6&#8243; _module_preset=&#8220;default&#8220; min_height=&#8220;700px&#8220; height=&#8220;700px&#8220; max_height=&#8220;700px&#8220;][et_pb_slide _builder_version=&#8220;4.7.6&#8243; _module_preset=&#8220;default&#8220; background_enable_color=&#8220;off&#8220; background_image=&#8220;https:\/\/teambananenflanke.de\/regensburg\/wp-content\/uploads\/2025\/04\/csm_BEB_3960_3ceb5c10b0.jpg&#8220; background_enable_image=&#8220;on&#8220; sticky_transition=&#8220;on&#8220;][\/et_pb_slide][\/et_pb_fullwidth_slider][\/et_pb_section][et_pb_section fb_built=&#8220;1&#8243; admin_label=&#8220;section&#8220; _builder_version=&#8220;3.22&#8243;][et_pb_row column_structure=&#8220;1_4,3_4&#8243; admin_label=&#8220;row&#8220; _builder_version=&#8220;3.25&#8243; background_size=&#8220;initial&#8220; background_position=&#8220;top_left&#8220; background_repeat=&#8220;repeat&#8220; locked=&#8220;off&#8220;][et_pb_column type=&#8220;1_4&#8243; _builder_version=&#8220;3.25&#8243; custom_padding=&#8220;|||&#8220; custom_padding__hover=&#8220;|||&#8220;][et_pb_image src=&#8220;https:\/\/teambananenflanke.de\/regensburg\/wp-content\/uploads\/2025\/04\/ueberuns.jpg&#8220; title_text=&#8220;ueberuns&#8220; _builder_version=&#8220;4.7.6&#8243; _module_preset=&#8220;default&#8220;][\/et_pb_image][\/et_pb_column][et_pb_column type=&#8220;3_4&#8243; _builder_version=&#8220;3.25&#8243; custom_padding=&#8220;|||&#8220; custom_padding__hover=&#8220;|||&#8220;][et_pb_text admin_label=&#8220;Text&#8220; _builder_version=&#8220;4.7.6&#8243; background_size=&#8220;initial&#8220; background_position=&#8220;top_left&#8220; background_repeat=&#8220;repeat&#8220;] Das TEAM BANANENFLANKE ist ein gemeinn\u00fctziger Verein f\u00fcr Kinder und Jugendliche mit [&hellip;]<\/p>\n","protected":false},"author":1,"featured_media":0,"parent":0,"menu_order":0,"comment_status":"closed","ping_status":"closed","template":"","meta":{"_et_pb_use_builder":"on","_et_pb_old_content":"<!-- wp:paragraph -->\r\n<p>Dies ist eine Beispiel-Seite. Sie unterscheidet sich von Beitr\u00e4gen, da sie stets an derselben Stelle bleibt und (bei den meisten Themes) in der Website-Navigation angezeigt wird. Die meisten starten mit einem Impressum, der Datenschutzerkl\u00e4rung oder einer \u201e\u00dcber\u00a0uns\u201c-Seite, um sich potenziellen Besuchern der Website vorzustellen. Dort k\u00f6nnte zum Beispiel stehen:<\/p>\r\n<!-- \/wp:paragraph -->\r\n<p>\u00a0<\/p>\r\n<!-- wp:quote -->\r\n<blockquote class=\"wp-block-quote\">Hallo! Tags\u00fcber arbeite ich als Fahrradkurier, nachts bin ich ein aufstrebender Schauspieler und dies hier ist meine Website. Ich lebe in Berlin, habe einen gro\u00dfen Hund namens Jack, mag Pi\u00f1a Coladas, jedoch weniger (ohne Schirm) im Regen stehen gelassen zu werden.<\/blockquote>\r\n<!-- \/wp:quote -->\r\n<p>\u00a0<\/p>\r\n<!-- wp:paragraph -->\r\n<p>...\u00a0oder so etwas wie:<\/p>\r\n<!-- \/wp:paragraph -->\r\n<p>\u00a0<\/p>\r\n<!-- wp:quote -->\r\n<blockquote class=\"wp-block-quote\">Das Unternehmen XYZ wurde 1971 gegr\u00fcndet und versorgt die \u00d6ffentlichkeit seither mit qualitativ hochwertigen Produkten. An seinem Standort in einer kleinen Gro\u00dfstadt besch\u00e4ftigt der Betrieb \u00fcber 2.000 Menschen und unterst\u00fctzt die Stadtbewohner in vielfacher Hinsicht.<\/blockquote>\r\n<!-- \/wp:quote -->\r\n<p>\u00a0<\/p>\r\n<!-- wp:paragraph -->\r\n<p>Als neuer WordPress-Benutzer solltest du <a href=\"https:\/\/teambananenflanke.de\/regensburg\/wp-admin\/\">dein Dashboard<\/a> aufrufen, um diese Seite zu l\u00f6schen und neue Seiten und Beitr\u00e4ge f\u00fcr deine Website erstellen. Viel Spa\u00df!<\/p>\r\n<!-- \/wp:paragraph -->","_et_gb_content_width":"","footnotes":""},"class_list":["post-2","page","type-page","status-publish","hentry"],"_links":{"self":[{"href":"https:\/\/team-bananenflanke.de\/regensburg\/wp-json\/wp\/v2\/pages\/2","targetHints":{"allow":["GET"]}}],"collection":[{"href":"https:\/\/team-bananenflanke.de\/regensburg\/wp-json\/wp\/v2\/pages"}],"about":[{"href":"https:\/\/team-bananenflanke.de\/regensburg\/wp-json\/wp\/v2\/types\/page"}],"author":[{"embeddable":true,"href":"https:\/\/team-bananenflanke.de\/regensburg\/wp-json\/wp\/v2\/users\/1"}],"replies":[{"embeddable":true,"href":"https:\/\/team-bananenflanke.de\/regensburg\/wp-json\/wp\/v2\/comments?post=2"}],"version-history":[{"count":16,"href":"https:\/\/team-bananenflanke.de\/regensburg\/wp-json\/wp\/v2\/pages\/2\/revisions"}],"predecessor-version":[{"id":145,"href":"https:\/\/team-bananenflanke.de\/regensburg\/wp-json\/wp\/v2\/pages\/2\/revisions\/145"}],"wp:attachment":[{"href":"https:\/\/team-bananenflanke.de\/regensburg\/wp-json\/wp\/v2\/media?parent=2"}],"curies":[{"name":"wp","href":"https:\/\/api.w.org\/{rel}","templated":true}]}}