{"id":2,"date":"2023-12-28T12:04:02","date_gmt":"2023-12-28T11:04:02","guid":{"rendered":"https:\/\/teambananenflanke.de\/passau\/?page_id=2"},"modified":"2025-12-08T10:39:52","modified_gmt":"2025-12-08T09:39:52","slug":"home","status":"publish","type":"page","link":"https:\/\/team-bananenflanke.de\/passau\/","title":{"rendered":"Home"},"content":{"rendered":"[et_pb_section fb_built=&#8220;1&#8243; fullwidth=&#8220;on&#8220; _builder_version=&#8220;4.7.6&#8243; _module_preset=&#8220;default&#8220;][et_pb_fullwidth_slider _builder_version=&#8220;4.7.6&#8243; _module_preset=&#8220;default&#8220; height=&#8220;600px&#8220;][et_pb_slide admin_title=&#8220;Slider 1&#8243; _builder_version=&#8220;4.7.6&#8243; _module_preset=&#8220;default&#8220; background_image=&#8220;https:\/\/teambananenflanke.de\/passau\/wp-content\/uploads\/2023\/12\/slider1.jpg&#8220; background_enable_image=&#8220;on&#8220; sticky_transition=&#8220;on&#8220;][\/et_pb_slide][et_pb_slide admin_title=&#8220;Slider 2&#8243; _builder_version=&#8220;4.7.6&#8243; _module_preset=&#8220;default&#8220; background_image=&#8220;https:\/\/teambananenflanke.de\/passau\/wp-content\/uploads\/2023\/12\/slider2.jpg&#8220; background_enable_image=&#8220;on&#8220; sticky_transition=&#8220;on&#8220;][\/et_pb_slide][et_pb_slide admin_title=&#8220;Slider 3&#8243; _builder_version=&#8220;4.7.6&#8243; _module_preset=&#8220;default&#8220; background_image=&#8220;https:\/\/teambananenflanke.de\/passau\/wp-content\/uploads\/2023\/12\/slider3.jpg&#8220; background_enable_image=&#8220;on&#8220; sticky_transition=&#8220;on&#8220;][\/et_pb_slide][\/et_pb_fullwidth_slider][\/et_pb_section][et_pb_section fb_built=&#8220;1&#8243; admin_label=&#8220;section&#8220; _builder_version=&#8220;3.22&#8243;][et_pb_row admin_label=&#8220;row&#8220; _builder_version=&#8220;3.25&#8243; background_size=&#8220;initial&#8220; background_position=&#8220;top_left&#8220; background_repeat=&#8220;repeat&#8220;][et_pb_column type=&#8220;4_4&#8243; _builder_version=&#8220;3.25&#8243; custom_padding=&#8220;|||&#8220; custom_padding__hover=&#8220;|||&#8220;][et_pb_text admin_label=&#8220;Text&#8220; _builder_version=&#8220;4.7.6&#8243; background_size=&#8220;initial&#8220; background_position=&#8220;top_left&#8220; background_repeat=&#8220;repeat&#8220; min_height=&#8220;29.8px&#8220; custom_padding=&#8220;||0px|||&#8220;]<p><\/p>\n<h1>Hallo und herzlich willkommen auf unserer Website!<\/h1>\n<p><\/p>[\/et_pb_text][\/et_pb_column][\/et_pb_row][et_pb_row column_structure=&#8220;2_3,1_3&#8243; _builder_version=&#8220;4.7.6&#8243; _module_preset=&#8220;default&#8220; custom_padding=&#8220;0px|||||&#8220;][et_pb_column type=&#8220;2_3&#8243; _builder_version=&#8220;4.7.6&#8243; _module_preset=&#8220;default&#8220;][et_pb_text _builder_version=&#8220;4.7.6&#8243; _module_preset=&#8220;default&#8220;]<p>Team Bananenflanke Passau ist ein Verein f\u00fcr beeintr\u00e4chtigte Kinder und Jugendliche. Bei uns dreht sich alles um das runde Leder, nach dem Motto: \u201eFu\u00dfball kennt keine Grenzen!\u201c<\/p>\n<p>Hast du Lust bei uns mitzuspielen? Dann schreib uns eine Nachricht oder ruf uns einfach an.<\/p>\n<p>Wir freuen uns auf dich!<\/p>[\/et_pb_text][\/et_pb_column][et_pb_column type=&#8220;1_3&#8243; _builder_version=&#8220;4.7.6&#8243; _module_preset=&#8220;default&#8220;][et_pb_blurb title=&#8220;Das Team Bananenflanke Passau e.V.&#8220; use_icon=&#8220;on&#8220; font_icon=&#8220;%%91%%&#8220; use_icon_font_size=&#8220;on&#8220; icon_font_size=&#8220;53px&#8220; _builder_version=&#8220;4.7.6&#8243; _module_preset=&#8220;default&#8220; hover_enabled=&#8220;0&#8243; sticky_enabled=&#8220;0&#8243;]<p><u><strong>1. Vorstand:<\/strong><\/u> Claudia Z\u00f6ls<br \/> <u><strong>2. Vorstand:<\/strong><\/u> <span>Julia Streicher<\/span><br \/> <u><strong>Schatzmeister:<\/strong><\/u> <span>Sabrina Schneider<\/span><br \/> <strong><u>Schriftf\u00fchrer:<\/u><\/strong> <span>Max Schneider<\/span><br \/> <u><strong>Beisitzer:<\/strong><\/u>\u00a0Eva Z\u00f6ls<br \/> <u><strong>Kassenpr\u00fcfer:<\/strong><\/u>\u00a0Sabine K\u00f6ck<\/p>\n[\/et_pb_blurb][\/et_pb_column][\/et_pb_row][\/et_pb_section]","protected":false},"excerpt":{"rendered":"<p>[et_pb_section fb_built=&#8220;1&#8243; fullwidth=&#8220;on&#8220; _builder_version=&#8220;4.7.6&#8243; _module_preset=&#8220;default&#8220;][et_pb_fullwidth_slider _builder_version=&#8220;4.7.6&#8243; _module_preset=&#8220;default&#8220; height=&#8220;600px&#8220;][et_pb_slide admin_title=&#8220;Slider 1&#8243; _builder_version=&#8220;4.7.6&#8243; _module_preset=&#8220;default&#8220; background_image=&#8220;https:\/\/teambananenflanke.de\/passau\/wp-content\/uploads\/2023\/12\/slider1.jpg&#8220; background_enable_image=&#8220;on&#8220; sticky_transition=&#8220;on&#8220;][\/et_pb_slide][et_pb_slide admin_title=&#8220;Slider 2&#8243; _builder_version=&#8220;4.7.6&#8243; _module_preset=&#8220;default&#8220; background_image=&#8220;https:\/\/teambananenflanke.de\/passau\/wp-content\/uploads\/2023\/12\/slider2.jpg&#8220; background_enable_image=&#8220;on&#8220; sticky_transition=&#8220;on&#8220;][\/et_pb_slide][et_pb_slide admin_title=&#8220;Slider 3&#8243; _builder_version=&#8220;4.7.6&#8243; _module_preset=&#8220;default&#8220; background_image=&#8220;https:\/\/teambananenflanke.de\/passau\/wp-content\/uploads\/2023\/12\/slider3.jpg&#8220; background_enable_image=&#8220;on&#8220; sticky_transition=&#8220;on&#8220;][\/et_pb_slide][\/et_pb_fullwidth_slider][\/et_pb_section][et_pb_section fb_built=&#8220;1&#8243; admin_label=&#8220;section&#8220; _builder_version=&#8220;3.22&#8243;][et_pb_row admin_label=&#8220;row&#8220; _builder_version=&#8220;3.25&#8243; background_size=&#8220;initial&#8220; background_position=&#8220;top_left&#8220; background_repeat=&#8220;repeat&#8220;][et_pb_column type=&#8220;4_4&#8243; _builder_version=&#8220;3.25&#8243; custom_padding=&#8220;|||&#8220; custom_padding__hover=&#8220;|||&#8220;][et_pb_text admin_label=&#8220;Text&#8220; _builder_version=&#8220;4.7.6&#8243; background_size=&#8220;initial&#8220; background_position=&#8220;top_left&#8220; background_repeat=&#8220;repeat&#8220; min_height=&#8220;29.8px&#8220; custom_padding=&#8220;||0px|||&#8220;] Hallo und herzlich willkommen auf unserer Website! [&hellip;]<\/p>\n","protected":false},"author":1,"featured_media":0,"parent":0,"menu_order":0,"comment_status":"closed","ping_status":"closed","template":"","meta":{"_et_pb_use_builder":"on","_et_pb_old_content":"<!-- wp:paragraph -->\n<p>Dies ist eine Beispiel-Seite. Sie unterscheidet sich von Beitr\u00e4gen, da sie stets an derselben Stelle bleibt und (bei den meisten Themes) in der Website-Navigation angezeigt wird. Die meisten starten mit einem Impressum, der Datenschutzerkl\u00e4rung oder einer \u201e\u00dcber\u00a0uns\u201c-Seite, um sich potenziellen Besuchern der Website vorzustellen. Dort k\u00f6nnte zum Beispiel stehen:<\/p>\n<!-- \/wp:paragraph -->\n\n<!-- wp:quote -->\n<blockquote class=\"wp-block-quote\"><p>Hallo! Tags\u00fcber arbeite ich als Fahrradkurier, nachts bin ich ein aufstrebender Schauspieler und dies hier ist meine Website. Ich lebe in Berlin, habe einen gro\u00dfen Hund namens Jack, mag Pi&#241;a Coladas, jedoch weniger (ohne Schirm) im Regen stehen gelassen zu werden.<\/p><\/blockquote>\n<!-- \/wp:quote -->\n\n<!-- wp:paragraph -->\n<p>...\u00a0oder so etwas wie:<\/p>\n<!-- \/wp:paragraph -->\n\n<!-- wp:quote -->\n<blockquote class=\"wp-block-quote\"><p>Das Unternehmen XYZ wurde 1971 gegr\u00fcndet und versorgt die \u00d6ffentlichkeit seither mit qualitativ hochwertigen Produkten. An seinem Standort in einer kleinen Gro\u00dfstadt besch\u00e4ftigt der Betrieb \u00fcber 2.000 Menschen und unterst\u00fctzt die Stadtbewohner in vielfacher Hinsicht.<\/p><\/blockquote>\n<!-- \/wp:quote -->\n\n<!-- wp:paragraph -->\n<p>Als neuer WordPress-Benutzer solltest du <a href=\"https:\/\/teambananenflanke.de\/passau\/wp-admin\/\">dein Dashboard<\/a> aufrufen, um diese Seite zu l\u00f6schen und neue Seiten und Beitr\u00e4ge f\u00fcr deine Website erstellen. Viel Spa\u00df!<\/p>\n<!-- \/wp:paragraph -->","_et_gb_content_width":"","footnotes":""},"class_list":["post-2","page","type-page","status-publish","hentry"],"yoast_head":"<!-- This site is optimized with the Yoast SEO plugin v27.3 - https:\/\/yoast.com\/product\/yoast-seo-wordpress\/ -->\n<title>Home - Team Bananenflanke\u00ae Passau e.V.<\/title>\n<meta name=\"description\" content=\"Willkommen beim Team Bananenflanke Passau! Erfahre alles \u00fcber unseren inklusive Fu\u00dfballverein und unsere Veranstaltungen.\" \/>\n<meta name=\"robots\" content=\"index, follow, max-snippet:-1, max-image-preview:large, max-video-preview:-1\" \/>\n<link rel=\"canonical\" href=\"https:\/\/team-bananenflanke.de\/passau\/\" \/>\n<meta property=\"og:locale\" content=\"de_DE\" \/>\n<meta property=\"og:type\" content=\"article\" \/>\n<meta property=\"og:title\" content=\"Home - Team Bananenflanke\u00ae Passau e.V.\" \/>\n<meta property=\"og:description\" content=\"Willkommen beim Team Bananenflanke Passau! Erfahre alles \u00fcber unseren inklusive Fu\u00dfballverein und unsere Veranstaltungen.\" \/>\n<meta property=\"og:url\" content=\"https:\/\/team-bananenflanke.de\/passau\/\" \/>\n<meta property=\"og:site_name\" content=\"Team Bananenflanke\u00ae Passau e.V.\" \/>\n<meta property=\"article:modified_time\" content=\"2025-12-08T09:39:52+00:00\" \/>\n<meta name=\"twitter:card\" content=\"summary_large_image\" \/>\n<meta name=\"twitter:label1\" content=\"Gesch\u00e4tzte Lesezeit\" \/>\n\t<meta name=\"twitter:data1\" content=\"1\u00a0Minute\" \/>\n<script type=\"application\/ld+json\" class=\"yoast-schema-graph\">{\"@context\":\"https:\\\/\\\/schema.org\",\"@graph\":[{\"@type\":\"WebPage\",\"@id\":\"https:\\\/\\\/team-bananenflanke.de\\\/passau\\\/\",\"url\":\"https:\\\/\\\/team-bananenflanke.de\\\/passau\\\/\",\"name\":\"Home - Team Bananenflanke\u00ae Passau e.V.\",\"isPartOf\":{\"@id\":\"https:\\\/\\\/team-bananenflanke.de\\\/passau\\\/#website\"},\"datePublished\":\"2023-12-28T11:04:02+00:00\",\"dateModified\":\"2025-12-08T09:39:52+00:00\",\"description\":\"Willkommen beim Team Bananenflanke Passau! Erfahre alles \u00fcber unseren inklusive Fu\u00dfballverein und unsere Veranstaltungen.\",\"breadcrumb\":{\"@id\":\"https:\\\/\\\/team-bananenflanke.de\\\/passau\\\/#breadcrumb\"},\"inLanguage\":\"de\",\"potentialAction\":[{\"@type\":\"ReadAction\",\"target\":[\"https:\\\/\\\/team-bananenflanke.de\\\/passau\\\/\"]}]},{\"@type\":\"BreadcrumbList\",\"@id\":\"https:\\\/\\\/team-bananenflanke.de\\\/passau\\\/#breadcrumb\",\"itemListElement\":[{\"@type\":\"ListItem\",\"position\":1,\"name\":\"Startseite\",\"item\":\"https:\\\/\\\/team-bananenflanke.de\\\/passau\\\/\"},{\"@type\":\"ListItem\",\"position\":2,\"name\":\"Home\"}]},{\"@type\":\"WebSite\",\"@id\":\"https:\\\/\\\/team-bananenflanke.de\\\/passau\\\/#website\",\"url\":\"https:\\\/\\\/team-bananenflanke.de\\\/passau\\\/\",\"name\":\"Team Bananenflanke\u00ae Passau e.V.\",\"description\":\"Fu\u00dfball kennt keine Grenzen!\",\"potentialAction\":[{\"@type\":\"SearchAction\",\"target\":{\"@type\":\"EntryPoint\",\"urlTemplate\":\"https:\\\/\\\/team-bananenflanke.de\\\/passau\\\/?s={search_term_string}\"},\"query-input\":{\"@type\":\"PropertyValueSpecification\",\"valueRequired\":true,\"valueName\":\"search_term_string\"}}],\"inLanguage\":\"de\"}]}<\/script>\n<!-- \/ Yoast SEO plugin. -->","yoast_head_json":{"title":"Home - Team Bananenflanke\u00ae Passau e.V.","description":"Willkommen beim Team Bananenflanke Passau! Erfahre alles \u00fcber unseren inklusive Fu\u00dfballverein und unsere Veranstaltungen.","robots":{"index":"index","follow":"follow","max-snippet":"max-snippet:-1","max-image-preview":"max-image-preview:large","max-video-preview":"max-video-preview:-1"},"canonical":"https:\/\/team-bananenflanke.de\/passau\/","og_locale":"de_DE","og_type":"article","og_title":"Home - Team Bananenflanke\u00ae Passau e.V.","og_description":"Willkommen beim Team Bananenflanke Passau! Erfahre alles \u00fcber unseren inklusive Fu\u00dfballverein und unsere Veranstaltungen.","og_url":"https:\/\/team-bananenflanke.de\/passau\/","og_site_name":"Team Bananenflanke\u00ae Passau e.V.","article_modified_time":"2025-12-08T09:39:52+00:00","twitter_card":"summary_large_image","twitter_misc":{"Gesch\u00e4tzte Lesezeit":"1\u00a0Minute"},"schema":{"@context":"https:\/\/schema.org","@graph":[{"@type":"WebPage","@id":"https:\/\/team-bananenflanke.de\/passau\/","url":"https:\/\/team-bananenflanke.de\/passau\/","name":"Home - Team Bananenflanke\u00ae Passau e.V.","isPartOf":{"@id":"https:\/\/team-bananenflanke.de\/passau\/#website"},"datePublished":"2023-12-28T11:04:02+00:00","dateModified":"2025-12-08T09:39:52+00:00","description":"Willkommen beim Team Bananenflanke Passau! Erfahre alles \u00fcber unseren inklusive Fu\u00dfballverein und unsere Veranstaltungen.","breadcrumb":{"@id":"https:\/\/team-bananenflanke.de\/passau\/#breadcrumb"},"inLanguage":"de","potentialAction":[{"@type":"ReadAction","target":["https:\/\/team-bananenflanke.de\/passau\/"]}]},{"@type":"BreadcrumbList","@id":"https:\/\/team-bananenflanke.de\/passau\/#breadcrumb","itemListElement":[{"@type":"ListItem","position":1,"name":"Startseite","item":"https:\/\/team-bananenflanke.de\/passau\/"},{"@type":"ListItem","position":2,"name":"Home"}]},{"@type":"WebSite","@id":"https:\/\/team-bananenflanke.de\/passau\/#website","url":"https:\/\/team-bananenflanke.de\/passau\/","name":"Team Bananenflanke\u00ae Passau e.V.","description":"Fu\u00dfball kennt keine Grenzen!","potentialAction":[{"@type":"SearchAction","target":{"@type":"EntryPoint","urlTemplate":"https:\/\/team-bananenflanke.de\/passau\/?s={search_term_string}"},"query-input":{"@type":"PropertyValueSpecification","valueRequired":true,"valueName":"search_term_string"}}],"inLanguage":"de"}]}},"_links":{"self":[{"href":"https:\/\/team-bananenflanke.de\/passau\/wp-json\/wp\/v2\/pages\/2","targetHints":{"allow":["GET"]}}],"collection":[{"href":"https:\/\/team-bananenflanke.de\/passau\/wp-json\/wp\/v2\/pages"}],"about":[{"href":"https:\/\/team-bananenflanke.de\/passau\/wp-json\/wp\/v2\/types\/page"}],"author":[{"embeddable":true,"href":"https:\/\/team-bananenflanke.de\/passau\/wp-json\/wp\/v2\/users\/1"}],"replies":[{"embeddable":true,"href":"https:\/\/team-bananenflanke.de\/passau\/wp-json\/wp\/v2\/comments?post=2"}],"version-history":[{"count":8,"href":"https:\/\/team-bananenflanke.de\/passau\/wp-json\/wp\/v2\/pages\/2\/revisions"}],"predecessor-version":[{"id":91,"href":"https:\/\/team-bananenflanke.de\/passau\/wp-json\/wp\/v2\/pages\/2\/revisions\/91"}],"wp:attachment":[{"href":"https:\/\/team-bananenflanke.de\/passau\/wp-json\/wp\/v2\/media?parent=2"}],"curies":[{"name":"wp","href":"https:\/\/api.w.org\/{rel}","templated":true}]}}