{"id":39,"date":"2023-10-19T13:30:38","date_gmt":"2023-10-19T11:30:38","guid":{"rendered":"https:\/\/teambananenflanke.de\/muenchen\/?page_id=39"},"modified":"2025-12-05T12:21:35","modified_gmt":"2025-12-05T11:21:35","slug":"impressum","status":"publish","type":"page","link":"https:\/\/team-bananenflanke.de\/muenchen\/impressum\/","title":{"rendered":"Impressum"},"content":{"rendered":"[et_pb_section fb_built=&#8220;1&#8243; fullwidth=&#8220;on&#8220; _builder_version=&#8220;4.7.6&#8243; _module_preset=&#8220;default&#8220;][et_pb_fullwidth_image src=&#8220;https:\/\/teambananenflanke.de\/muenchen\/wp-content\/uploads\/2025\/09\/HP_Header1-e1757411949956.jpg&#8220; title_text=&#8220;HP_Header1&#8243; _builder_version=&#8220;4.7.6&#8243; _module_preset=&#8220;default&#8220; min_height=&#8220;620px&#8220; hover_enabled=&#8220;0&#8243; max_height=&#8220;620px&#8220; sticky_enabled=&#8220;0&#8243;][\/et_pb_fullwidth_image][\/et_pb_section][et_pb_section fb_built=&#8220;1&#8243; admin_label=&#8220;section&#8220; _builder_version=&#8220;3.22&#8243;][et_pb_row admin_label=&#8220;row&#8220; _builder_version=&#8220;3.25&#8243; background_size=&#8220;initial&#8220; background_position=&#8220;top_left&#8220; background_repeat=&#8220;repeat&#8220;][et_pb_column type=&#8220;4_4&#8243; _builder_version=&#8220;3.25&#8243; custom_padding=&#8220;|||&#8220; custom_padding__hover=&#8220;|||&#8220;][et_pb_text admin_label=&#8220;Text&#8220; _builder_version=&#8220;4.7.6&#8243; background_size=&#8220;initial&#8220; background_position=&#8220;top_left&#8220; background_repeat=&#8220;repeat&#8220; hover_enabled=&#8220;0&#8243; sticky_enabled=&#8220;0&#8243;]<h1>Impressum<\/h1>\n<h2>Angaben gem\u00e4\u00df \u00a7 5 TMG<\/h2>\n<p>Team Bananenflanke M\u00fcnchen e.V.<br \/>Marktstra\u00dfe 18<br \/>80802 M\u00fcnchen<\/p>\n<p>Vereinsregister: VR 207670<br \/> Registergericht: Amtsgericht M\u00fcnchen<\/p>\n<p><strong>Vertreten durch den Vorstand:<\/strong><br \/> Michael Fink<\/p>\n<h2>Kontakt<\/h2>\n<p>E-Mail: muenchen@team-bananenflanke.de<\/p>\n<h2>Verantwortlich f\u00fcr den Inhalt nach \u00a7 55 Abs. 2 RStV<\/h2>\n<p>Team Bananenflanke M\u00fcnchen e.V.<br \/>Marktstra\u00dfe 18<br \/>80802 M\u00fcnchen<\/p>\n<h2>Streitschlichtung<\/h2>\n<p>Die Europ\u00e4ische Kommission stellt eine Plattform zur Online-Streitbeilegung (OS) bereit:<span>\u00a0<\/span><a href=\"https:\/\/ec.europa.eu\/consumers\/odr\" target=\"_blank\" rel=\"noopener\">https:\/\/ec.europa.eu\/consumers\/odr<\/a>.<br \/> Unsere E-Mail-Adresse finden Sie oben im Impressum.<\/p>\n<p>Wir sind nicht bereit oder verpflichtet, an Streitbeilegungsverfahren vor einer Verbraucherschlichtungsstelle teilzunehmen.<\/p>\n<h3>Haftung f\u00fcr Inhalte<\/h3>\n<p>Als Diensteanbieter sind wir gem\u00e4\u00df \u00a7 7 Abs.1 TMG f\u00fcr eigene Inhalte auf diesen Seiten nach den allgemeinen Gesetzen verantwortlich. Nach \u00a7\u00a7 8 bis 10 TMG sind wir als Diensteanbieter jedoch nicht verpflichtet, \u00fcbermittelte oder gespeicherte fremde Informationen zu \u00fcberwachen oder nach Umst\u00e4nden zu forschen, die auf eine rechtswidrige T\u00e4tigkeit hinweisen.<\/p>\n<p>Verpflichtungen zur Entfernung oder Sperrung der Nutzung von Informationen nach den allgemeinen Gesetzen bleiben hiervon unber\u00fchrt. Eine diesbez\u00fcgliche Haftung ist jedoch erst ab dem Zeitpunkt der Kenntnis einer konkreten Rechtsverletzung m\u00f6glich. Bei Bekanntwerden von entsprechenden Rechtsverletzungen werden wir diese Inhalte umgehend entfernen.<\/p>\n<h3>Haftung f\u00fcr Links<\/h3>\n<p>Unser Angebot enth\u00e4lt Links zu externen Websites Dritter, auf deren Inhalte wir keinen Einfluss haben. Deshalb k\u00f6nnen wir f\u00fcr diese fremden Inhalte auch keine Gew\u00e4hr \u00fcbernehmen. F\u00fcr die Inhalte der verlinkten Seiten ist stets der jeweilige Anbieter oder Betreiber der Seiten verantwortlich. Die verlinkten Seiten wurden zum Zeitpunkt der Verlinkung auf m\u00f6gliche Rechtsverst\u00f6\u00dfe \u00fcberpr\u00fcft. Rechtswidrige Inhalte waren zum Zeitpunkt der Verlinkung nicht erkennbar.<\/p>\n<p>Eine permanente inhaltliche Kontrolle der verlinkten Seiten ist jedoch ohne konkrete Anhaltspunkte einer Rechtsverletzung nicht zumutbar. Bei Bekanntwerden von Rechtsverletzungen werden wir derartige Links umgehend entfernen.<\/p>\n<h3>Urheberrecht<\/h3>\n<p>Die durch die Seitenbetreiber erstellten Inhalte und Werke auf diesen Seiten unterliegen dem deutschen Urheberrecht. Die Vervielf\u00e4ltigung, Bearbeitung, Verbreitung und jede Art der Verwertung au\u00dferhalb der Grenzen des Urheberrechtes bed\u00fcrfen der schriftlichen Zustimmung des jeweiligen Autors bzw. Erstellers. Downloads und Kopien dieser Seite sind nur f\u00fcr den privaten, nicht kommerziellen Gebrauch gestattet.<\/p>\n<p>Soweit die Inhalte auf dieser Seite nicht vom Betreiber erstellt wurden, werden die Urheberrechte Dritter beachtet. Insbesondere werden Inhalte Dritter als solche gekennzeichnet. Sollten Sie trotzdem auf eine Urheberrechtsverletzung aufmerksam werden, bitten wir um einen entsprechenden Hinweis. Bei Bekanntwerden von Rechtsverletzungen werden wir derartige Inhalte umgehend entfernen.<\/p>\n<p><\/p>\n[\/et_pb_text][\/et_pb_column][\/et_pb_row][\/et_pb_section]<!-- \/wp:post-content -->","protected":false},"excerpt":{"rendered":"<p>[et_pb_section fb_built=&#8220;1&#8243; fullwidth=&#8220;on&#8220; _builder_version=&#8220;4.7.6&#8243; _module_preset=&#8220;default&#8220;][et_pb_fullwidth_image src=&#8220;https:\/\/teambananenflanke.de\/muenchen\/wp-content\/uploads\/2025\/09\/HP_Header1-e1757411949956.jpg&#8220; title_text=&#8220;HP_Header1&#8243; _builder_version=&#8220;4.7.6&#8243; _module_preset=&#8220;default&#8220; min_height=&#8220;620px&#8220; hover_enabled=&#8220;0&#8243; max_height=&#8220;620px&#8220; sticky_enabled=&#8220;0&#8243;][\/et_pb_fullwidth_image][\/et_pb_section][et_pb_section fb_built=&#8220;1&#8243; admin_label=&#8220;section&#8220; _builder_version=&#8220;3.22&#8243;][et_pb_row admin_label=&#8220;row&#8220; _builder_version=&#8220;3.25&#8243; background_size=&#8220;initial&#8220; background_position=&#8220;top_left&#8220; background_repeat=&#8220;repeat&#8220;][et_pb_column type=&#8220;4_4&#8243; _builder_version=&#8220;3.25&#8243; custom_padding=&#8220;|||&#8220; custom_padding__hover=&#8220;|||&#8220;][et_pb_text admin_label=&#8220;Text&#8220; _builder_version=&#8220;4.7.6&#8243; background_size=&#8220;initial&#8220; background_position=&#8220;top_left&#8220; background_repeat=&#8220;repeat&#8220; hover_enabled=&#8220;0&#8243; sticky_enabled=&#8220;0&#8243;] Impressum Angaben gem\u00e4\u00df \u00a7 5 TMG Team Bananenflanke M\u00fcnchen e.V.Marktstra\u00dfe 1880802 M\u00fcnchen Vereinsregister: VR 207670 Registergericht: Amtsgericht M\u00fcnchen Vertreten durch den Vorstand: Michael [&hellip;]<\/p>\n","protected":false},"author":1,"featured_media":0,"parent":0,"menu_order":0,"comment_status":"closed","ping_status":"open","template":"","meta":{"_et_pb_use_builder":"on","_et_pb_old_content":"<!-- wp:paragraph -->\n<p>Dies ist eine Beispiel-Seite. Sie unterscheidet sich von Beitr\u00e4gen, da sie stets an derselben Stelle bleibt und (bei den meisten Themes) in der Website-Navigation angezeigt wird. Die meisten starten mit einem Impressum, der Datenschutzerkl\u00e4rung oder einer \u201e\u00dcber\u00a0uns\u201c-Seite, um sich potenziellen Besuchern der Website vorzustellen. Dort k\u00f6nnte zum Beispiel stehen:<\/p>\n<!-- \/wp:paragraph -->\n\n<!-- wp:quote -->\n<blockquote class=\"wp-block-quote\"><p>Hallo! Tags\u00fcber arbeite ich als Fahrradkurier, nachts bin ich ein aufstrebender Schauspieler und dies hier ist meine Website. Ich lebe in Berlin, habe einen gro\u00dfen Hund namens Jack, mag Pi&#241;a Coladas, jedoch weniger (ohne Schirm) im Regen stehen gelassen zu werden.<\/p><\/blockquote>\n<!-- \/wp:quote -->\n\n<!-- wp:paragraph -->\n<p>...\u00a0oder so etwas wie:<\/p>\n<!-- \/wp:paragraph -->\n\n<!-- wp:quote -->\n<blockquote class=\"wp-block-quote\"><p>Das Unternehmen XYZ wurde 1971 gegr\u00fcndet und versorgt die \u00d6ffentlichkeit seither mit qualitativ hochwertigen Produkten. An seinem Standort in einer kleinen Gro\u00dfstadt besch\u00e4ftigt der Betrieb \u00fcber 2.000 Menschen und unterst\u00fctzt die Stadtbewohner in vielfacher Hinsicht.<\/p><\/blockquote>\n<!-- \/wp:quote -->\n\n<!-- wp:paragraph -->\n<p>Als neuer WordPress-Benutzer solltest du <a href=\"https:\/\/teambananenflanke.de\/muenchen\/wp-admin\/\">dein Dashboard<\/a> aufrufen, um diese Seite zu l\u00f6schen und neue Seiten und Beitr\u00e4ge f\u00fcr deine Website erstellen. Viel Spa\u00df!<\/p>\n<!-- \/wp:paragraph -->","_et_gb_content_width":"","footnotes":""},"class_list":["post-39","page","type-page","status-publish","hentry"],"yoast_head":"<!-- This site is optimized with the Yoast SEO plugin v27.3 - https:\/\/yoast.com\/product\/yoast-seo-wordpress\/ -->\n<title>Impressum - Team Bananenflanke\u00ae M\u00fcnchen e.V.<\/title>\n<meta name=\"description\" content=\"Rechtliche Angaben und Kontaktinformationen des Team Bananenflanke M\u00fcnchen e.V. im offiziellen Impressum.\" \/>\n<meta name=\"robots\" content=\"index, follow, max-snippet:-1, max-image-preview:large, max-video-preview:-1\" \/>\n<link rel=\"canonical\" href=\"https:\/\/team-bananenflanke.de\/muenchen\/impressum\/\" \/>\n<meta property=\"og:locale\" content=\"de_DE\" \/>\n<meta property=\"og:type\" content=\"article\" \/>\n<meta property=\"og:title\" content=\"Impressum - Team Bananenflanke\u00ae M\u00fcnchen e.V.\" \/>\n<meta property=\"og:description\" content=\"Rechtliche Angaben und Kontaktinformationen des Team Bananenflanke M\u00fcnchen e.V. im offiziellen Impressum.\" \/>\n<meta property=\"og:url\" content=\"https:\/\/team-bananenflanke.de\/muenchen\/impressum\/\" \/>\n<meta property=\"og:site_name\" content=\"Team Bananenflanke\u00ae M\u00fcnchen e.V.\" \/>\n<meta property=\"article:modified_time\" content=\"2025-12-05T11:21:35+00:00\" \/>\n<meta name=\"twitter:card\" content=\"summary_large_image\" \/>\n<meta name=\"twitter:label1\" content=\"Gesch\u00e4tzte Lesezeit\" \/>\n\t<meta name=\"twitter:data1\" content=\"3\u00a0Minuten\" \/>\n<script type=\"application\/ld+json\" class=\"yoast-schema-graph\">{\"@context\":\"https:\\\/\\\/schema.org\",\"@graph\":[{\"@type\":\"WebPage\",\"@id\":\"https:\\\/\\\/team-bananenflanke.de\\\/muenchen\\\/impressum\\\/\",\"url\":\"https:\\\/\\\/team-bananenflanke.de\\\/muenchen\\\/impressum\\\/\",\"name\":\"Impressum - Team Bananenflanke\u00ae M\u00fcnchen e.V.\",\"isPartOf\":{\"@id\":\"https:\\\/\\\/team-bananenflanke.de\\\/muenchen\\\/#website\"},\"datePublished\":\"2023-10-19T11:30:38+00:00\",\"dateModified\":\"2025-12-05T11:21:35+00:00\",\"description\":\"Rechtliche Angaben und Kontaktinformationen des Team Bananenflanke M\u00fcnchen e.V. im offiziellen Impressum.\",\"breadcrumb\":{\"@id\":\"https:\\\/\\\/team-bananenflanke.de\\\/muenchen\\\/impressum\\\/#breadcrumb\"},\"inLanguage\":\"de\",\"potentialAction\":[{\"@type\":\"ReadAction\",\"target\":[\"https:\\\/\\\/team-bananenflanke.de\\\/muenchen\\\/impressum\\\/\"]}]},{\"@type\":\"BreadcrumbList\",\"@id\":\"https:\\\/\\\/team-bananenflanke.de\\\/muenchen\\\/impressum\\\/#breadcrumb\",\"itemListElement\":[{\"@type\":\"ListItem\",\"position\":1,\"name\":\"Startseite\",\"item\":\"https:\\\/\\\/team-bananenflanke.de\\\/muenchen\\\/\"},{\"@type\":\"ListItem\",\"position\":2,\"name\":\"Impressum\"}]},{\"@type\":\"WebSite\",\"@id\":\"https:\\\/\\\/team-bananenflanke.de\\\/muenchen\\\/#website\",\"url\":\"https:\\\/\\\/team-bananenflanke.de\\\/muenchen\\\/\",\"name\":\"Team Bananenflanke\u00ae M\u00fcnchen e.V.\",\"description\":\"Fu\u00dfball kennt keine Grenzen!\",\"potentialAction\":[{\"@type\":\"SearchAction\",\"target\":{\"@type\":\"EntryPoint\",\"urlTemplate\":\"https:\\\/\\\/team-bananenflanke.de\\\/muenchen\\\/?s={search_term_string}\"},\"query-input\":{\"@type\":\"PropertyValueSpecification\",\"valueRequired\":true,\"valueName\":\"search_term_string\"}}],\"inLanguage\":\"de\"}]}<\/script>\n<!-- \/ Yoast SEO plugin. -->","yoast_head_json":{"title":"Impressum - Team Bananenflanke\u00ae M\u00fcnchen e.V.","description":"Rechtliche Angaben und Kontaktinformationen des Team Bananenflanke M\u00fcnchen e.V. im offiziellen Impressum.","robots":{"index":"index","follow":"follow","max-snippet":"max-snippet:-1","max-image-preview":"max-image-preview:large","max-video-preview":"max-video-preview:-1"},"canonical":"https:\/\/team-bananenflanke.de\/muenchen\/impressum\/","og_locale":"de_DE","og_type":"article","og_title":"Impressum - Team Bananenflanke\u00ae M\u00fcnchen e.V.","og_description":"Rechtliche Angaben und Kontaktinformationen des Team Bananenflanke M\u00fcnchen e.V. im offiziellen Impressum.","og_url":"https:\/\/team-bananenflanke.de\/muenchen\/impressum\/","og_site_name":"Team Bananenflanke\u00ae M\u00fcnchen e.V.","article_modified_time":"2025-12-05T11:21:35+00:00","twitter_card":"summary_large_image","twitter_misc":{"Gesch\u00e4tzte Lesezeit":"3\u00a0Minuten"},"schema":{"@context":"https:\/\/schema.org","@graph":[{"@type":"WebPage","@id":"https:\/\/team-bananenflanke.de\/muenchen\/impressum\/","url":"https:\/\/team-bananenflanke.de\/muenchen\/impressum\/","name":"Impressum - Team Bananenflanke\u00ae M\u00fcnchen e.V.","isPartOf":{"@id":"https:\/\/team-bananenflanke.de\/muenchen\/#website"},"datePublished":"2023-10-19T11:30:38+00:00","dateModified":"2025-12-05T11:21:35+00:00","description":"Rechtliche Angaben und Kontaktinformationen des Team Bananenflanke M\u00fcnchen e.V. im offiziellen Impressum.","breadcrumb":{"@id":"https:\/\/team-bananenflanke.de\/muenchen\/impressum\/#breadcrumb"},"inLanguage":"de","potentialAction":[{"@type":"ReadAction","target":["https:\/\/team-bananenflanke.de\/muenchen\/impressum\/"]}]},{"@type":"BreadcrumbList","@id":"https:\/\/team-bananenflanke.de\/muenchen\/impressum\/#breadcrumb","itemListElement":[{"@type":"ListItem","position":1,"name":"Startseite","item":"https:\/\/team-bananenflanke.de\/muenchen\/"},{"@type":"ListItem","position":2,"name":"Impressum"}]},{"@type":"WebSite","@id":"https:\/\/team-bananenflanke.de\/muenchen\/#website","url":"https:\/\/team-bananenflanke.de\/muenchen\/","name":"Team Bananenflanke\u00ae M\u00fcnchen e.V.","description":"Fu\u00dfball kennt keine Grenzen!","potentialAction":[{"@type":"SearchAction","target":{"@type":"EntryPoint","urlTemplate":"https:\/\/team-bananenflanke.de\/muenchen\/?s={search_term_string}"},"query-input":{"@type":"PropertyValueSpecification","valueRequired":true,"valueName":"search_term_string"}}],"inLanguage":"de"}]}},"_links":{"self":[{"href":"https:\/\/team-bananenflanke.de\/muenchen\/wp-json\/wp\/v2\/pages\/39","targetHints":{"allow":["GET"]}}],"collection":[{"href":"https:\/\/team-bananenflanke.de\/muenchen\/wp-json\/wp\/v2\/pages"}],"about":[{"href":"https:\/\/team-bananenflanke.de\/muenchen\/wp-json\/wp\/v2\/types\/page"}],"author":[{"embeddable":true,"href":"https:\/\/team-bananenflanke.de\/muenchen\/wp-json\/wp\/v2\/users\/1"}],"replies":[{"embeddable":true,"href":"https:\/\/team-bananenflanke.de\/muenchen\/wp-json\/wp\/v2\/comments?post=39"}],"version-history":[{"count":4,"href":"https:\/\/team-bananenflanke.de\/muenchen\/wp-json\/wp\/v2\/pages\/39\/revisions"}],"predecessor-version":[{"id":106,"href":"https:\/\/team-bananenflanke.de\/muenchen\/wp-json\/wp\/v2\/pages\/39\/revisions\/106"}],"wp:attachment":[{"href":"https:\/\/team-bananenflanke.de\/muenchen\/wp-json\/wp\/v2\/media?parent=39"}],"curies":[{"name":"wp","href":"https:\/\/api.w.org\/{rel}","templated":true}]}}