{"id":31,"date":"2023-10-19T13:29:17","date_gmt":"2023-10-19T11:29:17","guid":{"rendered":"https:\/\/teambananenflanke.de\/muenchen\/?page_id=31"},"modified":"2026-03-01T18:14:20","modified_gmt":"2026-03-01T17:14:20","slug":"downloads","status":"publish","type":"page","link":"https:\/\/team-bananenflanke.de\/muenchen\/downloads\/","title":{"rendered":"Termine &#038; Downloads"},"content":{"rendered":"<p>[et_pb_section fb_built=&#8220;1&#8243; fullwidth=&#8220;on&#8220; _builder_version=&#8220;4.7.6&#8243; _module_preset=&#8220;default&#8220;][et_pb_fullwidth_image src=&#8220;https:\/\/team-bananenflanke.de\/muenchen\/wp-content\/uploads\/2025\/12\/9f400087-9f33-4ad7-b1e7-e7de53350e7f-3.jpg&#8220; title_text=&#8220;9f400087-9f33-4ad7-b1e7-e7de53350e7f&#8220; src_tablet=&#8220;&#8220; src_phone=&#8220;&#8220; src_last_edited=&#8220;on|phone&#8220; _builder_version=&#8220;4.7.6&#8243; _module_preset=&#8220;default&#8220;][\/et_pb_fullwidth_image][\/et_pb_section][et_pb_section fb_built=&#8220;1&#8243; admin_label=&#8220;section&#8220; _builder_version=&#8220;3.22&#8243; custom_padding=&#8220;|178px||||&#8220;][et_pb_row column_structure=&#8220;1_2,1_2&#8243; admin_label=&#8220;row&#8220; _builder_version=&#8220;3.25&#8243; background_size=&#8220;initial&#8220; background_position=&#8220;top_left&#8220; background_repeat=&#8220;repeat&#8220;][et_pb_column type=&#8220;1_2&#8243; _builder_version=&#8220;4.7.6&#8243; _module_preset=&#8220;default&#8220;][et_pb_image src=&#8220;https:\/\/team-bananenflanke.de\/muenchen\/wp-content\/uploads\/2025\/12\/fkkg.jpg&#8220; title_text=&#8220;fkkg&#8220; _builder_version=&#8220;4.7.6&#8243; _module_preset=&#8220;default&#8220;][\/et_pb_image][\/et_pb_column][et_pb_column type=&#8220;1_2&#8243; _builder_version=&#8220;3.25&#8243; custom_padding=&#8220;|||&#8220; custom_padding__hover=&#8220;|||&#8220;][et_pb_button button_text=&#8220;Terminplan bis Okt. 2026&#8243; _builder_version=&#8220;4.7.6&#8243; _module_preset=&#8220;default&#8220; url_new_window=&#8220;on&#8220; button_url=&#8220;https:\/\/drive.google.com\/file\/d\/1ooRBOSVTVXmGT2Dlupyvdda6yWJSqdjb\/view?usp=sharing&#8220; hover_enabled=&#8220;0&#8243; sticky_enabled=&#8220;0&#8243;][\/et_pb_button][et_pb_button button_text=&#8220;Mitgliedsantrag&#8220; _builder_version=&#8220;4.7.6&#8243; _module_preset=&#8220;default&#8220; button_url=&#8220;https:\/\/drive.google.com\/file\/d\/1rT7HrltxyYbaxBSYfLTI6PX2ipXnMD9H\/view?usp=sharing&#8220; url_new_window=&#8220;on&#8220; hover_enabled=&#8220;0&#8243; sticky_enabled=&#8220;0&#8243;][\/et_pb_button][et_pb_button button_text=&#8220;Aktuelle Satzung &#8220; _builder_version=&#8220;4.7.6&#8243; _module_preset=&#8220;default&#8220; button_url=&#8220;https:\/\/drive.google.com\/file\/d\/14BO5LUxuEJsVL4VFAoYfX2aqww77SkbJ\/view?usp=sharing&#8220; url_new_window=&#8220;on&#8220; hover_enabled=&#8220;0&#8243; sticky_enabled=&#8220;0&#8243;][\/et_pb_button][\/et_pb_column][\/et_pb_row][\/et_pb_section]<\/p>\n","protected":false},"excerpt":{"rendered":"<p>[et_pb_section fb_built=&#8220;1&#8243; fullwidth=&#8220;on&#8220; _builder_version=&#8220;4.7.6&#8243; _module_preset=&#8220;default&#8220;][et_pb_fullwidth_image src=&#8220;https:\/\/team-bananenflanke.de\/muenchen\/wp-content\/uploads\/2025\/12\/9f400087-9f33-4ad7-b1e7-e7de53350e7f-3.jpg&#8220; title_text=&#8220;9f400087-9f33-4ad7-b1e7-e7de53350e7f&#8220; src_tablet=&#8220;&#8220; src_phone=&#8220;&#8220; src_last_edited=&#8220;on|phone&#8220; _builder_version=&#8220;4.7.6&#8243; _module_preset=&#8220;default&#8220;][\/et_pb_fullwidth_image][\/et_pb_section][et_pb_section fb_built=&#8220;1&#8243; admin_label=&#8220;section&#8220; _builder_version=&#8220;3.22&#8243; custom_padding=&#8220;|178px||||&#8220;][et_pb_row column_structure=&#8220;1_2,1_2&#8243; admin_label=&#8220;row&#8220; _builder_version=&#8220;3.25&#8243; background_size=&#8220;initial&#8220; background_position=&#8220;top_left&#8220; background_repeat=&#8220;repeat&#8220;][et_pb_column type=&#8220;1_2&#8243; _builder_version=&#8220;4.7.6&#8243; _module_preset=&#8220;default&#8220;][et_pb_image src=&#8220;https:\/\/team-bananenflanke.de\/muenchen\/wp-content\/uploads\/2025\/12\/fkkg.jpg&#8220; title_text=&#8220;fkkg&#8220; _builder_version=&#8220;4.7.6&#8243; _module_preset=&#8220;default&#8220;][\/et_pb_image][\/et_pb_column][et_pb_column type=&#8220;1_2&#8243; _builder_version=&#8220;3.25&#8243; custom_padding=&#8220;|||&#8220; custom_padding__hover=&#8220;|||&#8220;][et_pb_button button_text=&#8220;Terminplan bis Okt. 2026&#8243; _builder_version=&#8220;4.7.6&#8243; _module_preset=&#8220;default&#8220; url_new_window=&#8220;on&#8220; button_url=&#8220;https:\/\/drive.google.com\/file\/d\/1ooRBOSVTVXmGT2Dlupyvdda6yWJSqdjb\/view?usp=sharing&#8220; hover_enabled=&#8220;0&#8243; sticky_enabled=&#8220;0&#8243;][\/et_pb_button][et_pb_button button_text=&#8220;Mitgliedsantrag&#8220; _builder_version=&#8220;4.7.6&#8243; _module_preset=&#8220;default&#8220; button_url=&#8220;https:\/\/drive.google.com\/file\/d\/1rT7HrltxyYbaxBSYfLTI6PX2ipXnMD9H\/view?usp=sharing&#8220; url_new_window=&#8220;on&#8220; hover_enabled=&#8220;0&#8243; sticky_enabled=&#8220;0&#8243;][\/et_pb_button][et_pb_button button_text=&#8220;Aktuelle Satzung &#8220; _builder_version=&#8220;4.7.6&#8243; _module_preset=&#8220;default&#8220; [&hellip;]<\/p>\n","protected":false},"author":1,"featured_media":0,"parent":0,"menu_order":0,"comment_status":"closed","ping_status":"open","template":"","meta":{"_et_pb_use_builder":"on","_et_pb_old_content":"<!-- wp:paragraph -->\r\n<p>Dies ist eine Beispiel-Seite. Sie unterscheidet sich von Beitr\u00e4gen, da sie stets an derselben Stelle bleibt und (bei den meisten Themes) in der Website-Navigation angezeigt wird. Die meisten starten mit einem Impressum, der Datenschutzerkl\u00e4rung oder einer \u201e\u00dcber\u00a0uns\u201c-Seite, um sich potenziellen Besuchern der Website vorzustellen. Dort k\u00f6nnte zum Beispiel stehen:<\/p>\r\n<!-- \/wp:paragraph -->\r\n\r\n<!-- wp:quote -->\r\n<blockquote class=\"wp-block-quote\"><p>Hallo! Tags\u00fcber arbeite ich als Fahrradkurier, nachts bin ich ein aufstrebender Schauspieler und dies hier ist meine Website. Ich lebe in Berlin, habe einen gro\u00dfen Hund namens Jack, mag Pi\u00f1a Coladas, jedoch weniger (ohne Schirm) im Regen stehen gelassen zu werden.<\/p><\/blockquote>\r\n<!-- \/wp:quote -->\r\n\r\n<!-- wp:paragraph -->\r\n<p>...\u00a0oder so etwas wie:<\/p>\r\n<!-- \/wp:paragraph -->\r\n\r\n<!-- wp:quote -->\r\n<blockquote class=\"wp-block-quote\"><p>Das Unternehmen XYZ wurde 1971 gegr\u00fcndet und versorgt die \u00d6ffentlichkeit seither mit qualitativ hochwertigen Produkten. An seinem Standort in einer kleinen Gro\u00dfstadt besch\u00e4ftigt der Betrieb \u00fcber 2.000 Menschen und unterst\u00fctzt die Stadtbewohner in vielfacher Hinsicht.<\/p><\/blockquote>\r\n<!-- \/wp:quote -->\r\n\r\n<!-- wp:paragraph -->\r\n<p>Als neuer WordPress-Benutzer solltest du <a href=\"https:\/\/teambananenflanke.de\/muenchen\/wp-admin\/\">dein Dashboard<\/a> aufrufen, um diese Seite zu l\u00f6schen und neue Seiten und Beitr\u00e4ge f\u00fcr deine Website erstellen. Viel Spa\u00df!<\/p>\r\n<!-- \/wp:paragraph -->","_et_gb_content_width":"","footnotes":""},"class_list":["post-31","page","type-page","status-publish","hentry"],"yoast_head":"<!-- This site is optimized with the Yoast SEO plugin v27.3 - https:\/\/yoast.com\/product\/yoast-seo-wordpress\/ -->\n<title>Termine &amp; Downloads - Team Bananenflanke\u00ae M\u00fcnchen e.V.<\/title>\n<meta name=\"description\" content=\"Wichtige Dokumente, Formulare und Infomaterial zum Team Bananenflanke M\u00fcnchen stehen hier zum Download bereit.\" \/>\n<meta name=\"robots\" content=\"index, follow, max-snippet:-1, max-image-preview:large, max-video-preview:-1\" \/>\n<link rel=\"canonical\" href=\"https:\/\/team-bananenflanke.de\/muenchen\/downloads\/\" \/>\n<meta property=\"og:locale\" content=\"de_DE\" \/>\n<meta property=\"og:type\" content=\"article\" \/>\n<meta property=\"og:title\" content=\"Termine &amp; Downloads - Team Bananenflanke\u00ae M\u00fcnchen e.V.\" \/>\n<meta property=\"og:description\" content=\"Wichtige Dokumente, Formulare und Infomaterial zum Team Bananenflanke M\u00fcnchen stehen hier zum Download bereit.\" \/>\n<meta property=\"og:url\" content=\"https:\/\/team-bananenflanke.de\/muenchen\/downloads\/\" \/>\n<meta property=\"og:site_name\" content=\"Team Bananenflanke\u00ae M\u00fcnchen e.V.\" \/>\n<meta property=\"article:modified_time\" content=\"2026-03-01T17:14:20+00:00\" \/>\n<meta name=\"twitter:card\" content=\"summary_large_image\" \/>\n<meta name=\"twitter:label1\" content=\"Gesch\u00e4tzte Lesezeit\" \/>\n\t<meta name=\"twitter:data1\" content=\"1\u00a0Minute\" \/>\n<script type=\"application\/ld+json\" class=\"yoast-schema-graph\">{\"@context\":\"https:\\\/\\\/schema.org\",\"@graph\":[{\"@type\":\"WebPage\",\"@id\":\"https:\\\/\\\/team-bananenflanke.de\\\/muenchen\\\/downloads\\\/\",\"url\":\"https:\\\/\\\/team-bananenflanke.de\\\/muenchen\\\/downloads\\\/\",\"name\":\"Termine & Downloads - Team Bananenflanke\u00ae M\u00fcnchen e.V.\",\"isPartOf\":{\"@id\":\"https:\\\/\\\/team-bananenflanke.de\\\/muenchen\\\/#website\"},\"datePublished\":\"2023-10-19T11:29:17+00:00\",\"dateModified\":\"2026-03-01T17:14:20+00:00\",\"description\":\"Wichtige Dokumente, Formulare und Infomaterial zum Team Bananenflanke M\u00fcnchen stehen hier zum Download bereit.\",\"breadcrumb\":{\"@id\":\"https:\\\/\\\/team-bananenflanke.de\\\/muenchen\\\/downloads\\\/#breadcrumb\"},\"inLanguage\":\"de\",\"potentialAction\":[{\"@type\":\"ReadAction\",\"target\":[\"https:\\\/\\\/team-bananenflanke.de\\\/muenchen\\\/downloads\\\/\"]}]},{\"@type\":\"BreadcrumbList\",\"@id\":\"https:\\\/\\\/team-bananenflanke.de\\\/muenchen\\\/downloads\\\/#breadcrumb\",\"itemListElement\":[{\"@type\":\"ListItem\",\"position\":1,\"name\":\"Startseite\",\"item\":\"https:\\\/\\\/team-bananenflanke.de\\\/muenchen\\\/\"},{\"@type\":\"ListItem\",\"position\":2,\"name\":\"Termine &#038; Downloads\"}]},{\"@type\":\"WebSite\",\"@id\":\"https:\\\/\\\/team-bananenflanke.de\\\/muenchen\\\/#website\",\"url\":\"https:\\\/\\\/team-bananenflanke.de\\\/muenchen\\\/\",\"name\":\"Team Bananenflanke\u00ae M\u00fcnchen e.V.\",\"description\":\"Fu\u00dfball kennt keine Grenzen!\",\"potentialAction\":[{\"@type\":\"SearchAction\",\"target\":{\"@type\":\"EntryPoint\",\"urlTemplate\":\"https:\\\/\\\/team-bananenflanke.de\\\/muenchen\\\/?s={search_term_string}\"},\"query-input\":{\"@type\":\"PropertyValueSpecification\",\"valueRequired\":true,\"valueName\":\"search_term_string\"}}],\"inLanguage\":\"de\"}]}<\/script>\n<!-- \/ Yoast SEO plugin. -->","yoast_head_json":{"title":"Termine & Downloads - Team Bananenflanke\u00ae M\u00fcnchen e.V.","description":"Wichtige Dokumente, Formulare und Infomaterial zum Team Bananenflanke M\u00fcnchen stehen hier zum Download bereit.","robots":{"index":"index","follow":"follow","max-snippet":"max-snippet:-1","max-image-preview":"max-image-preview:large","max-video-preview":"max-video-preview:-1"},"canonical":"https:\/\/team-bananenflanke.de\/muenchen\/downloads\/","og_locale":"de_DE","og_type":"article","og_title":"Termine & Downloads - Team Bananenflanke\u00ae M\u00fcnchen e.V.","og_description":"Wichtige Dokumente, Formulare und Infomaterial zum Team Bananenflanke M\u00fcnchen stehen hier zum Download bereit.","og_url":"https:\/\/team-bananenflanke.de\/muenchen\/downloads\/","og_site_name":"Team Bananenflanke\u00ae M\u00fcnchen e.V.","article_modified_time":"2026-03-01T17:14:20+00:00","twitter_card":"summary_large_image","twitter_misc":{"Gesch\u00e4tzte Lesezeit":"1\u00a0Minute"},"schema":{"@context":"https:\/\/schema.org","@graph":[{"@type":"WebPage","@id":"https:\/\/team-bananenflanke.de\/muenchen\/downloads\/","url":"https:\/\/team-bananenflanke.de\/muenchen\/downloads\/","name":"Termine & Downloads - Team Bananenflanke\u00ae M\u00fcnchen e.V.","isPartOf":{"@id":"https:\/\/team-bananenflanke.de\/muenchen\/#website"},"datePublished":"2023-10-19T11:29:17+00:00","dateModified":"2026-03-01T17:14:20+00:00","description":"Wichtige Dokumente, Formulare und Infomaterial zum Team Bananenflanke M\u00fcnchen stehen hier zum Download bereit.","breadcrumb":{"@id":"https:\/\/team-bananenflanke.de\/muenchen\/downloads\/#breadcrumb"},"inLanguage":"de","potentialAction":[{"@type":"ReadAction","target":["https:\/\/team-bananenflanke.de\/muenchen\/downloads\/"]}]},{"@type":"BreadcrumbList","@id":"https:\/\/team-bananenflanke.de\/muenchen\/downloads\/#breadcrumb","itemListElement":[{"@type":"ListItem","position":1,"name":"Startseite","item":"https:\/\/team-bananenflanke.de\/muenchen\/"},{"@type":"ListItem","position":2,"name":"Termine &#038; Downloads"}]},{"@type":"WebSite","@id":"https:\/\/team-bananenflanke.de\/muenchen\/#website","url":"https:\/\/team-bananenflanke.de\/muenchen\/","name":"Team Bananenflanke\u00ae M\u00fcnchen e.V.","description":"Fu\u00dfball kennt keine Grenzen!","potentialAction":[{"@type":"SearchAction","target":{"@type":"EntryPoint","urlTemplate":"https:\/\/team-bananenflanke.de\/muenchen\/?s={search_term_string}"},"query-input":{"@type":"PropertyValueSpecification","valueRequired":true,"valueName":"search_term_string"}}],"inLanguage":"de"}]}},"_links":{"self":[{"href":"https:\/\/team-bananenflanke.de\/muenchen\/wp-json\/wp\/v2\/pages\/31","targetHints":{"allow":["GET"]}}],"collection":[{"href":"https:\/\/team-bananenflanke.de\/muenchen\/wp-json\/wp\/v2\/pages"}],"about":[{"href":"https:\/\/team-bananenflanke.de\/muenchen\/wp-json\/wp\/v2\/types\/page"}],"author":[{"embeddable":true,"href":"https:\/\/team-bananenflanke.de\/muenchen\/wp-json\/wp\/v2\/users\/1"}],"replies":[{"embeddable":true,"href":"https:\/\/team-bananenflanke.de\/muenchen\/wp-json\/wp\/v2\/comments?post=31"}],"version-history":[{"count":15,"href":"https:\/\/team-bananenflanke.de\/muenchen\/wp-json\/wp\/v2\/pages\/31\/revisions"}],"predecessor-version":[{"id":262,"href":"https:\/\/team-bananenflanke.de\/muenchen\/wp-json\/wp\/v2\/pages\/31\/revisions\/262"}],"wp:attachment":[{"href":"https:\/\/team-bananenflanke.de\/muenchen\/wp-json\/wp\/v2\/media?parent=31"}],"curies":[{"name":"wp","href":"https:\/\/api.w.org\/{rel}","templated":true}]}}