{"id":29,"date":"2023-10-19T13:28:58","date_gmt":"2023-10-19T11:28:58","guid":{"rendered":"https:\/\/teambananenflanke.de\/muenchen\/?page_id=29"},"modified":"2026-03-01T17:35:41","modified_gmt":"2026-03-01T16:35:41","slug":"spenden","status":"publish","type":"page","link":"https:\/\/team-bananenflanke.de\/muenchen\/spenden\/","title":{"rendered":"Spenden"},"content":{"rendered":"<p>[et_pb_section fb_built=&#8220;1&#8243; fullwidth=&#8220;on&#8220; _builder_version=&#8220;4.7.6&#8243; _module_preset=&#8220;default&#8220;][et_pb_fullwidth_image src=&#8220;https:\/\/team-bananenflanke.de\/muenchen\/wp-content\/uploads\/2025\/12\/853e1a65-ae9e-4794-baab-eb69650de5b4.jpg&#8220; title_text=&#8220;853e1a65-ae9e-4794-baab-eb69650de5b4&#8243; src_tablet=&#8220;&#8220; src_phone=&#8220;&#8220; src_last_edited=&#8220;on|phone&#8220; _builder_version=&#8220;4.7.6&#8243; _module_preset=&#8220;default&#8220;][\/et_pb_fullwidth_image][\/et_pb_section][et_pb_section fb_built=&#8220;1&#8243; _builder_version=&#8220;4.7.6&#8243; _module_preset=&#8220;default&#8220;][et_pb_row column_structure=&#8220;1_4,3_4&#8243; admin_label=&#8220;row&#8220; _builder_version=&#8220;3.25&#8243; background_size=&#8220;initial&#8220; background_position=&#8220;top_left&#8220; background_repeat=&#8220;repeat&#8220; min_height=&#8220;668.9px&#8220;][et_pb_column type=&#8220;1_4&#8243; _builder_version=&#8220;3.25&#8243; custom_padding=&#8220;|||&#8220; custom_padding__hover=&#8220;|||&#8220;][et_pb_image src=&#8220;https:\/\/teambananenflanke.de\/muenchen\/wp-content\/uploads\/2025\/09\/spenden.jpg&#8220; title_text=&#8220;spenden&#8220; _builder_version=&#8220;4.7.6&#8243; _module_preset=&#8220;default&#8220;][\/et_pb_image][\/et_pb_column][et_pb_column type=&#8220;3_4&#8243; _builder_version=&#8220;3.25&#8243; custom_padding=&#8220;|||&#8220; custom_padding__hover=&#8220;|||&#8220;][et_pb_text admin_label=&#8220;Text&#8220; _builder_version=&#8220;4.7.6&#8243; background_size=&#8220;initial&#8220; background_position=&#8220;top_left&#8220; background_repeat=&#8220;repeat&#8220;]<\/p>\n<p><span style=\"font-size: 14px;\">Als gemeinn\u00fctziger Verein lebt das\u00a0<\/span><b data-path-to-node=\"5\" data-index-in-node=\"35\" style=\"font-size: 14px;\">Team Bananenflanke M\u00fcnchen e.V.<\/b><span style=\"font-size: 14px;\"> vom Engagement und der Unterst\u00fctzung unserer Gemeinschaft. Um unseren Spielern eine professionelle und freudige Umgebung zu bieten, sind wir auf Spenden angewiesen. Jeder Beitrag flie\u00dft direkt in die F\u00f6rderung unserer Kids.<\/span><\/p>\n<p>&nbsp;<\/p>\n<p data-path-to-node=\"6\"><b data-path-to-node=\"6\" data-index-in-node=\"0\">Daf\u00fcr nutzen wir deine Spende:<\/b><\/p>\n<ul data-path-to-node=\"7\">\n<li>\n<p data-path-to-node=\"7,0,0\"><b data-path-to-node=\"7,0,0\" data-index-in-node=\"0\">Ausr\u00fcstung:<\/b> Neue Trikots\u00e4tze, B\u00e4lle, Leibchen und moderne Trainingsutensilien.<\/p>\n<\/li>\n<li>\n<p data-path-to-node=\"7,1,0\"><b data-path-to-node=\"7,1,0\" data-index-in-node=\"0\">Verpflegung:<\/b>\u00a0Getr\u00e4nke und gesunde Snacks f\u00fcr unsere Spieltage und Events.<\/p>\n<\/li>\n<li>\n<p data-path-to-node=\"7,2,0\"><b data-path-to-node=\"7,2,0\" data-index-in-node=\"0\">Unser Highlight:<\/b> Die Mitfinanzierung unseres j\u00e4hrlichen\u00a0<b data-path-to-node=\"7,2,0\" data-index-in-node=\"66\">Trainingslagers<\/b>, um allen Kindern die Teilnahme zu erm\u00f6glichen.<\/p>\n<\/li>\n<\/ul>\n<p>&nbsp;<\/p>\n<p data-path-to-node=\"8\"><b data-path-to-node=\"8\" data-index-in-node=\"0\">So kannst du uns unterst\u00fctzen:<\/b><\/p>\n<p data-path-to-node=\"8\" style=\"padding-left: 30px;\"><strong>Per Bank\u00fcberweisung<\/strong><\/p>\n<p data-path-to-node=\"8\" style=\"padding-left: 60px;\"><strong>Empf\u00e4nger: <\/strong>Team Bananenflanke M\u00fcnchen e.V.<\/p>\n<p data-path-to-node=\"8\" style=\"padding-left: 60px;\"><strong style=\"font-size: 14px;\">IBAN:<\/strong><span style=\"font-size: 14px;\"> DE23701900000002836890<\/span><\/p>\n<p data-path-to-node=\"8\" style=\"padding-left: 60px;\"><strong>BIC:<\/strong> GENODEF1M01<\/p>\n<p data-path-to-node=\"8\" style=\"padding-left: 30px;\"><strong style=\"font-size: 14px;\">Per PayPal<\/strong><\/p>\n<p data-path-to-node=\"8\" style=\"padding-left: 60px;\">Schnell und einfach via Link <a href=\"https:\/\/www.paypal.me\/BFLMUC\">@BFLMUC<\/a><\/p>\n<p data-path-to-node=\"8\" style=\"padding-left: 60px;\"><b data-path-to-node=\"9,2,0,0\" data-index-in-node=\"0\">PayPal-Nutzername: <\/b>@BFLMUC<span><\/span><\/p>\n<p data-path-to-node=\"8\" style=\"padding-left: 60px;\"><span>(Kontoinhaber: Roman Koslowski)<\/span><span style=\"font-size: 14px;\">\u00a0<\/span><br \/><b data-path-to-node=\"9,2,0,0\" data-index-in-node=\"0\"><\/b><\/p>\n<p>[\/et_pb_text][\/et_pb_column][\/et_pb_row][\/et_pb_section]<\/p>\n","protected":false},"excerpt":{"rendered":"<p>[et_pb_section fb_built=&#8220;1&#8243; fullwidth=&#8220;on&#8220; _builder_version=&#8220;4.7.6&#8243; _module_preset=&#8220;default&#8220;][et_pb_fullwidth_image src=&#8220;https:\/\/team-bananenflanke.de\/muenchen\/wp-content\/uploads\/2025\/12\/853e1a65-ae9e-4794-baab-eb69650de5b4.jpg&#8220; title_text=&#8220;853e1a65-ae9e-4794-baab-eb69650de5b4&#8243; src_tablet=&#8220;&#8220; src_phone=&#8220;&#8220; src_last_edited=&#8220;on|phone&#8220; _builder_version=&#8220;4.7.6&#8243; _module_preset=&#8220;default&#8220;][\/et_pb_fullwidth_image][\/et_pb_section][et_pb_section fb_built=&#8220;1&#8243; _builder_version=&#8220;4.7.6&#8243; _module_preset=&#8220;default&#8220;][et_pb_row column_structure=&#8220;1_4,3_4&#8243; admin_label=&#8220;row&#8220; _builder_version=&#8220;3.25&#8243; background_size=&#8220;initial&#8220; background_position=&#8220;top_left&#8220; background_repeat=&#8220;repeat&#8220; min_height=&#8220;668.9px&#8220;][et_pb_column type=&#8220;1_4&#8243; _builder_version=&#8220;3.25&#8243; custom_padding=&#8220;|||&#8220; custom_padding__hover=&#8220;|||&#8220;][et_pb_image src=&#8220;https:\/\/teambananenflanke.de\/muenchen\/wp-content\/uploads\/2025\/09\/spenden.jpg&#8220; title_text=&#8220;spenden&#8220; _builder_version=&#8220;4.7.6&#8243; _module_preset=&#8220;default&#8220;][\/et_pb_image][\/et_pb_column][et_pb_column type=&#8220;3_4&#8243; _builder_version=&#8220;3.25&#8243; custom_padding=&#8220;|||&#8220; custom_padding__hover=&#8220;|||&#8220;][et_pb_text admin_label=&#8220;Text&#8220; _builder_version=&#8220;4.7.6&#8243; background_size=&#8220;initial&#8220; background_position=&#8220;top_left&#8220; background_repeat=&#8220;repeat&#8220;] Als gemeinn\u00fctziger Verein lebt das\u00a0Team Bananenflanke M\u00fcnchen e.V. vom Engagement und der Unterst\u00fctzung unserer Gemeinschaft. Um [&hellip;]<\/p>\n","protected":false},"author":1,"featured_media":0,"parent":0,"menu_order":0,"comment_status":"closed","ping_status":"open","template":"","meta":{"_et_pb_use_builder":"on","_et_pb_old_content":"<!-- wp:paragraph -->\r\n<p>Dies ist eine Beispiel-Seite. Sie unterscheidet sich von Beitr\u00e4gen, da sie stets an derselben Stelle bleibt und (bei den meisten Themes) in der Website-Navigation angezeigt wird. Die meisten starten mit einem Impressum, der Datenschutzerkl\u00e4rung oder einer \u201e\u00dcber\u00a0uns\u201c-Seite, um sich potenziellen Besuchern der Website vorzustellen. Dort k\u00f6nnte zum Beispiel stehen:<\/p>\r\n<!-- \/wp:paragraph -->\r\n\r\n<!-- wp:quote -->\r\n<blockquote class=\"wp-block-quote\"><p>Hallo! Tags\u00fcber arbeite ich als Fahrradkurier, nachts bin ich ein aufstrebender Schauspieler und dies hier ist meine Website. Ich lebe in Berlin, habe einen gro\u00dfen Hund namens Jack, mag Pi\u00f1a Coladas, jedoch weniger (ohne Schirm) im Regen stehen gelassen zu werden.<\/p><\/blockquote>\r\n<!-- \/wp:quote -->\r\n\r\n<!-- wp:paragraph -->\r\n<p>...\u00a0oder so etwas wie:<\/p>\r\n<!-- \/wp:paragraph -->\r\n\r\n<!-- wp:quote -->\r\n<blockquote class=\"wp-block-quote\"><p>Das Unternehmen XYZ wurde 1971 gegr\u00fcndet und versorgt die \u00d6ffentlichkeit seither mit qualitativ hochwertigen Produkten. An seinem Standort in einer kleinen Gro\u00dfstadt besch\u00e4ftigt der Betrieb \u00fcber 2.000 Menschen und unterst\u00fctzt die Stadtbewohner in vielfacher Hinsicht.<\/p><\/blockquote>\r\n<!-- \/wp:quote -->\r\n\r\n<!-- wp:paragraph -->\r\n<p>Als neuer WordPress-Benutzer solltest du <a href=\"https:\/\/teambananenflanke.de\/muenchen\/wp-admin\/\">dein Dashboard<\/a> aufrufen, um diese Seite zu l\u00f6schen und neue Seiten und Beitr\u00e4ge f\u00fcr deine Website erstellen. Viel Spa\u00df!<\/p>\r\n<!-- \/wp:paragraph -->","_et_gb_content_width":"","footnotes":""},"class_list":["post-29","page","type-page","status-publish","hentry"],"yoast_head":"<!-- This site is optimized with the Yoast SEO plugin v27.3 - https:\/\/yoast.com\/product\/yoast-seo-wordpress\/ -->\n<title>Spenden - Team Bananenflanke\u00ae M\u00fcnchen e.V.<\/title>\n<meta name=\"description\" content=\"Unterst\u00fctze das Team Bananenflanke M\u00fcnchen mit einer Spende. Hilf uns, inklusiven Fu\u00dfball f\u00fcr Kinder und Jugendliche zu erm\u00f6glichen.\" \/>\n<meta name=\"robots\" content=\"index, follow, max-snippet:-1, max-image-preview:large, max-video-preview:-1\" \/>\n<link rel=\"canonical\" href=\"https:\/\/team-bananenflanke.de\/muenchen\/spenden\/\" \/>\n<meta property=\"og:locale\" content=\"de_DE\" \/>\n<meta property=\"og:type\" content=\"article\" \/>\n<meta property=\"og:title\" content=\"Spenden - Team Bananenflanke\u00ae M\u00fcnchen e.V.\" \/>\n<meta property=\"og:description\" content=\"Unterst\u00fctze das Team Bananenflanke M\u00fcnchen mit einer Spende. Hilf uns, inklusiven Fu\u00dfball f\u00fcr Kinder und Jugendliche zu erm\u00f6glichen.\" \/>\n<meta property=\"og:url\" content=\"https:\/\/team-bananenflanke.de\/muenchen\/spenden\/\" \/>\n<meta property=\"og:site_name\" content=\"Team Bananenflanke\u00ae M\u00fcnchen e.V.\" \/>\n<meta property=\"article:modified_time\" content=\"2026-03-01T16:35:41+00:00\" \/>\n<meta name=\"twitter:card\" content=\"summary_large_image\" \/>\n<meta name=\"twitter:label1\" content=\"Gesch\u00e4tzte Lesezeit\" \/>\n\t<meta name=\"twitter:data1\" content=\"1\u00a0Minute\" \/>\n<script type=\"application\/ld+json\" class=\"yoast-schema-graph\">{\"@context\":\"https:\\\/\\\/schema.org\",\"@graph\":[{\"@type\":\"WebPage\",\"@id\":\"https:\\\/\\\/team-bananenflanke.de\\\/muenchen\\\/spenden\\\/\",\"url\":\"https:\\\/\\\/team-bananenflanke.de\\\/muenchen\\\/spenden\\\/\",\"name\":\"Spenden - Team Bananenflanke\u00ae M\u00fcnchen e.V.\",\"isPartOf\":{\"@id\":\"https:\\\/\\\/team-bananenflanke.de\\\/muenchen\\\/#website\"},\"datePublished\":\"2023-10-19T11:28:58+00:00\",\"dateModified\":\"2026-03-01T16:35:41+00:00\",\"description\":\"Unterst\u00fctze das Team Bananenflanke M\u00fcnchen mit einer Spende. Hilf uns, inklusiven Fu\u00dfball f\u00fcr Kinder und Jugendliche zu erm\u00f6glichen.\",\"breadcrumb\":{\"@id\":\"https:\\\/\\\/team-bananenflanke.de\\\/muenchen\\\/spenden\\\/#breadcrumb\"},\"inLanguage\":\"de\",\"potentialAction\":[{\"@type\":\"ReadAction\",\"target\":[\"https:\\\/\\\/team-bananenflanke.de\\\/muenchen\\\/spenden\\\/\"]}]},{\"@type\":\"BreadcrumbList\",\"@id\":\"https:\\\/\\\/team-bananenflanke.de\\\/muenchen\\\/spenden\\\/#breadcrumb\",\"itemListElement\":[{\"@type\":\"ListItem\",\"position\":1,\"name\":\"Startseite\",\"item\":\"https:\\\/\\\/team-bananenflanke.de\\\/muenchen\\\/\"},{\"@type\":\"ListItem\",\"position\":2,\"name\":\"Spenden\"}]},{\"@type\":\"WebSite\",\"@id\":\"https:\\\/\\\/team-bananenflanke.de\\\/muenchen\\\/#website\",\"url\":\"https:\\\/\\\/team-bananenflanke.de\\\/muenchen\\\/\",\"name\":\"Team Bananenflanke\u00ae M\u00fcnchen e.V.\",\"description\":\"Fu\u00dfball kennt keine Grenzen!\",\"potentialAction\":[{\"@type\":\"SearchAction\",\"target\":{\"@type\":\"EntryPoint\",\"urlTemplate\":\"https:\\\/\\\/team-bananenflanke.de\\\/muenchen\\\/?s={search_term_string}\"},\"query-input\":{\"@type\":\"PropertyValueSpecification\",\"valueRequired\":true,\"valueName\":\"search_term_string\"}}],\"inLanguage\":\"de\"}]}<\/script>\n<!-- \/ Yoast SEO plugin. -->","yoast_head_json":{"title":"Spenden - Team Bananenflanke\u00ae M\u00fcnchen e.V.","description":"Unterst\u00fctze das Team Bananenflanke M\u00fcnchen mit einer Spende. Hilf uns, inklusiven Fu\u00dfball f\u00fcr Kinder und Jugendliche zu erm\u00f6glichen.","robots":{"index":"index","follow":"follow","max-snippet":"max-snippet:-1","max-image-preview":"max-image-preview:large","max-video-preview":"max-video-preview:-1"},"canonical":"https:\/\/team-bananenflanke.de\/muenchen\/spenden\/","og_locale":"de_DE","og_type":"article","og_title":"Spenden - Team Bananenflanke\u00ae M\u00fcnchen e.V.","og_description":"Unterst\u00fctze das Team Bananenflanke M\u00fcnchen mit einer Spende. Hilf uns, inklusiven Fu\u00dfball f\u00fcr Kinder und Jugendliche zu erm\u00f6glichen.","og_url":"https:\/\/team-bananenflanke.de\/muenchen\/spenden\/","og_site_name":"Team Bananenflanke\u00ae M\u00fcnchen e.V.","article_modified_time":"2026-03-01T16:35:41+00:00","twitter_card":"summary_large_image","twitter_misc":{"Gesch\u00e4tzte Lesezeit":"1\u00a0Minute"},"schema":{"@context":"https:\/\/schema.org","@graph":[{"@type":"WebPage","@id":"https:\/\/team-bananenflanke.de\/muenchen\/spenden\/","url":"https:\/\/team-bananenflanke.de\/muenchen\/spenden\/","name":"Spenden - Team Bananenflanke\u00ae M\u00fcnchen e.V.","isPartOf":{"@id":"https:\/\/team-bananenflanke.de\/muenchen\/#website"},"datePublished":"2023-10-19T11:28:58+00:00","dateModified":"2026-03-01T16:35:41+00:00","description":"Unterst\u00fctze das Team Bananenflanke M\u00fcnchen mit einer Spende. Hilf uns, inklusiven Fu\u00dfball f\u00fcr Kinder und Jugendliche zu erm\u00f6glichen.","breadcrumb":{"@id":"https:\/\/team-bananenflanke.de\/muenchen\/spenden\/#breadcrumb"},"inLanguage":"de","potentialAction":[{"@type":"ReadAction","target":["https:\/\/team-bananenflanke.de\/muenchen\/spenden\/"]}]},{"@type":"BreadcrumbList","@id":"https:\/\/team-bananenflanke.de\/muenchen\/spenden\/#breadcrumb","itemListElement":[{"@type":"ListItem","position":1,"name":"Startseite","item":"https:\/\/team-bananenflanke.de\/muenchen\/"},{"@type":"ListItem","position":2,"name":"Spenden"}]},{"@type":"WebSite","@id":"https:\/\/team-bananenflanke.de\/muenchen\/#website","url":"https:\/\/team-bananenflanke.de\/muenchen\/","name":"Team Bananenflanke\u00ae M\u00fcnchen e.V.","description":"Fu\u00dfball kennt keine Grenzen!","potentialAction":[{"@type":"SearchAction","target":{"@type":"EntryPoint","urlTemplate":"https:\/\/team-bananenflanke.de\/muenchen\/?s={search_term_string}"},"query-input":{"@type":"PropertyValueSpecification","valueRequired":true,"valueName":"search_term_string"}}],"inLanguage":"de"}]}},"_links":{"self":[{"href":"https:\/\/team-bananenflanke.de\/muenchen\/wp-json\/wp\/v2\/pages\/29","targetHints":{"allow":["GET"]}}],"collection":[{"href":"https:\/\/team-bananenflanke.de\/muenchen\/wp-json\/wp\/v2\/pages"}],"about":[{"href":"https:\/\/team-bananenflanke.de\/muenchen\/wp-json\/wp\/v2\/types\/page"}],"author":[{"embeddable":true,"href":"https:\/\/team-bananenflanke.de\/muenchen\/wp-json\/wp\/v2\/users\/1"}],"replies":[{"embeddable":true,"href":"https:\/\/team-bananenflanke.de\/muenchen\/wp-json\/wp\/v2\/comments?post=29"}],"version-history":[{"count":20,"href":"https:\/\/team-bananenflanke.de\/muenchen\/wp-json\/wp\/v2\/pages\/29\/revisions"}],"predecessor-version":[{"id":243,"href":"https:\/\/team-bananenflanke.de\/muenchen\/wp-json\/wp\/v2\/pages\/29\/revisions\/243"}],"wp:attachment":[{"href":"https:\/\/team-bananenflanke.de\/muenchen\/wp-json\/wp\/v2\/media?parent=29"}],"curies":[{"name":"wp","href":"https:\/\/api.w.org\/{rel}","templated":true}]}}