{"id":2,"date":"2023-07-04T21:49:18","date_gmt":"2023-07-04T19:49:18","guid":{"rendered":"https:\/\/teambananenflanke.de\/landshut\/?page_id=2"},"modified":"2026-04-17T13:34:04","modified_gmt":"2026-04-17T11:34:04","slug":"startseite-team-bananenflanke-landshut","status":"publish","type":"page","link":"https:\/\/team-bananenflanke.de\/landshut\/","title":{"rendered":"Home"},"content":{"rendered":"[et_pb_section fb_built=&#8220;1&#8243; fullwidth=&#8220;on&#8220; _builder_version=&#8220;4.7.6&#8243; _module_preset=&#8220;default&#8220;][et_pb_fullwidth_image src=&#8220;https:\/\/team-bananenflanke.de\/landshut\/wp-content\/uploads\/2023\/07\/slider.jpg&#8220; title_text=&#8220;slider&#8220; _builder_version=&#8220;4.7.6&#8243; _module_preset=&#8220;default&#8220;][\/et_pb_fullwidth_image][\/et_pb_section][et_pb_section fb_built=&#8220;1&#8243; admin_label=&#8220;section&#8220; _builder_version=&#8220;3.22&#8243;][et_pb_row admin_label=&#8220;row&#8220; _builder_version=&#8220;3.25&#8243; background_size=&#8220;initial&#8220; background_position=&#8220;top_left&#8220; background_repeat=&#8220;repeat&#8220;][et_pb_column type=&#8220;4_4&#8243; _builder_version=&#8220;3.25&#8243; custom_padding=&#8220;|||&#8220; custom_padding__hover=&#8220;|||&#8220;][et_pb_text admin_label=&#8220;Text&#8220; _builder_version=&#8220;4.7.6&#8243; background_color=&#8220;#ffffff&#8220; background_size=&#8220;initial&#8220; background_position=&#8220;top_left&#8220; background_repeat=&#8220;repeat&#8220; link_option_url_new_window=&#8220;on&#8220; hover_enabled=&#8220;0&#8243; sticky_enabled=&#8220;0&#8243;]<h1>Herzlich willkommen auf unserer Internetseite<\/h1>\n<p>Das\u00a0<strong>Team Bananenflanke Landshut e.V.<\/strong>\u00a0wurde am 14. Dezember 2015 gegr\u00fcndet und ist ein Verein f\u00fcr geistig beeintr\u00e4chtigte Kinder und Jugendliche. Bei uns dreht sich alles um das runde Leder, nach dem Motto: \u201eFu\u00dfball kennt keine Grenzen!\u201c<\/p>\n<p><strong>Vorstand:<\/strong>\u00a0Gerd Aufleger, Oliver Lieb,\u00a0Christian Temporale, Elke Denk<\/p>\n<p><strong>Ehrenvorstand:<\/strong>\u00a0Florian Frohnholzer<\/p>\n<p><strong>Trainerteam:<\/strong> Gerd Aufleger, Elke Denk, Alois Geisperger, Marcus Hegele, B\u00e4rbel H\u00fcber, Melanie K\u00fchn, Oliver Lieb, Maik Naumann, Ulli Sager, Rudi Simmerbauer, Jakob Stickel, Andre Wiesheu<\/p>\n<p><strong>Pressesprecher:<\/strong>\u00a0Marcus Hegele<\/p>\n<p><strong>Training:<\/strong>\u00a0Freitag, 16:00 &#8211; 17:30 Uhr beim\u00a0<a title=\"TV 64 Landshut\" href=\"https:\/\/goo.gl\/maps\/ZvVZA1i6qqE971hS8\" target=\"_blank\" rel=\"noopener\">TV 64 Landshut<\/a>\u00a0(Breslauer Str. 123, 84028 Landshut)<\/p>\n<p>Wir hei\u00dfen Interessenten und Fu\u00dfballbegeisterte herzlich willkommen! Schreib uns einfach eine Nachricht oder ruf uns an. Wir freuen uns auf dich!<\/p>\n<p><a href=\"https:\/\/team-bananenflanke.de\/landshut\/wp-content\/uploads\/2026\/04\/Mitgliedsantrag-Bananenflanke.pdf\" target=\"_blank\" rel=\"noopener\">Aufnahmeantrag \/ Mitgliedschaft<\/a><\/p>\n<p><a href=\"https:\/\/landshut.niederbayerntv.de\/mediathek\/video\/10-jaehriges-bestehen-team-bananenflanke-feiert-jubilaeum\/\" target=\"_blank\" rel=\"noopener\">10-j\u00e4hriges Bestehen \u2013 Team Bananenflanke feiert Jubil\u00e4um | Niederbayern TV Landshut<\/a><\/p>\n<p><\/p>\n[\/et_pb_text][\/et_pb_column][\/et_pb_row][\/et_pb_section]","protected":false},"excerpt":{"rendered":"<p>[et_pb_section fb_built=&#8220;1&#8243; fullwidth=&#8220;on&#8220; _builder_version=&#8220;4.7.6&#8243; _module_preset=&#8220;default&#8220;][et_pb_fullwidth_image src=&#8220;https:\/\/team-bananenflanke.de\/landshut\/wp-content\/uploads\/2023\/07\/slider.jpg&#8220; title_text=&#8220;slider&#8220; _builder_version=&#8220;4.7.6&#8243; _module_preset=&#8220;default&#8220;][\/et_pb_fullwidth_image][\/et_pb_section][et_pb_section fb_built=&#8220;1&#8243; admin_label=&#8220;section&#8220; _builder_version=&#8220;3.22&#8243;][et_pb_row admin_label=&#8220;row&#8220; _builder_version=&#8220;3.25&#8243; background_size=&#8220;initial&#8220; background_position=&#8220;top_left&#8220; background_repeat=&#8220;repeat&#8220;][et_pb_column type=&#8220;4_4&#8243; _builder_version=&#8220;3.25&#8243; custom_padding=&#8220;|||&#8220; custom_padding__hover=&#8220;|||&#8220;][et_pb_text admin_label=&#8220;Text&#8220; _builder_version=&#8220;4.7.6&#8243; background_color=&#8220;#ffffff&#8220; background_size=&#8220;initial&#8220; background_position=&#8220;top_left&#8220; background_repeat=&#8220;repeat&#8220; link_option_url_new_window=&#8220;on&#8220; hover_enabled=&#8220;0&#8243; sticky_enabled=&#8220;0&#8243;] Herzlich willkommen auf unserer Internetseite Das\u00a0Team Bananenflanke Landshut e.V.\u00a0wurde am 14. Dezember 2015 gegr\u00fcndet und ist ein Verein f\u00fcr geistig beeintr\u00e4chtigte Kinder und Jugendliche. Bei [&hellip;]<\/p>\n","protected":false},"author":1,"featured_media":0,"parent":0,"menu_order":0,"comment_status":"closed","ping_status":"closed","template":"","meta":{"_et_pb_use_builder":"on","_et_pb_old_content":"<!-- wp:paragraph -->\r\n<p>Dies ist eine Beispiel-Seite. Sie unterscheidet sich von Beitr\u00e4gen, da sie stets an derselben Stelle bleibt und (bei den meisten Themes) in der Website-Navigation angezeigt wird. Die meisten starten mit einem Impressum, der Datenschutzerkl\u00e4rung oder einer \u201e\u00dcber\u00a0uns\u201c-Seite, um sich potenziellen Besuchern der Website vorzustellen. Dort k\u00f6nnte zum Beispiel stehen:<\/p>\r\n<!-- \/wp:paragraph -->\r\n\r\n<!-- wp:quote -->\r\n<blockquote class=\"wp-block-quote\"><p>Hallo! Tags\u00fcber arbeite ich als Fahrradkurier, nachts bin ich ein aufstrebender Schauspieler und dies hier ist meine Website. Ich lebe in Berlin, habe einen gro\u00dfen Hund namens Jack, mag Pi\u00f1a Coladas, jedoch weniger (ohne Schirm) im Regen stehen gelassen zu werden.<\/p><\/blockquote>\r\n<!-- \/wp:quote -->\r\n\r\n<!-- wp:paragraph -->\r\n<p>...\u00a0oder so etwas wie:<\/p>\r\n<!-- \/wp:paragraph -->\r\n\r\n<!-- wp:quote -->\r\n<blockquote class=\"wp-block-quote\"><p>Das Unternehmen XYZ wurde 1971 gegr\u00fcndet und versorgt die \u00d6ffentlichkeit seither mit qualitativ hochwertigen Produkten. An seinem Standort in einer kleinen Gro\u00dfstadt besch\u00e4ftigt der Betrieb \u00fcber 2.000 Menschen und unterst\u00fctzt die Stadtbewohner in vielfacher Hinsicht.<\/p><\/blockquote>\r\n<!-- \/wp:quote -->\r\n\r\n<!-- wp:paragraph -->\r\n<p>Als neuer WordPress-Benutzer solltest du <a href=\"https:\/\/teambananenflanke.de\/landshut\/wp-admin\/\">dein Dashboard<\/a> aufrufen, um diese Seite zu l\u00f6schen und neue Seiten und Beitr\u00e4ge f\u00fcr deine Website erstellen. Viel Spa\u00df!<\/p>\r\n<!-- \/wp:paragraph -->","_et_gb_content_width":"","footnotes":""},"class_list":["post-2","page","type-page","status-publish","hentry"],"yoast_head":"<!-- This site is optimized with the Yoast SEO plugin v27.4 - https:\/\/yoast.com\/product\/yoast-seo-wordpress\/ -->\n<title>Home - Team Bananenflanke\u00ae Landshut e.V.<\/title>\n<meta name=\"description\" content=\"Das Team Bananenflanke Landshut begeistert Kinder und Jugendliche f\u00fcr inklusiven Fu\u00dfball. Erfahre mehr \u00fcber unser Projekt und Events.\" \/>\n<meta name=\"robots\" content=\"index, follow, max-snippet:-1, max-image-preview:large, max-video-preview:-1\" \/>\n<link rel=\"canonical\" href=\"https:\/\/team-bananenflanke.de\/landshut\/\" \/>\n<meta property=\"og:locale\" content=\"de_DE\" \/>\n<meta property=\"og:type\" content=\"article\" \/>\n<meta property=\"og:title\" content=\"Home - Team Bananenflanke\u00ae Landshut e.V.\" \/>\n<meta property=\"og:description\" content=\"Das Team Bananenflanke Landshut begeistert Kinder und Jugendliche f\u00fcr inklusiven Fu\u00dfball. Erfahre mehr \u00fcber unser Projekt und Events.\" \/>\n<meta property=\"og:url\" content=\"https:\/\/team-bananenflanke.de\/landshut\/\" \/>\n<meta property=\"og:site_name\" content=\"Team Bananenflanke\u00ae Landshut e.V.\" \/>\n<meta property=\"article:modified_time\" content=\"2026-04-17T11:34:04+00:00\" \/>\n<meta name=\"twitter:card\" content=\"summary_large_image\" \/>\n<meta name=\"twitter:label1\" content=\"Gesch\u00e4tzte Lesezeit\" \/>\n\t<meta name=\"twitter:data1\" content=\"1\u00a0Minute\" \/>\n<script type=\"application\/ld+json\" class=\"yoast-schema-graph\">{\"@context\":\"https:\\\/\\\/schema.org\",\"@graph\":[{\"@type\":\"WebPage\",\"@id\":\"https:\\\/\\\/team-bananenflanke.de\\\/landshut\\\/\",\"url\":\"https:\\\/\\\/team-bananenflanke.de\\\/landshut\\\/\",\"name\":\"Home - Team Bananenflanke\u00ae Landshut e.V.\",\"isPartOf\":{\"@id\":\"https:\\\/\\\/team-bananenflanke.de\\\/landshut\\\/#website\"},\"datePublished\":\"2023-07-04T19:49:18+00:00\",\"dateModified\":\"2026-04-17T11:34:04+00:00\",\"description\":\"Das Team Bananenflanke Landshut begeistert Kinder und Jugendliche f\u00fcr inklusiven Fu\u00dfball. Erfahre mehr \u00fcber unser Projekt und Events.\",\"breadcrumb\":{\"@id\":\"https:\\\/\\\/team-bananenflanke.de\\\/landshut\\\/#breadcrumb\"},\"inLanguage\":\"de\",\"potentialAction\":[{\"@type\":\"ReadAction\",\"target\":[\"https:\\\/\\\/team-bananenflanke.de\\\/landshut\\\/\"]}]},{\"@type\":\"BreadcrumbList\",\"@id\":\"https:\\\/\\\/team-bananenflanke.de\\\/landshut\\\/#breadcrumb\",\"itemListElement\":[{\"@type\":\"ListItem\",\"position\":1,\"name\":\"Startseite\",\"item\":\"https:\\\/\\\/team-bananenflanke.de\\\/landshut\\\/\"},{\"@type\":\"ListItem\",\"position\":2,\"name\":\"Home\"}]},{\"@type\":\"WebSite\",\"@id\":\"https:\\\/\\\/team-bananenflanke.de\\\/landshut\\\/#website\",\"url\":\"https:\\\/\\\/team-bananenflanke.de\\\/landshut\\\/\",\"name\":\"Team Bananenflanke\u00ae Landshut e.V.\",\"description\":\"Fu\u00dfball kennt keine Grenzen!\",\"potentialAction\":[{\"@type\":\"SearchAction\",\"target\":{\"@type\":\"EntryPoint\",\"urlTemplate\":\"https:\\\/\\\/team-bananenflanke.de\\\/landshut\\\/?s={search_term_string}\"},\"query-input\":{\"@type\":\"PropertyValueSpecification\",\"valueRequired\":true,\"valueName\":\"search_term_string\"}}],\"inLanguage\":\"de\"}]}<\/script>\n<!-- \/ Yoast SEO plugin. -->","yoast_head_json":{"title":"Home - Team Bananenflanke\u00ae Landshut e.V.","description":"Das Team Bananenflanke Landshut begeistert Kinder und Jugendliche f\u00fcr inklusiven Fu\u00dfball. Erfahre mehr \u00fcber unser Projekt und Events.","robots":{"index":"index","follow":"follow","max-snippet":"max-snippet:-1","max-image-preview":"max-image-preview:large","max-video-preview":"max-video-preview:-1"},"canonical":"https:\/\/team-bananenflanke.de\/landshut\/","og_locale":"de_DE","og_type":"article","og_title":"Home - Team Bananenflanke\u00ae Landshut e.V.","og_description":"Das Team Bananenflanke Landshut begeistert Kinder und Jugendliche f\u00fcr inklusiven Fu\u00dfball. Erfahre mehr \u00fcber unser Projekt und Events.","og_url":"https:\/\/team-bananenflanke.de\/landshut\/","og_site_name":"Team Bananenflanke\u00ae Landshut e.V.","article_modified_time":"2026-04-17T11:34:04+00:00","twitter_card":"summary_large_image","twitter_misc":{"Gesch\u00e4tzte Lesezeit":"1\u00a0Minute"},"schema":{"@context":"https:\/\/schema.org","@graph":[{"@type":"WebPage","@id":"https:\/\/team-bananenflanke.de\/landshut\/","url":"https:\/\/team-bananenflanke.de\/landshut\/","name":"Home - Team Bananenflanke\u00ae Landshut e.V.","isPartOf":{"@id":"https:\/\/team-bananenflanke.de\/landshut\/#website"},"datePublished":"2023-07-04T19:49:18+00:00","dateModified":"2026-04-17T11:34:04+00:00","description":"Das Team Bananenflanke Landshut begeistert Kinder und Jugendliche f\u00fcr inklusiven Fu\u00dfball. Erfahre mehr \u00fcber unser Projekt und Events.","breadcrumb":{"@id":"https:\/\/team-bananenflanke.de\/landshut\/#breadcrumb"},"inLanguage":"de","potentialAction":[{"@type":"ReadAction","target":["https:\/\/team-bananenflanke.de\/landshut\/"]}]},{"@type":"BreadcrumbList","@id":"https:\/\/team-bananenflanke.de\/landshut\/#breadcrumb","itemListElement":[{"@type":"ListItem","position":1,"name":"Startseite","item":"https:\/\/team-bananenflanke.de\/landshut\/"},{"@type":"ListItem","position":2,"name":"Home"}]},{"@type":"WebSite","@id":"https:\/\/team-bananenflanke.de\/landshut\/#website","url":"https:\/\/team-bananenflanke.de\/landshut\/","name":"Team Bananenflanke\u00ae Landshut e.V.","description":"Fu\u00dfball kennt keine Grenzen!","potentialAction":[{"@type":"SearchAction","target":{"@type":"EntryPoint","urlTemplate":"https:\/\/team-bananenflanke.de\/landshut\/?s={search_term_string}"},"query-input":{"@type":"PropertyValueSpecification","valueRequired":true,"valueName":"search_term_string"}}],"inLanguage":"de"}]}},"_links":{"self":[{"href":"https:\/\/team-bananenflanke.de\/landshut\/wp-json\/wp\/v2\/pages\/2","targetHints":{"allow":["GET"]}}],"collection":[{"href":"https:\/\/team-bananenflanke.de\/landshut\/wp-json\/wp\/v2\/pages"}],"about":[{"href":"https:\/\/team-bananenflanke.de\/landshut\/wp-json\/wp\/v2\/types\/page"}],"author":[{"embeddable":true,"href":"https:\/\/team-bananenflanke.de\/landshut\/wp-json\/wp\/v2\/users\/1"}],"replies":[{"embeddable":true,"href":"https:\/\/team-bananenflanke.de\/landshut\/wp-json\/wp\/v2\/comments?post=2"}],"version-history":[{"count":28,"href":"https:\/\/team-bananenflanke.de\/landshut\/wp-json\/wp\/v2\/pages\/2\/revisions"}],"predecessor-version":[{"id":415,"href":"https:\/\/team-bananenflanke.de\/landshut\/wp-json\/wp\/v2\/pages\/2\/revisions\/415"}],"wp:attachment":[{"href":"https:\/\/team-bananenflanke.de\/landshut\/wp-json\/wp\/v2\/media?parent=2"}],"curies":[{"name":"wp","href":"https:\/\/api.w.org\/{rel}","templated":true}]}}