{"id":92,"date":"2023-07-03T21:10:01","date_gmt":"2023-07-03T19:10:01","guid":{"rendered":"https:\/\/teambananenflanke.de\/koeln\/?page_id=92"},"modified":"2025-11-24T12:50:53","modified_gmt":"2025-11-24T11:50:53","slug":"das-training-team-bananenflanke-koeln","status":"publish","type":"page","link":"https:\/\/team-bananenflanke.de\/koeln\/das-training-team-bananenflanke-koeln\/","title":{"rendered":"Das Training"},"content":{"rendered":"[et_pb_section fb_built=&#8220;1&#8243; fullwidth=&#8220;on&#8220; _builder_version=&#8220;4.7.6&#8243; _module_preset=&#8220;default&#8220;][et_pb_fullwidth_slider _builder_version=&#8220;4.7.6&#8243; _module_preset=&#8220;default&#8220;][et_pb_slide _builder_version=&#8220;4.7.6&#8243; _module_preset=&#8220;default&#8220; background_image=&#8220;https:\/\/teambananenflanke.de\/koeln\/wp-content\/uploads\/2023\/07\/slider.jpg&#8220; background_enable_image=&#8220;on&#8220; sticky_transition=&#8220;on&#8220;]<img loading=\"lazy\" decoding=\"async\" class=\"wp-image-16 alignnone size-full\" src=\"https:\/\/teambananenflanke.de\/koeln\/wp-content\/uploads\/2023\/07\/bull.png\" alt=\"\" width=\"150\" height=\"1\" \/>[\/et_pb_slide][\/et_pb_fullwidth_slider][\/et_pb_section][et_pb_section fb_built=&#8220;1&#8243; admin_label=&#8220;section&#8220; _builder_version=&#8220;3.22&#8243;][et_pb_row admin_label=&#8220;row&#8220; _builder_version=&#8220;3.25&#8243; background_size=&#8220;initial&#8220; background_position=&#8220;top_left&#8220; background_repeat=&#8220;repeat&#8220;][et_pb_column type=&#8220;4_4&#8243; _builder_version=&#8220;3.25&#8243; custom_padding=&#8220;|||&#8220; custom_padding__hover=&#8220;|||&#8220;][et_pb_text admin_label=&#8220;Text&#8220; _builder_version=&#8220;4.7.6&#8243; background_size=&#8220;initial&#8220; background_position=&#8220;top_left&#8220; background_repeat=&#8220;repeat&#8220; hover_enabled=&#8220;0&#8243; sticky_enabled=&#8220;0&#8243;]<h1><strong>Das Training in unseren Abteilungen<\/strong><\/h1>\n<p><strong>Trainiert wird wie bei den Profis.<\/strong><span>\u00a0<\/span>\u00dcbungen, die in allen Spielklassen bis zur 1. Bundesliga zum Standard geh\u00f6ren, sind bei uns ebenso dabei wie ein Abschlussspiel von mindestens 20 Minuten innerhalb der Trainingsgruppe. Egal ob in der Abteilung &#8222;Fu\u00dfball\u201c oder der Abteilung \u201eTeam Bananenflanke meets Basketball und K\u00f6lner Ballschule\u201c.<br \/> Unsere \u00dcbungsleiter*innen sind alle Dozenten oder Studenten der Deutschen Sporthochschule K\u00f6ln. Die meisten haben eine Trainer-C-Lizenz oder Jugendtrainerlizenz, die Dozenten eine A-Lizenz und arbeiten nach einem professionellen Trainingskonzept, das regelm\u00e4\u00dfig erg\u00e4nzt und \u00fcberarbeitet wird.<\/p>\n<p>Alle Spieler*innen erhalten von uns passende Trainingskleidung der Marke PUMA f\u00fcr alle Jahreszeiten. Zudem k\u00f6nnen weitere Artikel wie z.B. passende Schuhe g\u00fcnstig bestellt werden.<br \/> Den aktuellen Mitgliedsbeitrag f\u00fcr die jeweilige Abteilung findest Du in unserer<span>\u00a0<\/span>Beitragsordnung.<\/p>\n<section class=\"elementor-section elementor-top-section elementor-element elementor-element-411cef3 elementor-section-boxed elementor-section-height-default elementor-section-height-default\" data-id=\"411cef3\" data-element_type=\"section\">\n<div class=\"elementor-container elementor-column-gap-default\">\n<div class=\"elementor-row\">\n<div class=\"elementor-column elementor-col-100 elementor-top-column elementor-element elementor-element-d2fc721\" data-id=\"d2fc721\" data-element_type=\"column\">\n<div class=\"elementor-column-wrap elementor-element-populated\">\n<div class=\"elementor-widget-wrap\">\n<div class=\"elementor-element elementor-element-6c78b0d elementor-widget elementor-widget-text-editor\" data-id=\"6c78b0d\" data-element_type=\"widget\" data-widget_type=\"text-editor.default\">\n<div class=\"elementor-widget-container\">\n<div class=\"elementor-text-editor elementor-clearfix\"><\/div>\n<\/div>\n<\/div>\n<\/div>\n<\/div>\n<\/div>\n<\/div>\n<\/div>\n<\/section>\n<p><\/p>\n[\/et_pb_text][\/et_pb_column][\/et_pb_row][et_pb_row admin_label=&#8220;row&#8220; _builder_version=&#8220;3.25&#8243; background_size=&#8220;initial&#8220; background_position=&#8220;top_left&#8220; background_repeat=&#8220;repeat&#8220;][et_pb_column type=&#8220;4_4&#8243; _builder_version=&#8220;3.25&#8243; custom_padding=&#8220;|||&#8220; custom_padding__hover=&#8220;|||&#8220;][\/et_pb_column][\/et_pb_row][et_pb_row _builder_version=&#8220;4.7.6&#8243; _module_preset=&#8220;default&#8220;][et_pb_column _builder_version=&#8220;4.7.6&#8243; _module_preset=&#8220;default&#8220; type=&#8220;4_4&#8243;][et_pb_image src=&#8220;https:\/\/teambananenflanke.de\/koeln\/wp-content\/uploads\/2023\/07\/trainingsauftakt_2016.jpg&#8220; _builder_version=&#8220;4.7.6&#8243; _module_preset=&#8220;default&#8220; title_text=&#8220;trainingsauftakt_2016&#8243; width=&#8220;77%&#8220; module_alignment=&#8220;center&#8220; hover_enabled=&#8220;0&#8243; sticky_enabled=&#8220;0&#8243;][\/et_pb_image][et_pb_text admin_label=&#8220;Text&#8220; _builder_version=&#8220;4.7.6&#8243; background_size=&#8220;initial&#8220; background_position=&#8220;top_left&#8220; background_repeat=&#8220;repeat&#8220; hover_enabled=&#8220;0&#8243; sticky_enabled=&#8220;0&#8243;]<h1><strong>Was wir vermitteln wollen:<\/strong><\/h1>\n<p><b>Spa\u00df: <\/b>Sport und Bewegung machen Sport und Bewegung sollen Spa\u00df machen. Das steht bei uns an erster Stelle.<\/p>\n<p><b>Teamwork: <\/b>Wir gewinnen gemeinsam und verlieren gemeinsam. Das Zusammenhalt in unserem Team ist uns sehr wichtig. Jeder ist gleich in unserem Team und achtet auf seine Mannschaftskolleginnen und Kollegen.<\/p>\n<p><b>Selbstbewusstsein: <\/b>Wir sind vielleicht nicht der FC K\u00f6ln, aber an unserem Spieltagen darf sich unser Team vor einem gro\u00dfen Publikum und vielen Fans beweisen.<\/p>\n<p><b>Fitness: <\/b>Wer sich bewegt und trainiert wird fit. Das merkt ihr nicht nur auf dem Platz.<\/p>\n<section class=\"elementor-section elementor-top-section elementor-element elementor-element-411cef3 elementor-section-boxed elementor-section-height-default elementor-section-height-default\" data-id=\"411cef3\" data-element_type=\"section\">\n<div class=\"elementor-container elementor-column-gap-default\">\n<div class=\"elementor-row\">\n<div class=\"elementor-column elementor-col-100 elementor-top-column elementor-element elementor-element-d2fc721\" data-id=\"d2fc721\" data-element_type=\"column\">\n<div class=\"elementor-column-wrap elementor-element-populated\">\n<div class=\"elementor-widget-wrap\">\n<div class=\"elementor-element elementor-element-6c78b0d elementor-widget elementor-widget-text-editor\" data-id=\"6c78b0d\" data-element_type=\"widget\" data-widget_type=\"text-editor.default\">\n<div class=\"elementor-widget-container\">\n<div class=\"elementor-text-editor elementor-clearfix\"><\/div>\n<\/div>\n<\/div>\n<\/div>\n<\/div>\n<\/div>\n<\/div>\n<\/div>\n<\/section>\n<p><!-- \/wp:post-content --><\/p>[\/et_pb_text][et_pb_text admin_label=&#8220;Text&#8220; _builder_version=&#8220;4.7.6&#8243; background_size=&#8220;initial&#8220; background_position=&#8220;top_left&#8220; background_repeat=&#8220;repeat&#8220; hover_enabled=&#8220;0&#8243; sticky_enabled=&#8220;0&#8243;]<h1><strong>Hier rollt der Ball oder werden K\u00f6rbe geworfen<\/strong><\/h1>\n<p><span>Je nach Abteilung und Jahreszeit trainieren wir an verschiedenen Orten im K\u00f6lner Westen:<\/span><\/p>\n<section class=\"elementor-section elementor-top-section elementor-element elementor-element-411cef3 elementor-section-boxed elementor-section-height-default elementor-section-height-default\" data-id=\"411cef3\" data-element_type=\"section\">\n<div class=\"elementor-container elementor-column-gap-default\">\n<div class=\"elementor-row\">\n<div class=\"elementor-column elementor-col-100 elementor-top-column elementor-element elementor-element-d2fc721\" data-id=\"d2fc721\" data-element_type=\"column\">\n<div class=\"elementor-column-wrap elementor-element-populated\">\n<div class=\"elementor-widget-wrap\">\n<div class=\"elementor-element elementor-element-6c78b0d elementor-widget elementor-widget-text-editor\" data-id=\"6c78b0d\" data-element_type=\"widget\" data-widget_type=\"text-editor.default\">\n<div class=\"elementor-widget-container\">\n<div class=\"elementor-text-editor elementor-clearfix\"><\/div>\n<\/div>\n<\/div>\n<\/div>\n<\/div>\n<\/div>\n<\/div>\n<\/div>\n<\/section>\n<p><!-- \/wp:paragraph --><\/p>[\/et_pb_text][\/et_pb_column][\/et_pb_row][et_pb_row _builder_version=&#8220;4.7.6&#8243; _module_preset=&#8220;default&#8220; column_structure=&#8220;1_2,1_2&#8243;][et_pb_column _builder_version=&#8220;4.7.6&#8243; _module_preset=&#8220;default&#8220; type=&#8220;1_2&#8243;][et_pb_text _builder_version=&#8220;4.7.6&#8243; _module_preset=&#8220;default&#8220; hover_enabled=&#8220;0&#8243; sticky_enabled=&#8220;0&#8243; custom_padding=&#8220;||2px|||&#8220;]<h3><strong>Abteilung Fu\u00dfball<\/strong><\/h3>\n<p>Fussball passt drau\u00dfen nat\u00fcrlich am besten.<\/p>\n<p><strong>Jahnwiese<\/strong><\/p>\n<p>Im Sommer nat\u00fcrlich drau\u00dfen auf der Jahnwiese, direkt hinter dem RheinEnergie-Stadion, in dem der 1. FC K\u00f6ln seine Heimspiele austr\u00e4gt.<\/p>\n<p>Jahnwiese<br \/> Junkersdorfer Strasse<br \/> 50933 K\u00f6ln<\/p>\n<p>Eine Beschreibung der Jahnwiese findest Du auf der Webseite der Stadt K\u00f6ln:<br \/> <a href=\"https:\/\/www.koeln.de\/koeln\/freizeit\/freizeitsport\/fussball\/jahnwiese_33968.html\">Jahnwiese<\/a><\/p>[\/et_pb_text][et_pb_image src=&#8220;https:\/\/teambananenflanke.de\/koeln\/wp-content\/uploads\/2023\/07\/SoccerWorld_Training-q5n5vaqelcnvdtiw5kvaqowu3ba7w6njol41pubbb4.jpg&#8220; _builder_version=&#8220;4.7.6&#8243; _module_preset=&#8220;default&#8220; title_text=&#8220;SoccerWorld_Training-q5n5vaqelcnvdtiw5kvaqowu3ba7w6njol41pubbb4&#8243; hover_enabled=&#8220;0&#8243; sticky_enabled=&#8220;0&#8243;][\/et_pb_image][\/et_pb_column][et_pb_column _builder_version=&#8220;4.7.6&#8243; _module_preset=&#8220;default&#8220; type=&#8220;1_2&#8243;][et_pb_image src=&#8220;https:\/\/teambananenflanke.de\/koeln\/wp-content\/uploads\/2023\/07\/Training_Jahnwiese-q5n5v7ww0uk0ezmzm1nf17mgb5o493cco75la0fhts.jpeg&#8220; _builder_version=&#8220;4.7.6&#8243; _module_preset=&#8220;default&#8220; title_text=&#8220;Training_Jahnwiese-q5n5v7ww0uk0ezmzm1nf17mgb5o493cco75la0fhts&#8220; hover_enabled=&#8220;0&#8243; sticky_enabled=&#8220;0&#8243;][\/et_pb_image][et_pb_text _builder_version=&#8220;4.7.6&#8243; _module_preset=&#8220;default&#8220; hover_enabled=&#8220;0&#8243; sticky_enabled=&#8220;0&#8243;]<p><strong>SoccerWorld<\/strong><\/p>\n<p><span data-contrast=\"auto\">Im Winter dann in K\u00f6ln-<\/span><span data-contrast=\"auto\">L\u00f6venich<\/span><span data-contrast=\"auto\">\u00a0in der\u00a0<\/span><span data-contrast=\"auto\">SoccerWorld<\/span><span data-contrast=\"auto\">\u00a0auf Kunstrasen<\/span><span data-contrast=\"auto\">-Kleinfeldern.<br \/><\/span><span data-contrast=\"auto\">Die Halle wird vom ehemaligen Profi-<\/span><span data-contrast=\"auto\">Fu\u00dfballer<\/span><span data-contrast=\"auto\">\u00a0Andreas Wessels betrieben, mit dem wir\u00a0<\/span><span data-contrast=\"auto\">seit 2016 ebenfalls einen Freund und F\u00fcrsprecher f\u00fcr unseren Verein haben<\/span><span data-contrast=\"auto\">.<\/span><span data-ccp-props=\"{}\">\u00a0<\/span><\/p>\n<p><span data-contrast=\"auto\">SoccerWorld<\/span><span data-contrast=\"auto\">\u00a0K\u00f6ln-<\/span><span data-contrast=\"auto\">L\u00f6venich<br \/><\/span><span data-contrast=\"auto\">Ottostra\u00dfe 7<br \/>50859 K\u00f6ln<\/span><span data-ccp-props=\"{}\">\u00a0<\/span><\/p>\n<p><a href=\"https:\/\/www.soccerworld.koeln\/\" target=\"_blank\" rel=\"noopener\"><span data-contrast=\"auto\">https:\/\/www.soccerworld.koeln\/<\/span><span data-ccp-props=\"{}\">\u00a0<\/span><\/a><\/p>\n[\/et_pb_text][\/et_pb_column][\/et_pb_row][et_pb_row _builder_version=&#8220;4.7.6&#8243; _module_preset=&#8220;default&#8220; column_structure=&#8220;1_2,1_2&#8243;][et_pb_column _builder_version=&#8220;4.7.6&#8243; _module_preset=&#8220;default&#8220; type=&#8220;1_2&#8243;][et_pb_text _builder_version=&#8220;4.7.6&#8243; _module_preset=&#8220;default&#8220; hover_enabled=&#8220;0&#8243; sticky_enabled=&#8220;0&#8243; custom_padding=&#8220;||2px|||&#8220;]<h3><strong>Abteilung \u201eTEAM BANANENFLANKE MEETS BASKETBALL UND K\u00d6LNER BALLSCHULE\u201c<\/strong><\/h3>\n<p>Basketball kann man zwar drau\u00dfen und drinnen spielen. Unsere Trainer haben sich jedoch f\u00fcr die Halle entschieden, um auf alle \u00dcbungen gut vorbereitet zu sein.<\/p>\n<p>Halle 8<\/p>\n<p>Ob Sommer oder Winter:<br \/>Trainiert wird in der Halle 8 der Deutschen Sporthochschule K\u00f6ln<\/p>\n<p>Deutsche Sporthochschule K\u00f6ln<br \/>Am Sportpark M\u00fcngersdorf<br \/>50933 K\u00f6ln<\/p>[\/et_pb_text][\/et_pb_column][et_pb_column _builder_version=&#8220;4.7.6&#8243; _module_preset=&#8220;default&#8220; type=&#8220;1_2&#8243;][et_pb_image src=&#8220;https:\/\/teambananenflanke.de\/koeln\/wp-content\/uploads\/2023\/07\/Halle8-q5n5u0obagwtkxdsmiykuij8zfl8f0kp69597a7ls0.jpg&#8220; _builder_version=&#8220;4.7.6&#8243; _module_preset=&#8220;default&#8220; title_text=&#8220;Halle8-q5n5u0obagwtkxdsmiykuij8zfl8f0kp69597a7ls0&#8243; hover_enabled=&#8220;0&#8243; sticky_enabled=&#8220;0&#8243;][\/et_pb_image][\/et_pb_column][\/et_pb_row][\/et_pb_section]<!-- \/wp:freeform -->","protected":false},"excerpt":{"rendered":"<p>[et_pb_section fb_built=&#8220;1&#8243; fullwidth=&#8220;on&#8220; _builder_version=&#8220;4.7.6&#8243; _module_preset=&#8220;default&#8220;][et_pb_fullwidth_slider _builder_version=&#8220;4.7.6&#8243; _module_preset=&#8220;default&#8220;][et_pb_slide _builder_version=&#8220;4.7.6&#8243; _module_preset=&#8220;default&#8220; background_image=&#8220;https:\/\/teambananenflanke.de\/koeln\/wp-content\/uploads\/2023\/07\/slider.jpg&#8220; background_enable_image=&#8220;on&#8220; sticky_transition=&#8220;on&#8220;][\/et_pb_slide][\/et_pb_fullwidth_slider][\/et_pb_section][et_pb_section fb_built=&#8220;1&#8243; admin_label=&#8220;section&#8220; _builder_version=&#8220;3.22&#8243;][et_pb_row admin_label=&#8220;row&#8220; _builder_version=&#8220;3.25&#8243; background_size=&#8220;initial&#8220; background_position=&#8220;top_left&#8220; background_repeat=&#8220;repeat&#8220;][et_pb_column type=&#8220;4_4&#8243; _builder_version=&#8220;3.25&#8243; custom_padding=&#8220;|||&#8220; custom_padding__hover=&#8220;|||&#8220;][et_pb_text admin_label=&#8220;Text&#8220; _builder_version=&#8220;4.7.6&#8243; background_size=&#8220;initial&#8220; background_position=&#8220;top_left&#8220; background_repeat=&#8220;repeat&#8220; hover_enabled=&#8220;0&#8243; sticky_enabled=&#8220;0&#8243;] Das Training in unseren Abteilungen Trainiert wird wie bei den Profis.\u00a0\u00dcbungen, die in allen Spielklassen bis zur 1. Bundesliga zum Standard geh\u00f6ren, sind bei [&hellip;]<\/p>\n","protected":false},"author":1,"featured_media":0,"parent":0,"menu_order":0,"comment_status":"closed","ping_status":"closed","template":"","meta":{"_et_pb_use_builder":"on","_et_pb_old_content":"<!-- wp:paragraph -->\n<p>Dies ist eine Beispiel-Seite. Sie unterscheidet sich von Beitr\u00e4gen, da sie stets an derselben Stelle bleibt und (bei den meisten Themes) in der Website-Navigation angezeigt wird. Die meisten starten mit einem Impressum, der Datenschutzerkl\u00e4rung oder einer \u201e\u00dcber\u00a0uns\u201c-Seite, um sich potenziellen Besuchern der Website vorzustellen. Dort k\u00f6nnte zum Beispiel stehen:<\/p>\n<!-- \/wp:paragraph -->\n\n<!-- wp:quote -->\n<blockquote class=\"wp-block-quote\"><p>Hallo! Tags\u00fcber arbeite ich als Fahrradkurier, nachts bin ich ein aufstrebender Schauspieler und dies hier ist meine Website. Ich lebe in Berlin, habe einen gro\u00dfen Hund namens Jack, mag Pi&#241;a Coladas, jedoch weniger (ohne Schirm) im Regen stehen gelassen zu werden.<\/p><\/blockquote>\n<!-- \/wp:quote -->\n\n<!-- wp:paragraph -->\n<p>...\u00a0oder so etwas wie:<\/p>\n<!-- \/wp:paragraph -->\n\n<!-- wp:quote -->\n<blockquote class=\"wp-block-quote\"><p>Das Unternehmen XYZ wurde 1971 gegr\u00fcndet und versorgt die \u00d6ffentlichkeit seither mit qualitativ hochwertigen Produkten. An seinem Standort in einer kleinen Gro\u00dfstadt besch\u00e4ftigt der Betrieb \u00fcber 2.000 Menschen und unterst\u00fctzt die Stadtbewohner in vielfacher Hinsicht.<\/p><\/blockquote>\n<!-- \/wp:quote -->\n\n<!-- wp:paragraph -->\n<p>Als neuer WordPress-Benutzer solltest du <a href=\"https:\/\/teambananenflanke.de\/koeln\/wp-admin\/\">dein Dashboard<\/a> aufrufen, um diese Seite zu l\u00f6schen und neue Seiten und Beitr\u00e4ge f\u00fcr deine Website erstellen. Viel Spa\u00df!<\/p>\n<!-- \/wp:paragraph -->","_et_gb_content_width":"","footnotes":""},"class_list":["post-92","page","type-page","status-publish","hentry"],"yoast_head":"<!-- This site is optimized with the Yoast SEO plugin v27.6 - https:\/\/yoast.com\/product\/yoast-seo-wordpress\/ -->\n<title>Das Training - Team Bananenflanke\u00ae K\u00f6ln e.V.<\/title>\n<meta name=\"description\" content=\"Erfahre alles \u00fcber das Training des Team Bananenflanke K\u00f6ln. Unsere inklusiven Trainings f\u00f6rdern Spiel, Spa\u00df und Teamgeist.\" \/>\n<meta name=\"robots\" content=\"index, follow, max-snippet:-1, max-image-preview:large, max-video-preview:-1\" \/>\n<link rel=\"canonical\" href=\"https:\/\/team-bananenflanke.de\/koeln\/das-training-team-bananenflanke-koeln\/\" \/>\n<meta property=\"og:locale\" content=\"de_DE\" \/>\n<meta property=\"og:type\" content=\"article\" \/>\n<meta property=\"og:title\" content=\"Das Training - Team Bananenflanke\u00ae K\u00f6ln e.V.\" \/>\n<meta property=\"og:description\" content=\"Erfahre alles \u00fcber das Training des Team Bananenflanke K\u00f6ln. Unsere inklusiven Trainings f\u00f6rdern Spiel, Spa\u00df und Teamgeist.\" \/>\n<meta property=\"og:url\" content=\"https:\/\/team-bananenflanke.de\/koeln\/das-training-team-bananenflanke-koeln\/\" \/>\n<meta property=\"og:site_name\" content=\"Team Bananenflanke\u00ae K\u00f6ln e.V.\" \/>\n<meta property=\"article:modified_time\" content=\"2025-11-24T11:50:53+00:00\" \/>\n<meta property=\"og:image\" content=\"https:\/\/team-bananenflanke.de\/koeln\/wp-content\/uploads\/2023\/07\/bull.png\" \/>\n\t<meta property=\"og:image:width\" content=\"1\" \/>\n\t<meta property=\"og:image:height\" content=\"1\" \/>\n\t<meta property=\"og:image:type\" content=\"image\/png\" \/>\n<meta name=\"twitter:card\" content=\"summary_large_image\" \/>\n<meta name=\"twitter:label1\" content=\"Gesch\u00e4tzte Lesezeit\" \/>\n\t<meta name=\"twitter:data1\" content=\"4\u00a0Minuten\" \/>\n<script type=\"application\/ld+json\" class=\"yoast-schema-graph\">{\"@context\":\"https:\\\/\\\/schema.org\",\"@graph\":[{\"@type\":\"WebPage\",\"@id\":\"https:\\\/\\\/team-bananenflanke.de\\\/koeln\\\/das-training-team-bananenflanke-koeln\\\/\",\"url\":\"https:\\\/\\\/team-bananenflanke.de\\\/koeln\\\/das-training-team-bananenflanke-koeln\\\/\",\"name\":\"Das Training - Team Bananenflanke\u00ae K\u00f6ln e.V.\",\"isPartOf\":{\"@id\":\"https:\\\/\\\/team-bananenflanke.de\\\/koeln\\\/#website\"},\"primaryImageOfPage\":{\"@id\":\"https:\\\/\\\/team-bananenflanke.de\\\/koeln\\\/das-training-team-bananenflanke-koeln\\\/#primaryimage\"},\"image\":{\"@id\":\"https:\\\/\\\/team-bananenflanke.de\\\/koeln\\\/das-training-team-bananenflanke-koeln\\\/#primaryimage\"},\"thumbnailUrl\":\"https:\\\/\\\/teambananenflanke.de\\\/koeln\\\/wp-content\\\/uploads\\\/2023\\\/07\\\/bull.png\",\"datePublished\":\"2023-07-03T19:10:01+00:00\",\"dateModified\":\"2025-11-24T11:50:53+00:00\",\"description\":\"Erfahre alles \u00fcber das Training des Team Bananenflanke K\u00f6ln. Unsere inklusiven Trainings f\u00f6rdern Spiel, Spa\u00df und Teamgeist.\",\"breadcrumb\":{\"@id\":\"https:\\\/\\\/team-bananenflanke.de\\\/koeln\\\/das-training-team-bananenflanke-koeln\\\/#breadcrumb\"},\"inLanguage\":\"de\",\"potentialAction\":[{\"@type\":\"ReadAction\",\"target\":[\"https:\\\/\\\/team-bananenflanke.de\\\/koeln\\\/das-training-team-bananenflanke-koeln\\\/\"]}]},{\"@type\":\"ImageObject\",\"inLanguage\":\"de\",\"@id\":\"https:\\\/\\\/team-bananenflanke.de\\\/koeln\\\/das-training-team-bananenflanke-koeln\\\/#primaryimage\",\"url\":\"https:\\\/\\\/teambananenflanke.de\\\/koeln\\\/wp-content\\\/uploads\\\/2023\\\/07\\\/bull.png\",\"contentUrl\":\"https:\\\/\\\/teambananenflanke.de\\\/koeln\\\/wp-content\\\/uploads\\\/2023\\\/07\\\/bull.png\"},{\"@type\":\"BreadcrumbList\",\"@id\":\"https:\\\/\\\/team-bananenflanke.de\\\/koeln\\\/das-training-team-bananenflanke-koeln\\\/#breadcrumb\",\"itemListElement\":[{\"@type\":\"ListItem\",\"position\":1,\"name\":\"Startseite\",\"item\":\"https:\\\/\\\/team-bananenflanke.de\\\/koeln\\\/\"},{\"@type\":\"ListItem\",\"position\":2,\"name\":\"Das Training\"}]},{\"@type\":\"WebSite\",\"@id\":\"https:\\\/\\\/team-bananenflanke.de\\\/koeln\\\/#website\",\"url\":\"https:\\\/\\\/team-bananenflanke.de\\\/koeln\\\/\",\"name\":\"Team Bananenflanke\u00ae K\u00f6ln e.V.\",\"description\":\"Fu\u00dfball kennt keine Grenzen!\",\"potentialAction\":[{\"@type\":\"SearchAction\",\"target\":{\"@type\":\"EntryPoint\",\"urlTemplate\":\"https:\\\/\\\/team-bananenflanke.de\\\/koeln\\\/?s={search_term_string}\"},\"query-input\":{\"@type\":\"PropertyValueSpecification\",\"valueRequired\":true,\"valueName\":\"search_term_string\"}}],\"inLanguage\":\"de\"}]}<\/script>\n<!-- \/ Yoast SEO plugin. -->","yoast_head_json":{"title":"Das Training - Team Bananenflanke\u00ae K\u00f6ln e.V.","description":"Erfahre alles \u00fcber das Training des Team Bananenflanke K\u00f6ln. Unsere inklusiven Trainings f\u00f6rdern Spiel, Spa\u00df und Teamgeist.","robots":{"index":"index","follow":"follow","max-snippet":"max-snippet:-1","max-image-preview":"max-image-preview:large","max-video-preview":"max-video-preview:-1"},"canonical":"https:\/\/team-bananenflanke.de\/koeln\/das-training-team-bananenflanke-koeln\/","og_locale":"de_DE","og_type":"article","og_title":"Das Training - Team Bananenflanke\u00ae K\u00f6ln e.V.","og_description":"Erfahre alles \u00fcber das Training des Team Bananenflanke K\u00f6ln. Unsere inklusiven Trainings f\u00f6rdern Spiel, Spa\u00df und Teamgeist.","og_url":"https:\/\/team-bananenflanke.de\/koeln\/das-training-team-bananenflanke-koeln\/","og_site_name":"Team Bananenflanke\u00ae K\u00f6ln e.V.","article_modified_time":"2025-11-24T11:50:53+00:00","og_image":[{"width":1,"height":1,"url":"https:\/\/team-bananenflanke.de\/koeln\/wp-content\/uploads\/2023\/07\/bull.png","type":"image\/png"}],"twitter_card":"summary_large_image","twitter_misc":{"Gesch\u00e4tzte Lesezeit":"4\u00a0Minuten"},"schema":{"@context":"https:\/\/schema.org","@graph":[{"@type":"WebPage","@id":"https:\/\/team-bananenflanke.de\/koeln\/das-training-team-bananenflanke-koeln\/","url":"https:\/\/team-bananenflanke.de\/koeln\/das-training-team-bananenflanke-koeln\/","name":"Das Training - Team Bananenflanke\u00ae K\u00f6ln e.V.","isPartOf":{"@id":"https:\/\/team-bananenflanke.de\/koeln\/#website"},"primaryImageOfPage":{"@id":"https:\/\/team-bananenflanke.de\/koeln\/das-training-team-bananenflanke-koeln\/#primaryimage"},"image":{"@id":"https:\/\/team-bananenflanke.de\/koeln\/das-training-team-bananenflanke-koeln\/#primaryimage"},"thumbnailUrl":"https:\/\/teambananenflanke.de\/koeln\/wp-content\/uploads\/2023\/07\/bull.png","datePublished":"2023-07-03T19:10:01+00:00","dateModified":"2025-11-24T11:50:53+00:00","description":"Erfahre alles \u00fcber das Training des Team Bananenflanke K\u00f6ln. Unsere inklusiven Trainings f\u00f6rdern Spiel, Spa\u00df und Teamgeist.","breadcrumb":{"@id":"https:\/\/team-bananenflanke.de\/koeln\/das-training-team-bananenflanke-koeln\/#breadcrumb"},"inLanguage":"de","potentialAction":[{"@type":"ReadAction","target":["https:\/\/team-bananenflanke.de\/koeln\/das-training-team-bananenflanke-koeln\/"]}]},{"@type":"ImageObject","inLanguage":"de","@id":"https:\/\/team-bananenflanke.de\/koeln\/das-training-team-bananenflanke-koeln\/#primaryimage","url":"https:\/\/teambananenflanke.de\/koeln\/wp-content\/uploads\/2023\/07\/bull.png","contentUrl":"https:\/\/teambananenflanke.de\/koeln\/wp-content\/uploads\/2023\/07\/bull.png"},{"@type":"BreadcrumbList","@id":"https:\/\/team-bananenflanke.de\/koeln\/das-training-team-bananenflanke-koeln\/#breadcrumb","itemListElement":[{"@type":"ListItem","position":1,"name":"Startseite","item":"https:\/\/team-bananenflanke.de\/koeln\/"},{"@type":"ListItem","position":2,"name":"Das Training"}]},{"@type":"WebSite","@id":"https:\/\/team-bananenflanke.de\/koeln\/#website","url":"https:\/\/team-bananenflanke.de\/koeln\/","name":"Team Bananenflanke\u00ae K\u00f6ln e.V.","description":"Fu\u00dfball kennt keine Grenzen!","potentialAction":[{"@type":"SearchAction","target":{"@type":"EntryPoint","urlTemplate":"https:\/\/team-bananenflanke.de\/koeln\/?s={search_term_string}"},"query-input":{"@type":"PropertyValueSpecification","valueRequired":true,"valueName":"search_term_string"}}],"inLanguage":"de"}]}},"_links":{"self":[{"href":"https:\/\/team-bananenflanke.de\/koeln\/wp-json\/wp\/v2\/pages\/92","targetHints":{"allow":["GET"]}}],"collection":[{"href":"https:\/\/team-bananenflanke.de\/koeln\/wp-json\/wp\/v2\/pages"}],"about":[{"href":"https:\/\/team-bananenflanke.de\/koeln\/wp-json\/wp\/v2\/types\/page"}],"author":[{"embeddable":true,"href":"https:\/\/team-bananenflanke.de\/koeln\/wp-json\/wp\/v2\/users\/1"}],"replies":[{"embeddable":true,"href":"https:\/\/team-bananenflanke.de\/koeln\/wp-json\/wp\/v2\/comments?post=92"}],"version-history":[{"count":4,"href":"https:\/\/team-bananenflanke.de\/koeln\/wp-json\/wp\/v2\/pages\/92\/revisions"}],"predecessor-version":[{"id":265,"href":"https:\/\/team-bananenflanke.de\/koeln\/wp-json\/wp\/v2\/pages\/92\/revisions\/265"}],"wp:attachment":[{"href":"https:\/\/team-bananenflanke.de\/koeln\/wp-json\/wp\/v2\/media?parent=92"}],"curies":[{"name":"wp","href":"https:\/\/api.w.org\/{rel}","templated":true}]}}