{"id":28,"date":"2023-07-03T18:15:13","date_gmt":"2023-07-03T16:15:13","guid":{"rendered":"https:\/\/teambananenflanke.de\/koeln\/?page_id=28"},"modified":"2025-11-24T12:45:29","modified_gmt":"2025-11-24T11:45:29","slug":"spenden-team-bananenflanke-koeln","status":"publish","type":"page","link":"https:\/\/team-bananenflanke.de\/koeln\/spenden-team-bananenflanke-koeln\/","title":{"rendered":"Spenden"},"content":{"rendered":"[et_pb_section fb_built=&#8220;1&#8243; fullwidth=&#8220;on&#8220; _builder_version=&#8220;4.7.6&#8243; _module_preset=&#8220;default&#8220;][et_pb_fullwidth_slider _builder_version=&#8220;4.7.6&#8243; _module_preset=&#8220;default&#8220;][et_pb_slide _builder_version=&#8220;4.7.6&#8243; _module_preset=&#8220;default&#8220; background_image=&#8220;https:\/\/teambananenflanke.de\/koeln\/wp-content\/uploads\/2023\/07\/slider.jpg&#8220; background_enable_image=&#8220;on&#8220; sticky_transition=&#8220;on&#8220;]<img loading=\"lazy\" decoding=\"async\" class=\"wp-image-16 alignnone size-full\" src=\"https:\/\/teambananenflanke.de\/koeln\/wp-content\/uploads\/2023\/07\/bull.png\" alt=\"\" width=\"150\" height=\"1\" \/>[\/et_pb_slide][\/et_pb_fullwidth_slider][\/et_pb_section][et_pb_section fb_built=&#8220;1&#8243; admin_label=&#8220;section&#8220; _builder_version=&#8220;3.22&#8243;][et_pb_row admin_label=&#8220;row&#8220; _builder_version=&#8220;3.25&#8243; background_size=&#8220;initial&#8220; background_position=&#8220;top_left&#8220; background_repeat=&#8220;repeat&#8220;][et_pb_column type=&#8220;4_4&#8243; _builder_version=&#8220;3.25&#8243; custom_padding=&#8220;|||&#8220; custom_padding__hover=&#8220;|||&#8220;][et_pb_text admin_label=&#8220;Text&#8220; _builder_version=&#8220;4.7.6&#8243; background_size=&#8220;initial&#8220; background_position=&#8220;top_left&#8220; background_repeat=&#8220;repeat&#8220; hover_enabled=&#8220;0&#8243; sticky_enabled=&#8220;0&#8243;]<h1><strong>Spenden<\/strong><\/h1>\n<p>Sei unser 12. Mann!<br \/>Fu\u00dfball spielen bedeutet Teamgeist zeigen.<\/p>\n<p>Sei ein Teamplayer und unterst\u00fctze uns\u2026<\/p>\n<p>\u2026als<span>\u00a0<\/span><strong>Sponsor<\/strong><span>\u00a0<\/span>f\u00fcr Trikots oder Banden und Banner f\u00fcr die Fu\u00dfballpl\u00e4tze.<\/p>\n<p>\u2026als F\u00f6rdermitglied, Deine Mitgliedsbeitr\u00e4ge kommen den Spieler*innen des Team Bananenflanke K\u00f6ln ohne Umwege zu Gute.<\/p>\n<p>\u2026mit<span>\u00a0<\/span><strong>Spendengeldern<\/strong>, die wir f\u00fcr die Sicherstellung des Trainings- und Spielbetriebs ben\u00f6tigen.<\/p>\n<p>Worauf wartest Du? Wir freuen uns auf Deine Unterst\u00fctzung:<\/p>\n<p><\/p>\n[\/et_pb_text][\/et_pb_column][\/et_pb_row][et_pb_row _builder_version=&#8220;4.7.6&#8243; _module_preset=&#8220;default&#8220; column_structure=&#8220;1_3,1_3,1_3&#8243; hover_enabled=&#8220;0&#8243; sticky_enabled=&#8220;0&#8243;][et_pb_column _builder_version=&#8220;4.7.6&#8243; _module_preset=&#8220;default&#8220; type=&#8220;1_3&#8243;][\/et_pb_column][et_pb_column _builder_version=&#8220;4.7.6&#8243; _module_preset=&#8220;default&#8220; type=&#8220;1_3&#8243;][et_pb_blurb title=&#8220;Spendenkonto&#8220; image=&#8220;https:\/\/teambananenflanke.de\/koeln\/wp-content\/uploads\/2023\/07\/cropped-manni-ballnane-ball.png&#8220; _builder_version=&#8220;4.7.6&#8243; _module_preset=&#8220;default&#8220; title_text=&#8220;cropped-manni-ballnane-ball.png&#8220; hover_enabled=&#8220;0&#8243; sticky_enabled=&#8220;0&#8243; header_font=&#8220;Montserrat|800|||||||&#8220; header_level=&#8220;h2&#8243; header_text_align=&#8220;center&#8220;]<div class=\"pp-info-box-title-wrap\">\n<div class=\"pp-info-box-title-container\"><\/div>\n<h5 class=\"pp-info-box-subtitle\">Konto des \u201eTeam Bananenflanke K\u00f6ln\u201c<\/h5>\n<\/div>\n<div class=\"pp-info-box-description\">\n<p>IBAN: DE77 3705 0198 1933 3244 59<br \/> Sparkasse K\u00f6ln-Bonn<\/p>\n<\/div>\n[\/et_pb_blurb][\/et_pb_column][et_pb_column _builder_version=&#8220;4.7.6&#8243; _module_preset=&#8220;default&#8220; type=&#8220;1_3&#8243;][\/et_pb_column][\/et_pb_row][\/et_pb_section]<!-- \/wp:post-content -->","protected":false},"excerpt":{"rendered":"<p>[et_pb_section fb_built=&#8220;1&#8243; fullwidth=&#8220;on&#8220; _builder_version=&#8220;4.7.6&#8243; _module_preset=&#8220;default&#8220;][et_pb_fullwidth_slider _builder_version=&#8220;4.7.6&#8243; _module_preset=&#8220;default&#8220;][et_pb_slide _builder_version=&#8220;4.7.6&#8243; _module_preset=&#8220;default&#8220; background_image=&#8220;https:\/\/teambananenflanke.de\/koeln\/wp-content\/uploads\/2023\/07\/slider.jpg&#8220; background_enable_image=&#8220;on&#8220; sticky_transition=&#8220;on&#8220;][\/et_pb_slide][\/et_pb_fullwidth_slider][\/et_pb_section][et_pb_section fb_built=&#8220;1&#8243; admin_label=&#8220;section&#8220; _builder_version=&#8220;3.22&#8243;][et_pb_row admin_label=&#8220;row&#8220; _builder_version=&#8220;3.25&#8243; background_size=&#8220;initial&#8220; background_position=&#8220;top_left&#8220; background_repeat=&#8220;repeat&#8220;][et_pb_column type=&#8220;4_4&#8243; _builder_version=&#8220;3.25&#8243; custom_padding=&#8220;|||&#8220; custom_padding__hover=&#8220;|||&#8220;][et_pb_text admin_label=&#8220;Text&#8220; _builder_version=&#8220;4.7.6&#8243; background_size=&#8220;initial&#8220; background_position=&#8220;top_left&#8220; background_repeat=&#8220;repeat&#8220; hover_enabled=&#8220;0&#8243; sticky_enabled=&#8220;0&#8243;] Spenden Sei unser 12. Mann!Fu\u00dfball spielen bedeutet Teamgeist zeigen. Sei ein Teamplayer und unterst\u00fctze uns\u2026 \u2026als\u00a0Sponsor\u00a0f\u00fcr Trikots oder Banden und Banner f\u00fcr die Fu\u00dfballpl\u00e4tze. [&hellip;]<\/p>\n","protected":false},"author":1,"featured_media":0,"parent":0,"menu_order":0,"comment_status":"closed","ping_status":"closed","template":"","meta":{"_et_pb_use_builder":"on","_et_pb_old_content":"<!-- wp:paragraph -->\n<p>Dies ist eine Beispiel-Seite. Sie unterscheidet sich von Beitr\u00e4gen, da sie stets an derselben Stelle bleibt und (bei den meisten Themes) in der Website-Navigation angezeigt wird. Die meisten starten mit einem Impressum, der Datenschutzerkl\u00e4rung oder einer \u201e\u00dcber\u00a0uns\u201c-Seite, um sich potenziellen Besuchern der Website vorzustellen. Dort k\u00f6nnte zum Beispiel stehen:<\/p>\n<!-- \/wp:paragraph -->\n\n<!-- wp:quote -->\n<blockquote class=\"wp-block-quote\"><p>Hallo! Tags\u00fcber arbeite ich als Fahrradkurier, nachts bin ich ein aufstrebender Schauspieler und dies hier ist meine Website. Ich lebe in Berlin, habe einen gro\u00dfen Hund namens Jack, mag Pi&#241;a Coladas, jedoch weniger (ohne Schirm) im Regen stehen gelassen zu werden.<\/p><\/blockquote>\n<!-- \/wp:quote -->\n\n<!-- wp:paragraph -->\n<p>...\u00a0oder so etwas wie:<\/p>\n<!-- \/wp:paragraph -->\n\n<!-- wp:quote -->\n<blockquote class=\"wp-block-quote\"><p>Das Unternehmen XYZ wurde 1971 gegr\u00fcndet und versorgt die \u00d6ffentlichkeit seither mit qualitativ hochwertigen Produkten. An seinem Standort in einer kleinen Gro\u00dfstadt besch\u00e4ftigt der Betrieb \u00fcber 2.000 Menschen und unterst\u00fctzt die Stadtbewohner in vielfacher Hinsicht.<\/p><\/blockquote>\n<!-- \/wp:quote -->\n\n<!-- wp:paragraph -->\n<p>Als neuer WordPress-Benutzer solltest du <a href=\"https:\/\/teambananenflanke.de\/koeln\/wp-admin\/\">dein Dashboard<\/a> aufrufen, um diese Seite zu l\u00f6schen und neue Seiten und Beitr\u00e4ge f\u00fcr deine Website erstellen. Viel Spa\u00df!<\/p>\n<!-- \/wp:paragraph -->","_et_gb_content_width":"","footnotes":""},"class_list":["post-28","page","type-page","status-publish","hentry"],"yoast_head":"<!-- This site is optimized with the Yoast SEO plugin v27.6 - https:\/\/yoast.com\/product\/yoast-seo-wordpress\/ -->\n<title>Spenden - Team Bananenflanke\u00ae K\u00f6ln e.V.<\/title>\n<meta name=\"description\" content=\"Unterst\u00fctze die inklusive Arbeit des Team Bananenflanke K\u00f6ln. Mit deiner Spende erm\u00f6glichst du unser Projekt f\u00fcr Jugendliche mit Handicap.\" \/>\n<meta name=\"robots\" content=\"index, follow, max-snippet:-1, max-image-preview:large, max-video-preview:-1\" \/>\n<link rel=\"canonical\" href=\"https:\/\/team-bananenflanke.de\/koeln\/spenden-team-bananenflanke-koeln\/\" \/>\n<meta property=\"og:locale\" content=\"de_DE\" \/>\n<meta property=\"og:type\" content=\"article\" \/>\n<meta property=\"og:title\" content=\"Spenden - Team Bananenflanke\u00ae K\u00f6ln e.V.\" \/>\n<meta property=\"og:description\" content=\"Unterst\u00fctze die inklusive Arbeit des Team Bananenflanke K\u00f6ln. Mit deiner Spende erm\u00f6glichst du unser Projekt f\u00fcr Jugendliche mit Handicap.\" \/>\n<meta property=\"og:url\" content=\"https:\/\/team-bananenflanke.de\/koeln\/spenden-team-bananenflanke-koeln\/\" \/>\n<meta property=\"og:site_name\" content=\"Team Bananenflanke\u00ae K\u00f6ln e.V.\" \/>\n<meta property=\"article:modified_time\" content=\"2025-11-24T11:45:29+00:00\" \/>\n<meta property=\"og:image\" content=\"https:\/\/team-bananenflanke.de\/koeln\/wp-content\/uploads\/2023\/07\/bull.png\" \/>\n\t<meta property=\"og:image:width\" content=\"1\" \/>\n\t<meta property=\"og:image:height\" content=\"1\" \/>\n\t<meta property=\"og:image:type\" content=\"image\/png\" \/>\n<meta name=\"twitter:card\" content=\"summary_large_image\" \/>\n<meta name=\"twitter:label1\" content=\"Gesch\u00e4tzte Lesezeit\" \/>\n\t<meta name=\"twitter:data1\" content=\"1\u00a0Minute\" \/>\n<script type=\"application\/ld+json\" class=\"yoast-schema-graph\">{\"@context\":\"https:\\\/\\\/schema.org\",\"@graph\":[{\"@type\":\"WebPage\",\"@id\":\"https:\\\/\\\/team-bananenflanke.de\\\/koeln\\\/spenden-team-bananenflanke-koeln\\\/\",\"url\":\"https:\\\/\\\/team-bananenflanke.de\\\/koeln\\\/spenden-team-bananenflanke-koeln\\\/\",\"name\":\"Spenden - Team Bananenflanke\u00ae K\u00f6ln e.V.\",\"isPartOf\":{\"@id\":\"https:\\\/\\\/team-bananenflanke.de\\\/koeln\\\/#website\"},\"primaryImageOfPage\":{\"@id\":\"https:\\\/\\\/team-bananenflanke.de\\\/koeln\\\/spenden-team-bananenflanke-koeln\\\/#primaryimage\"},\"image\":{\"@id\":\"https:\\\/\\\/team-bananenflanke.de\\\/koeln\\\/spenden-team-bananenflanke-koeln\\\/#primaryimage\"},\"thumbnailUrl\":\"https:\\\/\\\/teambananenflanke.de\\\/koeln\\\/wp-content\\\/uploads\\\/2023\\\/07\\\/bull.png\",\"datePublished\":\"2023-07-03T16:15:13+00:00\",\"dateModified\":\"2025-11-24T11:45:29+00:00\",\"description\":\"Unterst\u00fctze die inklusive Arbeit des Team Bananenflanke K\u00f6ln. Mit deiner Spende erm\u00f6glichst du unser Projekt f\u00fcr Jugendliche mit Handicap.\",\"breadcrumb\":{\"@id\":\"https:\\\/\\\/team-bananenflanke.de\\\/koeln\\\/spenden-team-bananenflanke-koeln\\\/#breadcrumb\"},\"inLanguage\":\"de\",\"potentialAction\":[{\"@type\":\"ReadAction\",\"target\":[\"https:\\\/\\\/team-bananenflanke.de\\\/koeln\\\/spenden-team-bananenflanke-koeln\\\/\"]}]},{\"@type\":\"ImageObject\",\"inLanguage\":\"de\",\"@id\":\"https:\\\/\\\/team-bananenflanke.de\\\/koeln\\\/spenden-team-bananenflanke-koeln\\\/#primaryimage\",\"url\":\"https:\\\/\\\/teambananenflanke.de\\\/koeln\\\/wp-content\\\/uploads\\\/2023\\\/07\\\/bull.png\",\"contentUrl\":\"https:\\\/\\\/teambananenflanke.de\\\/koeln\\\/wp-content\\\/uploads\\\/2023\\\/07\\\/bull.png\"},{\"@type\":\"BreadcrumbList\",\"@id\":\"https:\\\/\\\/team-bananenflanke.de\\\/koeln\\\/spenden-team-bananenflanke-koeln\\\/#breadcrumb\",\"itemListElement\":[{\"@type\":\"ListItem\",\"position\":1,\"name\":\"Startseite\",\"item\":\"https:\\\/\\\/team-bananenflanke.de\\\/koeln\\\/\"},{\"@type\":\"ListItem\",\"position\":2,\"name\":\"Spenden\"}]},{\"@type\":\"WebSite\",\"@id\":\"https:\\\/\\\/team-bananenflanke.de\\\/koeln\\\/#website\",\"url\":\"https:\\\/\\\/team-bananenflanke.de\\\/koeln\\\/\",\"name\":\"Team Bananenflanke\u00ae K\u00f6ln e.V.\",\"description\":\"Fu\u00dfball kennt keine Grenzen!\",\"potentialAction\":[{\"@type\":\"SearchAction\",\"target\":{\"@type\":\"EntryPoint\",\"urlTemplate\":\"https:\\\/\\\/team-bananenflanke.de\\\/koeln\\\/?s={search_term_string}\"},\"query-input\":{\"@type\":\"PropertyValueSpecification\",\"valueRequired\":true,\"valueName\":\"search_term_string\"}}],\"inLanguage\":\"de\"}]}<\/script>\n<!-- \/ Yoast SEO plugin. -->","yoast_head_json":{"title":"Spenden - Team Bananenflanke\u00ae K\u00f6ln e.V.","description":"Unterst\u00fctze die inklusive Arbeit des Team Bananenflanke K\u00f6ln. Mit deiner Spende erm\u00f6glichst du unser Projekt f\u00fcr Jugendliche mit Handicap.","robots":{"index":"index","follow":"follow","max-snippet":"max-snippet:-1","max-image-preview":"max-image-preview:large","max-video-preview":"max-video-preview:-1"},"canonical":"https:\/\/team-bananenflanke.de\/koeln\/spenden-team-bananenflanke-koeln\/","og_locale":"de_DE","og_type":"article","og_title":"Spenden - Team Bananenflanke\u00ae K\u00f6ln e.V.","og_description":"Unterst\u00fctze die inklusive Arbeit des Team Bananenflanke K\u00f6ln. Mit deiner Spende erm\u00f6glichst du unser Projekt f\u00fcr Jugendliche mit Handicap.","og_url":"https:\/\/team-bananenflanke.de\/koeln\/spenden-team-bananenflanke-koeln\/","og_site_name":"Team Bananenflanke\u00ae K\u00f6ln e.V.","article_modified_time":"2025-11-24T11:45:29+00:00","og_image":[{"width":1,"height":1,"url":"https:\/\/team-bananenflanke.de\/koeln\/wp-content\/uploads\/2023\/07\/bull.png","type":"image\/png"}],"twitter_card":"summary_large_image","twitter_misc":{"Gesch\u00e4tzte Lesezeit":"1\u00a0Minute"},"schema":{"@context":"https:\/\/schema.org","@graph":[{"@type":"WebPage","@id":"https:\/\/team-bananenflanke.de\/koeln\/spenden-team-bananenflanke-koeln\/","url":"https:\/\/team-bananenflanke.de\/koeln\/spenden-team-bananenflanke-koeln\/","name":"Spenden - Team Bananenflanke\u00ae K\u00f6ln e.V.","isPartOf":{"@id":"https:\/\/team-bananenflanke.de\/koeln\/#website"},"primaryImageOfPage":{"@id":"https:\/\/team-bananenflanke.de\/koeln\/spenden-team-bananenflanke-koeln\/#primaryimage"},"image":{"@id":"https:\/\/team-bananenflanke.de\/koeln\/spenden-team-bananenflanke-koeln\/#primaryimage"},"thumbnailUrl":"https:\/\/teambananenflanke.de\/koeln\/wp-content\/uploads\/2023\/07\/bull.png","datePublished":"2023-07-03T16:15:13+00:00","dateModified":"2025-11-24T11:45:29+00:00","description":"Unterst\u00fctze die inklusive Arbeit des Team Bananenflanke K\u00f6ln. Mit deiner Spende erm\u00f6glichst du unser Projekt f\u00fcr Jugendliche mit Handicap.","breadcrumb":{"@id":"https:\/\/team-bananenflanke.de\/koeln\/spenden-team-bananenflanke-koeln\/#breadcrumb"},"inLanguage":"de","potentialAction":[{"@type":"ReadAction","target":["https:\/\/team-bananenflanke.de\/koeln\/spenden-team-bananenflanke-koeln\/"]}]},{"@type":"ImageObject","inLanguage":"de","@id":"https:\/\/team-bananenflanke.de\/koeln\/spenden-team-bananenflanke-koeln\/#primaryimage","url":"https:\/\/teambananenflanke.de\/koeln\/wp-content\/uploads\/2023\/07\/bull.png","contentUrl":"https:\/\/teambananenflanke.de\/koeln\/wp-content\/uploads\/2023\/07\/bull.png"},{"@type":"BreadcrumbList","@id":"https:\/\/team-bananenflanke.de\/koeln\/spenden-team-bananenflanke-koeln\/#breadcrumb","itemListElement":[{"@type":"ListItem","position":1,"name":"Startseite","item":"https:\/\/team-bananenflanke.de\/koeln\/"},{"@type":"ListItem","position":2,"name":"Spenden"}]},{"@type":"WebSite","@id":"https:\/\/team-bananenflanke.de\/koeln\/#website","url":"https:\/\/team-bananenflanke.de\/koeln\/","name":"Team Bananenflanke\u00ae K\u00f6ln e.V.","description":"Fu\u00dfball kennt keine Grenzen!","potentialAction":[{"@type":"SearchAction","target":{"@type":"EntryPoint","urlTemplate":"https:\/\/team-bananenflanke.de\/koeln\/?s={search_term_string}"},"query-input":{"@type":"PropertyValueSpecification","valueRequired":true,"valueName":"search_term_string"}}],"inLanguage":"de"}]}},"_links":{"self":[{"href":"https:\/\/team-bananenflanke.de\/koeln\/wp-json\/wp\/v2\/pages\/28","targetHints":{"allow":["GET"]}}],"collection":[{"href":"https:\/\/team-bananenflanke.de\/koeln\/wp-json\/wp\/v2\/pages"}],"about":[{"href":"https:\/\/team-bananenflanke.de\/koeln\/wp-json\/wp\/v2\/types\/page"}],"author":[{"embeddable":true,"href":"https:\/\/team-bananenflanke.de\/koeln\/wp-json\/wp\/v2\/users\/1"}],"replies":[{"embeddable":true,"href":"https:\/\/team-bananenflanke.de\/koeln\/wp-json\/wp\/v2\/comments?post=28"}],"version-history":[{"count":3,"href":"https:\/\/team-bananenflanke.de\/koeln\/wp-json\/wp\/v2\/pages\/28\/revisions"}],"predecessor-version":[{"id":258,"href":"https:\/\/team-bananenflanke.de\/koeln\/wp-json\/wp\/v2\/pages\/28\/revisions\/258"}],"wp:attachment":[{"href":"https:\/\/team-bananenflanke.de\/koeln\/wp-json\/wp\/v2\/media?parent=28"}],"curies":[{"name":"wp","href":"https:\/\/api.w.org\/{rel}","templated":true}]}}