{"id":2,"date":"2023-07-03T16:53:20","date_gmt":"2023-07-03T14:53:20","guid":{"rendered":"https:\/\/teambananenflanke.de\/koeln\/?page_id=2"},"modified":"2025-11-24T12:42:32","modified_gmt":"2025-11-24T11:42:32","slug":"startseite-team-bananenflanke-koeln","status":"publish","type":"page","link":"https:\/\/team-bananenflanke.de\/koeln\/","title":{"rendered":"Home"},"content":{"rendered":"[et_pb_section fb_built=&#8220;1&#8243; fullwidth=&#8220;on&#8220; _builder_version=&#8220;4.7.6&#8243; _module_preset=&#8220;default&#8220;][et_pb_fullwidth_slider _builder_version=&#8220;4.7.6&#8243; _module_preset=&#8220;default&#8220;][et_pb_slide _builder_version=&#8220;4.7.6&#8243; _module_preset=&#8220;default&#8220; background_image=&#8220;https:\/\/teambananenflanke.de\/koeln\/wp-content\/uploads\/2023\/07\/slider.jpg&#8220; background_enable_image=&#8220;on&#8220; sticky_transition=&#8220;on&#8220;]<img loading=\"lazy\" decoding=\"async\" src=\"https:\/\/teambananenflanke.de\/koeln\/wp-content\/uploads\/2023\/07\/bull.png\" width=\"150\" height=\"1\" alt=\"\" class=\"wp-image-16 alignnone size-full\" \/>[\/et_pb_slide][\/et_pb_fullwidth_slider][\/et_pb_section][et_pb_section fb_built=&#8220;1&#8243; admin_label=&#8220;section&#8220; _builder_version=&#8220;3.22&#8243;][et_pb_row admin_label=&#8220;row&#8220; _builder_version=&#8220;3.25&#8243; background_size=&#8220;initial&#8220; background_position=&#8220;top_left&#8220; background_repeat=&#8220;repeat&#8220;][et_pb_column type=&#8220;4_4&#8243; _builder_version=&#8220;3.25&#8243; custom_padding=&#8220;|||&#8220; custom_padding__hover=&#8220;|||&#8220;][et_pb_text admin_label=&#8220;Text&#8220; _builder_version=&#8220;4.7.6&#8243; background_size=&#8220;initial&#8220; background_position=&#8220;top_left&#8220; background_repeat=&#8220;repeat&#8220;]<h1><strong>Herzlich willkommen auf unserer Internetseite<\/strong><\/h1>\n<p>Im August 2016 war es soweit: Das Team Bananenflanke K\u00f6ln startete auf der Jahnwiese in K\u00f6ln in die erste Saison! Mit diesem Startschuss ging f\u00fcr das Team rund um \u201eManni-Ballnane\u201c die lange Wartezeit zu Ende. Ein innovatives Fu\u00dfballprojekt speziell f\u00fcr behinderte sowie sozial benachteiligte Kinder und Jugendliche mit Lernschwierigkeiten \u2013 jetzt endlich auch in der Domstadt.<\/p>\n<p>Unser Team ist seit dem ersten Tag stetig gewachsen. Wenn auch Du Teil unseres Teams werden willst, findest du hier alle Informationen, die Du brauchst. Wenn Du noch Fragen hast, kannst Du uns jederzeit eine E-Mail \u00fcber unser<span>\u00a0<\/span>Kontaktformular<span>\u00a0<\/span>schicken.<\/p>\n<p><\/p>[\/et_pb_text][\/et_pb_column][\/et_pb_row][\/et_pb_section]<!-- \/wp:post-content -->","protected":false},"excerpt":{"rendered":"<p>[et_pb_section fb_built=&#8220;1&#8243; fullwidth=&#8220;on&#8220; _builder_version=&#8220;4.7.6&#8243; _module_preset=&#8220;default&#8220;][et_pb_fullwidth_slider _builder_version=&#8220;4.7.6&#8243; _module_preset=&#8220;default&#8220;][et_pb_slide _builder_version=&#8220;4.7.6&#8243; _module_preset=&#8220;default&#8220; background_image=&#8220;https:\/\/teambananenflanke.de\/koeln\/wp-content\/uploads\/2023\/07\/slider.jpg&#8220; background_enable_image=&#8220;on&#8220; sticky_transition=&#8220;on&#8220;][\/et_pb_slide][\/et_pb_fullwidth_slider][\/et_pb_section][et_pb_section fb_built=&#8220;1&#8243; admin_label=&#8220;section&#8220; _builder_version=&#8220;3.22&#8243;][et_pb_row admin_label=&#8220;row&#8220; _builder_version=&#8220;3.25&#8243; background_size=&#8220;initial&#8220; background_position=&#8220;top_left&#8220; background_repeat=&#8220;repeat&#8220;][et_pb_column type=&#8220;4_4&#8243; _builder_version=&#8220;3.25&#8243; custom_padding=&#8220;|||&#8220; custom_padding__hover=&#8220;|||&#8220;][et_pb_text admin_label=&#8220;Text&#8220; _builder_version=&#8220;4.7.6&#8243; background_size=&#8220;initial&#8220; background_position=&#8220;top_left&#8220; background_repeat=&#8220;repeat&#8220;] Herzlich willkommen auf unserer Internetseite Im August 2016 war es soweit: Das Team Bananenflanke K\u00f6ln startete auf der Jahnwiese in K\u00f6ln in die erste Saison! Mit [&hellip;]<\/p>\n","protected":false},"author":1,"featured_media":0,"parent":0,"menu_order":0,"comment_status":"closed","ping_status":"closed","template":"","meta":{"_et_pb_use_builder":"on","_et_pb_old_content":"<!-- wp:paragraph -->\n<p>Dies ist eine Beispiel-Seite. Sie unterscheidet sich von Beitr\u00e4gen, da sie stets an derselben Stelle bleibt und (bei den meisten Themes) in der Website-Navigation angezeigt wird. Die meisten starten mit einem Impressum, der Datenschutzerkl\u00e4rung oder einer \u201e\u00dcber\u00a0uns\u201c-Seite, um sich potenziellen Besuchern der Website vorzustellen. Dort k\u00f6nnte zum Beispiel stehen:<\/p>\n<!-- \/wp:paragraph -->\n\n<!-- wp:quote -->\n<blockquote class=\"wp-block-quote\"><p>Hallo! Tags\u00fcber arbeite ich als Fahrradkurier, nachts bin ich ein aufstrebender Schauspieler und dies hier ist meine Website. Ich lebe in Berlin, habe einen gro\u00dfen Hund namens Jack, mag Pi&#241;a Coladas, jedoch weniger (ohne Schirm) im Regen stehen gelassen zu werden.<\/p><\/blockquote>\n<!-- \/wp:quote -->\n\n<!-- wp:paragraph -->\n<p>...\u00a0oder so etwas wie:<\/p>\n<!-- \/wp:paragraph -->\n\n<!-- wp:quote -->\n<blockquote class=\"wp-block-quote\"><p>Das Unternehmen XYZ wurde 1971 gegr\u00fcndet und versorgt die \u00d6ffentlichkeit seither mit qualitativ hochwertigen Produkten. An seinem Standort in einer kleinen Gro\u00dfstadt besch\u00e4ftigt der Betrieb \u00fcber 2.000 Menschen und unterst\u00fctzt die Stadtbewohner in vielfacher Hinsicht.<\/p><\/blockquote>\n<!-- \/wp:quote -->\n\n<!-- wp:paragraph -->\n<p>Als neuer WordPress-Benutzer solltest du <a href=\"https:\/\/teambananenflanke.de\/koeln\/wp-admin\/\">dein Dashboard<\/a> aufrufen, um diese Seite zu l\u00f6schen und neue Seiten und Beitr\u00e4ge f\u00fcr deine Website erstellen. Viel Spa\u00df!<\/p>\n<!-- \/wp:paragraph -->","_et_gb_content_width":"","footnotes":""},"class_list":["post-2","page","type-page","status-publish","hentry"],"yoast_head":"<!-- This site is optimized with the Yoast SEO plugin v27.6 - https:\/\/yoast.com\/product\/yoast-seo-wordpress\/ -->\n<title>Home - Team Bananenflanke\u00ae K\u00f6ln e.V.<\/title>\n<meta name=\"description\" content=\"Das Team Bananenflanke K\u00f6ln f\u00f6rdert Kinder und Jugendliche. Erfahre mehr \u00fcber unsere Aktivit\u00e4ten, Projekte und M\u00f6glichkeiten zur Teilnahme.\" \/>\n<meta name=\"robots\" content=\"index, follow, max-snippet:-1, max-image-preview:large, max-video-preview:-1\" \/>\n<link rel=\"canonical\" href=\"https:\/\/team-bananenflanke.de\/koeln\/\" \/>\n<meta property=\"og:locale\" content=\"de_DE\" \/>\n<meta property=\"og:type\" content=\"article\" \/>\n<meta property=\"og:title\" content=\"Home - Team Bananenflanke\u00ae K\u00f6ln e.V.\" \/>\n<meta property=\"og:description\" content=\"Das Team Bananenflanke K\u00f6ln f\u00f6rdert Kinder und Jugendliche. Erfahre mehr \u00fcber unsere Aktivit\u00e4ten, Projekte und M\u00f6glichkeiten zur Teilnahme.\" \/>\n<meta property=\"og:url\" content=\"https:\/\/team-bananenflanke.de\/koeln\/\" \/>\n<meta property=\"og:site_name\" content=\"Team Bananenflanke\u00ae K\u00f6ln e.V.\" \/>\n<meta property=\"article:modified_time\" content=\"2025-11-24T11:42:32+00:00\" \/>\n<meta property=\"og:image\" content=\"https:\/\/team-bananenflanke.de\/koeln\/wp-content\/uploads\/2023\/07\/bull.png\" \/>\n\t<meta property=\"og:image:width\" content=\"1\" \/>\n\t<meta property=\"og:image:height\" content=\"1\" \/>\n\t<meta property=\"og:image:type\" content=\"image\/png\" \/>\n<meta name=\"twitter:card\" content=\"summary_large_image\" \/>\n<meta name=\"twitter:label1\" content=\"Gesch\u00e4tzte Lesezeit\" \/>\n\t<meta name=\"twitter:data1\" content=\"1\u00a0Minute\" \/>\n<script type=\"application\/ld+json\" class=\"yoast-schema-graph\">{\"@context\":\"https:\\\/\\\/schema.org\",\"@graph\":[{\"@type\":\"WebPage\",\"@id\":\"https:\\\/\\\/team-bananenflanke.de\\\/koeln\\\/\",\"url\":\"https:\\\/\\\/team-bananenflanke.de\\\/koeln\\\/\",\"name\":\"Home - Team Bananenflanke\u00ae K\u00f6ln e.V.\",\"isPartOf\":{\"@id\":\"https:\\\/\\\/team-bananenflanke.de\\\/koeln\\\/#website\"},\"primaryImageOfPage\":{\"@id\":\"https:\\\/\\\/team-bananenflanke.de\\\/koeln\\\/#primaryimage\"},\"image\":{\"@id\":\"https:\\\/\\\/team-bananenflanke.de\\\/koeln\\\/#primaryimage\"},\"thumbnailUrl\":\"https:\\\/\\\/teambananenflanke.de\\\/koeln\\\/wp-content\\\/uploads\\\/2023\\\/07\\\/bull.png\",\"datePublished\":\"2023-07-03T14:53:20+00:00\",\"dateModified\":\"2025-11-24T11:42:32+00:00\",\"description\":\"Das Team Bananenflanke K\u00f6ln f\u00f6rdert Kinder und Jugendliche. Erfahre mehr \u00fcber unsere Aktivit\u00e4ten, Projekte und M\u00f6glichkeiten zur Teilnahme.\",\"breadcrumb\":{\"@id\":\"https:\\\/\\\/team-bananenflanke.de\\\/koeln\\\/#breadcrumb\"},\"inLanguage\":\"de\",\"potentialAction\":[{\"@type\":\"ReadAction\",\"target\":[\"https:\\\/\\\/team-bananenflanke.de\\\/koeln\\\/\"]}]},{\"@type\":\"ImageObject\",\"inLanguage\":\"de\",\"@id\":\"https:\\\/\\\/team-bananenflanke.de\\\/koeln\\\/#primaryimage\",\"url\":\"https:\\\/\\\/teambananenflanke.de\\\/koeln\\\/wp-content\\\/uploads\\\/2023\\\/07\\\/bull.png\",\"contentUrl\":\"https:\\\/\\\/teambananenflanke.de\\\/koeln\\\/wp-content\\\/uploads\\\/2023\\\/07\\\/bull.png\"},{\"@type\":\"BreadcrumbList\",\"@id\":\"https:\\\/\\\/team-bananenflanke.de\\\/koeln\\\/#breadcrumb\",\"itemListElement\":[{\"@type\":\"ListItem\",\"position\":1,\"name\":\"Startseite\",\"item\":\"https:\\\/\\\/team-bananenflanke.de\\\/koeln\\\/\"},{\"@type\":\"ListItem\",\"position\":2,\"name\":\"Home\"}]},{\"@type\":\"WebSite\",\"@id\":\"https:\\\/\\\/team-bananenflanke.de\\\/koeln\\\/#website\",\"url\":\"https:\\\/\\\/team-bananenflanke.de\\\/koeln\\\/\",\"name\":\"Team Bananenflanke\u00ae K\u00f6ln e.V.\",\"description\":\"Fu\u00dfball kennt keine Grenzen!\",\"potentialAction\":[{\"@type\":\"SearchAction\",\"target\":{\"@type\":\"EntryPoint\",\"urlTemplate\":\"https:\\\/\\\/team-bananenflanke.de\\\/koeln\\\/?s={search_term_string}\"},\"query-input\":{\"@type\":\"PropertyValueSpecification\",\"valueRequired\":true,\"valueName\":\"search_term_string\"}}],\"inLanguage\":\"de\"}]}<\/script>\n<!-- \/ Yoast SEO plugin. -->","yoast_head_json":{"title":"Home - Team Bananenflanke\u00ae K\u00f6ln e.V.","description":"Das Team Bananenflanke K\u00f6ln f\u00f6rdert Kinder und Jugendliche. Erfahre mehr \u00fcber unsere Aktivit\u00e4ten, Projekte und M\u00f6glichkeiten zur Teilnahme.","robots":{"index":"index","follow":"follow","max-snippet":"max-snippet:-1","max-image-preview":"max-image-preview:large","max-video-preview":"max-video-preview:-1"},"canonical":"https:\/\/team-bananenflanke.de\/koeln\/","og_locale":"de_DE","og_type":"article","og_title":"Home - Team Bananenflanke\u00ae K\u00f6ln e.V.","og_description":"Das Team Bananenflanke K\u00f6ln f\u00f6rdert Kinder und Jugendliche. Erfahre mehr \u00fcber unsere Aktivit\u00e4ten, Projekte und M\u00f6glichkeiten zur Teilnahme.","og_url":"https:\/\/team-bananenflanke.de\/koeln\/","og_site_name":"Team Bananenflanke\u00ae K\u00f6ln e.V.","article_modified_time":"2025-11-24T11:42:32+00:00","og_image":[{"width":1,"height":1,"url":"https:\/\/team-bananenflanke.de\/koeln\/wp-content\/uploads\/2023\/07\/bull.png","type":"image\/png"}],"twitter_card":"summary_large_image","twitter_misc":{"Gesch\u00e4tzte Lesezeit":"1\u00a0Minute"},"schema":{"@context":"https:\/\/schema.org","@graph":[{"@type":"WebPage","@id":"https:\/\/team-bananenflanke.de\/koeln\/","url":"https:\/\/team-bananenflanke.de\/koeln\/","name":"Home - Team Bananenflanke\u00ae K\u00f6ln e.V.","isPartOf":{"@id":"https:\/\/team-bananenflanke.de\/koeln\/#website"},"primaryImageOfPage":{"@id":"https:\/\/team-bananenflanke.de\/koeln\/#primaryimage"},"image":{"@id":"https:\/\/team-bananenflanke.de\/koeln\/#primaryimage"},"thumbnailUrl":"https:\/\/teambananenflanke.de\/koeln\/wp-content\/uploads\/2023\/07\/bull.png","datePublished":"2023-07-03T14:53:20+00:00","dateModified":"2025-11-24T11:42:32+00:00","description":"Das Team Bananenflanke K\u00f6ln f\u00f6rdert Kinder und Jugendliche. Erfahre mehr \u00fcber unsere Aktivit\u00e4ten, Projekte und M\u00f6glichkeiten zur Teilnahme.","breadcrumb":{"@id":"https:\/\/team-bananenflanke.de\/koeln\/#breadcrumb"},"inLanguage":"de","potentialAction":[{"@type":"ReadAction","target":["https:\/\/team-bananenflanke.de\/koeln\/"]}]},{"@type":"ImageObject","inLanguage":"de","@id":"https:\/\/team-bananenflanke.de\/koeln\/#primaryimage","url":"https:\/\/teambananenflanke.de\/koeln\/wp-content\/uploads\/2023\/07\/bull.png","contentUrl":"https:\/\/teambananenflanke.de\/koeln\/wp-content\/uploads\/2023\/07\/bull.png"},{"@type":"BreadcrumbList","@id":"https:\/\/team-bananenflanke.de\/koeln\/#breadcrumb","itemListElement":[{"@type":"ListItem","position":1,"name":"Startseite","item":"https:\/\/team-bananenflanke.de\/koeln\/"},{"@type":"ListItem","position":2,"name":"Home"}]},{"@type":"WebSite","@id":"https:\/\/team-bananenflanke.de\/koeln\/#website","url":"https:\/\/team-bananenflanke.de\/koeln\/","name":"Team Bananenflanke\u00ae K\u00f6ln e.V.","description":"Fu\u00dfball kennt keine Grenzen!","potentialAction":[{"@type":"SearchAction","target":{"@type":"EntryPoint","urlTemplate":"https:\/\/team-bananenflanke.de\/koeln\/?s={search_term_string}"},"query-input":{"@type":"PropertyValueSpecification","valueRequired":true,"valueName":"search_term_string"}}],"inLanguage":"de"}]}},"_links":{"self":[{"href":"https:\/\/team-bananenflanke.de\/koeln\/wp-json\/wp\/v2\/pages\/2","targetHints":{"allow":["GET"]}}],"collection":[{"href":"https:\/\/team-bananenflanke.de\/koeln\/wp-json\/wp\/v2\/pages"}],"about":[{"href":"https:\/\/team-bananenflanke.de\/koeln\/wp-json\/wp\/v2\/types\/page"}],"author":[{"embeddable":true,"href":"https:\/\/team-bananenflanke.de\/koeln\/wp-json\/wp\/v2\/users\/1"}],"replies":[{"embeddable":true,"href":"https:\/\/team-bananenflanke.de\/koeln\/wp-json\/wp\/v2\/comments?post=2"}],"version-history":[{"count":5,"href":"https:\/\/team-bananenflanke.de\/koeln\/wp-json\/wp\/v2\/pages\/2\/revisions"}],"predecessor-version":[{"id":254,"href":"https:\/\/team-bananenflanke.de\/koeln\/wp-json\/wp\/v2\/pages\/2\/revisions\/254"}],"wp:attachment":[{"href":"https:\/\/team-bananenflanke.de\/koeln\/wp-json\/wp\/v2\/media?parent=2"}],"curies":[{"name":"wp","href":"https:\/\/api.w.org\/{rel}","templated":true}]}}