{"id":18,"date":"2023-07-03T18:12:45","date_gmt":"2023-07-03T16:12:45","guid":{"rendered":"https:\/\/teambananenflanke.de\/koeln\/?page_id=18"},"modified":"2025-11-24T12:47:04","modified_gmt":"2025-11-24T11:47:04","slug":"ueber-uns-team-bananenflanke-koeln","status":"publish","type":"page","link":"https:\/\/team-bananenflanke.de\/koeln\/ueber-uns-team-bananenflanke-koeln\/","title":{"rendered":"\u00dcber uns"},"content":{"rendered":"[et_pb_section fb_built=&#8220;1&#8243; fullwidth=&#8220;on&#8220; _builder_version=&#8220;4.7.6&#8243; _module_preset=&#8220;default&#8220;][et_pb_fullwidth_slider _builder_version=&#8220;4.7.6&#8243; _module_preset=&#8220;default&#8220;][et_pb_slide _builder_version=&#8220;4.7.6&#8243; _module_preset=&#8220;default&#8220; background_image=&#8220;https:\/\/teambananenflanke.de\/koeln\/wp-content\/uploads\/2023\/07\/slider.jpg&#8220; background_enable_image=&#8220;on&#8220; sticky_transition=&#8220;on&#8220;]<img loading=\"lazy\" decoding=\"async\" class=\"wp-image-16 alignnone size-full\" src=\"https:\/\/teambananenflanke.de\/koeln\/wp-content\/uploads\/2023\/07\/bull.png\" alt=\"\" width=\"150\" height=\"1\" \/>[\/et_pb_slide][\/et_pb_fullwidth_slider][\/et_pb_section][et_pb_section fb_built=&#8220;1&#8243; admin_label=&#8220;section&#8220; _builder_version=&#8220;3.22&#8243;][et_pb_row admin_label=&#8220;row&#8220; _builder_version=&#8220;3.25&#8243; background_size=&#8220;initial&#8220; background_position=&#8220;top_left&#8220; background_repeat=&#8220;repeat&#8220;][et_pb_column type=&#8220;4_4&#8243; _builder_version=&#8220;3.25&#8243; custom_padding=&#8220;|||&#8220; custom_padding__hover=&#8220;|||&#8220;][et_pb_text admin_label=&#8220;Text&#8220; _builder_version=&#8220;4.7.6&#8243; background_size=&#8220;initial&#8220; background_position=&#8220;top_left&#8220; background_repeat=&#8220;repeat&#8220;]<h1><strong>\u00dcber uns<\/strong><\/h1>\n<p>Was bisher in K\u00f6ln passierte\u2026<\/p>\n<p>2016 ging es an den Start. Nach einem Informationsabend mit Stefan Pl\u00f6tz (Initiator der BFL) und Philipp Seifert (Round Table Regensburg) sowie dem ehemaligen Bundesligaprofi Lukas Sinkiewicz, einer Gruppe Eltern und einigen Jungs des Round Table 181 K\u00f6ln im M\u00e4rz 2016 war eigentlich alles klar: Wir gr\u00fcnden einen Verein!<\/p>\n<p>Dazu kamen dann direkt Ende April Eltern zuk\u00fcnftiger Bananenflankenprofis, Mitglieder von Round Table 181 K\u00f6ln und der Lebenshilfe K\u00f6ln e.V. zusammen. Die Lebenshilfe ist seit dem Start, ebenso wie Round Table 181 K\u00f6ln, einer unserer wichtigen Partner.<br \/>Nach Eintragung ins Vereinsregister, Vorbereitung des Trainingsstarts und weiterer Dinge, die zum Start eines Fu\u00dfballvereins geh\u00f6ren, standen bei perfektem Sommerwetter im August zw\u00f6lf Spieler mit den Trainern Lukas und Niko auf dem Platz der Jahnwiese.<br \/>Die Stimmung war ausgelassen und alle Kinder, Eltern, Trainer und die vielen Helfer von Round Table hatten nichts als Freude im Gesicht.<\/p>\n<p>Das ist auch<span>\u00a0<\/span><strong>unser Ziel<\/strong><span>\u00a0<\/span>bei jedem einzelnen Training:<br \/>Wenn ein Kind nicht lachend nach Hause geht, haben wir etwas falsch gemacht!<\/p>\n<p><strong>Rut un wiess<\/strong><span>\u00a0<\/span>\u2013 wie es f\u00fcr K\u00f6lle sein muss! Auch wenn die Banane gelb und das Gras gr\u00fcn und das die Farben der Bananenflankenliga sind, ticken die Uhren in K\u00f6ln ja meist etwas anders. Und so sind unsere Vereinsfarben rot und wei\u00df!<\/p>\n<p>Dank der engen<span>\u00a0<\/span><strong>Kooperation mit der Deutschen Sporthochschule K\u00f6ln<\/strong><span>\u00a0<\/span>sind alle unsere \u00dcbungsleiter*innen Studenten mit der entsprechenden Expertise. Die meisten sind sogar mit einer Trainer-C-Lizenz oder Jugendtrainerlizenz ausgestattet.<\/p>\n<p>In 2016 und 2017 mit nur einer Trainingsgruppe gestartet, stehen wir jetzt jeden Freitag mit vier Trainingsgruppen auf dem Platz.<\/p>\n<p>2019 gr\u00fcndete der Vorstand die<strong><span>\u00a0<\/span>Abteilung \u201eTeam Bananenflanke meets K\u00f6lner Ballschule und Basketball\u201c<\/strong>,<span>\u00a0<\/span><span class=\"\">in der\u00a0<\/span><span class=\"\">verschiedene \u00dcbungen und Spiele in s\u00e4mtlichen Ballsportarten trainiert werden.<span>\u00a0<\/span><\/span>Besonders spannend \u2013 und es zeigt die inzwischen sehr enge Verbindung zur Deutschen Sporthochschule: Diese Gruppe ist eine offizielle Lehrveranstaltung der \u201eSpoHo\u201c, in der auch Lehrpr\u00fcfungen der Studenten stattfinden.<\/p>\n<p>Unser Ziel ist es,<span>\u00a0<\/span><strong>jedes Jahr mindestens eine neue Gruppe zu starten<\/strong>, um der Nachfrage gerecht werden zu k\u00f6nnen. Dabei m\u00f6chten wir durch niedrige Mitgliedsbeitr\u00e4ge den Vereinssport auch f\u00fcr sozial benachteiligte Kinder und Jugendliche erm\u00f6glichen.<\/p>\n<p><\/p>[\/et_pb_text][\/et_pb_column][\/et_pb_row][\/et_pb_section]<!-- \/wp:post-content -->","protected":false},"excerpt":{"rendered":"<p>[et_pb_section fb_built=&#8220;1&#8243; fullwidth=&#8220;on&#8220; _builder_version=&#8220;4.7.6&#8243; _module_preset=&#8220;default&#8220;][et_pb_fullwidth_slider _builder_version=&#8220;4.7.6&#8243; _module_preset=&#8220;default&#8220;][et_pb_slide _builder_version=&#8220;4.7.6&#8243; _module_preset=&#8220;default&#8220; background_image=&#8220;https:\/\/teambananenflanke.de\/koeln\/wp-content\/uploads\/2023\/07\/slider.jpg&#8220; background_enable_image=&#8220;on&#8220; sticky_transition=&#8220;on&#8220;][\/et_pb_slide][\/et_pb_fullwidth_slider][\/et_pb_section][et_pb_section fb_built=&#8220;1&#8243; admin_label=&#8220;section&#8220; _builder_version=&#8220;3.22&#8243;][et_pb_row admin_label=&#8220;row&#8220; _builder_version=&#8220;3.25&#8243; background_size=&#8220;initial&#8220; background_position=&#8220;top_left&#8220; background_repeat=&#8220;repeat&#8220;][et_pb_column type=&#8220;4_4&#8243; _builder_version=&#8220;3.25&#8243; custom_padding=&#8220;|||&#8220; custom_padding__hover=&#8220;|||&#8220;][et_pb_text admin_label=&#8220;Text&#8220; _builder_version=&#8220;4.7.6&#8243; background_size=&#8220;initial&#8220; background_position=&#8220;top_left&#8220; background_repeat=&#8220;repeat&#8220;] \u00dcber uns Was bisher in K\u00f6ln passierte\u2026 2016 ging es an den Start. Nach einem Informationsabend mit Stefan Pl\u00f6tz (Initiator der BFL) und Philipp Seifert (Round [&hellip;]<\/p>\n","protected":false},"author":1,"featured_media":0,"parent":0,"menu_order":0,"comment_status":"closed","ping_status":"closed","template":"","meta":{"_et_pb_use_builder":"on","_et_pb_old_content":"<!-- wp:paragraph -->\n<p>Dies ist eine Beispiel-Seite. Sie unterscheidet sich von Beitr\u00e4gen, da sie stets an derselben Stelle bleibt und (bei den meisten Themes) in der Website-Navigation angezeigt wird. Die meisten starten mit einem Impressum, der Datenschutzerkl\u00e4rung oder einer \u201e\u00dcber\u00a0uns\u201c-Seite, um sich potenziellen Besuchern der Website vorzustellen. Dort k\u00f6nnte zum Beispiel stehen:<\/p>\n<!-- \/wp:paragraph -->\n\n<!-- wp:quote -->\n<blockquote class=\"wp-block-quote\"><p>Hallo! Tags\u00fcber arbeite ich als Fahrradkurier, nachts bin ich ein aufstrebender Schauspieler und dies hier ist meine Website. Ich lebe in Berlin, habe einen gro\u00dfen Hund namens Jack, mag Pi&#241;a Coladas, jedoch weniger (ohne Schirm) im Regen stehen gelassen zu werden.<\/p><\/blockquote>\n<!-- \/wp:quote -->\n\n<!-- wp:paragraph -->\n<p>...\u00a0oder so etwas wie:<\/p>\n<!-- \/wp:paragraph -->\n\n<!-- wp:quote -->\n<blockquote class=\"wp-block-quote\"><p>Das Unternehmen XYZ wurde 1971 gegr\u00fcndet und versorgt die \u00d6ffentlichkeit seither mit qualitativ hochwertigen Produkten. An seinem Standort in einer kleinen Gro\u00dfstadt besch\u00e4ftigt der Betrieb \u00fcber 2.000 Menschen und unterst\u00fctzt die Stadtbewohner in vielfacher Hinsicht.<\/p><\/blockquote>\n<!-- \/wp:quote -->\n\n<!-- wp:paragraph -->\n<p>Als neuer WordPress-Benutzer solltest du <a href=\"https:\/\/teambananenflanke.de\/koeln\/wp-admin\/\">dein Dashboard<\/a> aufrufen, um diese Seite zu l\u00f6schen und neue Seiten und Beitr\u00e4ge f\u00fcr deine Website erstellen. Viel Spa\u00df!<\/p>\n<!-- \/wp:paragraph -->","_et_gb_content_width":"","footnotes":""},"class_list":["post-18","page","type-page","status-publish","hentry"],"yoast_head":"<!-- This site is optimized with the Yoast SEO plugin v27.6 - https:\/\/yoast.com\/product\/yoast-seo-wordpress\/ -->\n<title>\u00dcber uns - Team Bananenflanke\u00ae K\u00f6ln e.V.<\/title>\n<meta name=\"description\" content=\"Lerne das Team Bananenflanke K\u00f6ln kennen: unsere Mission, unser Team und unsere Leidenschaft f\u00fcr inklusiven Fu\u00dfball.\" \/>\n<meta name=\"robots\" content=\"index, follow, max-snippet:-1, max-image-preview:large, max-video-preview:-1\" \/>\n<link rel=\"canonical\" href=\"https:\/\/team-bananenflanke.de\/koeln\/ueber-uns-team-bananenflanke-koeln\/\" \/>\n<meta property=\"og:locale\" content=\"de_DE\" \/>\n<meta property=\"og:type\" content=\"article\" \/>\n<meta property=\"og:title\" content=\"\u00dcber uns - Team Bananenflanke\u00ae K\u00f6ln e.V.\" \/>\n<meta property=\"og:description\" content=\"Lerne das Team Bananenflanke K\u00f6ln kennen: unsere Mission, unser Team und unsere Leidenschaft f\u00fcr inklusiven Fu\u00dfball.\" \/>\n<meta property=\"og:url\" content=\"https:\/\/team-bananenflanke.de\/koeln\/ueber-uns-team-bananenflanke-koeln\/\" \/>\n<meta property=\"og:site_name\" content=\"Team Bananenflanke\u00ae K\u00f6ln e.V.\" \/>\n<meta property=\"article:modified_time\" content=\"2025-11-24T11:47:04+00:00\" \/>\n<meta property=\"og:image\" content=\"https:\/\/team-bananenflanke.de\/koeln\/wp-content\/uploads\/2023\/07\/bull.png\" \/>\n\t<meta property=\"og:image:width\" content=\"1\" \/>\n\t<meta property=\"og:image:height\" content=\"1\" \/>\n\t<meta property=\"og:image:type\" content=\"image\/png\" \/>\n<meta name=\"twitter:card\" content=\"summary_large_image\" \/>\n<meta name=\"twitter:label1\" content=\"Gesch\u00e4tzte Lesezeit\" \/>\n\t<meta name=\"twitter:data1\" content=\"3\u00a0Minuten\" \/>\n<script type=\"application\/ld+json\" class=\"yoast-schema-graph\">{\"@context\":\"https:\\\/\\\/schema.org\",\"@graph\":[{\"@type\":\"WebPage\",\"@id\":\"https:\\\/\\\/team-bananenflanke.de\\\/koeln\\\/ueber-uns-team-bananenflanke-koeln\\\/\",\"url\":\"https:\\\/\\\/team-bananenflanke.de\\\/koeln\\\/ueber-uns-team-bananenflanke-koeln\\\/\",\"name\":\"\u00dcber uns - Team Bananenflanke\u00ae K\u00f6ln e.V.\",\"isPartOf\":{\"@id\":\"https:\\\/\\\/team-bananenflanke.de\\\/koeln\\\/#website\"},\"primaryImageOfPage\":{\"@id\":\"https:\\\/\\\/team-bananenflanke.de\\\/koeln\\\/ueber-uns-team-bananenflanke-koeln\\\/#primaryimage\"},\"image\":{\"@id\":\"https:\\\/\\\/team-bananenflanke.de\\\/koeln\\\/ueber-uns-team-bananenflanke-koeln\\\/#primaryimage\"},\"thumbnailUrl\":\"https:\\\/\\\/teambananenflanke.de\\\/koeln\\\/wp-content\\\/uploads\\\/2023\\\/07\\\/bull.png\",\"datePublished\":\"2023-07-03T16:12:45+00:00\",\"dateModified\":\"2025-11-24T11:47:04+00:00\",\"description\":\"Lerne das Team Bananenflanke K\u00f6ln kennen: unsere Mission, unser Team und unsere Leidenschaft f\u00fcr inklusiven Fu\u00dfball.\",\"breadcrumb\":{\"@id\":\"https:\\\/\\\/team-bananenflanke.de\\\/koeln\\\/ueber-uns-team-bananenflanke-koeln\\\/#breadcrumb\"},\"inLanguage\":\"de\",\"potentialAction\":[{\"@type\":\"ReadAction\",\"target\":[\"https:\\\/\\\/team-bananenflanke.de\\\/koeln\\\/ueber-uns-team-bananenflanke-koeln\\\/\"]}]},{\"@type\":\"ImageObject\",\"inLanguage\":\"de\",\"@id\":\"https:\\\/\\\/team-bananenflanke.de\\\/koeln\\\/ueber-uns-team-bananenflanke-koeln\\\/#primaryimage\",\"url\":\"https:\\\/\\\/teambananenflanke.de\\\/koeln\\\/wp-content\\\/uploads\\\/2023\\\/07\\\/bull.png\",\"contentUrl\":\"https:\\\/\\\/teambananenflanke.de\\\/koeln\\\/wp-content\\\/uploads\\\/2023\\\/07\\\/bull.png\"},{\"@type\":\"BreadcrumbList\",\"@id\":\"https:\\\/\\\/team-bananenflanke.de\\\/koeln\\\/ueber-uns-team-bananenflanke-koeln\\\/#breadcrumb\",\"itemListElement\":[{\"@type\":\"ListItem\",\"position\":1,\"name\":\"Startseite\",\"item\":\"https:\\\/\\\/team-bananenflanke.de\\\/koeln\\\/\"},{\"@type\":\"ListItem\",\"position\":2,\"name\":\"\u00dcber uns\"}]},{\"@type\":\"WebSite\",\"@id\":\"https:\\\/\\\/team-bananenflanke.de\\\/koeln\\\/#website\",\"url\":\"https:\\\/\\\/team-bananenflanke.de\\\/koeln\\\/\",\"name\":\"Team Bananenflanke\u00ae K\u00f6ln e.V.\",\"description\":\"Fu\u00dfball kennt keine Grenzen!\",\"potentialAction\":[{\"@type\":\"SearchAction\",\"target\":{\"@type\":\"EntryPoint\",\"urlTemplate\":\"https:\\\/\\\/team-bananenflanke.de\\\/koeln\\\/?s={search_term_string}\"},\"query-input\":{\"@type\":\"PropertyValueSpecification\",\"valueRequired\":true,\"valueName\":\"search_term_string\"}}],\"inLanguage\":\"de\"}]}<\/script>\n<!-- \/ Yoast SEO plugin. -->","yoast_head_json":{"title":"\u00dcber uns - Team Bananenflanke\u00ae K\u00f6ln e.V.","description":"Lerne das Team Bananenflanke K\u00f6ln kennen: unsere Mission, unser Team und unsere Leidenschaft f\u00fcr inklusiven Fu\u00dfball.","robots":{"index":"index","follow":"follow","max-snippet":"max-snippet:-1","max-image-preview":"max-image-preview:large","max-video-preview":"max-video-preview:-1"},"canonical":"https:\/\/team-bananenflanke.de\/koeln\/ueber-uns-team-bananenflanke-koeln\/","og_locale":"de_DE","og_type":"article","og_title":"\u00dcber uns - Team Bananenflanke\u00ae K\u00f6ln e.V.","og_description":"Lerne das Team Bananenflanke K\u00f6ln kennen: unsere Mission, unser Team und unsere Leidenschaft f\u00fcr inklusiven Fu\u00dfball.","og_url":"https:\/\/team-bananenflanke.de\/koeln\/ueber-uns-team-bananenflanke-koeln\/","og_site_name":"Team Bananenflanke\u00ae K\u00f6ln e.V.","article_modified_time":"2025-11-24T11:47:04+00:00","og_image":[{"width":1,"height":1,"url":"https:\/\/team-bananenflanke.de\/koeln\/wp-content\/uploads\/2023\/07\/bull.png","type":"image\/png"}],"twitter_card":"summary_large_image","twitter_misc":{"Gesch\u00e4tzte Lesezeit":"3\u00a0Minuten"},"schema":{"@context":"https:\/\/schema.org","@graph":[{"@type":"WebPage","@id":"https:\/\/team-bananenflanke.de\/koeln\/ueber-uns-team-bananenflanke-koeln\/","url":"https:\/\/team-bananenflanke.de\/koeln\/ueber-uns-team-bananenflanke-koeln\/","name":"\u00dcber uns - Team Bananenflanke\u00ae K\u00f6ln e.V.","isPartOf":{"@id":"https:\/\/team-bananenflanke.de\/koeln\/#website"},"primaryImageOfPage":{"@id":"https:\/\/team-bananenflanke.de\/koeln\/ueber-uns-team-bananenflanke-koeln\/#primaryimage"},"image":{"@id":"https:\/\/team-bananenflanke.de\/koeln\/ueber-uns-team-bananenflanke-koeln\/#primaryimage"},"thumbnailUrl":"https:\/\/teambananenflanke.de\/koeln\/wp-content\/uploads\/2023\/07\/bull.png","datePublished":"2023-07-03T16:12:45+00:00","dateModified":"2025-11-24T11:47:04+00:00","description":"Lerne das Team Bananenflanke K\u00f6ln kennen: unsere Mission, unser Team und unsere Leidenschaft f\u00fcr inklusiven Fu\u00dfball.","breadcrumb":{"@id":"https:\/\/team-bananenflanke.de\/koeln\/ueber-uns-team-bananenflanke-koeln\/#breadcrumb"},"inLanguage":"de","potentialAction":[{"@type":"ReadAction","target":["https:\/\/team-bananenflanke.de\/koeln\/ueber-uns-team-bananenflanke-koeln\/"]}]},{"@type":"ImageObject","inLanguage":"de","@id":"https:\/\/team-bananenflanke.de\/koeln\/ueber-uns-team-bananenflanke-koeln\/#primaryimage","url":"https:\/\/teambananenflanke.de\/koeln\/wp-content\/uploads\/2023\/07\/bull.png","contentUrl":"https:\/\/teambananenflanke.de\/koeln\/wp-content\/uploads\/2023\/07\/bull.png"},{"@type":"BreadcrumbList","@id":"https:\/\/team-bananenflanke.de\/koeln\/ueber-uns-team-bananenflanke-koeln\/#breadcrumb","itemListElement":[{"@type":"ListItem","position":1,"name":"Startseite","item":"https:\/\/team-bananenflanke.de\/koeln\/"},{"@type":"ListItem","position":2,"name":"\u00dcber uns"}]},{"@type":"WebSite","@id":"https:\/\/team-bananenflanke.de\/koeln\/#website","url":"https:\/\/team-bananenflanke.de\/koeln\/","name":"Team Bananenflanke\u00ae K\u00f6ln e.V.","description":"Fu\u00dfball kennt keine Grenzen!","potentialAction":[{"@type":"SearchAction","target":{"@type":"EntryPoint","urlTemplate":"https:\/\/team-bananenflanke.de\/koeln\/?s={search_term_string}"},"query-input":{"@type":"PropertyValueSpecification","valueRequired":true,"valueName":"search_term_string"}}],"inLanguage":"de"}]}},"_links":{"self":[{"href":"https:\/\/team-bananenflanke.de\/koeln\/wp-json\/wp\/v2\/pages\/18","targetHints":{"allow":["GET"]}}],"collection":[{"href":"https:\/\/team-bananenflanke.de\/koeln\/wp-json\/wp\/v2\/pages"}],"about":[{"href":"https:\/\/team-bananenflanke.de\/koeln\/wp-json\/wp\/v2\/types\/page"}],"author":[{"embeddable":true,"href":"https:\/\/team-bananenflanke.de\/koeln\/wp-json\/wp\/v2\/users\/1"}],"replies":[{"embeddable":true,"href":"https:\/\/team-bananenflanke.de\/koeln\/wp-json\/wp\/v2\/comments?post=18"}],"version-history":[{"count":3,"href":"https:\/\/team-bananenflanke.de\/koeln\/wp-json\/wp\/v2\/pages\/18\/revisions"}],"predecessor-version":[{"id":262,"href":"https:\/\/team-bananenflanke.de\/koeln\/wp-json\/wp\/v2\/pages\/18\/revisions\/262"}],"wp:attachment":[{"href":"https:\/\/team-bananenflanke.de\/koeln\/wp-json\/wp\/v2\/media?parent=18"}],"curies":[{"name":"wp","href":"https:\/\/api.w.org\/{rel}","templated":true}]}}