{"id":24,"date":"2023-06-29T11:28:19","date_gmt":"2023-06-29T09:28:19","guid":{"rendered":"https:\/\/teambananenflanke.de\/itzehoe\/?page_id=24"},"modified":"2025-11-19T11:46:24","modified_gmt":"2025-11-19T10:46:24","slug":"spielplan-termine-team-bananenflanke-itzehoe","status":"publish","type":"page","link":"https:\/\/team-bananenflanke.de\/itzehoe\/spielplan-termine-team-bananenflanke-itzehoe\/","title":{"rendered":"Spielplan \/ Termine"},"content":{"rendered":"[et_pb_section fb_built=&#8220;1&#8243; fullwidth=&#8220;on&#8220; _builder_version=&#8220;4.7.6&#8243; _module_preset=&#8220;default&#8220;][et_pb_fullwidth_slider _builder_version=&#8220;4.7.6&#8243; _module_preset=&#8220;default&#8220;][et_pb_slide _builder_version=&#8220;4.7.6&#8243; _module_preset=&#8220;default&#8220; background_image=&#8220;https:\/\/teambananenflanke.de\/itzehoe\/wp-content\/uploads\/2023\/06\/slider.jpg&#8220; background_enable_image=&#8220;on&#8220; sticky_transition=&#8220;on&#8220;]<img loading=\"lazy\" decoding=\"async\" class=\"wp-image-16 alignnone size-full\" src=\"https:\/\/teambananenflanke.de\/itzehoe\/wp-content\/uploads\/2023\/06\/bull.png\" alt=\"\" width=\"150\" height=\"2\" \/>[\/et_pb_slide][\/et_pb_fullwidth_slider][\/et_pb_section][et_pb_section fb_built=&#8220;1&#8243; admin_label=&#8220;section&#8220; _builder_version=&#8220;3.22&#8243;][et_pb_row admin_label=&#8220;row&#8220; _builder_version=&#8220;3.25&#8243; background_size=&#8220;initial&#8220; background_position=&#8220;top_left&#8220; background_repeat=&#8220;repeat&#8220;][et_pb_column type=&#8220;4_4&#8243; _builder_version=&#8220;3.25&#8243; custom_padding=&#8220;|||&#8220; custom_padding__hover=&#8220;|||&#8220;][et_pb_text admin_label=&#8220;Text&#8220; _builder_version=&#8220;3.27.4&#8243; background_size=&#8220;initial&#8220; background_position=&#8220;top_left&#8220; background_repeat=&#8220;repeat&#8220;]<h1><strong>Spielplan und Termine<\/strong><\/h1>\n<p>&nbsp;<\/p>\n<table class=\"table table-responsive-lg border-2px\">\n<thead>\n<tr>\n<th>Datum<\/th>\n<th>Uhrzeit<\/th>\n<th>Veranstaltungsort<\/th>\n<th>Details<\/th>\n<\/tr>\n<\/thead>\n<tbody>\n<tr>\n<td>derzeit keine neuen Termine vorhanden<\/td>\n<td>\u00a0<\/td>\n<td>\u00a0<\/td>\n<td>\u00a0<\/td>\n<\/tr>\n<\/tbody>\n<\/table>\n<p><\/p>[\/et_pb_text][\/et_pb_column][\/et_pb_row][\/et_pb_section]<!-- \/wp:post-content -->","protected":false},"excerpt":{"rendered":"<p>[et_pb_section fb_built=&#8220;1&#8243; fullwidth=&#8220;on&#8220; _builder_version=&#8220;4.7.6&#8243; _module_preset=&#8220;default&#8220;][et_pb_fullwidth_slider _builder_version=&#8220;4.7.6&#8243; _module_preset=&#8220;default&#8220;][et_pb_slide _builder_version=&#8220;4.7.6&#8243; _module_preset=&#8220;default&#8220; background_image=&#8220;https:\/\/teambananenflanke.de\/itzehoe\/wp-content\/uploads\/2023\/06\/slider.jpg&#8220; background_enable_image=&#8220;on&#8220; sticky_transition=&#8220;on&#8220;][\/et_pb_slide][\/et_pb_fullwidth_slider][\/et_pb_section][et_pb_section fb_built=&#8220;1&#8243; admin_label=&#8220;section&#8220; _builder_version=&#8220;3.22&#8243;][et_pb_row admin_label=&#8220;row&#8220; _builder_version=&#8220;3.25&#8243; background_size=&#8220;initial&#8220; background_position=&#8220;top_left&#8220; background_repeat=&#8220;repeat&#8220;][et_pb_column type=&#8220;4_4&#8243; _builder_version=&#8220;3.25&#8243; custom_padding=&#8220;|||&#8220; custom_padding__hover=&#8220;|||&#8220;][et_pb_text admin_label=&#8220;Text&#8220; _builder_version=&#8220;3.27.4&#8243; background_size=&#8220;initial&#8220; background_position=&#8220;top_left&#8220; background_repeat=&#8220;repeat&#8220;] Spielplan und Termine &nbsp; Datum Uhrzeit Veranstaltungsort Details derzeit keine neuen Termine vorhanden \u00a0 \u00a0 \u00a0 [\/et_pb_text][\/et_pb_column][\/et_pb_row][\/et_pb_section]<\/p>\n","protected":false},"author":1,"featured_media":0,"parent":0,"menu_order":0,"comment_status":"closed","ping_status":"closed","template":"","meta":{"_et_pb_use_builder":"on","_et_pb_old_content":"<!-- wp:paragraph -->\r\n<p>Dies ist eine Beispiel-Seite. Sie unterscheidet sich von Beitr\u00e4gen, da sie stets an derselben Stelle bleibt und (bei den meisten Themes) in der Website-Navigation angezeigt wird. Die meisten starten mit einem Impressum, der Datenschutzerkl\u00e4rung oder einer \u201e\u00dcber\u00a0uns\u201c-Seite, um sich potenziellen Besuchern der Website vorzustellen. Dort k\u00f6nnte zum Beispiel stehen:<\/p>\r\n<!-- \/wp:paragraph -->\r\n\r\n<!-- wp:quote -->\r\n<blockquote class=\"wp-block-quote\"><p>Hallo! Tags\u00fcber arbeite ich als Fahrradkurier, nachts bin ich ein aufstrebender Schauspieler und dies hier ist meine Website. Ich lebe in Berlin, habe einen gro\u00dfen Hund namens Jack, mag Pi\u00f1a Coladas, jedoch weniger (ohne Schirm) im Regen stehen gelassen zu werden.<\/p><\/blockquote>\r\n<!-- \/wp:quote -->\r\n\r\n<!-- wp:paragraph -->\r\n<p>...\u00a0oder so etwas wie:<\/p>\r\n<!-- \/wp:paragraph -->\r\n\r\n<!-- wp:quote -->\r\n<blockquote class=\"wp-block-quote\"><p>Das Unternehmen XYZ wurde 1971 gegr\u00fcndet und versorgt die \u00d6ffentlichkeit seither mit qualitativ hochwertigen Produkten. An seinem Standort in einer kleinen Gro\u00dfstadt besch\u00e4ftigt der Betrieb \u00fcber 2.000 Menschen und unterst\u00fctzt die Stadtbewohner in vielfacher Hinsicht.<\/p><\/blockquote>\r\n<!-- \/wp:quote -->\r\n\r\n<!-- wp:paragraph -->\r\n<p>Als neuer WordPress-Benutzer solltest du <a href=\"https:\/\/teambananenflanke.de\/itzehoe\/wp-admin\/\">dein Dashboard<\/a> aufrufen, um diese Seite zu l\u00f6schen und neue Seiten und Beitr\u00e4ge f\u00fcr deine Website erstellen. Viel Spa\u00df!<\/p>\r\n<!-- \/wp:paragraph -->","_et_gb_content_width":"","footnotes":""},"class_list":["post-24","page","type-page","status-publish","hentry"],"yoast_head":"<!-- This site is optimized with the Yoast SEO plugin v27.3 - https:\/\/yoast.com\/product\/yoast-seo-wordpress\/ -->\n<title>Spielplan \/ Termine - Team Bananenflanke\u00ae Itzehoe e.V.<\/title>\n<meta name=\"description\" content=\"Hier findest du alle Termine, Spieltage und Veranstaltungen des Team Bananenflanke Itzehoe \u00fcbersichtlich im Kalender. Komm gerne vorbei!\" \/>\n<meta name=\"robots\" content=\"index, follow, max-snippet:-1, max-image-preview:large, max-video-preview:-1\" \/>\n<link rel=\"canonical\" href=\"https:\/\/team-bananenflanke.de\/itzehoe\/spielplan-termine-team-bananenflanke-itzehoe\/\" \/>\n<meta property=\"og:locale\" content=\"de_DE\" \/>\n<meta property=\"og:type\" content=\"article\" \/>\n<meta property=\"og:title\" content=\"Spielplan \/ Termine - Team Bananenflanke\u00ae Itzehoe e.V.\" \/>\n<meta property=\"og:description\" content=\"Hier findest du alle Termine, Spieltage und Veranstaltungen des Team Bananenflanke Itzehoe \u00fcbersichtlich im Kalender. Komm gerne vorbei!\" \/>\n<meta property=\"og:url\" content=\"https:\/\/team-bananenflanke.de\/itzehoe\/spielplan-termine-team-bananenflanke-itzehoe\/\" \/>\n<meta property=\"og:site_name\" content=\"Team Bananenflanke\u00ae Itzehoe e.V.\" \/>\n<meta property=\"article:modified_time\" content=\"2025-11-19T10:46:24+00:00\" \/>\n<meta property=\"og:image\" content=\"https:\/\/team-bananenflanke.de\/itzehoe\/wp-content\/uploads\/2023\/06\/bull.png\" \/>\n\t<meta property=\"og:image:width\" content=\"1\" \/>\n\t<meta property=\"og:image:height\" content=\"1\" \/>\n\t<meta property=\"og:image:type\" content=\"image\/png\" \/>\n<meta name=\"twitter:card\" content=\"summary_large_image\" \/>\n<meta name=\"twitter:label1\" content=\"Gesch\u00e4tzte Lesezeit\" \/>\n\t<meta name=\"twitter:data1\" content=\"1\u00a0Minute\" \/>\n<script type=\"application\/ld+json\" class=\"yoast-schema-graph\">{\"@context\":\"https:\\\/\\\/schema.org\",\"@graph\":[{\"@type\":\"WebPage\",\"@id\":\"https:\\\/\\\/team-bananenflanke.de\\\/itzehoe\\\/spielplan-termine-team-bananenflanke-itzehoe\\\/\",\"url\":\"https:\\\/\\\/team-bananenflanke.de\\\/itzehoe\\\/spielplan-termine-team-bananenflanke-itzehoe\\\/\",\"name\":\"Spielplan \\\/ Termine - Team Bananenflanke\u00ae Itzehoe e.V.\",\"isPartOf\":{\"@id\":\"https:\\\/\\\/team-bananenflanke.de\\\/itzehoe\\\/#website\"},\"primaryImageOfPage\":{\"@id\":\"https:\\\/\\\/team-bananenflanke.de\\\/itzehoe\\\/spielplan-termine-team-bananenflanke-itzehoe\\\/#primaryimage\"},\"image\":{\"@id\":\"https:\\\/\\\/team-bananenflanke.de\\\/itzehoe\\\/spielplan-termine-team-bananenflanke-itzehoe\\\/#primaryimage\"},\"thumbnailUrl\":\"https:\\\/\\\/teambananenflanke.de\\\/itzehoe\\\/wp-content\\\/uploads\\\/2023\\\/06\\\/bull.png\",\"datePublished\":\"2023-06-29T09:28:19+00:00\",\"dateModified\":\"2025-11-19T10:46:24+00:00\",\"description\":\"Hier findest du alle Termine, Spieltage und Veranstaltungen des Team Bananenflanke Itzehoe \u00fcbersichtlich im Kalender. Komm gerne vorbei!\",\"breadcrumb\":{\"@id\":\"https:\\\/\\\/team-bananenflanke.de\\\/itzehoe\\\/spielplan-termine-team-bananenflanke-itzehoe\\\/#breadcrumb\"},\"inLanguage\":\"de\",\"potentialAction\":[{\"@type\":\"ReadAction\",\"target\":[\"https:\\\/\\\/team-bananenflanke.de\\\/itzehoe\\\/spielplan-termine-team-bananenflanke-itzehoe\\\/\"]}]},{\"@type\":\"ImageObject\",\"inLanguage\":\"de\",\"@id\":\"https:\\\/\\\/team-bananenflanke.de\\\/itzehoe\\\/spielplan-termine-team-bananenflanke-itzehoe\\\/#primaryimage\",\"url\":\"https:\\\/\\\/teambananenflanke.de\\\/itzehoe\\\/wp-content\\\/uploads\\\/2023\\\/06\\\/bull.png\",\"contentUrl\":\"https:\\\/\\\/teambananenflanke.de\\\/itzehoe\\\/wp-content\\\/uploads\\\/2023\\\/06\\\/bull.png\"},{\"@type\":\"BreadcrumbList\",\"@id\":\"https:\\\/\\\/team-bananenflanke.de\\\/itzehoe\\\/spielplan-termine-team-bananenflanke-itzehoe\\\/#breadcrumb\",\"itemListElement\":[{\"@type\":\"ListItem\",\"position\":1,\"name\":\"Startseite\",\"item\":\"https:\\\/\\\/team-bananenflanke.de\\\/itzehoe\\\/\"},{\"@type\":\"ListItem\",\"position\":2,\"name\":\"Spielplan \\\/ Termine\"}]},{\"@type\":\"WebSite\",\"@id\":\"https:\\\/\\\/team-bananenflanke.de\\\/itzehoe\\\/#website\",\"url\":\"https:\\\/\\\/team-bananenflanke.de\\\/itzehoe\\\/\",\"name\":\"Team Bananenflanke\u00ae Itzehoe e.V.\",\"description\":\"Fu\u00dfball kennt keine Grenzen!\",\"potentialAction\":[{\"@type\":\"SearchAction\",\"target\":{\"@type\":\"EntryPoint\",\"urlTemplate\":\"https:\\\/\\\/team-bananenflanke.de\\\/itzehoe\\\/?s={search_term_string}\"},\"query-input\":{\"@type\":\"PropertyValueSpecification\",\"valueRequired\":true,\"valueName\":\"search_term_string\"}}],\"inLanguage\":\"de\"}]}<\/script>\n<!-- \/ Yoast SEO plugin. -->","yoast_head_json":{"title":"Spielplan \/ Termine - Team Bananenflanke\u00ae Itzehoe e.V.","description":"Hier findest du alle Termine, Spieltage und Veranstaltungen des Team Bananenflanke Itzehoe \u00fcbersichtlich im Kalender. Komm gerne vorbei!","robots":{"index":"index","follow":"follow","max-snippet":"max-snippet:-1","max-image-preview":"max-image-preview:large","max-video-preview":"max-video-preview:-1"},"canonical":"https:\/\/team-bananenflanke.de\/itzehoe\/spielplan-termine-team-bananenflanke-itzehoe\/","og_locale":"de_DE","og_type":"article","og_title":"Spielplan \/ Termine - Team Bananenflanke\u00ae Itzehoe e.V.","og_description":"Hier findest du alle Termine, Spieltage und Veranstaltungen des Team Bananenflanke Itzehoe \u00fcbersichtlich im Kalender. Komm gerne vorbei!","og_url":"https:\/\/team-bananenflanke.de\/itzehoe\/spielplan-termine-team-bananenflanke-itzehoe\/","og_site_name":"Team Bananenflanke\u00ae Itzehoe e.V.","article_modified_time":"2025-11-19T10:46:24+00:00","og_image":[{"width":1,"height":1,"url":"https:\/\/team-bananenflanke.de\/itzehoe\/wp-content\/uploads\/2023\/06\/bull.png","type":"image\/png"}],"twitter_card":"summary_large_image","twitter_misc":{"Gesch\u00e4tzte Lesezeit":"1\u00a0Minute"},"schema":{"@context":"https:\/\/schema.org","@graph":[{"@type":"WebPage","@id":"https:\/\/team-bananenflanke.de\/itzehoe\/spielplan-termine-team-bananenflanke-itzehoe\/","url":"https:\/\/team-bananenflanke.de\/itzehoe\/spielplan-termine-team-bananenflanke-itzehoe\/","name":"Spielplan \/ Termine - Team Bananenflanke\u00ae Itzehoe e.V.","isPartOf":{"@id":"https:\/\/team-bananenflanke.de\/itzehoe\/#website"},"primaryImageOfPage":{"@id":"https:\/\/team-bananenflanke.de\/itzehoe\/spielplan-termine-team-bananenflanke-itzehoe\/#primaryimage"},"image":{"@id":"https:\/\/team-bananenflanke.de\/itzehoe\/spielplan-termine-team-bananenflanke-itzehoe\/#primaryimage"},"thumbnailUrl":"https:\/\/teambananenflanke.de\/itzehoe\/wp-content\/uploads\/2023\/06\/bull.png","datePublished":"2023-06-29T09:28:19+00:00","dateModified":"2025-11-19T10:46:24+00:00","description":"Hier findest du alle Termine, Spieltage und Veranstaltungen des Team Bananenflanke Itzehoe \u00fcbersichtlich im Kalender. Komm gerne vorbei!","breadcrumb":{"@id":"https:\/\/team-bananenflanke.de\/itzehoe\/spielplan-termine-team-bananenflanke-itzehoe\/#breadcrumb"},"inLanguage":"de","potentialAction":[{"@type":"ReadAction","target":["https:\/\/team-bananenflanke.de\/itzehoe\/spielplan-termine-team-bananenflanke-itzehoe\/"]}]},{"@type":"ImageObject","inLanguage":"de","@id":"https:\/\/team-bananenflanke.de\/itzehoe\/spielplan-termine-team-bananenflanke-itzehoe\/#primaryimage","url":"https:\/\/teambananenflanke.de\/itzehoe\/wp-content\/uploads\/2023\/06\/bull.png","contentUrl":"https:\/\/teambananenflanke.de\/itzehoe\/wp-content\/uploads\/2023\/06\/bull.png"},{"@type":"BreadcrumbList","@id":"https:\/\/team-bananenflanke.de\/itzehoe\/spielplan-termine-team-bananenflanke-itzehoe\/#breadcrumb","itemListElement":[{"@type":"ListItem","position":1,"name":"Startseite","item":"https:\/\/team-bananenflanke.de\/itzehoe\/"},{"@type":"ListItem","position":2,"name":"Spielplan \/ Termine"}]},{"@type":"WebSite","@id":"https:\/\/team-bananenflanke.de\/itzehoe\/#website","url":"https:\/\/team-bananenflanke.de\/itzehoe\/","name":"Team Bananenflanke\u00ae Itzehoe e.V.","description":"Fu\u00dfball kennt keine Grenzen!","potentialAction":[{"@type":"SearchAction","target":{"@type":"EntryPoint","urlTemplate":"https:\/\/team-bananenflanke.de\/itzehoe\/?s={search_term_string}"},"query-input":{"@type":"PropertyValueSpecification","valueRequired":true,"valueName":"search_term_string"}}],"inLanguage":"de"}]}},"_links":{"self":[{"href":"https:\/\/team-bananenflanke.de\/itzehoe\/wp-json\/wp\/v2\/pages\/24","targetHints":{"allow":["GET"]}}],"collection":[{"href":"https:\/\/team-bananenflanke.de\/itzehoe\/wp-json\/wp\/v2\/pages"}],"about":[{"href":"https:\/\/team-bananenflanke.de\/itzehoe\/wp-json\/wp\/v2\/types\/page"}],"author":[{"embeddable":true,"href":"https:\/\/team-bananenflanke.de\/itzehoe\/wp-json\/wp\/v2\/users\/1"}],"replies":[{"embeddable":true,"href":"https:\/\/team-bananenflanke.de\/itzehoe\/wp-json\/wp\/v2\/comments?post=24"}],"version-history":[{"count":2,"href":"https:\/\/team-bananenflanke.de\/itzehoe\/wp-json\/wp\/v2\/pages\/24\/revisions"}],"predecessor-version":[{"id":55,"href":"https:\/\/team-bananenflanke.de\/itzehoe\/wp-json\/wp\/v2\/pages\/24\/revisions\/55"}],"wp:attachment":[{"href":"https:\/\/team-bananenflanke.de\/itzehoe\/wp-json\/wp\/v2\/media?parent=24"}],"curies":[{"name":"wp","href":"https:\/\/api.w.org\/{rel}","templated":true}]}}