{"id":30,"date":"2023-06-28T16:20:42","date_gmt":"2023-06-28T14:20:42","guid":{"rendered":"http:\/\/creative-idee.net\/team-bananenflanke\/bonn\/?page_id=30"},"modified":"2026-03-31T16:40:37","modified_gmt":"2026-03-31T14:40:37","slug":"spielplan-termine-team-bananenflanke-bonn-e-v-uebersicht","status":"publish","type":"page","link":"https:\/\/team-bananenflanke.de\/bonn\/spielplan-termine-team-bananenflanke-bonn-e-v-uebersicht\/","title":{"rendered":"Spielplan und Termine"},"content":{"rendered":"<p>[et_pb_section fb_built=&#8220;1&#8243; fullwidth=&#8220;on&#8220; _builder_version=&#8220;4.7.6&#8243; _module_preset=&#8220;default&#8220;][et_pb_fullwidth_slider _builder_version=&#8220;4.7.6&#8243; _module_preset=&#8220;default&#8220; min_height=&#8220;200px&#8220; min_height_tablet=&#8220;&#8220; min_height_phone=&#8220;&#8220; min_height_last_edited=&#8220;on|desktop&#8220;][et_pb_slide _builder_version=&#8220;4.7.6&#8243; _module_preset=&#8220;default&#8220; background_image=&#8220;https:\/\/team-bananenflanke.de\/bonn\/wp-content\/uploads\/2025\/11\/Spielplan_und_Termine.png&#8220; background_enable_image=&#8220;on&#8220; sticky_transition=&#8220;on&#8220;][\/et_pb_slide][\/et_pb_fullwidth_slider][\/et_pb_section][et_pb_section fb_built=&#8220;1&#8243; admin_label=&#8220;section&#8220; _builder_version=&#8220;3.22&#8243;][et_pb_row _builder_version=&#8220;4.7.6&#8243; _module_preset=&#8220;default&#8220;][et_pb_column type=&#8220;4_4&#8243; _builder_version=&#8220;4.7.6&#8243; _module_preset=&#8220;default&#8220;][et_pb_code _builder_version=&#8220;4.7.6&#8243; _module_preset=&#8220;default&#8220;]<\/p>\n<div style=\"display: flex; justify-content: center;\"><!-- [et_pb_line_break_holder] --><iframe loading=\"lazy\" src=\"https:\/\/calendar.google.com\/calendar\/embed?src=fae43d0c7f00071e923052844be63e4dc281af47459fb7efac2ff1c239fe8f5c%40group.calendar.google.com&#038;ctz=Europe%2FBerlin\" style=\"border: 0\" width=\"800\" height=\"600\" frameborder=\"0\" scrolling=\"no\"><\/iframe><!-- [et_pb_line_break_holder] --><\/div>\n<p>[\/et_pb_code][\/et_pb_column][\/et_pb_row][\/et_pb_section]<\/p>\n","protected":false},"excerpt":{"rendered":"<p>[et_pb_section fb_built=&#8220;1&#8243; fullwidth=&#8220;on&#8220; _builder_version=&#8220;4.7.6&#8243; _module_preset=&#8220;default&#8220;][et_pb_fullwidth_slider _builder_version=&#8220;4.7.6&#8243; _module_preset=&#8220;default&#8220; min_height=&#8220;200px&#8220; min_height_tablet=&#8220;&#8220; min_height_phone=&#8220;&#8220; min_height_last_edited=&#8220;on|desktop&#8220;][et_pb_slide _builder_version=&#8220;4.7.6&#8243; _module_preset=&#8220;default&#8220; background_image=&#8220;https:\/\/team-bananenflanke.de\/bonn\/wp-content\/uploads\/2025\/11\/Spielplan_und_Termine.png&#8220; background_enable_image=&#8220;on&#8220; sticky_transition=&#8220;on&#8220;][\/et_pb_slide][\/et_pb_fullwidth_slider][\/et_pb_section][et_pb_section fb_built=&#8220;1&#8243; admin_label=&#8220;section&#8220; _builder_version=&#8220;3.22&#8243;][et_pb_row _builder_version=&#8220;4.7.6&#8243; _module_preset=&#8220;default&#8220;][et_pb_column type=&#8220;4_4&#8243; _builder_version=&#8220;4.7.6&#8243; _module_preset=&#8220;default&#8220;][et_pb_code _builder_version=&#8220;4.7.6&#8243; _module_preset=&#8220;default&#8220;] [\/et_pb_code][\/et_pb_column][\/et_pb_row][\/et_pb_section]<\/p>\n","protected":false},"author":1,"featured_media":0,"parent":0,"menu_order":0,"comment_status":"closed","ping_status":"closed","template":"","meta":{"_et_pb_use_builder":"on","_et_pb_old_content":"<!-- wp:paragraph -->\r\n<p>Dies ist eine Beispiel-Seite. Sie unterscheidet sich von Beitr\u00e4gen, da sie stets an derselben Stelle bleibt und (bei den meisten Themes) in der Website-Navigation angezeigt wird. Die meisten starten mit einem Impressum, der Datenschutzerkl\u00e4rung oder einer \u201e\u00dcber\u00a0uns\u201c-Seite, um sich potenziellen Besuchern der Website vorzustellen. Dort k\u00f6nnte zum Beispiel stehen:<\/p>\r\n<!-- \/wp:paragraph -->\r\n\r\n<!-- wp:quote -->\r\n<blockquote class=\"wp-block-quote\"><p>Hallo! Tags\u00fcber arbeite ich als Fahrradkurier, nachts bin ich ein aufstrebender Schauspieler und dies hier ist meine Website. Ich lebe in Berlin, habe einen gro\u00dfen Hund namens Jack, mag Pi\u00f1a Coladas, jedoch weniger (ohne Schirm) im Regen stehen gelassen zu werden.<\/p><\/blockquote>\r\n<!-- \/wp:quote -->\r\n\r\n<!-- wp:paragraph -->\r\n<p>...\u00a0oder so etwas wie:<\/p>\r\n<!-- \/wp:paragraph -->\r\n\r\n<!-- wp:quote -->\r\n<blockquote class=\"wp-block-quote\"><p>Das Unternehmen XYZ wurde 1971 gegr\u00fcndet und versorgt die \u00d6ffentlichkeit seither mit qualitativ hochwertigen Produkten. An seinem Standort in einer kleinen Gro\u00dfstadt besch\u00e4ftigt der Betrieb \u00fcber 2.000 Menschen und unterst\u00fctzt die Stadtbewohner in vielfacher Hinsicht.<\/p><\/blockquote>\r\n<!-- \/wp:quote -->\r\n\r\n<!-- wp:paragraph -->\r\n<p>Als neuer WordPress-Benutzer solltest du <a href=\"http:\/\/creative-idee.net\/team-bananenflanke\/bonn\/wp-admin\/\">dein Dashboard<\/a> aufrufen, um diese Seite zu l\u00f6schen und neue Seiten und Beitr\u00e4ge f\u00fcr deine Website erstellen. Viel Spa\u00df!<\/p>\r\n<!-- \/wp:paragraph -->","_et_gb_content_width":"","footnotes":""},"class_list":["post-30","page","type-page","status-publish","hentry"],"yoast_head":"<!-- This site is optimized with the Yoast SEO plugin v27.3 - https:\/\/yoast.com\/product\/yoast-seo-wordpress\/ -->\n<title>Spielplan und Termine - Team Bananenflanke\u00ae Bonn \/ Rhein-Sieg e.V.<\/title>\n<meta name=\"description\" content=\"Alle Spiele, Termine und Events des Team Bananenflanke Bonn \/ Rhein-Sieg e.V. im \u00dcberblick. Bleib informiert und sei live dabei!\" \/>\n<meta name=\"robots\" content=\"index, follow, max-snippet:-1, max-image-preview:large, max-video-preview:-1\" \/>\n<link rel=\"canonical\" href=\"https:\/\/team-bananenflanke.de\/bonn\/spielplan-termine-team-bananenflanke-bonn-e-v-uebersicht\/\" \/>\n<meta property=\"og:locale\" content=\"de_DE\" \/>\n<meta property=\"og:type\" content=\"article\" \/>\n<meta property=\"og:title\" content=\"Spielplan und Termine - Team Bananenflanke\u00ae Bonn \/ Rhein-Sieg e.V.\" \/>\n<meta property=\"og:description\" content=\"Alle Spiele, Termine und Events des Team Bananenflanke Bonn \/ Rhein-Sieg e.V. im \u00dcberblick. Bleib informiert und sei live dabei!\" \/>\n<meta property=\"og:url\" content=\"https:\/\/team-bananenflanke.de\/bonn\/spielplan-termine-team-bananenflanke-bonn-e-v-uebersicht\/\" \/>\n<meta property=\"og:site_name\" content=\"Team Bananenflanke\u00ae Bonn \/ Rhein-Sieg e.V.\" \/>\n<meta property=\"article:modified_time\" content=\"2026-03-31T14:40:37+00:00\" \/>\n<meta name=\"twitter:card\" content=\"summary_large_image\" \/>\n<script type=\"application\/ld+json\" class=\"yoast-schema-graph\">{\"@context\":\"https:\\\/\\\/schema.org\",\"@graph\":[{\"@type\":\"WebPage\",\"@id\":\"https:\\\/\\\/team-bananenflanke.de\\\/bonn\\\/spielplan-termine-team-bananenflanke-bonn-e-v-uebersicht\\\/\",\"url\":\"https:\\\/\\\/team-bananenflanke.de\\\/bonn\\\/spielplan-termine-team-bananenflanke-bonn-e-v-uebersicht\\\/\",\"name\":\"Spielplan und Termine - Team Bananenflanke\u00ae Bonn \\\/ Rhein-Sieg e.V.\",\"isPartOf\":{\"@id\":\"https:\\\/\\\/team-bananenflanke.de\\\/bonn\\\/#website\"},\"datePublished\":\"2023-06-28T14:20:42+00:00\",\"dateModified\":\"2026-03-31T14:40:37+00:00\",\"description\":\"Alle Spiele, Termine und Events des Team Bananenflanke Bonn \\\/ Rhein-Sieg e.V. im \u00dcberblick. Bleib informiert und sei live dabei!\",\"breadcrumb\":{\"@id\":\"https:\\\/\\\/team-bananenflanke.de\\\/bonn\\\/spielplan-termine-team-bananenflanke-bonn-e-v-uebersicht\\\/#breadcrumb\"},\"inLanguage\":\"de\",\"potentialAction\":[{\"@type\":\"ReadAction\",\"target\":[\"https:\\\/\\\/team-bananenflanke.de\\\/bonn\\\/spielplan-termine-team-bananenflanke-bonn-e-v-uebersicht\\\/\"]}]},{\"@type\":\"BreadcrumbList\",\"@id\":\"https:\\\/\\\/team-bananenflanke.de\\\/bonn\\\/spielplan-termine-team-bananenflanke-bonn-e-v-uebersicht\\\/#breadcrumb\",\"itemListElement\":[{\"@type\":\"ListItem\",\"position\":1,\"name\":\"Startseite\",\"item\":\"https:\\\/\\\/team-bananenflanke.de\\\/bonn\\\/\"},{\"@type\":\"ListItem\",\"position\":2,\"name\":\"Spielplan und Termine\"}]},{\"@type\":\"WebSite\",\"@id\":\"https:\\\/\\\/team-bananenflanke.de\\\/bonn\\\/#website\",\"url\":\"https:\\\/\\\/team-bananenflanke.de\\\/bonn\\\/\",\"name\":\"Team Bananenflanke\u00ae Bonn \\\/ Rhein-Sieg e.V.\",\"description\":\"Fu\u00dfball kennt keine Grenzen!\",\"potentialAction\":[{\"@type\":\"SearchAction\",\"target\":{\"@type\":\"EntryPoint\",\"urlTemplate\":\"https:\\\/\\\/team-bananenflanke.de\\\/bonn\\\/?s={search_term_string}\"},\"query-input\":{\"@type\":\"PropertyValueSpecification\",\"valueRequired\":true,\"valueName\":\"search_term_string\"}}],\"inLanguage\":\"de\"}]}<\/script>\n<!-- \/ Yoast SEO plugin. -->","yoast_head_json":{"title":"Spielplan und Termine - Team Bananenflanke\u00ae Bonn \/ Rhein-Sieg e.V.","description":"Alle Spiele, Termine und Events des Team Bananenflanke Bonn \/ Rhein-Sieg e.V. im \u00dcberblick. Bleib informiert und sei live dabei!","robots":{"index":"index","follow":"follow","max-snippet":"max-snippet:-1","max-image-preview":"max-image-preview:large","max-video-preview":"max-video-preview:-1"},"canonical":"https:\/\/team-bananenflanke.de\/bonn\/spielplan-termine-team-bananenflanke-bonn-e-v-uebersicht\/","og_locale":"de_DE","og_type":"article","og_title":"Spielplan und Termine - Team Bananenflanke\u00ae Bonn \/ Rhein-Sieg e.V.","og_description":"Alle Spiele, Termine und Events des Team Bananenflanke Bonn \/ Rhein-Sieg e.V. im \u00dcberblick. Bleib informiert und sei live dabei!","og_url":"https:\/\/team-bananenflanke.de\/bonn\/spielplan-termine-team-bananenflanke-bonn-e-v-uebersicht\/","og_site_name":"Team Bananenflanke\u00ae Bonn \/ Rhein-Sieg e.V.","article_modified_time":"2026-03-31T14:40:37+00:00","twitter_card":"summary_large_image","schema":{"@context":"https:\/\/schema.org","@graph":[{"@type":"WebPage","@id":"https:\/\/team-bananenflanke.de\/bonn\/spielplan-termine-team-bananenflanke-bonn-e-v-uebersicht\/","url":"https:\/\/team-bananenflanke.de\/bonn\/spielplan-termine-team-bananenflanke-bonn-e-v-uebersicht\/","name":"Spielplan und Termine - Team Bananenflanke\u00ae Bonn \/ Rhein-Sieg e.V.","isPartOf":{"@id":"https:\/\/team-bananenflanke.de\/bonn\/#website"},"datePublished":"2023-06-28T14:20:42+00:00","dateModified":"2026-03-31T14:40:37+00:00","description":"Alle Spiele, Termine und Events des Team Bananenflanke Bonn \/ Rhein-Sieg e.V. im \u00dcberblick. Bleib informiert und sei live dabei!","breadcrumb":{"@id":"https:\/\/team-bananenflanke.de\/bonn\/spielplan-termine-team-bananenflanke-bonn-e-v-uebersicht\/#breadcrumb"},"inLanguage":"de","potentialAction":[{"@type":"ReadAction","target":["https:\/\/team-bananenflanke.de\/bonn\/spielplan-termine-team-bananenflanke-bonn-e-v-uebersicht\/"]}]},{"@type":"BreadcrumbList","@id":"https:\/\/team-bananenflanke.de\/bonn\/spielplan-termine-team-bananenflanke-bonn-e-v-uebersicht\/#breadcrumb","itemListElement":[{"@type":"ListItem","position":1,"name":"Startseite","item":"https:\/\/team-bananenflanke.de\/bonn\/"},{"@type":"ListItem","position":2,"name":"Spielplan und Termine"}]},{"@type":"WebSite","@id":"https:\/\/team-bananenflanke.de\/bonn\/#website","url":"https:\/\/team-bananenflanke.de\/bonn\/","name":"Team Bananenflanke\u00ae Bonn \/ Rhein-Sieg e.V.","description":"Fu\u00dfball kennt keine Grenzen!","potentialAction":[{"@type":"SearchAction","target":{"@type":"EntryPoint","urlTemplate":"https:\/\/team-bananenflanke.de\/bonn\/?s={search_term_string}"},"query-input":{"@type":"PropertyValueSpecification","valueRequired":true,"valueName":"search_term_string"}}],"inLanguage":"de"}]}},"_links":{"self":[{"href":"https:\/\/team-bananenflanke.de\/bonn\/wp-json\/wp\/v2\/pages\/30","targetHints":{"allow":["GET"]}}],"collection":[{"href":"https:\/\/team-bananenflanke.de\/bonn\/wp-json\/wp\/v2\/pages"}],"about":[{"href":"https:\/\/team-bananenflanke.de\/bonn\/wp-json\/wp\/v2\/types\/page"}],"author":[{"embeddable":true,"href":"https:\/\/team-bananenflanke.de\/bonn\/wp-json\/wp\/v2\/users\/1"}],"replies":[{"embeddable":true,"href":"https:\/\/team-bananenflanke.de\/bonn\/wp-json\/wp\/v2\/comments?post=30"}],"version-history":[{"count":12,"href":"https:\/\/team-bananenflanke.de\/bonn\/wp-json\/wp\/v2\/pages\/30\/revisions"}],"predecessor-version":[{"id":3845,"href":"https:\/\/team-bananenflanke.de\/bonn\/wp-json\/wp\/v2\/pages\/30\/revisions\/3845"}],"wp:attachment":[{"href":"https:\/\/team-bananenflanke.de\/bonn\/wp-json\/wp\/v2\/media?parent=30"}],"curies":[{"name":"wp","href":"https:\/\/api.w.org\/{rel}","templated":true}]}}