{"id":2,"date":"2023-06-26T12:07:00","date_gmt":"2023-06-26T10:07:00","guid":{"rendered":"https:\/\/team-bananenflanke.de\/bayreuth\/?page_id=2"},"modified":"2026-02-15T11:48:41","modified_gmt":"2026-02-15T10:48:41","slug":"startseite-team-bananenflanke-bayreuth","status":"publish","type":"page","link":"https:\/\/team-bananenflanke.de\/bayreuth\/","title":{"rendered":"Home"},"content":{"rendered":"[et_pb_section fb_built=&#8220;1&#8243; fullwidth=&#8220;on&#8220; _builder_version=&#8220;4.7.6&#8243; _module_preset=&#8220;default&#8220;][et_pb_fullwidth_slider _builder_version=&#8220;4.7.6&#8243; _module_preset=&#8220;default&#8220;][et_pb_slide heading=&#8220; &#8220; _builder_version=&#8220;4.7.6&#8243; _module_preset=&#8220;default&#8220; background_enable_color=&#8220;off&#8220; background_image=&#8220;https:\/\/team-bananenflanke.de\/bayreuth\/wp-content\/uploads\/2025\/02\/slider2025.jpg&#8220; background_enable_image=&#8220;on&#8220; background_size=&#8220;initial&#8220; sticky_transition=&#8220;on&#8220;]<img loading=\"lazy\" decoding=\"async\" src=\"https:\/\/team-bananenflanke.de\/bayreuth\/wp-content\/uploads\/2023\/06\/bull.png\" width=\"150\" height=\"2\" alt=\"\" class=\"wp-image-19 alignnone size-full\" \/>[\/et_pb_slide][\/et_pb_fullwidth_slider][\/et_pb_section][et_pb_section fb_built=&#8220;1&#8243; admin_label=&#8220;section&#8220; _builder_version=&#8220;3.22&#8243;][et_pb_row column_structure=&#8220;2_3,1_3&#8243; admin_label=&#8220;row&#8220; _builder_version=&#8220;3.25&#8243; background_size=&#8220;initial&#8220; background_position=&#8220;top_left&#8220; background_repeat=&#8220;repeat&#8220;][et_pb_column type=&#8220;2_3&#8243; _builder_version=&#8220;3.25&#8243; custom_padding=&#8220;|||&#8220; custom_padding__hover=&#8220;|||&#8220;][et_pb_text admin_label=&#8220;Text&#8220; _builder_version=&#8220;4.7.6&#8243; background_size=&#8220;initial&#8220; background_position=&#8220;top_left&#8220; background_repeat=&#8220;repeat&#8220;]<h1>Herzlich willkommen auf unserer Internetseite<\/h1>\n<p><strong>FUSSBALL KENNT\u00a0KEINE GRENZEN.<\/strong><\/p>\n<p>Der Verein Team Bananenflanke Bayreuth ist ein Fu\u00dfballverein speziell f\u00fcr Kinder und Jugendliche mit geistiger Behinderung. Im Vordergrund steht der Fu\u00dfball, aber\u00a0dahinter noch viel mehr. Denn durch erlebnisp\u00e4dagogische Einfl\u00fcsse sollen Emotionen geweckt werden, die dazu\u00a0beitragen, Pers\u00f6nlichkeit und soziale Kompetenzen zu\u00a0entwickeln. Dazu geh\u00f6ren neben den Spielen auch\u00a0Stadionbesuche und Trainingseinheiten mit Profivereinen.<\/p>\n<p><strong>DIE LIGA DER\u00a0WAHREN HELDEN.<\/strong><\/p>\n<p>Ein Verein braucht eine Liga. Deshalb gibt es die Bananenflankenliga\u00ae, kurz BFL\u00ae. Sie sorgt mit \u00f6ffentlichen Punktspielen, einem Medientag und dem Maskottchen Manni Ballnane\u00ae daf\u00fcr, dass unsere \u201eProfis\u201c die Aufmerksamkeit bekommen, die sie verdienen. Die Spiele werden auf einem mobilen Soccer-Court ausgetragen.<\/p>\n<p><\/p>[\/et_pb_text][\/et_pb_column][et_pb_column type=&#8220;1_3&#8243; _builder_version=&#8220;3.25&#8243; custom_padding=&#8220;|||&#8220; custom_padding__hover=&#8220;|||&#8220;][\/et_pb_column][\/et_pb_row][et_pb_row column_structure=&#8220;1_2,1_2&#8243; _builder_version=&#8220;4.7.6&#8243; _module_preset=&#8220;default&#8220; collapsed=&#8220;off&#8220;][et_pb_column type=&#8220;1_2&#8243; _builder_version=&#8220;4.7.6&#8243; _module_preset=&#8220;default&#8220;][et_pb_code _builder_version=&#8220;4.7.6&#8243; _module_preset=&#8220;default&#8220;]<iframe loading=\"lazy\" width=\"560\" height=\"315\" src=\"https:\/\/www.youtube.com\/embed\/asw_1SM-UlQ\" title=\"YouTube video player\" frameborder=\"0\" allow=\"accelerometer; autoplay; clipboard-write; encrypted-media; gyroscope; picture-in-picture; web-share\" allowfullscreen><\/iframe>[\/et_pb_code][\/et_pb_column][et_pb_column type=&#8220;1_2&#8243; _builder_version=&#8220;4.7.6&#8243; _module_preset=&#8220;default&#8220;][\/et_pb_column][\/et_pb_row][et_pb_row _builder_version=&#8220;4.7.6&#8243; _module_preset=&#8220;default&#8220;][et_pb_column type=&#8220;4_4&#8243; _builder_version=&#8220;4.7.6&#8243; _module_preset=&#8220;default&#8220;][et_pb_image src=&#8220;https:\/\/team-bananenflanke.de\/bayreuth\/wp-content\/uploads\/2026\/02\/Bildschirmfoto-2026-02-12-um-17.46.54.png&#8220; title_text=&#8220;Bildschirmfoto 2026-02-12 um 17.46.54&#8243; url=&#8220;https:\/\/www.ardmediathek.de\/video\/frankenschau-aktuell\/portrait-ueber-trainer-vom-team-bananenflanke-bayreuth\/br\/Y3JpZDovL2JyLmRlL2Jyb2FkY2FzdC9GMjAyNVdPMDE1NzcwQTAvc2VjdGlvbi9hZjFlMjRlYi0xYTc2LTQ0ZGUtYjEwZS03ODI5NzZlMWYzY2Y&#8220; url_new_window=&#8220;on&#8220; _builder_version=&#8220;4.7.6&#8243; _module_preset=&#8220;default&#8220; background_video_mp4=&#8220;https:\/\/www.ardmediathek.de\/video\/frankenschau-aktuell\/portrait-ueber-trainer-vom-team-bananenflanke-bayreuth\/br\/Y3JpZDovL2JyLmRlL2Jyb2FkY2FzdC9GMjAyNVdPMDE1NzcwQTAvc2VjdGlvbi9hZjFlMjRlYi0xYTc2LTQ0ZGUtYjEwZS03ODI5NzZlMWYzY2Y&#8220;][\/et_pb_image][\/et_pb_column][\/et_pb_row][et_pb_row _builder_version=&#8220;4.7.6&#8243; _module_preset=&#8220;default&#8220;][et_pb_column type=&#8220;4_4&#8243; _builder_version=&#8220;4.7.6&#8243; _module_preset=&#8220;default&#8220;][et_pb_video src=&#8220;https:\/\/team-bananenflanke.de\/bayreuth\/wp-content\/uploads\/2026\/02\/11976ce4-97d0-4bb7-9f1a-7b5ee52f18ac.mp4&#8243; _builder_version=&#8220;4.7.6&#8243; _module_preset=&#8220;default&#8220; transform_scale=&#8220;74%|74%&#8220; transform_translate=&#8220;10px|-4px&#8220; transform_origin=&#8220;50%|79%&#8220;][\/et_pb_video][et_pb_text _builder_version=&#8220;4.7.6&#8243; _module_preset=&#8220;default&#8220;]<p><strong>F\u00fcr unseren gro\u00dfen Traum vom eigenen Soccer-Court brauchen wir eine engagierte und kreative Fundraiser*in, die uns unterst\u00fctzt, das Kapital und das Netzwerk f\u00fcr unsere eigene Arena zu sammeln.<br \/>bayreuth@team-bananenflanke.de #ligaderwahrenhelden #bfl #ehrenamt #autestun #fussballkenntkeinearenzen<\/strong><\/p>[\/et_pb_text][\/et_pb_column][\/et_pb_row][\/et_pb_section][et_pb_section fb_built=&#8220;1&#8243; _builder_version=&#8220;4.7.6&#8243; _module_preset=&#8220;default&#8220;][et_pb_row _builder_version=&#8220;4.7.6&#8243; _module_preset=&#8220;default&#8220;][et_pb_column type=&#8220;4_4&#8243; _builder_version=&#8220;4.7.6&#8243; _module_preset=&#8220;default&#8220;][et_pb_text _builder_version=&#8220;4.7.6&#8243; _module_preset=&#8220;default&#8220;]<pre style=\"text-align: center;\"><strong>unsere Sponsoren<\/strong><\/pre>[\/et_pb_text][\/et_pb_column][\/et_pb_row][\/et_pb_section][et_pb_section fb_built=&#8220;1&#8243; admin_label=&#8220;section&#8220; _builder_version=&#8220;4.7.6&#8243; background_color=&#8220;#efefef&#8220;][et_pb_row column_structure=&#8220;1_4,1_4,1_4,1_4&#8243; _builder_version=&#8220;4.7.6&#8243; _module_preset=&#8220;default&#8220;][et_pb_column type=&#8220;1_4&#8243; _builder_version=&#8220;4.7.6&#8243; _module_preset=&#8220;default&#8220;][et_pb_image src=&#8220;https:\/\/team-bananenflanke.de\/bayreuth\/wp-content\/uploads\/2023\/06\/allianz_allgemein.jpg&#8220; title_text=&#8220;allianz_allgemein&#8220; _builder_version=&#8220;4.7.6&#8243; _module_preset=&#8220;default&#8220;][\/et_pb_image][\/et_pb_column][et_pb_column type=&#8220;1_4&#8243; _builder_version=&#8220;4.7.6&#8243; _module_preset=&#8220;default&#8220;][et_pb_image src=&#8220;https:\/\/team-bananenflanke.de\/bayreuth\/wp-content\/uploads\/2023\/06\/allianz_knoll_barth_creussen.jpg&#8220; title_text=&#8220;allianz_knoll_barth_creussen&#8220; _builder_version=&#8220;4.7.6&#8243; _module_preset=&#8220;default&#8220;][\/et_pb_image][\/et_pb_column][et_pb_column type=&#8220;1_4&#8243; _builder_version=&#8220;4.7.6&#8243; _module_preset=&#8220;default&#8220;][et_pb_image src=&#8220;https:\/\/team-bananenflanke.de\/bayreuth\/wp-content\/uploads\/2023\/06\/puma.png&#8220; title_text=&#8220;puma&#8220; url=&#8220;https:\/\/eu.puma.com\/de\/de\/home&#8220; _builder_version=&#8220;4.7.6&#8243; _module_preset=&#8220;default&#8220;][\/et_pb_image][\/et_pb_column][et_pb_column type=&#8220;1_4&#8243; _builder_version=&#8220;4.7.6&#8243; _module_preset=&#8220;default&#8220;][et_pb_image src=&#8220;https:\/\/team-bananenflanke.de\/bayreuth\/wp-content\/uploads\/2023\/06\/sportsfreund_bayreuth.jpg&#8220; title_text=&#8220;sportsfreund_bayreuth&#8220; _builder_version=&#8220;4.7.6&#8243; _module_preset=&#8220;default&#8220;][\/et_pb_image][\/et_pb_column][\/et_pb_row][et_pb_row column_structure=&#8220;1_4,1_4,1_4,1_4&#8243; _builder_version=&#8220;4.7.6&#8243; _module_preset=&#8220;default&#8220;][et_pb_column type=&#8220;1_4&#8243; _builder_version=&#8220;4.7.6&#8243; _module_preset=&#8220;default&#8220;][et_pb_image src=&#8220;https:\/\/team-bananenflanke.de\/bayreuth\/wp-content\/uploads\/2023\/06\/Hopf.jpg&#8220; title_text=&#8220;Hopf&#8220; url=&#8220;https:\/\/www.hopf-bt.de&#8220; _builder_version=&#8220;4.7.6&#8243; _module_preset=&#8220;default&#8220;][\/et_pb_image][\/et_pb_column][et_pb_column type=&#8220;1_4&#8243; _builder_version=&#8220;4.7.6&#8243; _module_preset=&#8220;default&#8220;][et_pb_image src=&#8220;https:\/\/team-bananenflanke.de\/bayreuth\/wp-content\/uploads\/2023\/06\/Ofra-Pharm.jpg&#8220; title_text=&#8220;Ofra-Pharm&#8220; _builder_version=&#8220;4.7.6&#8243; _module_preset=&#8220;default&#8220;][\/et_pb_image][\/et_pb_column][et_pb_column type=&#8220;1_4&#8243; _builder_version=&#8220;4.7.6&#8243; _module_preset=&#8220;default&#8220;][et_pb_image src=&#8220;https:\/\/team-bananenflanke.de\/bayreuth\/wp-content\/uploads\/2023\/06\/antsandelephants.jpg&#8220; title_text=&#8220;antsandelephants&#8220; url=&#8220;https:\/\/www.antsandelephants.de&#8220; _builder_version=&#8220;4.7.6&#8243; _module_preset=&#8220;default&#8220;][\/et_pb_image][\/et_pb_column][et_pb_column type=&#8220;1_4&#8243; _builder_version=&#8220;4.7.6&#8243; _module_preset=&#8220;default&#8220;][et_pb_image src=&#8220;https:\/\/team-bananenflanke.de\/bayreuth\/wp-content\/uploads\/2025\/02\/epilepsie-bundes-elternverband.png&#8220; title_text=&#8220;epilepsie bundes-elternverband&#8220; _builder_version=&#8220;4.7.6&#8243; _module_preset=&#8220;default&#8220;][\/et_pb_image][\/et_pb_column][\/et_pb_row][et_pb_row column_structure=&#8220;1_4,1_4,1_4,1_4&#8243; _builder_version=&#8220;4.7.6&#8243; _module_preset=&#8220;default&#8220;][et_pb_column type=&#8220;1_4&#8243; _builder_version=&#8220;4.7.6&#8243; _module_preset=&#8220;default&#8220;][et_pb_image src=&#8220;https:\/\/team-bananenflanke.de\/bayreuth\/wp-content\/uploads\/2025\/02\/hbk-bayreuth.jpg&#8220; title_text=&#8220;hbk bayreuth&#8220; url=&#8220;https:\/\/www.hbk-bayreuth.de&#8220; _builder_version=&#8220;4.7.6&#8243; _module_preset=&#8220;default&#8220;][\/et_pb_image][\/et_pb_column][et_pb_column type=&#8220;1_4&#8243; _builder_version=&#8220;4.7.6&#8243; _module_preset=&#8220;default&#8220;][et_pb_image src=&#8220;https:\/\/team-bananenflanke.de\/bayreuth\/wp-content\/uploads\/2025\/02\/wirsindallegleich.jpg&#8220; title_text=&#8220;wirsindallegleich&#8220; url=&#8220;https:\/\/www.wirsindallegleich.de&#8220; _builder_version=&#8220;4.7.6&#8243; _module_preset=&#8220;default&#8220;][\/et_pb_image][\/et_pb_column][et_pb_column type=&#8220;1_4&#8243; _builder_version=&#8220;4.7.6&#8243; _module_preset=&#8220;default&#8220;][et_pb_image src=&#8220;https:\/\/team-bananenflanke.de\/bayreuth\/wp-content\/uploads\/2025\/02\/bandorf-hempfling.jpg&#8220; title_text=&#8220;bandorf-hempfling&#8220; url=&#8220;https:\/\/bandorf-hempfling.de&#8220; _builder_version=&#8220;4.7.6&#8243; _module_preset=&#8220;default&#8220;][\/et_pb_image][\/et_pb_column][et_pb_column type=&#8220;1_4&#8243; _builder_version=&#8220;4.7.6&#8243; _module_preset=&#8220;default&#8220;][et_pb_image src=&#8220;https:\/\/team-bananenflanke.de\/bayreuth\/wp-content\/uploads\/2025\/02\/CrossFit-Bayreuth.png&#8220; title_text=&#8220;CrossFit-Bayreuth&#8220; _builder_version=&#8220;4.7.6&#8243; _module_preset=&#8220;default&#8220;][\/et_pb_image][\/et_pb_column][\/et_pb_row][\/et_pb_section]<!-- \/wp:post-content -->","protected":false},"excerpt":{"rendered":"<p>[et_pb_section fb_built=&#8220;1&#8243; fullwidth=&#8220;on&#8220; _builder_version=&#8220;4.7.6&#8243; _module_preset=&#8220;default&#8220;][et_pb_fullwidth_slider _builder_version=&#8220;4.7.6&#8243; _module_preset=&#8220;default&#8220;][et_pb_slide heading=&#8220; &#8220; _builder_version=&#8220;4.7.6&#8243; _module_preset=&#8220;default&#8220; background_enable_color=&#8220;off&#8220; background_image=&#8220;https:\/\/team-bananenflanke.de\/bayreuth\/wp-content\/uploads\/2025\/02\/slider2025.jpg&#8220; background_enable_image=&#8220;on&#8220; background_size=&#8220;initial&#8220; sticky_transition=&#8220;on&#8220;][\/et_pb_slide][\/et_pb_fullwidth_slider][\/et_pb_section][et_pb_section fb_built=&#8220;1&#8243; admin_label=&#8220;section&#8220; _builder_version=&#8220;3.22&#8243;][et_pb_row column_structure=&#8220;2_3,1_3&#8243; admin_label=&#8220;row&#8220; _builder_version=&#8220;3.25&#8243; background_size=&#8220;initial&#8220; background_position=&#8220;top_left&#8220; background_repeat=&#8220;repeat&#8220;][et_pb_column type=&#8220;2_3&#8243; _builder_version=&#8220;3.25&#8243; custom_padding=&#8220;|||&#8220; custom_padding__hover=&#8220;|||&#8220;][et_pb_text admin_label=&#8220;Text&#8220; _builder_version=&#8220;4.7.6&#8243; background_size=&#8220;initial&#8220; background_position=&#8220;top_left&#8220; background_repeat=&#8220;repeat&#8220;] Herzlich willkommen auf unserer Internetseite FUSSBALL KENNT\u00a0KEINE GRENZEN. Der Verein Team Bananenflanke Bayreuth ist ein Fu\u00dfballverein speziell f\u00fcr Kinder und Jugendliche [&hellip;]<\/p>\n","protected":false},"author":1,"featured_media":0,"parent":0,"menu_order":0,"comment_status":"closed","ping_status":"closed","template":"","meta":{"_et_pb_use_builder":"on","_et_pb_old_content":"<!-- wp:paragraph -->\r\n<p>Dies ist eine Beispiel-Seite. Sie unterscheidet sich von Beitr\u00e4gen, da sie stets an derselben Stelle bleibt und (bei den meisten Themes) in der Website-Navigation angezeigt wird. Die meisten starten mit einem Impressum, der Datenschutzerkl\u00e4rung oder einer \u201e\u00dcber\u00a0uns\u201c-Seite, um sich potenziellen Besuchern der Website vorzustellen. Dort k\u00f6nnte zum Beispiel stehen:<\/p>\r\n<!-- \/wp:paragraph -->\r\n\r\n<!-- wp:quote -->\r\n<blockquote class=\"wp-block-quote\"><p>Hallo! Tags\u00fcber arbeite ich als Fahrradkurier, nachts bin ich ein aufstrebender Schauspieler und dies hier ist meine Website. Ich lebe in Berlin, habe einen gro\u00dfen Hund namens Jack, mag Pi\u00f1a Coladas, jedoch weniger (ohne Schirm) im Regen stehen gelassen zu werden.<\/p><\/blockquote>\r\n<!-- \/wp:quote -->\r\n\r\n<!-- wp:paragraph -->\r\n<p>...\u00a0oder so etwas wie:<\/p>\r\n<!-- \/wp:paragraph -->\r\n\r\n<!-- wp:quote -->\r\n<blockquote class=\"wp-block-quote\"><p>Das Unternehmen XYZ wurde 1971 gegr\u00fcndet und versorgt die \u00d6ffentlichkeit seither mit qualitativ hochwertigen Produkten. An seinem Standort in einer kleinen Gro\u00dfstadt besch\u00e4ftigt der Betrieb \u00fcber 2.000 Menschen und unterst\u00fctzt die Stadtbewohner in vielfacher Hinsicht.<\/p><\/blockquote>\r\n<!-- \/wp:quote -->\r\n\r\n<!-- wp:paragraph -->\r\n<p>Als neuer WordPress-Benutzer solltest du <a href=\"https:\/\/team-bananenflanke.de\/bayreuth\/wp-admin\/\">dein Dashboard<\/a> aufrufen, um diese Seite zu l\u00f6schen und neue Seiten und Beitr\u00e4ge f\u00fcr deine Website erstellen. Viel Spa\u00df!<\/p>\r\n<!-- \/wp:paragraph -->","_et_gb_content_width":"","footnotes":""},"class_list":["post-2","page","type-page","status-publish","hentry"],"yoast_head":"<!-- This site is optimized with the Yoast SEO plugin v27.3 - https:\/\/yoast.com\/product\/yoast-seo-wordpress\/ -->\n<title>Home - Team Bananenflanke\u00ae Bayreuth e.V.<\/title>\n<meta name=\"description\" content=\"Das Team Bananenflanke Bayreuth e.V. \u2013 Fu\u00dfballprojekt f\u00fcr Kinder und Jugendliche mit Handicap. Erfahre mehr \u00fcber unser Teams und Angebot.\" \/>\n<meta name=\"robots\" content=\"index, follow, max-snippet:-1, max-image-preview:large, max-video-preview:-1\" \/>\n<link rel=\"canonical\" href=\"https:\/\/team-bananenflanke.de\/bayreuth\/\" \/>\n<meta property=\"og:locale\" content=\"de_DE\" \/>\n<meta property=\"og:type\" content=\"article\" \/>\n<meta property=\"og:title\" content=\"Home - Team Bananenflanke\u00ae Bayreuth e.V.\" \/>\n<meta property=\"og:description\" content=\"Das Team Bananenflanke Bayreuth e.V. \u2013 Fu\u00dfballprojekt f\u00fcr Kinder und Jugendliche mit Handicap. Erfahre mehr \u00fcber unser Teams und Angebot.\" \/>\n<meta property=\"og:url\" content=\"https:\/\/team-bananenflanke.de\/bayreuth\/\" \/>\n<meta property=\"og:site_name\" content=\"Team Bananenflanke\u00ae Bayreuth e.V.\" \/>\n<meta property=\"article:modified_time\" content=\"2026-02-15T10:48:41+00:00\" \/>\n<meta property=\"og:image\" content=\"https:\/\/team-bananenflanke.de\/bayreuth\/wp-content\/uploads\/2023\/06\/bull.png\" \/>\n\t<meta property=\"og:image:width\" content=\"1\" \/>\n\t<meta property=\"og:image:height\" content=\"1\" \/>\n\t<meta property=\"og:image:type\" content=\"image\/png\" \/>\n<meta name=\"twitter:card\" content=\"summary_large_image\" \/>\n<meta name=\"twitter:label1\" content=\"Gesch\u00e4tzte Lesezeit\" \/>\n\t<meta name=\"twitter:data1\" content=\"4\u00a0Minuten\" \/>\n<script type=\"application\/ld+json\" class=\"yoast-schema-graph\">{\"@context\":\"https:\\\/\\\/schema.org\",\"@graph\":[{\"@type\":\"WebPage\",\"@id\":\"https:\\\/\\\/team-bananenflanke.de\\\/bayreuth\\\/\",\"url\":\"https:\\\/\\\/team-bananenflanke.de\\\/bayreuth\\\/\",\"name\":\"Home - Team Bananenflanke\u00ae Bayreuth e.V.\",\"isPartOf\":{\"@id\":\"https:\\\/\\\/team-bananenflanke.de\\\/bayreuth\\\/#website\"},\"primaryImageOfPage\":{\"@id\":\"https:\\\/\\\/team-bananenflanke.de\\\/bayreuth\\\/#primaryimage\"},\"image\":{\"@id\":\"https:\\\/\\\/team-bananenflanke.de\\\/bayreuth\\\/#primaryimage\"},\"thumbnailUrl\":\"https:\\\/\\\/team-bananenflanke.de\\\/bayreuth\\\/wp-content\\\/uploads\\\/2023\\\/06\\\/bull.png\",\"datePublished\":\"2023-06-26T10:07:00+00:00\",\"dateModified\":\"2026-02-15T10:48:41+00:00\",\"description\":\"Das Team Bananenflanke Bayreuth e.V. \u2013 Fu\u00dfballprojekt f\u00fcr Kinder und Jugendliche mit Handicap. Erfahre mehr \u00fcber unser Teams und Angebot.\",\"breadcrumb\":{\"@id\":\"https:\\\/\\\/team-bananenflanke.de\\\/bayreuth\\\/#breadcrumb\"},\"inLanguage\":\"de\",\"potentialAction\":[{\"@type\":\"ReadAction\",\"target\":[\"https:\\\/\\\/team-bananenflanke.de\\\/bayreuth\\\/\"]}]},{\"@type\":\"ImageObject\",\"inLanguage\":\"de\",\"@id\":\"https:\\\/\\\/team-bananenflanke.de\\\/bayreuth\\\/#primaryimage\",\"url\":\"https:\\\/\\\/team-bananenflanke.de\\\/bayreuth\\\/wp-content\\\/uploads\\\/2023\\\/06\\\/bull.png\",\"contentUrl\":\"https:\\\/\\\/team-bananenflanke.de\\\/bayreuth\\\/wp-content\\\/uploads\\\/2023\\\/06\\\/bull.png\",\"width\":1,\"height\":1},{\"@type\":\"BreadcrumbList\",\"@id\":\"https:\\\/\\\/team-bananenflanke.de\\\/bayreuth\\\/#breadcrumb\",\"itemListElement\":[{\"@type\":\"ListItem\",\"position\":1,\"name\":\"Startseite\",\"item\":\"https:\\\/\\\/team-bananenflanke.de\\\/bayreuth\\\/\"},{\"@type\":\"ListItem\",\"position\":2,\"name\":\"Home\"}]},{\"@type\":\"WebSite\",\"@id\":\"https:\\\/\\\/team-bananenflanke.de\\\/bayreuth\\\/#website\",\"url\":\"https:\\\/\\\/team-bananenflanke.de\\\/bayreuth\\\/\",\"name\":\"Team Bananenflanke\u00ae Bayreuth e.V.\",\"description\":\"Fu\u00dfball kennt keine Grenzen!\",\"potentialAction\":[{\"@type\":\"SearchAction\",\"target\":{\"@type\":\"EntryPoint\",\"urlTemplate\":\"https:\\\/\\\/team-bananenflanke.de\\\/bayreuth\\\/?s={search_term_string}\"},\"query-input\":{\"@type\":\"PropertyValueSpecification\",\"valueRequired\":true,\"valueName\":\"search_term_string\"}}],\"inLanguage\":\"de\"}]}<\/script>\n<!-- \/ Yoast SEO plugin. -->","yoast_head_json":{"title":"Home - Team Bananenflanke\u00ae Bayreuth e.V.","description":"Das Team Bananenflanke Bayreuth e.V. \u2013 Fu\u00dfballprojekt f\u00fcr Kinder und Jugendliche mit Handicap. Erfahre mehr \u00fcber unser Teams und Angebot.","robots":{"index":"index","follow":"follow","max-snippet":"max-snippet:-1","max-image-preview":"max-image-preview:large","max-video-preview":"max-video-preview:-1"},"canonical":"https:\/\/team-bananenflanke.de\/bayreuth\/","og_locale":"de_DE","og_type":"article","og_title":"Home - Team Bananenflanke\u00ae Bayreuth e.V.","og_description":"Das Team Bananenflanke Bayreuth e.V. \u2013 Fu\u00dfballprojekt f\u00fcr Kinder und Jugendliche mit Handicap. Erfahre mehr \u00fcber unser Teams und Angebot.","og_url":"https:\/\/team-bananenflanke.de\/bayreuth\/","og_site_name":"Team Bananenflanke\u00ae Bayreuth e.V.","article_modified_time":"2026-02-15T10:48:41+00:00","og_image":[{"width":1,"height":1,"url":"https:\/\/team-bananenflanke.de\/bayreuth\/wp-content\/uploads\/2023\/06\/bull.png","type":"image\/png"}],"twitter_card":"summary_large_image","twitter_misc":{"Gesch\u00e4tzte Lesezeit":"4\u00a0Minuten"},"schema":{"@context":"https:\/\/schema.org","@graph":[{"@type":"WebPage","@id":"https:\/\/team-bananenflanke.de\/bayreuth\/","url":"https:\/\/team-bananenflanke.de\/bayreuth\/","name":"Home - Team Bananenflanke\u00ae Bayreuth e.V.","isPartOf":{"@id":"https:\/\/team-bananenflanke.de\/bayreuth\/#website"},"primaryImageOfPage":{"@id":"https:\/\/team-bananenflanke.de\/bayreuth\/#primaryimage"},"image":{"@id":"https:\/\/team-bananenflanke.de\/bayreuth\/#primaryimage"},"thumbnailUrl":"https:\/\/team-bananenflanke.de\/bayreuth\/wp-content\/uploads\/2023\/06\/bull.png","datePublished":"2023-06-26T10:07:00+00:00","dateModified":"2026-02-15T10:48:41+00:00","description":"Das Team Bananenflanke Bayreuth e.V. \u2013 Fu\u00dfballprojekt f\u00fcr Kinder und Jugendliche mit Handicap. Erfahre mehr \u00fcber unser Teams und Angebot.","breadcrumb":{"@id":"https:\/\/team-bananenflanke.de\/bayreuth\/#breadcrumb"},"inLanguage":"de","potentialAction":[{"@type":"ReadAction","target":["https:\/\/team-bananenflanke.de\/bayreuth\/"]}]},{"@type":"ImageObject","inLanguage":"de","@id":"https:\/\/team-bananenflanke.de\/bayreuth\/#primaryimage","url":"https:\/\/team-bananenflanke.de\/bayreuth\/wp-content\/uploads\/2023\/06\/bull.png","contentUrl":"https:\/\/team-bananenflanke.de\/bayreuth\/wp-content\/uploads\/2023\/06\/bull.png","width":1,"height":1},{"@type":"BreadcrumbList","@id":"https:\/\/team-bananenflanke.de\/bayreuth\/#breadcrumb","itemListElement":[{"@type":"ListItem","position":1,"name":"Startseite","item":"https:\/\/team-bananenflanke.de\/bayreuth\/"},{"@type":"ListItem","position":2,"name":"Home"}]},{"@type":"WebSite","@id":"https:\/\/team-bananenflanke.de\/bayreuth\/#website","url":"https:\/\/team-bananenflanke.de\/bayreuth\/","name":"Team Bananenflanke\u00ae Bayreuth e.V.","description":"Fu\u00dfball kennt keine Grenzen!","potentialAction":[{"@type":"SearchAction","target":{"@type":"EntryPoint","urlTemplate":"https:\/\/team-bananenflanke.de\/bayreuth\/?s={search_term_string}"},"query-input":{"@type":"PropertyValueSpecification","valueRequired":true,"valueName":"search_term_string"}}],"inLanguage":"de"}]}},"_links":{"self":[{"href":"https:\/\/team-bananenflanke.de\/bayreuth\/wp-json\/wp\/v2\/pages\/2","targetHints":{"allow":["GET"]}}],"collection":[{"href":"https:\/\/team-bananenflanke.de\/bayreuth\/wp-json\/wp\/v2\/pages"}],"about":[{"href":"https:\/\/team-bananenflanke.de\/bayreuth\/wp-json\/wp\/v2\/types\/page"}],"author":[{"embeddable":true,"href":"https:\/\/team-bananenflanke.de\/bayreuth\/wp-json\/wp\/v2\/users\/1"}],"replies":[{"embeddable":true,"href":"https:\/\/team-bananenflanke.de\/bayreuth\/wp-json\/wp\/v2\/comments?post=2"}],"version-history":[{"count":63,"href":"https:\/\/team-bananenflanke.de\/bayreuth\/wp-json\/wp\/v2\/pages\/2\/revisions"}],"predecessor-version":[{"id":528,"href":"https:\/\/team-bananenflanke.de\/bayreuth\/wp-json\/wp\/v2\/pages\/2\/revisions\/528"}],"wp:attachment":[{"href":"https:\/\/team-bananenflanke.de\/bayreuth\/wp-json\/wp\/v2\/media?parent=2"}],"curies":[{"name":"wp","href":"https:\/\/api.w.org\/{rel}","templated":true}]}}